{"id":17657,"date":"2020-12-15T12:58:06","date_gmt":"2020-12-15T11:58:06","guid":{"rendered":"https:\/\/internacional.umh.es\/?page_id=17657"},"modified":"2025-11-04T13:37:09","modified_gmt":"2025-11-04T12:37:09","slug":"vulcanus-2","status":"publish","type":"page","link":"https:\/\/internacional.umh.es\/en\/movilidad\/estudiantes\/vulcanus-2\/","title":{"rendered":"Vulcanus"},"content":{"rendered":"<p><img loading=\"lazy\" class=\"alignnone size-medium wp-image-32881\" title=\"Participa en el Programa Vulcanus para obtener una beca y s\u00e9 uno de los afortunados de la UMH\" src=\"https:\/\/internacional.umh.es\/files\/2024\/01\/2022-12-13-FCEJ-VULCANUS-300x166.jpg\" alt=\"Vulcanus UMH logo\" width=\"300\" height=\"166\" srcset=\"https:\/\/internacional.umh.es\/files\/2024\/01\/2022-12-13-FCEJ-VULCANUS-300x166.jpg 300w, https:\/\/internacional.umh.es\/files\/2024\/01\/2022-12-13-FCEJ-VULCANUS-1024x567.jpg 1024w, https:\/\/internacional.umh.es\/files\/2024\/01\/2022-12-13-FCEJ-VULCANUS-768x426.jpg 768w, https:\/\/internacional.umh.es\/files\/2024\/01\/2022-12-13-FCEJ-VULCANUS.jpg 1054w\" sizes=\"(max-width: 300px) 100vw, 300px\" \/><\/p>\n<h3><strong><span style=\"color: #ff0000\">NEW (04\/11\/2025)<\/span> Call 2026\/2027<\/strong><\/h3>\n<p><a href=\"https:\/\/www.eu-japan.eu\/events\/vulcanus-japan#_ftn1\" target=\"_blank\" rel=\"noopener\"><b>Vulcanus in Japan<\/b><\/a><span style=\"font-weight: 400\"> started in 1997. The programme offers training and industrial placement opportunities with companies in Japan to students in engineering or fields related to science, technology and mathematics, who are from countries of the European Union or associated with the Single Market Programme (SME pillar<\/span><a href=\"https:\/\/www.eu-japan.eu\/events\/vulcanus-japan#_ftn1\"><span style=\"font-weight: 400\">[1]<\/span><\/a><span style=\"font-weight: 400\">) and enrolled at university in one of those countries. <\/span><b>It starts in&nbsp;<\/b><b>August 2026<\/b><b>&nbsp;and ends in&nbsp;<\/b><b>March 2027<\/b><b>&nbsp;(total duration: 8 months).<\/b><\/p>\n<p><span style=\"font-weight: 400\">The students follow:<\/span><\/p>\n<ul>\n<li style=\"font-weight: 400\"><span style=\"font-weight: 400\">a seminar on Japan,<\/span><\/li>\n<li style=\"font-weight: 400\"><span style=\"font-weight: 400\">a two-month intensive Japanese language course,<\/span><\/li>\n<li style=\"font-weight: 400\"><span style=\"font-weight: 400\">and then a&nbsp;six-month traineeship in a&nbsp;company based in Japan.<\/span><\/li>\n<\/ul>\n<p><strong>Objectives<\/strong><\/p>\n<ul>\n<li style=\"font-weight: 400\"><b>To study the range of advanced technologies<\/b><span style=\"font-weight: 400\">&nbsp;employed by a leading Japanese host company.<\/span><\/li>\n<li style=\"font-weight: 400\"><b>To learn Japanese<\/b><span style=\"font-weight: 400\">&nbsp;and to understand and appreciate Japanese culture with a view to an enriching eight-month experience abroad.<\/span><\/li>\n<li style=\"font-weight: 400\"><b>To be well placed in your future career<\/b><span style=\"font-weight: 400\">&nbsp;to interact with Japanese businesses and people.<\/span><\/li>\n<\/ul>\n<p><span style=\"font-weight: 400\">Applications must be submitted online,&nbsp;<\/span><b>by 20 January 2026.<\/b><\/p>\n<p><b>Info on the application process<\/b><b><\/b><\/p>\n<ul>\n<li><a href=\"https:\/\/cdnw8.eu-japan.eu\/sites\/default\/files\/imce\/vulcanus_japan\/VinJ%202026-2027\/VJ26-HOW_TO_APPLY.pdf\" target=\"_blank\" rel=\"noopener\">How to apply (&amp; compulsory docs)<\/a><\/li>\n<li><a href=\"https:\/\/cdnw8.eu-japan.eu\/sites\/default\/files\/imce\/vulcanus_japan\/VinJ%202026-2027\/VJ26-AF.doc\" target=\"_blank\" rel=\"noopener\">Application form (word document)<\/a><\/li>\n<li><a href=\"https:\/\/docs.google.com\/forms\/d\/e\/1FAIpQLSfGsDvt6C-Sf8wb9M7CCXLPDy2X9ckGurB__tp60JoLYzGpmA\/viewform\" target=\"_blank\" rel=\"noopener\">Application form (online form)<\/a><\/li>\n<li><a href=\"https:\/\/cdnw8.eu-japan.eu\/sites\/default\/files\/imce\/vulcanus_japan\/VinJ%202026-2027\/VJ26_FAQ.pdf\" target=\"_blank\" rel=\"noopener\">Frequently asked questions<\/a><\/li>\n<\/ul>\n<p>Info on the Vulcanus Programme<\/p>\n<ul>\n<li><a href=\"https:\/\/www.eu-japan.eu\/events\/vulcanus-japan\" target=\"_blank\" rel=\"noopener\">Vulcanus webpage<\/a>: Description of the programme &amp; video testimonials of former participants<\/li>\n<li><a href=\"https:\/\/cdnw8.eu-japan.eu\/sites\/default\/files\/imce\/vulcanus_japan\/VJ_QR_CODE-.pdf\" target=\"_blank\" rel=\"noopener\">Flyer with QR code<\/a><\/li>\n<li><a href=\"https:\/\/www.eu-japan.eu\/sites\/default\/files\/imce\/tryptic_part2_1.jpg\" target=\"_blank\" rel=\"noopener\">Statistics (visual)<\/a><\/li>\n<\/ul>\n<p><\/p>","protected":false},"excerpt":{"rendered":"<p>NEW (04\/11\/2025) Call 2026\/2027<br \/>\nVulcanus in Japan started in 1997. The programme offers training and industrial placement opportunities with companies in Japan to students in engineering or fields related to science, technology and mathematics, who are from countries of the European Union or associated with the Single Market Programme (SME pillar[1]) and enrolled at university in [&#8230;]<\/p>\n","protected":false},"author":5213,"featured_media":0,"parent":169,"menu_order":16,"comment_status":"closed","ping_status":"closed","template":"","meta":{"ngg_post_thumbnail":0,"_links_to":"","_links_to_target":""},"yoast_head":"<!-- This site is optimized with the Yoast SEO plugin v17.5 - https:\/\/yoast.com\/wordpress\/plugins\/seo\/ -->\n<meta name=\"description\" content=\"Vulcanus en Jap\u00f3n es un programa UMH de pr\u00e1cticas industriales, de septiembre a agosto, ajust\u00e1ndose a calendarios acad\u00e9micos de pa\u00edses UE\" \/>\n<meta name=\"robots\" content=\"index, follow, max-snippet:-1, max-image-preview:large, max-video-preview:-1\" \/>\n<link rel=\"canonical\" href=\"https:\/\/internacional.umh.es\/en\/movilidad\/estudiantes\/vulcanus-2\/\" \/>\n<meta property=\"og:locale\" content=\"en_US\" \/>\n<meta property=\"og:type\" content=\"article\" \/>\n<meta property=\"og:title\" content=\"Vulcanus - International Relations and Cooperation\" \/>\n<meta property=\"og:description\" content=\"Vulcanus en Jap\u00f3n es un programa UMH de pr\u00e1cticas industriales, de septiembre a agosto, ajust\u00e1ndose a calendarios acad\u00e9micos de pa\u00edses UE\" \/>\n<meta property=\"og:url\" content=\"https:\/\/internacional.umh.es\/movilidad\/estudiantes\/vulcanus-2\/\" \/>\n<meta property=\"og:site_name\" content=\"International Relations and Cooperation\" \/>\n<meta property=\"article:modified_time\" content=\"2025-11-04T12:37:09+00:00\" \/>\n<meta property=\"og:image\" content=\"https:\/\/internacional.umh.es\/files\/2024\/01\/2022-12-13-FCEJ-VULCANUS-300x166.jpg\" \/>\n<meta name=\"twitter:card\" content=\"summary_large_image\" \/>\n<meta name=\"twitter:label1\" content=\"Est. reading time\" \/>\n\t<meta name=\"twitter:data1\" content=\"3 minutes\" \/>\n<script type=\"application\/ld+json\" class=\"yoast-schema-graph\">{\"@context\":\"https:\/\/schema.org\",\"@graph\":[{\"@type\":\"WebSite\",\"@id\":\"https:\/\/internacional.umh.es\/en\/#website\",\"url\":\"https:\/\/internacional.umh.es\/en\/\",\"name\":\"International Relations and Cooperation\",\"description\":\"Miguel Hernandez University of Elche\",\"potentialAction\":[{\"@type\":\"SearchAction\",\"target\":{\"@type\":\"EntryPoint\",\"urlTemplate\":\"https:\/\/internacional.umh.es\/en\/?s={search_term_string}\"},\"query-input\":\"required name=search_term_string\"}],\"inLanguage\":\"en-US\"},{\"@type\":\"ImageObject\",\"@id\":\"https:\/\/internacional.umh.es\/movilidad\/estudiantes\/vulcanus-2\/#primaryimage\",\"inLanguage\":\"en-US\",\"url\":\"https:\/\/internacional.umh.es\/files\/2024\/01\/2022-12-13-FCEJ-VULCANUS.jpg\",\"contentUrl\":\"https:\/\/internacional.umh.es\/files\/2024\/01\/2022-12-13-FCEJ-VULCANUS.jpg\",\"width\":1054,\"height\":584},{\"@type\":\"WebPage\",\"@id\":\"https:\/\/internacional.umh.es\/movilidad\/estudiantes\/vulcanus-2\/#webpage\",\"url\":\"https:\/\/internacional.umh.es\/movilidad\/estudiantes\/vulcanus-2\/\",\"name\":\"Vulcanus - International Relations and Cooperation\",\"isPartOf\":{\"@id\":\"https:\/\/internacional.umh.es\/en\/#website\"},\"primaryImageOfPage\":{\"@id\":\"https:\/\/internacional.umh.es\/movilidad\/estudiantes\/vulcanus-2\/#primaryimage\"},\"datePublished\":\"2020-12-15T11:58:06+00:00\",\"dateModified\":\"2025-11-04T12:37:09+00:00\",\"description\":\"Vulcanus en Jap\\u00f3n es un programa UMH de pr\\u00e1cticas industriales, de septiembre a agosto, ajust\\u00e1ndose a calendarios acad\\u00e9micos de pa\\u00edses UE\",\"breadcrumb\":{\"@id\":\"https:\/\/internacional.umh.es\/movilidad\/estudiantes\/vulcanus-2\/#breadcrumb\"},\"inLanguage\":\"en-US\",\"potentialAction\":[{\"@type\":\"ReadAction\",\"target\":[\"https:\/\/internacional.umh.es\/movilidad\/estudiantes\/vulcanus-2\/\"]}]},{\"@type\":\"BreadcrumbList\",\"@id\":\"https:\/\/internacional.umh.es\/movilidad\/estudiantes\/vulcanus-2\/#breadcrumb\",\"itemListElement\":[{\"@type\":\"ListItem\",\"position\":1,\"name\":\"Home\",\"item\":\"https:\/\/internacional.umh.es\/en\/\"},{\"@type\":\"ListItem\",\"position\":2,\"name\":\"MOBILITY\",\"item\":\"https:\/\/internacional.umh.es\/en\/movilidad\/\"},{\"@type\":\"ListItem\",\"position\":3,\"name\":\"Estudiantes\",\"item\":\"https:\/\/internacional.umh.es\/movilidad\/estudiantes\/\"},{\"@type\":\"ListItem\",\"position\":4,\"name\":\"Vulcanus\"}]}]}<\/script>\n<!-- \/ Yoast SEO plugin. -->","yoast_head_json":{"description":"Vulcanus en Jap\u00f3n es un programa UMH de pr\u00e1cticas industriales, de septiembre a agosto, ajust\u00e1ndose a calendarios acad\u00e9micos de pa\u00edses UE","robots":{"index":"index","follow":"follow","max-snippet":"max-snippet:-1","max-image-preview":"max-image-preview:large","max-video-preview":"max-video-preview:-1"},"canonical":"https:\/\/internacional.umh.es\/en\/movilidad\/estudiantes\/vulcanus-2\/","og_locale":"en_US","og_type":"article","og_title":"Vulcanus - International Relations and Cooperation","og_description":"Vulcanus en Jap\u00f3n es un programa UMH de pr\u00e1cticas industriales, de septiembre a agosto, ajust\u00e1ndose a calendarios acad\u00e9micos de pa\u00edses UE","og_url":"https:\/\/internacional.umh.es\/movilidad\/estudiantes\/vulcanus-2\/","og_site_name":"International Relations and Cooperation","article_modified_time":"2025-11-04T12:37:09+00:00","og_image":[{"url":"https:\/\/internacional.umh.es\/files\/2024\/01\/2022-12-13-FCEJ-VULCANUS-300x166.jpg"}],"twitter_card":"summary_large_image","twitter_misc":{"Est. reading time":"3 minutes"},"schema":{"@context":"https:\/\/schema.org","@graph":[{"@type":"WebSite","@id":"https:\/\/internacional.umh.es\/en\/#website","url":"https:\/\/internacional.umh.es\/en\/","name":"International Relations and Cooperation","description":"Miguel Hernandez University of Elche","potentialAction":[{"@type":"SearchAction","target":{"@type":"EntryPoint","urlTemplate":"https:\/\/internacional.umh.es\/en\/?s={search_term_string}"},"query-input":"required name=search_term_string"}],"inLanguage":"en-US"},{"@type":"ImageObject","@id":"https:\/\/internacional.umh.es\/movilidad\/estudiantes\/vulcanus-2\/#primaryimage","inLanguage":"en-US","url":"https:\/\/internacional.umh.es\/files\/2024\/01\/2022-12-13-FCEJ-VULCANUS.jpg","contentUrl":"https:\/\/internacional.umh.es\/files\/2024\/01\/2022-12-13-FCEJ-VULCANUS.jpg","width":1054,"height":584},{"@type":"WebPage","@id":"https:\/\/internacional.umh.es\/movilidad\/estudiantes\/vulcanus-2\/#webpage","url":"https:\/\/internacional.umh.es\/movilidad\/estudiantes\/vulcanus-2\/","name":"Vulcanus - International Relations and Cooperation","isPartOf":{"@id":"https:\/\/internacional.umh.es\/en\/#website"},"primaryImageOfPage":{"@id":"https:\/\/internacional.umh.es\/movilidad\/estudiantes\/vulcanus-2\/#primaryimage"},"datePublished":"2020-12-15T11:58:06+00:00","dateModified":"2025-11-04T12:37:09+00:00","description":"Vulcanus en Jap\u00f3n es un programa UMH de pr\u00e1cticas industriales, de septiembre a agosto, ajust\u00e1ndose a calendarios acad\u00e9micos de pa\u00edses UE","breadcrumb":{"@id":"https:\/\/internacional.umh.es\/movilidad\/estudiantes\/vulcanus-2\/#breadcrumb"},"inLanguage":"en-US","potentialAction":[{"@type":"ReadAction","target":["https:\/\/internacional.umh.es\/movilidad\/estudiantes\/vulcanus-2\/"]}]},{"@type":"BreadcrumbList","@id":"https:\/\/internacional.umh.es\/movilidad\/estudiantes\/vulcanus-2\/#breadcrumb","itemListElement":[{"@type":"ListItem","position":1,"name":"Home","item":"https:\/\/internacional.umh.es\/en\/"},{"@type":"ListItem","position":2,"name":"MOBILITY","item":"https:\/\/internacional.umh.es\/en\/movilidad\/"},{"@type":"ListItem","position":3,"name":"Estudiantes","item":"https:\/\/internacional.umh.es\/movilidad\/estudiantes\/"},{"@type":"ListItem","position":4,"name":"Vulcanus"}]}]}},"_links":{"self":[{"href":"https:\/\/internacional.umh.es\/en\/wp-json\/wp\/v2\/pages\/17657"}],"collection":[{"href":"https:\/\/internacional.umh.es\/en\/wp-json\/wp\/v2\/pages"}],"about":[{"href":"https:\/\/internacional.umh.es\/en\/wp-json\/wp\/v2\/types\/page"}],"author":[{"embeddable":true,"href":"https:\/\/internacional.umh.es\/en\/wp-json\/wp\/v2\/users\/5213"}],"replies":[{"embeddable":true,"href":"https:\/\/internacional.umh.es\/en\/wp-json\/wp\/v2\/comments?post=17657"}],"version-history":[{"count":0,"href":"https:\/\/internacional.umh.es\/en\/wp-json\/wp\/v2\/pages\/17657\/revisions"}],"up":[{"embeddable":true,"href":"https:\/\/internacional.umh.es\/en\/wp-json\/wp\/v2\/pages\/169"}],"wp:attachment":[{"href":"https:\/\/internacional.umh.es\/en\/wp-json\/wp\/v2\/media?parent=17657"}],"curies":[{"name":"wp","href":"https:\/\/api.w.org\/{rel}","templated":true}]}}