{"id":19594,"date":"2021-05-06T13:52:26","date_gmt":"2021-05-06T11:52:26","guid":{"rendered":"https:\/\/internacional.umh.es\/?page_id=19594"},"modified":"2026-03-13T15:07:07","modified_gmt":"2026-03-13T14:07:07","slug":"dobles-masteres","status":"publish","type":"page","link":"https:\/\/internacional.umh.es\/en\/movilidad\/estudiantes\/becas-umh-para-estudiantes-de-dobles-titulaciones\/dobles-masteres\/","title":{"rendered":"Dual Masters"},"content":{"rendered":"<p><\/p>\n<p style=\"text-align: justify\"><span style=\"color: #ff0000\"><strong>NEW (March 6, 2026) <\/strong><\/span>The Vice Rectorate for Internationalization and Cooperation at the Miguel Hern\u00e1ndez University of Elche (UMH) hereby publishes the call for applications for financial aid for students admitted into international dual master\u2019s programs during the 2025-2026 school year.<\/p>\n<p><span style=\"font-weight: 400\">You may consult the complete text at the following links:<\/span><\/p>\n<ul>\n<li><strong><a href=\"https:\/\/internacional.umh.es\/files\/2026\/03\/RR_00576_2026.pdf\" target=\"_blank\" rel=\"noopener\">Complete text of the call<\/a><\/strong><\/li>\n<li><strong><a href=\"https:\/\/internacional.umh.es\/files\/2026\/03\/Publ.-DOGV.2026_7784_es.pdf\" target=\"_blank\" rel=\"noopener\">Publication in the DOGV<\/a><\/strong><\/li>\n<\/ul>\n<p>The period for submitting applications is open until March 25, 2026.<\/p>\n<p><span style=\"font-weight: 400\">Applications are completed over the Electronic Office at the following link: <\/span><a href=\"https:\/\/universite.umh.es\/app\/gestion\/paginas\/movilidadInternacionalEstudiantesOut.asp\"><b>\u201cBECAS, AYUDAS- Programas de movilidad internacional para estudiantes\u201d<\/b><\/a><span style=\"font-weight: 400\">&nbsp;<\/span><\/p>\n<p><span style=\"font-weight: 400\">In addition to the application form, the following documents are also required:<\/span><\/p>\n<ol>\n<li><span style=\"font-weight: 400\">Academic certification of the university qualifications providing access to master\u2019s level education.<\/span><\/li>\n<li><span style=\"font-weight: 400\">Official certification of knowledge of language.<\/span><\/li>\n<li><span style=\"font-weight: 400\">Accreditation, if applicable, of the condition of ministry intern.<\/span><\/li>\n<\/ol>\n<hr>\n<p><strong>Previous calls<\/strong><\/p>\n<p><strong><a href=\"https:\/\/internacional.umh.es\/convocatoria-dobles-masteres-2023-2024\/\" target=\"_blank\" rel=\"noopener\">2023- 2024 call<\/a><\/strong><\/p>\n<p style=\"text-align: justify\"><a href=\"https:\/\/internacional.umh.es\/dobles-masteres-convocatoria-22-23\/\"><strong>2022-2023 call<\/strong><\/a><\/p>\n<hr>\n<ul>\n<li style=\"text-align: justify\">&nbsp;<\/li>\n<\/ul>\n<p><\/p>","protected":false},"excerpt":{"rendered":"<p>NEW (March 6, 2026) The Vice Rectorate for Internationalization and Cooperation at the Miguel Hern\u00e1ndez University of Elche (UMH) hereby publishes the call for applications for financial aid for students admitted into international dual master\u2019s programs during the 2025-2026 school year.<br \/>\nYou may consult the complete text at the following links:<\/p>\n<p>Complete text of the call<br \/>\nPublication in [&#8230;]<\/p>\n","protected":false},"author":5216,"featured_media":0,"parent":3405,"menu_order":1,"comment_status":"closed","ping_status":"closed","template":"","meta":{"ngg_post_thumbnail":0,"_links_to":"","_links_to_target":""},"yoast_head":"<!-- This site is optimized with the Yoast SEO plugin v17.5 - https:\/\/yoast.com\/wordpress\/plugins\/seo\/ -->\n<meta name=\"description\" content=\"El Vicerrectorado de Internacionalizaci\u00f3n y Cooperaci\u00f3n UMH publica las ayudas para estudiantes admitidos en dobles m\u00e1steres internacionales\" \/>\n<meta name=\"robots\" content=\"index, follow, max-snippet:-1, max-image-preview:large, max-video-preview:-1\" \/>\n<link rel=\"canonical\" href=\"https:\/\/internacional.umh.es\/en\/movilidad\/estudiantes\/becas-umh-para-estudiantes-de-dobles-titulaciones\/dobles-masteres\/\" \/>\n<meta property=\"og:locale\" content=\"en_US\" \/>\n<meta property=\"og:type\" content=\"article\" \/>\n<meta property=\"og:title\" content=\"Dual Masters - International Relations and Cooperation\" \/>\n<meta property=\"og:description\" content=\"El Vicerrectorado de Internacionalizaci\u00f3n y Cooperaci\u00f3n UMH publica las ayudas para estudiantes admitidos en dobles m\u00e1steres internacionales\" \/>\n<meta property=\"og:url\" content=\"https:\/\/internacional.umh.es\/movilidad\/estudiantes\/becas-umh-para-estudiantes-de-dobles-titulaciones\/dobles-masteres\/\" \/>\n<meta property=\"og:site_name\" content=\"International Relations and Cooperation\" \/>\n<meta property=\"article:modified_time\" content=\"2026-03-13T14:07:07+00:00\" \/>\n<meta name=\"twitter:card\" content=\"summary_large_image\" \/>\n<meta name=\"twitter:label1\" content=\"Est. reading time\" \/>\n\t<meta name=\"twitter:data1\" content=\"2 minutes\" \/>\n<script type=\"application\/ld+json\" class=\"yoast-schema-graph\">{\"@context\":\"https:\/\/schema.org\",\"@graph\":[{\"@type\":\"WebSite\",\"@id\":\"https:\/\/internacional.umh.es\/en\/#website\",\"url\":\"https:\/\/internacional.umh.es\/en\/\",\"name\":\"International Relations and Cooperation\",\"description\":\"Miguel Hernandez University of Elche\",\"potentialAction\":[{\"@type\":\"SearchAction\",\"target\":{\"@type\":\"EntryPoint\",\"urlTemplate\":\"https:\/\/internacional.umh.es\/en\/?s={search_term_string}\"},\"query-input\":\"required name=search_term_string\"}],\"inLanguage\":\"en-US\"},{\"@type\":\"WebPage\",\"@id\":\"https:\/\/internacional.umh.es\/movilidad\/estudiantes\/becas-umh-para-estudiantes-de-dobles-titulaciones\/dobles-masteres\/#webpage\",\"url\":\"https:\/\/internacional.umh.es\/movilidad\/estudiantes\/becas-umh-para-estudiantes-de-dobles-titulaciones\/dobles-masteres\/\",\"name\":\"Dual Masters - International Relations and Cooperation\",\"isPartOf\":{\"@id\":\"https:\/\/internacional.umh.es\/en\/#website\"},\"datePublished\":\"2021-05-06T11:52:26+00:00\",\"dateModified\":\"2026-03-13T14:07:07+00:00\",\"description\":\"El Vicerrectorado de Internacionalizaci\\u00f3n y Cooperaci\\u00f3n UMH publica las ayudas para estudiantes admitidos en dobles m\\u00e1steres internacionales\",\"breadcrumb\":{\"@id\":\"https:\/\/internacional.umh.es\/movilidad\/estudiantes\/becas-umh-para-estudiantes-de-dobles-titulaciones\/dobles-masteres\/#breadcrumb\"},\"inLanguage\":\"en-US\",\"potentialAction\":[{\"@type\":\"ReadAction\",\"target\":[\"https:\/\/internacional.umh.es\/movilidad\/estudiantes\/becas-umh-para-estudiantes-de-dobles-titulaciones\/dobles-masteres\/\"]}]},{\"@type\":\"BreadcrumbList\",\"@id\":\"https:\/\/internacional.umh.es\/movilidad\/estudiantes\/becas-umh-para-estudiantes-de-dobles-titulaciones\/dobles-masteres\/#breadcrumb\",\"itemListElement\":[{\"@type\":\"ListItem\",\"position\":1,\"name\":\"Home\",\"item\":\"https:\/\/internacional.umh.es\/en\/\"},{\"@type\":\"ListItem\",\"position\":2,\"name\":\"MOBILITY\",\"item\":\"https:\/\/internacional.umh.es\/en\/movilidad\/\"},{\"@type\":\"ListItem\",\"position\":3,\"name\":\"Estudiantes\",\"item\":\"https:\/\/internacional.umh.es\/movilidad\/estudiantes\/\"},{\"@type\":\"ListItem\",\"position\":4,\"name\":\"UMH Grants: Dual Degree Programs\",\"item\":\"https:\/\/internacional.umh.es\/movilidad\/estudiantes\/becas-umh-para-estudiantes-de-dobles-titulaciones\/\"},{\"@type\":\"ListItem\",\"position\":5,\"name\":\"Dobles\\u00a0M\\u00e1steres\"}]}]}<\/script>\n<!-- \/ Yoast SEO plugin. -->","yoast_head_json":{"description":"El Vicerrectorado de Internacionalizaci\u00f3n y Cooperaci\u00f3n UMH publica las ayudas para estudiantes admitidos en dobles m\u00e1steres internacionales","robots":{"index":"index","follow":"follow","max-snippet":"max-snippet:-1","max-image-preview":"max-image-preview:large","max-video-preview":"max-video-preview:-1"},"canonical":"https:\/\/internacional.umh.es\/en\/movilidad\/estudiantes\/becas-umh-para-estudiantes-de-dobles-titulaciones\/dobles-masteres\/","og_locale":"en_US","og_type":"article","og_title":"Dual Masters - International Relations and Cooperation","og_description":"El Vicerrectorado de Internacionalizaci\u00f3n y Cooperaci\u00f3n UMH publica las ayudas para estudiantes admitidos en dobles m\u00e1steres internacionales","og_url":"https:\/\/internacional.umh.es\/movilidad\/estudiantes\/becas-umh-para-estudiantes-de-dobles-titulaciones\/dobles-masteres\/","og_site_name":"International Relations and Cooperation","article_modified_time":"2026-03-13T14:07:07+00:00","twitter_card":"summary_large_image","twitter_misc":{"Est. reading time":"2 minutes"},"schema":{"@context":"https:\/\/schema.org","@graph":[{"@type":"WebSite","@id":"https:\/\/internacional.umh.es\/en\/#website","url":"https:\/\/internacional.umh.es\/en\/","name":"International Relations and Cooperation","description":"Miguel Hernandez University of Elche","potentialAction":[{"@type":"SearchAction","target":{"@type":"EntryPoint","urlTemplate":"https:\/\/internacional.umh.es\/en\/?s={search_term_string}"},"query-input":"required name=search_term_string"}],"inLanguage":"en-US"},{"@type":"WebPage","@id":"https:\/\/internacional.umh.es\/movilidad\/estudiantes\/becas-umh-para-estudiantes-de-dobles-titulaciones\/dobles-masteres\/#webpage","url":"https:\/\/internacional.umh.es\/movilidad\/estudiantes\/becas-umh-para-estudiantes-de-dobles-titulaciones\/dobles-masteres\/","name":"Dual Masters - International Relations and Cooperation","isPartOf":{"@id":"https:\/\/internacional.umh.es\/en\/#website"},"datePublished":"2021-05-06T11:52:26+00:00","dateModified":"2026-03-13T14:07:07+00:00","description":"El Vicerrectorado de Internacionalizaci\u00f3n y Cooperaci\u00f3n UMH publica las ayudas para estudiantes admitidos en dobles m\u00e1steres internacionales","breadcrumb":{"@id":"https:\/\/internacional.umh.es\/movilidad\/estudiantes\/becas-umh-para-estudiantes-de-dobles-titulaciones\/dobles-masteres\/#breadcrumb"},"inLanguage":"en-US","potentialAction":[{"@type":"ReadAction","target":["https:\/\/internacional.umh.es\/movilidad\/estudiantes\/becas-umh-para-estudiantes-de-dobles-titulaciones\/dobles-masteres\/"]}]},{"@type":"BreadcrumbList","@id":"https:\/\/internacional.umh.es\/movilidad\/estudiantes\/becas-umh-para-estudiantes-de-dobles-titulaciones\/dobles-masteres\/#breadcrumb","itemListElement":[{"@type":"ListItem","position":1,"name":"Home","item":"https:\/\/internacional.umh.es\/en\/"},{"@type":"ListItem","position":2,"name":"MOBILITY","item":"https:\/\/internacional.umh.es\/en\/movilidad\/"},{"@type":"ListItem","position":3,"name":"Estudiantes","item":"https:\/\/internacional.umh.es\/movilidad\/estudiantes\/"},{"@type":"ListItem","position":4,"name":"UMH Grants: Dual Degree Programs","item":"https:\/\/internacional.umh.es\/movilidad\/estudiantes\/becas-umh-para-estudiantes-de-dobles-titulaciones\/"},{"@type":"ListItem","position":5,"name":"Dobles\u00a0M\u00e1steres"}]}]}},"_links":{"self":[{"href":"https:\/\/internacional.umh.es\/en\/wp-json\/wp\/v2\/pages\/19594"}],"collection":[{"href":"https:\/\/internacional.umh.es\/en\/wp-json\/wp\/v2\/pages"}],"about":[{"href":"https:\/\/internacional.umh.es\/en\/wp-json\/wp\/v2\/types\/page"}],"author":[{"embeddable":true,"href":"https:\/\/internacional.umh.es\/en\/wp-json\/wp\/v2\/users\/5216"}],"replies":[{"embeddable":true,"href":"https:\/\/internacional.umh.es\/en\/wp-json\/wp\/v2\/comments?post=19594"}],"version-history":[{"count":0,"href":"https:\/\/internacional.umh.es\/en\/wp-json\/wp\/v2\/pages\/19594\/revisions"}],"up":[{"embeddable":true,"href":"https:\/\/internacional.umh.es\/en\/wp-json\/wp\/v2\/pages\/3405"}],"wp:attachment":[{"href":"https:\/\/internacional.umh.es\/en\/wp-json\/wp\/v2\/media?parent=19594"}],"curies":[{"name":"wp","href":"https:\/\/api.w.org\/{rel}","templated":true}]}}