{"id":20118,"date":"2021-05-26T10:38:14","date_gmt":"2021-05-26T08:38:14","guid":{"rendered":"https:\/\/internacional.umh.es\/?page_id=20118"},"modified":"2025-05-20T12:54:45","modified_gmt":"2025-05-20T10:54:45","slug":"convenio-2020","status":"publish","type":"page","link":"https:\/\/internacional.umh.es\/en\/cooperacion-y-voluntariado\/cooperacion-al-desarrollo\/convenio-cooperacion-universitaria-al-desarrollo\/convenio-2020\/","title":{"rendered":"2020 Agreement"},"content":{"rendered":"<p><\/p>\n<p style=\"text-align: justify\">As part of the 2020 agreement, the following projects are ongoing:<\/p>\n<p style=\"text-align: justify\"><a href=\"https:\/\/internacional.umh.es\/cooperacion-y-voluntariado\/cooperacion-al-desarrollo\/convenio-cooperacion-universitaria-al-desarrollo\/convenio-2020\/#formativa\">TRAINING LINE&nbsp;<\/a>|&nbsp;<a href=\"https:\/\/internacional.umh.es\/cooperacion-y-voluntariado\/cooperacion-al-desarrollo\/convenio-cooperacion-universitaria-al-desarrollo\/convenio-2020\/#investigacion\">RESEARCH LINE<\/a>&nbsp;|&nbsp;<a href=\"https:\/\/internacional.umh.es\/cooperacion-y-voluntariado\/cooperacion-al-desarrollo\/convenio-cooperacion-universitaria-al-desarrollo\/convenio-2020\/#proyectos\">CUD PROJECT LINE<\/a><\/p>\n<p style=\"text-align: justify\"><strong>TRAINING LINE<\/strong><\/p>\n<p style=\"text-align: justify\">_________________________________________________________________________________________________<\/p>\n<ol style=\"text-align: justify\">\n<li><a href=\"https:\/\/internacional.umh.es\/en\/2021\/02\/25\/inscripciones-abiertas-al-curso-formacion-basica-en-voluntariado\/\">Basic training on volunteering<\/a><\/li>\n<\/ol>\n<ul style=\"text-align: justify\">\n<li><a href=\"https:\/\/internacional.umh.es\/en\/2021\/05\/12\/exito-de-participacion-en-la-formacion-basica-de-voluntariado-de-la-umh\/\">High participation in basic volunteering training<\/a><\/li>\n<\/ul>\n<ol style=\"text-align: justify\" start=\"2\">\n<li><a href=\"https:\/\/internacional.umh.es\/en\/2022\/01\/10\/xvii-jornadas-de-promocion-del-voluntariado-en-la-umh\/\">Volunteerism Promotion Workshops at the UMH<\/a><\/li>\n<li><a href=\"https:\/\/internacional.umh.es\/en\/2021\/12\/03\/la-umh-participa-en-la-v-universidad-de-otono\/\">Development Cooperation Workshops of the 5 Valencian Community public Universities: University of the Fall 5<\/a>.<\/li>\n<\/ol>\n<ul style=\"text-align: justify\">\n<li><a href=\"https:\/\/radio.umh.es\/2022\/01\/26\/repasamos-lo-aprendido-en-la-v-universitat-de-la-tardor-en-global-umh-26-de-enero-de-2022\/\">Summary of that learned in the University of the Fall V in Global UMH<\/a><\/li>\n<\/ul>\n<ol style=\"text-align: justify\" start=\"4\">\n<li>UMH international development cooperation volunteer program (planned for between July and September 2022)<\/li>\n<li><a href=\"https:\/\/internacional.umh.es\/cooperacion-y-voluntariado\/convocatorias\/13821-2\/\">UMH Support for Final Degree Projects, Final Master\u2019s Projects and Traineeships on the SDGs<\/a><\/li>\n<\/ol>\n<p style=\"text-align: justify\"><strong>RESEARCH LINE<\/strong><\/p>\n<p style=\"text-align: justify\">_________________________________________________________________________________________________<\/p>\n<ul style=\"text-align: justify\">\n<li><a href=\"https:\/\/internacional.umh.es\/cooperacion-y-voluntariado\/convocatorias\/proyectos-de-investigacion-sobre-ods-2019-2020-convocatoria-finalizada\/\">Call for Research Projects on the SDGs<\/a><\/li>\n<\/ul>\n<p style=\"text-align: justify\"><strong>UNIVERSITY DEVELOPMENT COOPERATION PROJECT LINE (CUD)<\/strong><\/p>\n<p style=\"text-align: justify\">_________________________________________________________________________________________________<\/p>\n<ol style=\"text-align: justify\">\n<li>Project by UMH professor, Kika Colom: \u201cImprovement of the Health of the Village of Turkana (Kenya) Due to the Prevention of and Treatment of Neglected Tropical Diseases\u201d<\/li>\n<\/ol>\n<ul style=\"text-align: justify\">\n<li>In section of Cooperation at Global UMH Radio, UMH associate professor of microbiology speaks about her new university development project.<\/li>\n<\/ul>\n<p style=\"text-align: justify\">2. Project by UMH professor, Mar\u00eda Jes\u00fas Navarro: \u201cSocially Responsible Citizens for the Eradication of the Trafficking of Women and Girls for Sexual Exploitation\u201d<\/p>\n<p><\/p>","protected":false},"excerpt":{"rendered":"<p>As part of the 2020 agreement, the following projects are ongoing:<br \/>\nTRAINING LINE&nbsp;|&nbsp;RESEARCH LINE&nbsp;|&nbsp;CUD PROJECT LINE<br \/>\nTRAINING LINE<br \/>\n_________________________________________________________________________________________________<\/p>\n<p>Basic training on volunteering<\/p>\n<p>High participation in basic volunteering training<\/p>\n<p>Volunteerism Promotion Workshops at the UMH<br \/>\nDevelopment Cooperation Workshops of the 5 Valencian Community public Universities: University of the Fall 5.<\/p>\n<p>Summary of that learned in the University of the Fall V in Global [&#8230;]<\/p>\n","protected":false},"author":5216,"featured_media":0,"parent":14118,"menu_order":4,"comment_status":"closed","ping_status":"closed","template":"","meta":{"ngg_post_thumbnail":0,"_links_to":"","_links_to_target":""},"yoast_head":"<!-- This site is optimized with the Yoast SEO plugin v17.5 - https:\/\/yoast.com\/wordpress\/plugins\/seo\/ -->\n<meta name=\"description\" content=\"El Convenio 2020 desarrolla los proyectos: L\u00ednea formativa; L\u00ednea de investigaci\u00f3n y Proyectos Cooperaci\u00f3n Universitaria al Desarrollo\" \/>\n<meta name=\"robots\" content=\"index, follow, max-snippet:-1, max-image-preview:large, max-video-preview:-1\" \/>\n<link rel=\"canonical\" href=\"https:\/\/internacional.umh.es\/en\/cooperacion-y-voluntariado\/cooperacion-al-desarrollo\/convenio-cooperacion-universitaria-al-desarrollo\/convenio-2020\/\" \/>\n<meta property=\"og:locale\" content=\"en_US\" \/>\n<meta property=\"og:type\" content=\"article\" \/>\n<meta property=\"og:title\" content=\"2020 Agreement - International Relations and Cooperation\" \/>\n<meta property=\"og:description\" content=\"El Convenio 2020 desarrolla los proyectos: L\u00ednea formativa; L\u00ednea de investigaci\u00f3n y Proyectos Cooperaci\u00f3n Universitaria al Desarrollo\" \/>\n<meta property=\"og:url\" content=\"https:\/\/internacional.umh.es\/ca\/cooperacion-y-voluntariado\/cooperacion-al-desarrollo\/convenio-cooperacion-universitaria-al-desarrollo\/convenio-2020\/\" \/>\n<meta property=\"og:site_name\" content=\"International Relations and Cooperation\" \/>\n<meta property=\"article:modified_time\" content=\"2025-05-20T10:54:45+00:00\" \/>\n<meta property=\"og:image\" content=\"https:\/\/internacional.umh.es\/files\/2022\/04\/IMAGEN-REUNION-ESPANA-VENEZUELA-300x196.jpg\" \/>\n<meta name=\"twitter:card\" content=\"summary_large_image\" \/>\n<meta name=\"twitter:label1\" content=\"Est. reading time\" \/>\n\t<meta name=\"twitter:data1\" content=\"6 minutes\" \/>\n<script type=\"application\/ld+json\" class=\"yoast-schema-graph\">{\"@context\":\"https:\/\/schema.org\",\"@graph\":[{\"@type\":\"WebSite\",\"@id\":\"https:\/\/internacional.umh.es\/en\/#website\",\"url\":\"https:\/\/internacional.umh.es\/en\/\",\"name\":\"International Relations and Cooperation\",\"description\":\"Miguel Hernandez University of Elche\",\"potentialAction\":[{\"@type\":\"SearchAction\",\"target\":{\"@type\":\"EntryPoint\",\"urlTemplate\":\"https:\/\/internacional.umh.es\/en\/?s={search_term_string}\"},\"query-input\":\"required name=search_term_string\"}],\"inLanguage\":\"en-US\"},{\"@type\":\"ImageObject\",\"@id\":\"https:\/\/internacional.umh.es\/ca\/cooperacion-y-voluntariado\/cooperacion-al-desarrollo\/convenio-cooperacion-universitaria-al-desarrollo\/convenio-2020\/#primaryimage\",\"inLanguage\":\"en-US\",\"url\":\"https:\/\/internacional.umh.es\/files\/2022\/04\/IMAGEN-REUNION-ESPANA-VENEZUELA.jpg\",\"contentUrl\":\"https:\/\/internacional.umh.es\/files\/2022\/04\/IMAGEN-REUNION-ESPANA-VENEZUELA.jpg\",\"width\":931,\"height\":608},{\"@type\":\"WebPage\",\"@id\":\"https:\/\/internacional.umh.es\/ca\/cooperacion-y-voluntariado\/cooperacion-al-desarrollo\/convenio-cooperacion-universitaria-al-desarrollo\/convenio-2020\/#webpage\",\"url\":\"https:\/\/internacional.umh.es\/ca\/cooperacion-y-voluntariado\/cooperacion-al-desarrollo\/convenio-cooperacion-universitaria-al-desarrollo\/convenio-2020\/\",\"name\":\"2020 Agreement - International Relations and Cooperation\",\"isPartOf\":{\"@id\":\"https:\/\/internacional.umh.es\/en\/#website\"},\"primaryImageOfPage\":{\"@id\":\"https:\/\/internacional.umh.es\/ca\/cooperacion-y-voluntariado\/cooperacion-al-desarrollo\/convenio-cooperacion-universitaria-al-desarrollo\/convenio-2020\/#primaryimage\"},\"datePublished\":\"2021-05-26T08:38:14+00:00\",\"dateModified\":\"2025-05-20T10:54:45+00:00\",\"description\":\"El Convenio 2020 desarrolla los proyectos: L\\u00ednea formativa; L\\u00ednea de investigaci\\u00f3n y Proyectos Cooperaci\\u00f3n Universitaria al Desarrollo\",\"breadcrumb\":{\"@id\":\"https:\/\/internacional.umh.es\/ca\/cooperacion-y-voluntariado\/cooperacion-al-desarrollo\/convenio-cooperacion-universitaria-al-desarrollo\/convenio-2020\/#breadcrumb\"},\"inLanguage\":\"en-US\",\"potentialAction\":[{\"@type\":\"ReadAction\",\"target\":[\"https:\/\/internacional.umh.es\/ca\/cooperacion-y-voluntariado\/cooperacion-al-desarrollo\/convenio-cooperacion-universitaria-al-desarrollo\/convenio-2020\/\"]}]},{\"@type\":\"BreadcrumbList\",\"@id\":\"https:\/\/internacional.umh.es\/ca\/cooperacion-y-voluntariado\/cooperacion-al-desarrollo\/convenio-cooperacion-universitaria-al-desarrollo\/convenio-2020\/#breadcrumb\",\"itemListElement\":[{\"@type\":\"ListItem\",\"position\":1,\"name\":\"Home\",\"item\":\"https:\/\/internacional.umh.es\/en\/\"},{\"@type\":\"ListItem\",\"position\":2,\"name\":\"COOPERACI\\u00d3 I VOLUNTARIAT\",\"item\":\"https:\/\/internacional.umh.es\/ca\/cooperacion-y-voluntariado\/\"},{\"@type\":\"ListItem\",\"position\":3,\"name\":\"Cooperaci\\u00f3 aI Desenvolupament\",\"item\":\"https:\/\/internacional.umh.es\/ca\/cooperacion-y-voluntariado\/cooperacion-al-desarrollo\/\"},{\"@type\":\"ListItem\",\"position\":4,\"name\":\"Convenis de Cooperaci\\u00f3 Universitaria al Desenvolupament\",\"item\":\"https:\/\/internacional.umh.es\/ca\/cooperacion-y-voluntariado\/cooperacion-al-desarrollo\/convenio-cooperacion-universitaria-al-desarrollo\/\"},{\"@type\":\"ListItem\",\"position\":5,\"name\":\"Conveni 2020\"}]}]}<\/script>\n<!-- \/ Yoast SEO plugin. -->","yoast_head_json":{"description":"El Convenio 2020 desarrolla los proyectos: L\u00ednea formativa; L\u00ednea de investigaci\u00f3n y Proyectos Cooperaci\u00f3n Universitaria al Desarrollo","robots":{"index":"index","follow":"follow","max-snippet":"max-snippet:-1","max-image-preview":"max-image-preview:large","max-video-preview":"max-video-preview:-1"},"canonical":"https:\/\/internacional.umh.es\/en\/cooperacion-y-voluntariado\/cooperacion-al-desarrollo\/convenio-cooperacion-universitaria-al-desarrollo\/convenio-2020\/","og_locale":"en_US","og_type":"article","og_title":"2020 Agreement - International Relations and Cooperation","og_description":"El Convenio 2020 desarrolla los proyectos: L\u00ednea formativa; L\u00ednea de investigaci\u00f3n y Proyectos Cooperaci\u00f3n Universitaria al Desarrollo","og_url":"https:\/\/internacional.umh.es\/ca\/cooperacion-y-voluntariado\/cooperacion-al-desarrollo\/convenio-cooperacion-universitaria-al-desarrollo\/convenio-2020\/","og_site_name":"International Relations and Cooperation","article_modified_time":"2025-05-20T10:54:45+00:00","og_image":[{"url":"https:\/\/internacional.umh.es\/files\/2022\/04\/IMAGEN-REUNION-ESPANA-VENEZUELA-300x196.jpg"}],"twitter_card":"summary_large_image","twitter_misc":{"Est. reading time":"6 minutes"},"schema":{"@context":"https:\/\/schema.org","@graph":[{"@type":"WebSite","@id":"https:\/\/internacional.umh.es\/en\/#website","url":"https:\/\/internacional.umh.es\/en\/","name":"International Relations and Cooperation","description":"Miguel Hernandez University of Elche","potentialAction":[{"@type":"SearchAction","target":{"@type":"EntryPoint","urlTemplate":"https:\/\/internacional.umh.es\/en\/?s={search_term_string}"},"query-input":"required name=search_term_string"}],"inLanguage":"en-US"},{"@type":"ImageObject","@id":"https:\/\/internacional.umh.es\/ca\/cooperacion-y-voluntariado\/cooperacion-al-desarrollo\/convenio-cooperacion-universitaria-al-desarrollo\/convenio-2020\/#primaryimage","inLanguage":"en-US","url":"https:\/\/internacional.umh.es\/files\/2022\/04\/IMAGEN-REUNION-ESPANA-VENEZUELA.jpg","contentUrl":"https:\/\/internacional.umh.es\/files\/2022\/04\/IMAGEN-REUNION-ESPANA-VENEZUELA.jpg","width":931,"height":608},{"@type":"WebPage","@id":"https:\/\/internacional.umh.es\/ca\/cooperacion-y-voluntariado\/cooperacion-al-desarrollo\/convenio-cooperacion-universitaria-al-desarrollo\/convenio-2020\/#webpage","url":"https:\/\/internacional.umh.es\/ca\/cooperacion-y-voluntariado\/cooperacion-al-desarrollo\/convenio-cooperacion-universitaria-al-desarrollo\/convenio-2020\/","name":"2020 Agreement - International Relations and Cooperation","isPartOf":{"@id":"https:\/\/internacional.umh.es\/en\/#website"},"primaryImageOfPage":{"@id":"https:\/\/internacional.umh.es\/ca\/cooperacion-y-voluntariado\/cooperacion-al-desarrollo\/convenio-cooperacion-universitaria-al-desarrollo\/convenio-2020\/#primaryimage"},"datePublished":"2021-05-26T08:38:14+00:00","dateModified":"2025-05-20T10:54:45+00:00","description":"El Convenio 2020 desarrolla los proyectos: L\u00ednea formativa; L\u00ednea de investigaci\u00f3n y Proyectos Cooperaci\u00f3n Universitaria al Desarrollo","breadcrumb":{"@id":"https:\/\/internacional.umh.es\/ca\/cooperacion-y-voluntariado\/cooperacion-al-desarrollo\/convenio-cooperacion-universitaria-al-desarrollo\/convenio-2020\/#breadcrumb"},"inLanguage":"en-US","potentialAction":[{"@type":"ReadAction","target":["https:\/\/internacional.umh.es\/ca\/cooperacion-y-voluntariado\/cooperacion-al-desarrollo\/convenio-cooperacion-universitaria-al-desarrollo\/convenio-2020\/"]}]},{"@type":"BreadcrumbList","@id":"https:\/\/internacional.umh.es\/ca\/cooperacion-y-voluntariado\/cooperacion-al-desarrollo\/convenio-cooperacion-universitaria-al-desarrollo\/convenio-2020\/#breadcrumb","itemListElement":[{"@type":"ListItem","position":1,"name":"Home","item":"https:\/\/internacional.umh.es\/en\/"},{"@type":"ListItem","position":2,"name":"COOPERACI\u00d3 I VOLUNTARIAT","item":"https:\/\/internacional.umh.es\/ca\/cooperacion-y-voluntariado\/"},{"@type":"ListItem","position":3,"name":"Cooperaci\u00f3 aI Desenvolupament","item":"https:\/\/internacional.umh.es\/ca\/cooperacion-y-voluntariado\/cooperacion-al-desarrollo\/"},{"@type":"ListItem","position":4,"name":"Convenis de Cooperaci\u00f3 Universitaria al Desenvolupament","item":"https:\/\/internacional.umh.es\/ca\/cooperacion-y-voluntariado\/cooperacion-al-desarrollo\/convenio-cooperacion-universitaria-al-desarrollo\/"},{"@type":"ListItem","position":5,"name":"Conveni 2020"}]}]}},"_links":{"self":[{"href":"https:\/\/internacional.umh.es\/en\/wp-json\/wp\/v2\/pages\/20118"}],"collection":[{"href":"https:\/\/internacional.umh.es\/en\/wp-json\/wp\/v2\/pages"}],"about":[{"href":"https:\/\/internacional.umh.es\/en\/wp-json\/wp\/v2\/types\/page"}],"author":[{"embeddable":true,"href":"https:\/\/internacional.umh.es\/en\/wp-json\/wp\/v2\/users\/5216"}],"replies":[{"embeddable":true,"href":"https:\/\/internacional.umh.es\/en\/wp-json\/wp\/v2\/comments?post=20118"}],"version-history":[{"count":0,"href":"https:\/\/internacional.umh.es\/en\/wp-json\/wp\/v2\/pages\/20118\/revisions"}],"up":[{"embeddable":true,"href":"https:\/\/internacional.umh.es\/en\/wp-json\/wp\/v2\/pages\/14118"}],"wp:attachment":[{"href":"https:\/\/internacional.umh.es\/en\/wp-json\/wp\/v2\/media?parent=20118"}],"curies":[{"name":"wp","href":"https:\/\/api.w.org\/{rel}","templated":true}]}}