{"id":24883,"date":"2022-02-28T14:07:47","date_gmt":"2022-02-28T13:07:47","guid":{"rendered":"https:\/\/internacional.umh.es\/?page_id=24883"},"modified":"2025-12-12T14:29:32","modified_gmt":"2025-12-12T13:29:32","slug":"convocatorias-anteriores","status":"publish","type":"page","link":"https:\/\/internacional.umh.es\/en\/internacionalizacion\/aiefi-internacionalizacion-de-centros\/convocatorias-anteriores\/","title":{"rendered":"Previous calls"},"content":{"rendered":"<p><\/p>\n<h4><strong>2021 Call<\/strong><\/h4>\n<ul>\n<li><strong><a href=\"https:\/\/internacional.umh.es\/files\/2021\/05\/RR-Adjudicaci\u00f3n-definitiva-en-BOUMH.pdf\" target=\"_blank\" title=\"You'll see it in a new window\" rel=\"noopener\">Concesi\u00f3n definitiva de ayudas asignadas dentro de la Convocatoria de AIEFI 2021 (2,12Mb .pdf)<\/a><\/strong><\/li>\n<li><strong><a href=\"https:\/\/internacional.umh.es\/files\/2021\/04\/bil-Listado-definitivo-admitidos-y-adjudicaci\u00f3n-provisional-en-BOUMH.pdf\" target=\"_blank\" title=\"You'll see it in a new window\" rel=\"noopener\">Listado definitivo admitidos y adjudicaci\u00f3n provisional AIEFI 2021 (326kb .pdf)<\/a><\/strong><\/li>\n<li><strong><a href=\"https:\/\/boumh.umh.es\/files\/2021\/02\/AIEFI-2021_Listado-provisional-Admitidos-firmado.pdf\" target=\"_blank\" title=\"You'll see it in a new window\" rel=\"noopener\">Listado provisional AIEFI 2021 (395Kb .pdf)<\/a><\/strong><\/li>\n<li><a href=\"https:\/\/internacional.umh.es\/files\/2021\/02\/RR_00152_2021.pdf\" target=\"_blank\" title=\"You'll see it in a new window\" rel=\"noopener\">Convocatoria para participar en el programa de Ayudas para la Internacionalizaci\u00f3n de las Escuelas, Facultades e Institutos de Investigaci\u00f3n de la UMH (AIEFI 2021) (519Kb .pdf)<\/a><\/strong><\/li>\n<li><strong><a href=\"https:\/\/internacional.umh.es\/files\/2021\/02\/Convocatoria-AIEFI-2021-Anexos.docx\" target=\"_blank\" title=\"You'll see it in a new window\" rel=\"noopener\">Convocatoria AIEFI 2021 &#8211; Anexos (341Kb .docx)<\/a><\/strong><\/li>\n<\/ul>\n<hr>\n<h4><strong>2020 Call<\/strong><\/h4>\n<ul style=\"text-align: justify\">\n<li><a href=\"https:\/\/boumh.umh.es\/files\/2020\/07\/RR_01046_2020.pdf\" target=\"_blank\" title=\"You'll see it in a new window\" rel=\"noopener\">Resoluci\u00f3n Rectoral por la que se modifican las condiciones, plazos de ejecuci\u00f3n y justificaci\u00f3n de las ayudas para la internacionalizaci\u00f3n de las escuelas, facultades e institutos de investigaci\u00f3n (AIEFI) 2020 (14\/07\/2020) (199Kb .pdf)<\/a> <\/li>\n<li><a href=\"https:\/\/internacional.umh.es\/files\/2021\/05\/RR-Programa-AIEFI-2020_concesi\u00f3n-definitiva.pdf\" target=\"_blank\" title=\"You'll see it in a new window\" rel=\"noopener\">Listado de concesi\u00f3n definitiva de las ayudas para la internacionalizaci\u00f3n de escuelas, facultades e institutos (AEFI) 2020 (150Kb .pdf)<\/a><\/li>\n<li><a href=\"https:\/\/internacional.umh.es\/files\/2020\/03\/RE_2020_001_1344-Concesion-provisional.pdf\" target=\"_blank\" title=\"You'll see it in a new window\" rel=\"noopener\">Listado provisional de beneficiarios en la convocatoria de Ayudas para la Internacionalizaci\u00f3n de Escuelas, Facultados e Institutos de Investigaci\u00f3n (AIEFI) 2020 (718Kb .pdf)<\/a><\/li>\n<li><a href=\"https:\/\/registro.umh.es\/files\/2019\/12\/RE_2019_001_24843.pdf\" target=\"_blank\" title=\"You'll see it in a new window\" rel=\"noopener noreferrer\">Convocatoria para participar en el programa de Ayudas para la Internacionalizaci\u00f3n de las Escuelas, Facultades e Institutos de Investigaci\u00f3n de la UMH (AIEFI 2020) (5,50Mb .pdf)<\/a><\/li>\n<\/ul>\n<hr>\n<h4><strong>2019 Call<\/strong><\/h4>\n<ul style=\"text-align: justify\">\n<li><a href=\"https:\/\/internacional.umh.es\/files\/2019\/03\/RE_2019_001_6744-Adjudicaci%C3%B3n-definitiva-20190322.pdf\" target=\"_blank\" title=\"You'll see it in a new window\" rel=\"noopener\">Listado de concesi\u00f3n definitiva de las Ayudas para la Internacionalizaci\u00f3n de Escuelas, Facultades e Institutos (AIEFI) 2019. Consultar la resoluci\u00f3n (466Kb .pdf)<\/a><\/li>\n<li><a href=\"https:\/\/internacional.umh.es\/files\/2019\/03\/AIEFI-RE_2019_001_5725-Adjudicaci%C3%B3nProvisional-20190301.pdf\" target=\"_blank\" title=\"You'll see it in a new window\" rel=\"noopener\">Listado provisional de beneficiarios en la Convocatoria de Ayudas para la Internacionalizaci\u00f3n de Escuelas, Facultades e Institutos de Investigaci\u00f3n (AIEFI 2019) (667Kb .pdf)<\/a><\/li>\n<li><a href=\"https:\/\/registro.umh.es\/files\/2019\/02\/RE_2019_001_4006.pdf\" target=\"_blank\" title=\"You'll see it in a new window\" rel=\"noopener\">Listado provisional de solicitudes admitidas y pendientes de subsanar en la convocatoria AIEFI 2019 (432Kb .pdf)<\/a><\/li>\n<li><a href=\"https:\/\/internacional.umh.es\/files\/2022\/04\/RE_2018_001_22881.pdf\" target=\"_blank\" rel=\"noopener noreferrer\" title=\"You'll see it in a new window\">Convocatoria para participar en el programa de Ayudas para la Internacionalizaci\u00f3n de las Escuelas, Facultades e Institutos de Investigaci\u00f3n de la UMH (AIEFI 2019) (5,48Mb .pdf)<\/a><\/li>\n<\/ul>\n<hr>\n<h4><strong>2018 Call<\/strong><\/h4>\n<ul style=\"text-align: justify\">\n<li><a href=\"https:\/\/internacional.umh.es\/files\/2018\/04\/Resolucion-concesion-definitiva-RR-Adjudicaci%C3%B3n-definitiva-AIEFI-2018.pdf\" title=\"You'll see it in a new window\">El Vicerrectorado de Relaciones Internacionales publica el listado de concesi\u00f3n definitiva de las Ayudas para la Internacionalizaci\u00f3n de Escuelas, Facultades e Institutos (AIEFI) 2018 (1,73Mb .pdf)<\/a><\/li>\n<li><a href=\"https:\/\/internacional.umh.es\/files\/2018\/03\/Resolucion-Concesion-20180321-RE_2018_001_4470.pdf\" target=\"_blank\" rel=\"noopener noreferrer\" title=\"You'll see it in a new window\">Listado provisional de beneficiarios en la Convocatoria de Ayudas para la Internacionalizaci\u00f3n de Escuelas, Facultades e Institutos de Investigaci\u00f3n (AIEFI 2018) (772Kb .pdf)<\/a><\/li>\n<li><a href=\"https:\/\/internacional.umh.es\/files\/2018\/03\/Resolucion-Concesion-20180321-RE_2018_001_4470.pdf\" target=\"_blank\" rel=\"noopener noreferrer\" title=\"You'll see it in a new window\">Listado provisional de solicitudes admitidas y pendientes de subsanar en la convocatoria AIEFI 2018 (434kb .pdf)<\/a><\/li>\n<li><a href=\"https:\/\/internacional.umh.es\/files\/2016\/03\/RR-2349_17.pdf\" target=\"_blank\" rel=\"noopener noreferrer\" title=\"You'll see it in a new window\">Convocatoria de Ayudas para la Internacionalizaci\u00f3n de Escuelas, Facultades e Institutos de Investigaci\u00f3n de la UMH (AIEFI 2018) (2,95Mb .pdf)<\/a><\/li>\n<\/ul>\n<hr>\n<h4><strong>2017 Call<\/strong><\/h4>\n<ul style=\"text-align: justify\">\n<li><a href=\"https:\/\/internacional.umh.es\/files\/2022\/04\/concesion-de-ayudas-RE_2017_001_3982-1.pdf\" target=\"_blank\" title=\"You'll see it in a new window\" rel=\"noopener noreferrer\">Listado definitivo de beneficiarios en la Convocatoria de Ayudas para la Internacionalizaci\u00f3n de Escuelas, Facultades e Institutos de Investigaci\u00f3n (AIEFI 2017) (713Kb .pdf)<\/a><\/li>\n<li><a href=\"https:\/\/internacional.umh.es\/files\/2022\/04\/Publicacion-resolucion-provisional-ayudas-RE_2017_001_2319-1.pdf\" target=\"_blank\" title=\"You'll see it in a new window\" rel=\"noopener noreferrer\">Listado de solicitudes admitidas y adjudicaci\u00f3n provisional (281Kb .pdf)<\/a><\/li>\n<\/ul>\n<hr>\n<h4><strong>2015\/2016 Call<\/strong><\/h4>\n<ul>\n<li style=\"text-align: justify\"><a href=\"https:\/\/internacional.umh.es\/files\/2016\/03\/RE_2016_001_2349.pdf\" target=\"_blank\" title=\"You'll see it in a new window\" rel=\"noopener\">Listado de solicitudes admitidas y pendientes de subsanar. Convocatoria AIEFI 2015\/16 (246Kb .pdf)<\/a><\/li>\n<li style=\"text-align: justify\"><a href=\"https:\/\/internacional.umh.es\/files\/2016\/03\/Convocatoria-AIEFI-2015_16.pdf\" target=\"_blank\" title=\"You'll see it in a new window\" rel=\"noopener noreferrer\"> Convocatoria de Ayudas para la Internacionalizaci\u00f3n de escuelas, facultades e institutos de investigaci\u00f3n 2015\/16 (AIEFI) (164Kb .pdf)<\/a><\/li>\n<\/ul>\n<p><\/p>","protected":false},"excerpt":{"rendered":"<p>2021 Call<\/p>\n<p>Concesi\u00f3n definitiva de ayudas asignadas dentro de la Convocatoria de AIEFI 2021 (2,12Mb .pdf)<br \/>\nListado definitivo admitidos y adjudicaci\u00f3n provisional AIEFI 2021 (326kb .pdf)<br \/>\nListado provisional AIEFI 2021 (395Kb .pdf)<br \/>\nConvocatoria para participar en el programa de Ayudas para la Internacionalizaci\u00f3n de las Escuelas, Facultades e Institutos de Investigaci\u00f3n de la UMH (AIEFI 2021) (519Kb .pdf)<br \/>\nConvocatoria AIEFI [&#8230;]<\/p>\n","protected":false},"author":5216,"featured_media":0,"parent":3128,"menu_order":2,"comment_status":"closed","ping_status":"closed","template":"","meta":{"ngg_post_thumbnail":0,"_links_to":"","_links_to_target":""},"yoast_head":"<!-- This site is optimized with the Yoast SEO plugin v17.5 - https:\/\/yoast.com\/wordpress\/plugins\/seo\/ -->\n<meta name=\"description\" content=\"Convocatorias anteriores ayudas Internacionalizaci\u00f3n de escuelas, facultades, institutos investigaci\u00f3n (AIEFI) proyecci\u00f3n internacional UMH\" \/>\n<meta name=\"robots\" content=\"index, follow, max-snippet:-1, max-image-preview:large, max-video-preview:-1\" \/>\n<link rel=\"canonical\" href=\"https:\/\/internacional.umh.es\/en\/internacionalizacion\/aiefi-internacionalizacion-de-centros\/convocatorias-anteriores\/\" \/>\n<meta property=\"og:locale\" content=\"en_US\" \/>\n<meta property=\"og:type\" content=\"article\" \/>\n<meta property=\"og:title\" content=\"Previous calls - International Relations and Cooperation\" \/>\n<meta property=\"og:description\" content=\"Convocatorias anteriores ayudas Internacionalizaci\u00f3n de escuelas, facultades, institutos investigaci\u00f3n (AIEFI) proyecci\u00f3n internacional UMH\" \/>\n<meta property=\"og:url\" content=\"https:\/\/internacional.umh.es\/internacionalizacion\/aiefi-internacionalizacion-de-centros\/convocatorias-anteriores\/\" \/>\n<meta property=\"og:site_name\" content=\"International Relations and Cooperation\" \/>\n<meta property=\"article:modified_time\" content=\"2025-12-12T13:29:32+00:00\" \/>\n<meta name=\"twitter:card\" content=\"summary_large_image\" \/>\n<meta name=\"twitter:label1\" content=\"Est. reading time\" \/>\n\t<meta name=\"twitter:data1\" content=\"2 minutes\" \/>\n<script type=\"application\/ld+json\" class=\"yoast-schema-graph\">{\"@context\":\"https:\/\/schema.org\",\"@graph\":[{\"@type\":\"WebSite\",\"@id\":\"https:\/\/internacional.umh.es\/en\/#website\",\"url\":\"https:\/\/internacional.umh.es\/en\/\",\"name\":\"International Relations and Cooperation\",\"description\":\"Miguel Hernandez University of Elche\",\"potentialAction\":[{\"@type\":\"SearchAction\",\"target\":{\"@type\":\"EntryPoint\",\"urlTemplate\":\"https:\/\/internacional.umh.es\/en\/?s={search_term_string}\"},\"query-input\":\"required name=search_term_string\"}],\"inLanguage\":\"en-US\"},{\"@type\":\"WebPage\",\"@id\":\"https:\/\/internacional.umh.es\/internacionalizacion\/aiefi-internacionalizacion-de-centros\/convocatorias-anteriores\/#webpage\",\"url\":\"https:\/\/internacional.umh.es\/internacionalizacion\/aiefi-internacionalizacion-de-centros\/convocatorias-anteriores\/\",\"name\":\"Previous calls - International Relations and Cooperation\",\"isPartOf\":{\"@id\":\"https:\/\/internacional.umh.es\/en\/#website\"},\"datePublished\":\"2022-02-28T13:07:47+00:00\",\"dateModified\":\"2025-12-12T13:29:32+00:00\",\"description\":\"Convocatorias anteriores ayudas Internacionalizaci\\u00f3n de escuelas, facultades, institutos investigaci\\u00f3n (AIEFI) proyecci\\u00f3n internacional UMH\",\"breadcrumb\":{\"@id\":\"https:\/\/internacional.umh.es\/internacionalizacion\/aiefi-internacionalizacion-de-centros\/convocatorias-anteriores\/#breadcrumb\"},\"inLanguage\":\"en-US\",\"potentialAction\":[{\"@type\":\"ReadAction\",\"target\":[\"https:\/\/internacional.umh.es\/internacionalizacion\/aiefi-internacionalizacion-de-centros\/convocatorias-anteriores\/\"]}]},{\"@type\":\"BreadcrumbList\",\"@id\":\"https:\/\/internacional.umh.es\/internacionalizacion\/aiefi-internacionalizacion-de-centros\/convocatorias-anteriores\/#breadcrumb\",\"itemListElement\":[{\"@type\":\"ListItem\",\"position\":1,\"name\":\"Home\",\"item\":\"https:\/\/internacional.umh.es\/en\/\"},{\"@type\":\"ListItem\",\"position\":2,\"name\":\"INTERNATIONALIZATION\",\"item\":\"https:\/\/internacional.umh.es\/en\/internacionalizacion\/\"},{\"@type\":\"ListItem\",\"position\":3,\"name\":\"AIEFI-Internacionalizaci\\u00f3n de centros\",\"item\":\"https:\/\/internacional.umh.es\/internacionalizacion\/aiefi-internacionalizacion-de-centros\/\"},{\"@type\":\"ListItem\",\"position\":4,\"name\":\"Previous calls\"}]}]}<\/script>\n<!-- \/ Yoast SEO plugin. -->","yoast_head_json":{"description":"Convocatorias anteriores ayudas Internacionalizaci\u00f3n de escuelas, facultades, institutos investigaci\u00f3n (AIEFI) proyecci\u00f3n internacional UMH","robots":{"index":"index","follow":"follow","max-snippet":"max-snippet:-1","max-image-preview":"max-image-preview:large","max-video-preview":"max-video-preview:-1"},"canonical":"https:\/\/internacional.umh.es\/en\/internacionalizacion\/aiefi-internacionalizacion-de-centros\/convocatorias-anteriores\/","og_locale":"en_US","og_type":"article","og_title":"Previous calls - International Relations and Cooperation","og_description":"Convocatorias anteriores ayudas Internacionalizaci\u00f3n de escuelas, facultades, institutos investigaci\u00f3n (AIEFI) proyecci\u00f3n internacional UMH","og_url":"https:\/\/internacional.umh.es\/internacionalizacion\/aiefi-internacionalizacion-de-centros\/convocatorias-anteriores\/","og_site_name":"International Relations and Cooperation","article_modified_time":"2025-12-12T13:29:32+00:00","twitter_card":"summary_large_image","twitter_misc":{"Est. reading time":"2 minutes"},"schema":{"@context":"https:\/\/schema.org","@graph":[{"@type":"WebSite","@id":"https:\/\/internacional.umh.es\/en\/#website","url":"https:\/\/internacional.umh.es\/en\/","name":"International Relations and Cooperation","description":"Miguel Hernandez University of Elche","potentialAction":[{"@type":"SearchAction","target":{"@type":"EntryPoint","urlTemplate":"https:\/\/internacional.umh.es\/en\/?s={search_term_string}"},"query-input":"required name=search_term_string"}],"inLanguage":"en-US"},{"@type":"WebPage","@id":"https:\/\/internacional.umh.es\/internacionalizacion\/aiefi-internacionalizacion-de-centros\/convocatorias-anteriores\/#webpage","url":"https:\/\/internacional.umh.es\/internacionalizacion\/aiefi-internacionalizacion-de-centros\/convocatorias-anteriores\/","name":"Previous calls - International Relations and Cooperation","isPartOf":{"@id":"https:\/\/internacional.umh.es\/en\/#website"},"datePublished":"2022-02-28T13:07:47+00:00","dateModified":"2025-12-12T13:29:32+00:00","description":"Convocatorias anteriores ayudas Internacionalizaci\u00f3n de escuelas, facultades, institutos investigaci\u00f3n (AIEFI) proyecci\u00f3n internacional UMH","breadcrumb":{"@id":"https:\/\/internacional.umh.es\/internacionalizacion\/aiefi-internacionalizacion-de-centros\/convocatorias-anteriores\/#breadcrumb"},"inLanguage":"en-US","potentialAction":[{"@type":"ReadAction","target":["https:\/\/internacional.umh.es\/internacionalizacion\/aiefi-internacionalizacion-de-centros\/convocatorias-anteriores\/"]}]},{"@type":"BreadcrumbList","@id":"https:\/\/internacional.umh.es\/internacionalizacion\/aiefi-internacionalizacion-de-centros\/convocatorias-anteriores\/#breadcrumb","itemListElement":[{"@type":"ListItem","position":1,"name":"Home","item":"https:\/\/internacional.umh.es\/en\/"},{"@type":"ListItem","position":2,"name":"INTERNATIONALIZATION","item":"https:\/\/internacional.umh.es\/en\/internacionalizacion\/"},{"@type":"ListItem","position":3,"name":"AIEFI-Internacionalizaci\u00f3n de centros","item":"https:\/\/internacional.umh.es\/internacionalizacion\/aiefi-internacionalizacion-de-centros\/"},{"@type":"ListItem","position":4,"name":"Previous calls"}]}]}},"_links":{"self":[{"href":"https:\/\/internacional.umh.es\/en\/wp-json\/wp\/v2\/pages\/24883"}],"collection":[{"href":"https:\/\/internacional.umh.es\/en\/wp-json\/wp\/v2\/pages"}],"about":[{"href":"https:\/\/internacional.umh.es\/en\/wp-json\/wp\/v2\/types\/page"}],"author":[{"embeddable":true,"href":"https:\/\/internacional.umh.es\/en\/wp-json\/wp\/v2\/users\/5216"}],"replies":[{"embeddable":true,"href":"https:\/\/internacional.umh.es\/en\/wp-json\/wp\/v2\/comments?post=24883"}],"version-history":[{"count":0,"href":"https:\/\/internacional.umh.es\/en\/wp-json\/wp\/v2\/pages\/24883\/revisions"}],"up":[{"embeddable":true,"href":"https:\/\/internacional.umh.es\/en\/wp-json\/wp\/v2\/pages\/3128"}],"wp:attachment":[{"href":"https:\/\/internacional.umh.es\/en\/wp-json\/wp\/v2\/media?parent=24883"}],"curies":[{"name":"wp","href":"https:\/\/api.w.org\/{rel}","templated":true}]}}