{"id":2509,"date":"2015-07-24T13:28:47","date_gmt":"2015-07-24T11:28:47","guid":{"rendered":"http:\/\/internacional.umh.es\/?page_id=2509"},"modified":"2023-11-24T10:30:10","modified_gmt":"2023-11-24T09:30:10","slug":"carta-erasmus-umh","status":"publish","type":"page","link":"https:\/\/internacional.umh.es\/en\/movilidad\/pas\/erasmus\/carta-erasmus-umh\/","title":{"rendered":"UMH Erasmus Charter"},"content":{"rendered":"<p><img loading=\"lazy\" class=\"alignleft size-medium wp-image-17289\" src=\"https:\/\/internacional.umh.es\/files\/2020\/11\/logo-erasmus-plus-300x61.png\" title=\"Check details about the UMH Erasmus Charter\" alt=\"Logo Erasmus Charter\" width=\"300\" height=\"61\" srcset=\"https:\/\/internacional.umh.es\/files\/2020\/11\/logo-erasmus-plus-300x61.png 300w, https:\/\/internacional.umh.es\/files\/2020\/11\/logo-erasmus-plus-768x156.png 768w, https:\/\/internacional.umh.es\/files\/2020\/11\/logo-erasmus-plus-1024x209.png 1024w, https:\/\/internacional.umh.es\/files\/2020\/11\/logo-erasmus-plus.png 1758w\" sizes=\"(max-width: 300px) 100vw, 300px\" \/><\/p>\n<p>&nbsp;<\/p>\n<p><a href=\"https:\/\/internacional.umh.es\/files\/2023\/10\/Erasmus-Charter-for-Higher-Education-1.png\" target=\"_blank\" title=\"You'll see it in a new window\" rel=\"noopener\"><img loading=\"lazy\" class=\"alignnone size-medium wp-image-32226\" title=\"Check further information about the Erasmus Chapter for Higher Education 2021-2027\" src=\"https:\/\/internacional.umh.es\/files\/2023\/10\/Erasmus-Charter-for-Higher-Education-1-212x300.png\" alt=\"Erasmus Charter Higher education 2021-2027 front cover\" width=\"212\" height=\"300\" srcset=\"https:\/\/internacional.umh.es\/files\/2023\/10\/Erasmus-Charter-for-Higher-Education-1-212x300.png 212w, https:\/\/internacional.umh.es\/files\/2023\/10\/Erasmus-Charter-for-Higher-Education-1-724x1024.png 724w, https:\/\/internacional.umh.es\/files\/2023\/10\/Erasmus-Charter-for-Higher-Education-1-768x1086.png 768w, https:\/\/internacional.umh.es\/files\/2023\/10\/Erasmus-Charter-for-Higher-Education-1-1086x1536.png 1086w, https:\/\/internacional.umh.es\/files\/2023\/10\/Erasmus-Charter-for-Higher-Education-1-1448x2048.png 1448w, https:\/\/internacional.umh.es\/files\/2023\/10\/Erasmus-Charter-for-Higher-Education-1.png 1654w\" sizes=\"(max-width: 212px) 100vw, 212px\" \/><\/a><a href=\"https:\/\/internacional.umh.es\/files\/2023\/10\/Erasmus-Charter-for-Higher-Education-2.png\" target=\"_blank\" title=\"You'll see it in a new window\" rel=\"noopener\"><img loading=\"lazy\" class=\"alignnone size-medium wp-image-32229\" title=\"Continue checking further information about the Erasmus Chapter for Higher Education 2021-2027\" src=\"https:\/\/internacional.umh.es\/files\/2023\/10\/Erasmus-Charter-for-Higher-Education-2-212x300.png\" alt=\"Erasmus Charter Higher education 2021-2027 back cover\" width=\"212\" height=\"300\" srcset=\"https:\/\/internacional.umh.es\/files\/2023\/10\/Erasmus-Charter-for-Higher-Education-2-212x300.png 212w, https:\/\/internacional.umh.es\/files\/2023\/10\/Erasmus-Charter-for-Higher-Education-2-724x1024.png 724w, https:\/\/internacional.umh.es\/files\/2023\/10\/Erasmus-Charter-for-Higher-Education-2-768x1086.png 768w, https:\/\/internacional.umh.es\/files\/2023\/10\/Erasmus-Charter-for-Higher-Education-2-1086x1536.png 1086w, https:\/\/internacional.umh.es\/files\/2023\/10\/Erasmus-Charter-for-Higher-Education-2-1448x2048.png 1448w, https:\/\/internacional.umh.es\/files\/2023\/10\/Erasmus-Charter-for-Higher-Education-2.png 1654w\" sizes=\"(max-width: 212px) 100vw, 212px\" \/><\/a><a href=\"https:\/\/internacional.umh.es\/files\/2023\/10\/Erasmus-Charter-for-Higher-Education-3.png\" target=\"_blank\" title=\"You'll see it in a new window\" rel=\"noopener\"><img loading=\"lazy\" class=\"alignnone size-medium wp-image-32232\" title=\"Check the digitally signature for the Erasmus Chapter for Higher Education 2021-2027\" src=\"https:\/\/internacional.umh.es\/files\/2023\/10\/Erasmus-Charter-for-Higher-Education-3-212x300.png\" alt=\"Erasmus Charter Higher education 2021-2027 signature\" width=\"212\" height=\"300\" srcset=\"https:\/\/internacional.umh.es\/files\/2023\/10\/Erasmus-Charter-for-Higher-Education-3-212x300.png 212w, https:\/\/internacional.umh.es\/files\/2023\/10\/Erasmus-Charter-for-Higher-Education-3-724x1024.png 724w, https:\/\/internacional.umh.es\/files\/2023\/10\/Erasmus-Charter-for-Higher-Education-3-768x1086.png 768w, https:\/\/internacional.umh.es\/files\/2023\/10\/Erasmus-Charter-for-Higher-Education-3-1086x1536.png 1086w, https:\/\/internacional.umh.es\/files\/2023\/10\/Erasmus-Charter-for-Higher-Education-3-1448x2048.png 1448w, https:\/\/internacional.umh.es\/files\/2023\/10\/Erasmus-Charter-for-Higher-Education-3.png 1654w\" sizes=\"(max-width: 212px) 100vw, 212px\" \/><\/a><br \/>\n&nbsp;<br \/>\n<a href=\"https:\/\/erasmus-plus.ec.europa.eu\/resources-and-tools\/erasmus-charter-for-higher-education\" rel=\"noopener\" target=\"_blank\" title=\"You'll see it in a new window\">Check the Erasmus Charter for Higher Education on the European Commission site<\/a><br \/>\n&nbsp;<\/p>","protected":false},"excerpt":{"rendered":"<p>&nbsp;<\/p>\n<p>&nbsp;<br \/>\nCheck the Erasmus Charter for Higher Education on the European Commission site<br \/>\n&nbsp;<\/p>\n","protected":false},"author":3296,"featured_media":0,"parent":268,"menu_order":0,"comment_status":"closed","ping_status":"closed","template":"","meta":{"ngg_post_thumbnail":0,"_links_to":"","_links_to_target":""},"yoast_head":"<!-- This site is optimized with the Yoast SEO plugin v17.5 - https:\/\/yoast.com\/wordpress\/plugins\/seo\/ -->\n<meta name=\"description\" content=\"La Carta Erasmus UMH PAS establece principios, prop\u00f3sitos antes, durante, despu\u00e9s de la participaci\u00f3n en proyectos de movilidad internacional\" \/>\n<meta name=\"robots\" content=\"index, follow, max-snippet:-1, max-image-preview:large, max-video-preview:-1\" \/>\n<link rel=\"canonical\" href=\"https:\/\/internacional.umh.es\/en\/movilidad\/pas\/erasmus\/carta-erasmus-umh\/\" \/>\n<meta property=\"og:locale\" content=\"en_US\" \/>\n<meta property=\"og:type\" content=\"article\" \/>\n<meta property=\"og:title\" content=\"UMH Erasmus Charter - International Relations and Cooperation\" \/>\n<meta property=\"og:description\" content=\"La Carta Erasmus UMH PAS establece principios, prop\u00f3sitos antes, durante, despu\u00e9s de la participaci\u00f3n en proyectos de movilidad internacional\" \/>\n<meta property=\"og:url\" content=\"https:\/\/internacional.umh.es\/movilidad\/pas\/erasmus\/carta-erasmus-umh\/\" \/>\n<meta property=\"og:site_name\" content=\"International Relations and Cooperation\" \/>\n<meta property=\"article:modified_time\" content=\"2023-11-24T09:30:10+00:00\" \/>\n<meta property=\"og:image\" content=\"https:\/\/internacional.umh.es\/files\/2020\/11\/logo-erasmus-plus-300x61.png\" \/>\n<meta name=\"twitter:card\" content=\"summary_large_image\" \/>\n<script type=\"application\/ld+json\" class=\"yoast-schema-graph\">{\"@context\":\"https:\/\/schema.org\",\"@graph\":[{\"@type\":\"WebSite\",\"@id\":\"https:\/\/internacional.umh.es\/en\/#website\",\"url\":\"https:\/\/internacional.umh.es\/en\/\",\"name\":\"International Relations and Cooperation\",\"description\":\"Miguel Hernandez University of Elche\",\"potentialAction\":[{\"@type\":\"SearchAction\",\"target\":{\"@type\":\"EntryPoint\",\"urlTemplate\":\"https:\/\/internacional.umh.es\/en\/?s={search_term_string}\"},\"query-input\":\"required name=search_term_string\"}],\"inLanguage\":\"en-US\"},{\"@type\":\"ImageObject\",\"@id\":\"https:\/\/internacional.umh.es\/movilidad\/pas\/erasmus\/carta-erasmus-umh\/#primaryimage\",\"inLanguage\":\"en-US\",\"url\":\"https:\/\/internacional.umh.es\/files\/2020\/11\/logo-erasmus-plus.png\",\"contentUrl\":\"https:\/\/internacional.umh.es\/files\/2020\/11\/logo-erasmus-plus.png\",\"width\":1758,\"height\":358,\"caption\":\"Logo Erasmus+\"},{\"@type\":\"WebPage\",\"@id\":\"https:\/\/internacional.umh.es\/movilidad\/pas\/erasmus\/carta-erasmus-umh\/#webpage\",\"url\":\"https:\/\/internacional.umh.es\/movilidad\/pas\/erasmus\/carta-erasmus-umh\/\",\"name\":\"UMH Erasmus Charter - International Relations and Cooperation\",\"isPartOf\":{\"@id\":\"https:\/\/internacional.umh.es\/en\/#website\"},\"primaryImageOfPage\":{\"@id\":\"https:\/\/internacional.umh.es\/movilidad\/pas\/erasmus\/carta-erasmus-umh\/#primaryimage\"},\"datePublished\":\"2015-07-24T11:28:47+00:00\",\"dateModified\":\"2023-11-24T09:30:10+00:00\",\"description\":\"La Carta Erasmus UMH PAS establece principios, prop\\u00f3sitos antes, durante, despu\\u00e9s de la participaci\\u00f3n en proyectos de movilidad internacional\",\"breadcrumb\":{\"@id\":\"https:\/\/internacional.umh.es\/movilidad\/pas\/erasmus\/carta-erasmus-umh\/#breadcrumb\"},\"inLanguage\":\"en-US\",\"potentialAction\":[{\"@type\":\"ReadAction\",\"target\":[\"https:\/\/internacional.umh.es\/movilidad\/pas\/erasmus\/carta-erasmus-umh\/\"]}]},{\"@type\":\"BreadcrumbList\",\"@id\":\"https:\/\/internacional.umh.es\/movilidad\/pas\/erasmus\/carta-erasmus-umh\/#breadcrumb\",\"itemListElement\":[{\"@type\":\"ListItem\",\"position\":1,\"name\":\"Home\",\"item\":\"https:\/\/internacional.umh.es\/en\/\"},{\"@type\":\"ListItem\",\"position\":2,\"name\":\"MOBILITY\",\"item\":\"https:\/\/internacional.umh.es\/en\/movilidad\/\"},{\"@type\":\"ListItem\",\"position\":3,\"name\":\"PTGAS\",\"item\":\"https:\/\/internacional.umh.es\/movilidad\/pas\/\"},{\"@type\":\"ListItem\",\"position\":4,\"name\":\"ERASMUS PTGAS &#8211; Estancias formativas\",\"item\":\"https:\/\/internacional.umh.es\/movilidad\/pas\/erasmus\/\"},{\"@type\":\"ListItem\",\"position\":5,\"name\":\"UMH Erasmus Charter\"}]}]}<\/script>\n<!-- \/ Yoast SEO plugin. -->","yoast_head_json":{"description":"La Carta Erasmus UMH PAS establece principios, prop\u00f3sitos antes, durante, despu\u00e9s de la participaci\u00f3n en proyectos de movilidad internacional","robots":{"index":"index","follow":"follow","max-snippet":"max-snippet:-1","max-image-preview":"max-image-preview:large","max-video-preview":"max-video-preview:-1"},"canonical":"https:\/\/internacional.umh.es\/en\/movilidad\/pas\/erasmus\/carta-erasmus-umh\/","og_locale":"en_US","og_type":"article","og_title":"UMH Erasmus Charter - International Relations and Cooperation","og_description":"La Carta Erasmus UMH PAS establece principios, prop\u00f3sitos antes, durante, despu\u00e9s de la participaci\u00f3n en proyectos de movilidad internacional","og_url":"https:\/\/internacional.umh.es\/movilidad\/pas\/erasmus\/carta-erasmus-umh\/","og_site_name":"International Relations and Cooperation","article_modified_time":"2023-11-24T09:30:10+00:00","og_image":[{"url":"https:\/\/internacional.umh.es\/files\/2020\/11\/logo-erasmus-plus-300x61.png"}],"twitter_card":"summary_large_image","schema":{"@context":"https:\/\/schema.org","@graph":[{"@type":"WebSite","@id":"https:\/\/internacional.umh.es\/en\/#website","url":"https:\/\/internacional.umh.es\/en\/","name":"International Relations and Cooperation","description":"Miguel Hernandez University of Elche","potentialAction":[{"@type":"SearchAction","target":{"@type":"EntryPoint","urlTemplate":"https:\/\/internacional.umh.es\/en\/?s={search_term_string}"},"query-input":"required name=search_term_string"}],"inLanguage":"en-US"},{"@type":"ImageObject","@id":"https:\/\/internacional.umh.es\/movilidad\/pas\/erasmus\/carta-erasmus-umh\/#primaryimage","inLanguage":"en-US","url":"https:\/\/internacional.umh.es\/files\/2020\/11\/logo-erasmus-plus.png","contentUrl":"https:\/\/internacional.umh.es\/files\/2020\/11\/logo-erasmus-plus.png","width":1758,"height":358,"caption":"Logo Erasmus+"},{"@type":"WebPage","@id":"https:\/\/internacional.umh.es\/movilidad\/pas\/erasmus\/carta-erasmus-umh\/#webpage","url":"https:\/\/internacional.umh.es\/movilidad\/pas\/erasmus\/carta-erasmus-umh\/","name":"UMH Erasmus Charter - International Relations and Cooperation","isPartOf":{"@id":"https:\/\/internacional.umh.es\/en\/#website"},"primaryImageOfPage":{"@id":"https:\/\/internacional.umh.es\/movilidad\/pas\/erasmus\/carta-erasmus-umh\/#primaryimage"},"datePublished":"2015-07-24T11:28:47+00:00","dateModified":"2023-11-24T09:30:10+00:00","description":"La Carta Erasmus UMH PAS establece principios, prop\u00f3sitos antes, durante, despu\u00e9s de la participaci\u00f3n en proyectos de movilidad internacional","breadcrumb":{"@id":"https:\/\/internacional.umh.es\/movilidad\/pas\/erasmus\/carta-erasmus-umh\/#breadcrumb"},"inLanguage":"en-US","potentialAction":[{"@type":"ReadAction","target":["https:\/\/internacional.umh.es\/movilidad\/pas\/erasmus\/carta-erasmus-umh\/"]}]},{"@type":"BreadcrumbList","@id":"https:\/\/internacional.umh.es\/movilidad\/pas\/erasmus\/carta-erasmus-umh\/#breadcrumb","itemListElement":[{"@type":"ListItem","position":1,"name":"Home","item":"https:\/\/internacional.umh.es\/en\/"},{"@type":"ListItem","position":2,"name":"MOBILITY","item":"https:\/\/internacional.umh.es\/en\/movilidad\/"},{"@type":"ListItem","position":3,"name":"PTGAS","item":"https:\/\/internacional.umh.es\/movilidad\/pas\/"},{"@type":"ListItem","position":4,"name":"ERASMUS PTGAS &#8211; Estancias formativas","item":"https:\/\/internacional.umh.es\/movilidad\/pas\/erasmus\/"},{"@type":"ListItem","position":5,"name":"UMH Erasmus Charter"}]}]}},"_links":{"self":[{"href":"https:\/\/internacional.umh.es\/en\/wp-json\/wp\/v2\/pages\/2509"}],"collection":[{"href":"https:\/\/internacional.umh.es\/en\/wp-json\/wp\/v2\/pages"}],"about":[{"href":"https:\/\/internacional.umh.es\/en\/wp-json\/wp\/v2\/types\/page"}],"author":[{"embeddable":true,"href":"https:\/\/internacional.umh.es\/en\/wp-json\/wp\/v2\/users\/3296"}],"replies":[{"embeddable":true,"href":"https:\/\/internacional.umh.es\/en\/wp-json\/wp\/v2\/comments?post=2509"}],"version-history":[{"count":0,"href":"https:\/\/internacional.umh.es\/en\/wp-json\/wp\/v2\/pages\/2509\/revisions"}],"up":[{"embeddable":true,"href":"https:\/\/internacional.umh.es\/en\/wp-json\/wp\/v2\/pages\/268"}],"wp:attachment":[{"href":"https:\/\/internacional.umh.es\/en\/wp-json\/wp\/v2\/media?parent=2509"}],"curies":[{"name":"wp","href":"https:\/\/api.w.org\/{rel}","templated":true}]}}