{"id":2519,"date":"2015-08-08T13:55:10","date_gmt":"2015-08-08T11:55:10","guid":{"rendered":"http:\/\/internacional.umh.es\/?page_id=2519"},"modified":"2025-04-27T23:54:05","modified_gmt":"2025-04-27T21:54:05","slug":"vicerrector","status":"publish","type":"page","link":"https:\/\/internacional.umh.es\/en\/conocenos\/vicerrector\/","title":{"rendered":"Vice Rector"},"content":{"rendered":"<p><\/p>\n<p style=\"text-align: justify\"><strong><img loading=\"lazy\" class=\"alignleft wp-image-15656\" title=\"Vicente Micol is the Vice Rector for Internationalization and Cooperation of the UMH\" src=\"https:\/\/internacional.umh.es\/files\/2020\/06\/Vicente_Micol-300x300.jpg\" alt=\"Vicente Micol Molina  Vice Rector for Internationalization and Cooperation UMH\" width=\"173\" height=\"173\" srcset=\"https:\/\/internacional.umh.es\/files\/2020\/06\/Vicente_Micol-300x300.jpg 300w, https:\/\/internacional.umh.es\/files\/2020\/06\/Vicente_Micol-150x150.jpg 150w, https:\/\/internacional.umh.es\/files\/2020\/06\/Vicente_Micol-32x32.jpg 32w, https:\/\/internacional.umh.es\/files\/2020\/06\/Vicente_Micol-64x64.jpg 64w, https:\/\/internacional.umh.es\/files\/2020\/06\/Vicente_Micol-96x96.jpg 96w, https:\/\/internacional.umh.es\/files\/2020\/06\/Vicente_Micol-128x128.jpg 128w, https:\/\/internacional.umh.es\/files\/2020\/06\/Vicente_Micol.jpg 512w\" sizes=\"(max-width: 173px) 100vw, 173px\" \/>Vicente Micol Molina<\/strong> is Vice Rector for Internationalization and Cooperation at the Miguel Hern\u00e1ndez University of Elche. He assumes tasks related to the internationalization of the UMH by fostering relations with foreign universities and academic institutions, and by managing academic mobility. Likewise, he promotes international projects within higher education and participation in activities of development cooperation and volunteerism.<\/p>\n<p style=\"text-align: justify\">Vicente Micol is a researcher at the <a href=\"https:\/\/idibe.umh.es\/\" target=\"_blank\" title=\"You'll see it in a new window\" rel=\"noopener\">Institute of Research, Development and Innovation in Healthcare Biotechnology of Elche<\/a> and a Professor of Biochemistry and Molecular Biology at the Miguel Hern\u00e1ndez University. He holds a PhD from the University of Murcia and has conducted research at academic institutions and private entities in Asia and the United States.<\/p>\n<p style=\"text-align: justify\">The main functions of the Vice Rectorate for Internationalization and Cooperation entail:<\/p>\n<ul>\n<li>Relations, collaboration, and agreements with international universities, institutions, and entities.<\/li>\n<li>International exchange programs.<\/li>\n<li>International grants, except for those of research.<\/li>\n<li>International aid, except for that of research.<\/li>\n<li>Representation of the Miguel Hern\u00e1ndez University at international forums.<\/li>\n<li>Planning and implementation of international programs through this office or in conjunction with other bodies of the Miguel Hern\u00e1ndez University.<\/li>\n<li>National and international student exchange programs.<\/li>\n<li>Power to authorize and disburse expenditures and process payments within the scope of its competencies.<\/li>\n<li>Signing of contracts, agreements, and pacts on matters within its competencies on behalf of the Miguel Hern\u00e1ndez University.<\/li>\n<li>Coordinate development cooperation and volunteerism.<\/li>\n<li>Institutional representation of the Miguel Hern\u00e1ndez University at cooperation forums.<\/li>\n<li>University cooperation programs of the Spanish Agency for International Development Cooperation (AECID).<\/li>\n<li>Development cooperation projects and actions.<\/li>\n<\/ul>\n<hr>\n<h3><strong>Documents<\/strong><\/h3>\n<ul>\n<li><strong><a title=\"You'll see it in a new window\" href=\"https:\/\/internacional.umh.es\/files\/2016\/01\/UMH-international-policy-statement.pdf\" target=\"_blank\" rel=\"noopener noreferrer\">UMH International Policy Statement (41Kb .pdf)<\/a><\/strong><\/li>\n<li><strong><a title=\"You'll see it in a new window\" href=\"https:\/\/internacional.umh.es\/files\/2020\/05\/Carta-ERASMUS-14_20.jpg\" target=\"_blank\" rel=\"noopener noreferrer\">ERASMUS CHARTER FOR HIGHER EDUCATION 2014-2020 (201Kb .jpg)<\/a><\/strong><\/li>\n<li><strong><a title=\"You'll see it in a new window\" href=\"https:\/\/internacional.umh.es\/files\/2020\/04\/9.-Carta_Estudiante_Erasmus_ES.pdf\" target=\"_blank\" rel=\"noopener noreferrer\">ERASMUS Student card (1,5Mb Spanish.pdf)<\/a><\/strong><\/li>\n<\/ul>\n<hr>\n<p><img loading=\"lazy\" class=\"alignleft wp-image-17289 size-medium\" title=\"Mobility in the UMH is the main objective of the Vice-Chancellor and International Relations Service of the UMH\" src=\"https:\/\/internacional.umh.es\/files\/2020\/11\/logo-erasmus-plus-300x61.png\" alt=\"Logo Erasmus +\" width=\"300\" height=\"61\" srcset=\"https:\/\/internacional.umh.es\/files\/2020\/11\/logo-erasmus-plus-300x61.png 300w, https:\/\/internacional.umh.es\/files\/2020\/11\/logo-erasmus-plus-768x156.png 768w, https:\/\/internacional.umh.es\/files\/2020\/11\/logo-erasmus-plus-1024x209.png 1024w, https:\/\/internacional.umh.es\/files\/2020\/11\/logo-erasmus-plus.png 1758w\" sizes=\"(max-width: 300px) 100vw, 300px\" \/>\n<\/ul>\n<p>&nbsp;<\/p>\n<p style=\"text-align: left\">+34 96 665 8522<br \/>\n<a title=\"Contact by email in a new window\" href=\"mailto:vdo.relinter@umh.es\" target=\"_blank\" rel=\"noopener\">vdo.relinter@umh.es<\/a><br \/>\n<a title=\"See the Vicente Micol Molina's occupational information in a new window\" href=\"https:\/\/www.umh.es\/contenido\/Universidad\/:persona_3806\/datos_en.html\" target=\"_blank\" rel=\"noopener noreferrer\">Occupational information<\/a><\/p>\n<p><\/p>","protected":false},"excerpt":{"rendered":"<p>Vicente Micol Molina is Vice Rector for Internationalization and Cooperation at the Miguel Hern\u00e1ndez University of Elche. He assumes tasks related to the internationalization of the UMH by fostering relations with foreign universities and academic institutions, and by managing academic mobility. Likewise, he promotes international projects within higher education and participation in activities of development [&#8230;]<\/p>\n","protected":false},"author":3296,"featured_media":0,"parent":2517,"menu_order":1,"comment_status":"closed","ping_status":"closed","template":"","meta":{"ngg_post_thumbnail":0,"_links_to":"","_links_to_target":""},"yoast_head":"<!-- This site is optimized with the Yoast SEO plugin v17.5 - https:\/\/yoast.com\/wordpress\/plugins\/seo\/ -->\n<meta name=\"description\" content=\"Vicente Micol Molina es Vicerrector de Internacionalizaci\u00f3n y Cooperaci\u00f3n en la Universidad Miguel Hern\u00e1ndez de Elche\" \/>\n<meta name=\"robots\" content=\"index, follow, max-snippet:-1, max-image-preview:large, max-video-preview:-1\" \/>\n<link rel=\"canonical\" href=\"https:\/\/internacional.umh.es\/en\/conocenos\/vicerrector\/\" \/>\n<meta property=\"og:locale\" content=\"en_US\" \/>\n<meta property=\"og:type\" content=\"article\" \/>\n<meta property=\"og:title\" content=\"Vice Rector - International Relations and Cooperation\" \/>\n<meta property=\"og:description\" content=\"Vicente Micol Molina es Vicerrector de Internacionalizaci\u00f3n y Cooperaci\u00f3n en la Universidad Miguel Hern\u00e1ndez de Elche\" \/>\n<meta property=\"og:url\" content=\"https:\/\/internacional.umh.es\/en\/conocenos\/vicerrector\/\" \/>\n<meta property=\"og:site_name\" content=\"International Relations and Cooperation\" \/>\n<meta property=\"article:modified_time\" content=\"2025-04-27T21:54:05+00:00\" \/>\n<meta property=\"og:image\" content=\"https:\/\/internacional.umh.es\/files\/2020\/06\/Vicente_Micol-300x300.jpg\" \/>\n<meta name=\"twitter:card\" content=\"summary_large_image\" \/>\n<meta name=\"twitter:label1\" content=\"Est. reading time\" \/>\n\t<meta name=\"twitter:data1\" content=\"2 minutes\" \/>\n<script type=\"application\/ld+json\" class=\"yoast-schema-graph\">{\"@context\":\"https:\/\/schema.org\",\"@graph\":[{\"@type\":\"WebSite\",\"@id\":\"https:\/\/internacional.umh.es\/en\/#website\",\"url\":\"https:\/\/internacional.umh.es\/en\/\",\"name\":\"International Relations and Cooperation\",\"description\":\"Miguel Hernandez University of Elche\",\"potentialAction\":[{\"@type\":\"SearchAction\",\"target\":{\"@type\":\"EntryPoint\",\"urlTemplate\":\"https:\/\/internacional.umh.es\/en\/?s={search_term_string}\"},\"query-input\":\"required name=search_term_string\"}],\"inLanguage\":\"en-US\"},{\"@type\":\"ImageObject\",\"@id\":\"https:\/\/internacional.umh.es\/en\/conocenos\/vicerrector\/#primaryimage\",\"inLanguage\":\"en-US\",\"url\":\"https:\/\/internacional.umh.es\/files\/2020\/06\/Vicente_Micol.jpg\",\"contentUrl\":\"https:\/\/internacional.umh.es\/files\/2020\/06\/Vicente_Micol.jpg\",\"width\":512,\"height\":512},{\"@type\":\"WebPage\",\"@id\":\"https:\/\/internacional.umh.es\/en\/conocenos\/vicerrector\/#webpage\",\"url\":\"https:\/\/internacional.umh.es\/en\/conocenos\/vicerrector\/\",\"name\":\"Vice Rector - International Relations and Cooperation\",\"isPartOf\":{\"@id\":\"https:\/\/internacional.umh.es\/en\/#website\"},\"primaryImageOfPage\":{\"@id\":\"https:\/\/internacional.umh.es\/en\/conocenos\/vicerrector\/#primaryimage\"},\"datePublished\":\"2015-08-08T11:55:10+00:00\",\"dateModified\":\"2025-04-27T21:54:05+00:00\",\"description\":\"Vicente Micol Molina es Vicerrector de Internacionalizaci\\u00f3n y Cooperaci\\u00f3n en la Universidad Miguel Hern\\u00e1ndez de Elche\",\"breadcrumb\":{\"@id\":\"https:\/\/internacional.umh.es\/en\/conocenos\/vicerrector\/#breadcrumb\"},\"inLanguage\":\"en-US\",\"potentialAction\":[{\"@type\":\"ReadAction\",\"target\":[\"https:\/\/internacional.umh.es\/en\/conocenos\/vicerrector\/\"]}]},{\"@type\":\"BreadcrumbList\",\"@id\":\"https:\/\/internacional.umh.es\/en\/conocenos\/vicerrector\/#breadcrumb\",\"itemListElement\":[{\"@type\":\"ListItem\",\"position\":1,\"name\":\"Home\",\"item\":\"https:\/\/internacional.umh.es\/en\/\"},{\"@type\":\"ListItem\",\"position\":2,\"name\":\"ABOUT US\",\"item\":\"https:\/\/internacional.umh.es\/en\/conocenos\/\"},{\"@type\":\"ListItem\",\"position\":3,\"name\":\"Vice Rector\"}]}]}<\/script>\n<!-- \/ Yoast SEO plugin. -->","yoast_head_json":{"description":"Vicente Micol Molina es Vicerrector de Internacionalizaci\u00f3n y Cooperaci\u00f3n en la Universidad Miguel Hern\u00e1ndez de Elche","robots":{"index":"index","follow":"follow","max-snippet":"max-snippet:-1","max-image-preview":"max-image-preview:large","max-video-preview":"max-video-preview:-1"},"canonical":"https:\/\/internacional.umh.es\/en\/conocenos\/vicerrector\/","og_locale":"en_US","og_type":"article","og_title":"Vice Rector - International Relations and Cooperation","og_description":"Vicente Micol Molina es Vicerrector de Internacionalizaci\u00f3n y Cooperaci\u00f3n en la Universidad Miguel Hern\u00e1ndez de Elche","og_url":"https:\/\/internacional.umh.es\/en\/conocenos\/vicerrector\/","og_site_name":"International Relations and Cooperation","article_modified_time":"2025-04-27T21:54:05+00:00","og_image":[{"url":"https:\/\/internacional.umh.es\/files\/2020\/06\/Vicente_Micol-300x300.jpg"}],"twitter_card":"summary_large_image","twitter_misc":{"Est. reading time":"2 minutes"},"schema":{"@context":"https:\/\/schema.org","@graph":[{"@type":"WebSite","@id":"https:\/\/internacional.umh.es\/en\/#website","url":"https:\/\/internacional.umh.es\/en\/","name":"International Relations and Cooperation","description":"Miguel Hernandez University of Elche","potentialAction":[{"@type":"SearchAction","target":{"@type":"EntryPoint","urlTemplate":"https:\/\/internacional.umh.es\/en\/?s={search_term_string}"},"query-input":"required name=search_term_string"}],"inLanguage":"en-US"},{"@type":"ImageObject","@id":"https:\/\/internacional.umh.es\/en\/conocenos\/vicerrector\/#primaryimage","inLanguage":"en-US","url":"https:\/\/internacional.umh.es\/files\/2020\/06\/Vicente_Micol.jpg","contentUrl":"https:\/\/internacional.umh.es\/files\/2020\/06\/Vicente_Micol.jpg","width":512,"height":512},{"@type":"WebPage","@id":"https:\/\/internacional.umh.es\/en\/conocenos\/vicerrector\/#webpage","url":"https:\/\/internacional.umh.es\/en\/conocenos\/vicerrector\/","name":"Vice Rector - International Relations and Cooperation","isPartOf":{"@id":"https:\/\/internacional.umh.es\/en\/#website"},"primaryImageOfPage":{"@id":"https:\/\/internacional.umh.es\/en\/conocenos\/vicerrector\/#primaryimage"},"datePublished":"2015-08-08T11:55:10+00:00","dateModified":"2025-04-27T21:54:05+00:00","description":"Vicente Micol Molina es Vicerrector de Internacionalizaci\u00f3n y Cooperaci\u00f3n en la Universidad Miguel Hern\u00e1ndez de Elche","breadcrumb":{"@id":"https:\/\/internacional.umh.es\/en\/conocenos\/vicerrector\/#breadcrumb"},"inLanguage":"en-US","potentialAction":[{"@type":"ReadAction","target":["https:\/\/internacional.umh.es\/en\/conocenos\/vicerrector\/"]}]},{"@type":"BreadcrumbList","@id":"https:\/\/internacional.umh.es\/en\/conocenos\/vicerrector\/#breadcrumb","itemListElement":[{"@type":"ListItem","position":1,"name":"Home","item":"https:\/\/internacional.umh.es\/en\/"},{"@type":"ListItem","position":2,"name":"ABOUT US","item":"https:\/\/internacional.umh.es\/en\/conocenos\/"},{"@type":"ListItem","position":3,"name":"Vice Rector"}]}]}},"_links":{"self":[{"href":"https:\/\/internacional.umh.es\/en\/wp-json\/wp\/v2\/pages\/2519"}],"collection":[{"href":"https:\/\/internacional.umh.es\/en\/wp-json\/wp\/v2\/pages"}],"about":[{"href":"https:\/\/internacional.umh.es\/en\/wp-json\/wp\/v2\/types\/page"}],"author":[{"embeddable":true,"href":"https:\/\/internacional.umh.es\/en\/wp-json\/wp\/v2\/users\/3296"}],"replies":[{"embeddable":true,"href":"https:\/\/internacional.umh.es\/en\/wp-json\/wp\/v2\/comments?post=2519"}],"version-history":[{"count":0,"href":"https:\/\/internacional.umh.es\/en\/wp-json\/wp\/v2\/pages\/2519\/revisions"}],"up":[{"embeddable":true,"href":"https:\/\/internacional.umh.es\/en\/wp-json\/wp\/v2\/pages\/2517"}],"wp:attachment":[{"href":"https:\/\/internacional.umh.es\/en\/wp-json\/wp\/v2\/media?parent=2519"}],"curies":[{"name":"wp","href":"https:\/\/api.w.org\/{rel}","templated":true}]}}