{"id":2532,"date":"2015-08-08T14:05:52","date_gmt":"2015-08-08T12:05:52","guid":{"rendered":"http:\/\/internacional.umh.es\/?page_id=2532"},"modified":"2026-04-02T13:52:56","modified_gmt":"2026-04-02T11:52:56","slug":"coordinadores-de-movilidad","status":"publish","type":"page","link":"https:\/\/internacional.umh.es\/en\/conocenos\/coordinadores-de-movilidad\/","title":{"rendered":"Mobility Coordinators"},"content":{"rendered":"<p><img loading=\"lazy\" class=\"alignleft size-medium wp-image-17289\" title=\"The management of mobility is managed by the Vice Rector and the Service of International Relations in UMH\" src=\"https:\/\/internacional.umh.es\/files\/2020\/11\/logo-erasmus-plus-300x61.png\" alt=\"Erasmus+ logo\" width=\"300\" height=\"61\" srcset=\"https:\/\/internacional.umh.es\/files\/2020\/11\/logo-erasmus-plus-300x61.png 300w, https:\/\/internacional.umh.es\/files\/2020\/11\/logo-erasmus-plus-768x156.png 768w, https:\/\/internacional.umh.es\/files\/2020\/11\/logo-erasmus-plus-1024x209.png 1024w, https:\/\/internacional.umh.es\/files\/2020\/11\/logo-erasmus-plus.png 1758w\" sizes=\"(max-width: 300px) 100vw, 300px\" \/><img loading=\"lazy\" class=\"alignnone wp-image-23167\" title=\"Wide variety of Mobility SICUE-CRUE programs offered by UMH\" src=\"https:\/\/internacional.umh.es\/files\/2021\/11\/imagen-logo-SICUE-300x141.jpg\" alt=\"Logo CRUE Spanish Universities mobility coordinators\" width=\"225\" height=\"106\"><\/p>\n<p style=\"text-align: justify\">For any doubts, questions, or consultations regarding mobility, in addition to <a title=\"Know the recent Learning Agreement proposals\" href=\"https:\/\/internacional.umh.es\/en\/movilidad\/estudiantes\/erasmus\/erasmus-estudios-2022-2023\/25873-2\/\" rel=\"noopener\">Learning Agreement proposals<\/a>, you may directly contact the mobility coordinators of your undergraduate program:<\/p>\n<h3><strong>ALTEA<\/strong><\/h3>\n<ul>\n<li><strong>Faculty of Fine Arts<\/strong>\n<ul>\n<li>Bachelor\u2019s in Fine Arts: Jose Miguel Maldonado |<br \/>\n<a title=\"You'll see it in a new window\" href=\"mailto:jmaldonado@umh.es\" target=\"_blank\" rel=\"noopener noreferrer\"><strong>jmaldonado@umh.es<\/strong><\/a> | <a title=\"See Jose Miguel Maldonado tab, opens in a new window\" href=\"https:\/\/www.umh.es\/contenido\/pdi\/:persona_5625\/datos_en.html\" target=\"_blank\" rel=\"noopener noreferrer\">Occupational information<\/a><\/li>\n<\/ul>\n<\/li>\n<\/ul>\n<hr>\n<h3><strong>ELCHE<\/strong><\/h3>\n<ul>\n<li style=\"list-style-type: none\">\n<ul>\n<li style=\"text-align: justify\"><strong>Faculty of Social and Legal Sciences of Elche: <\/strong>Rafael Carlos Dom\u00e9nech S\u00e1nchez | Associate Dean of Coordination and Mobility. He is responsible for coordinating faculty mobility at this UMH faculty. | <a title=\"You'll see it in a new window\" href=\"mailto:r.domenech@umh.es\"><strong>r.domenech@umh.es<\/strong><\/a> | <a title=\"See Rafael Carlos Dom\u00e9nech S\u00e1nchez tab, opens in a new window\" href=\"https:\/\/www.umh.es\/contenido\/Estudios\/:persona_5585\/datos_en.html\" target=\"_blank\" rel=\"noopener noreferrer\">Occupational information<\/a><\/li>\n<\/ul>\n<\/li>\n<\/ul>\n<p>&nbsp;<\/p>\n<ul>\n<li style=\"list-style-type: none\">\n<ul>\n<li>Bachelor\u2019s in Business Administration: Jos\u00e9 Antonio Garc\u00eda Mart\u00ednez |<br \/>\n<a title=\"You'll see it in a new window\" href=\"mailto:jose.garciam@umh.es\"><strong>jose.garciam@umh.es<\/strong><\/a> | <a title=\"See Jos\u00e9 Antonio Garc\u00eda Mart\u00ednez tab, opens in a new window\" href=\"https:\/\/www.umh.es\/contenido\/Estudios\/:persona_159820\/datos_en.html\" target=\"_blank\" rel=\"noopener noreferrer\">Occupational information<\/a><\/li>\n<li>Bachelor\u2019s in Audiovisual Communication: Francisco Juli\u00e1n Mart\u00ednez Cano |<br \/>\n<a title=\"You'll see it in a new window\" href=\"mailto:francisco.martinezc@umh.es\"><strong>francisco.martinezc@umh.es<\/strong><\/a> | <a title=\"See Francisco Juli\u00e1n Mart\u00ednez Cano tab, opens in a new window\" href=\"https:\/\/www.umh.es\/contenido\/Estudios\/:persona_111941\/datos_en.html\" target=\"_blank\" rel=\"noopener noreferrer\">Occupational information<\/a><\/li>\n<li>Dual Bachelor&#8217;s in Audiovisual Communication and Journalism: Vicente Javier P\u00e9rez Valero |<br \/>\n<a title=\"You'll see it in a new window\" href=\"mailto:vperez@umh.es\">vperez@umh.es<\/a> | <a title=\"See Vicente Javier P\u00e9rez Valero tab, opens in a new window\" href=\"https:\/\/www.umh.es\/contenido\/Estudios\/:persona_4728\/datos_en.html\" target=\"_blank\" rel=\"noopener noreferrer\">Occupational information<\/a><\/li>\n<li>Dual Bachelor&#8217;s in Law and Business Administration and Management (DADE):<br \/>\nCarmen Ortiz del Valle |<br \/>\n<a title=\"You'll see it in a new window\" href=\"mailto:maria.ortiz@umh.es\">maria.ortiz@umh.es<\/a>| <a title=\"See Carmen Ortiz del Valle tab, opens in a new window\" href=\"https:\/\/www.umh.es\/contenido\/Estudios\/:persona_151519\/datos_en.html\" target=\"_blank\" rel=\"noopener noreferrer\">Occupational information<\/a><\/li>\n<li>Bachelor\u2019s in Law: Alfonso Ortega Gim\u00e9nez |<br \/>\n<a title=\"You'll see it in a new window\" href=\"mailto:alfonso.ortega@umh.es\"><strong>alfonso.ortega@umh.es<\/strong><\/a> | <a title=\"See Alfonso Ortega Gim\u00e9nez tab, opens in a new window\" href=\"https:\/\/www.umh.es\/contenido\/Estudios\/:persona_111572\/datos_en.html\" target=\"_blank\" rel=\"noopener noreferrer\">Occupational information<\/a><\/li>\n<li>Bachelor\u2019s in Business Statistics: Jos\u00e9 Lu\u00eds Sainz-Pardo Au\u00f1\u00f3n |<br \/>\n<a title=\"You'll see it in a new window\" href=\"mailto:jlsainz@umh.es\"><strong>jlsainz@umh.es<\/strong><\/a> | <a title=\"See Jos\u00e9 Lu\u00eds Sainz-Pardo Au\u00f1\u00f3n tab, opens in a new window\" href=\"https:\/\/www.umh.es\/contenido\/Estudios\/:persona_4485\/datos_en.html\" target=\"_blank\" rel=\"noopener noreferrer\">Occupational information<\/a><\/li>\n<li>Bachelor\u2019s in Journalism: F\u00e9lix Arias Robles |<br \/>\n<a title=\"You'll see it in a new window\" href=\"mailto:farias@umh.es\"><strong>farias@umh.es<\/strong><\/a> | <a title=\"See F\u00e9lix Arias Robles tab, opens in a new window\" href=\"https:\/\/www.umh.es\/contenido\/Estudios\/:persona_129652\/datos_en.html\" target=\"_blank\" rel=\"noopener noreferrer\">Occupational information<\/a><\/li>\n<li>Bachelor\u2019s in Labor Relations and Human Resources: Jose A. Garc\u00eda Mart\u00ednez |<br \/>\n<a title=\"You'll see it in a new window\" href=\"mailto:jose.garciam@umh.es\"><strong>jose.garciam@umh.es<\/strong><\/a> | <a title=\"See Jose A. Garc\u00eda Mart\u00ednez tab, opens in a new window\" href=\"https:\/\/www.umh.es\/contenido\/Estudios\/:persona_159820\/datos_en.html\" target=\"_blank\" rel=\"noopener noreferrer\">Occupational information<\/a><\/li>\n<\/ul>\n<\/li>\n<\/ul>\n<ul>\n<li style=\"list-style-type: none\">\n<ul>\n<li><strong>School of Engineering of Elche (EPSE): <\/strong>Maria de los \u00c1ngeles Bustamante Mu\u00f1oz |<br \/>\n<a title=\"You'll see it in a new window\" href=\"mailto:marian.bustamante@umh.es\"><strong>marian.bustamante@umh.es<\/strong><\/a> | <a title=\"See Maria de los \u00c1ngeles Bustamante Mu\u00f1oz tab, opens in a new window\" href=\"https:\/\/www.umh.es\/contenido\/Estudios\/:persona_120439\/datos_en.html\" target=\"_blank\" rel=\"noopener noreferrer\">Occupational information<\/a><\/li>\n<\/ul>\n<\/li>\n<\/ul>\n<p>&nbsp;<\/p>\n<ul>\n<li style=\"list-style-type: none\">\n<ul>\n<li>Bachelor\u2019s in Telecommunications Technology Engineering:<br \/>\nMaria de los \u00c1ngeles Bustamante Mu\u00f1oz |<br \/>\n<a title=\"You'll see it in a new window\" href=\"mailto:marian.bustamante@umh.es\"><strong>marian.bustamante@umh.es<\/strong><\/a> | <a title=\"See Maria de los \u00c1ngeles Bustamante Mu\u00f1oz tab, opens in a new window\" href=\"https:\/\/www.umh.es\/contenido\/Estudios\/:persona_120439\/datos_en.html\" target=\"_blank\" rel=\"noopener noreferrer\">Occupational information<\/a><\/li>\n<li>Bachelor\u2019s in Electrical Engineering: Maria de los \u00c1ngeles Bustamante Mu\u00f1oz |<br \/>\n<a title=\"You'll see it in a new window\" href=\"mailto:marian.bustamante@umh.es\"><strong>marian.bustamante@umh.es<\/strong><\/a> | <a title=\"See Maria de los \u00c1ngeles Bustamante Mu\u00f1oz tab, opens in a new window\" href=\"https:\/\/www.umh.es\/contenido\/Estudios\/:persona_120439\/datos_en.html\" target=\"_blank\" rel=\"noopener\"><strong>Occupational information<\/strong><\/a><\/li>\n<li>Bachelor\u2019s in Electronic Engineering and Industrial Automation:<br \/>\nMaria de los \u00c1ngeles Bustamante Mu\u00f1oz |<br \/>\n<a title=\"You'll see it in a new window\" href=\"mailto:marian.bustamante@umh.es\"><strong>marian.bustamante@umh.es<\/strong><\/a> | <a title=\"See Maria de los \u00c1ngeles Bustamante Mu\u00f1oz tab, opens in a new window\" href=\"https:\/\/www.umh.es\/contenido\/Estudios\/:persona_120439\/datos_en.html\" target=\"_blank\" rel=\"noopener noreferrer\">Occupational information<\/a><\/li>\n<li>Bachelor\u2019s in Computer Engineering in Information Technologies:<br \/>\nMaria de los \u00c1ngeles Bustamante Mu\u00f1oz |<br \/>\n<a title=\"You'll see it in a new window\" href=\"mailto:marian.bustamante@umh.es\"><strong>marian.bustamante@umh.es<\/strong><\/a> | <a title=\"See Maria de los \u00c1ngeles Bustamante Mu\u00f1oz tab, opens in a new window\" href=\"https:\/\/www.umh.es\/contenido\/Estudios\/:persona_120439\/datos_en.html\" target=\"_blank\" rel=\"noopener noreferrer\">Occupational information<\/a><\/li>\n<li>Bachelor\u2019s in Mechanical Engineering: Maria de los \u00c1ngeles Bustamante Mu\u00f1oz |<br \/>\n<a title=\"You'll see it in a new window\" href=\"mailto:marian.bustamante@umh.es\"><strong>marian.bustamante@umh.es<\/strong><\/a> | <a title=\"See Maria de los \u00c1ngeles Bustamante Mu\u00f1oz tab, opens in a new window\" href=\"https:\/\/www.umh.es\/contenido\/Estudios\/:persona_120439\/datos_en.html\" target=\"_blank\" rel=\"noopener noreferrer\">Occupational information<\/a><\/li>\n<\/ul>\n<\/li>\n<\/ul>\n<ul>\n<li style=\"list-style-type: none\">\n<ul>\n<li><strong>Faculty of Experimental Sciences:<\/strong> V\u00edctor Manuel Quesada P\u00e9rez |<br \/>\n<a title=\"You'll see it in a new window\" href=\"mailto:vquesada@umh.es\"><strong>vquesada@umh.es<\/strong><\/a> | <a title=\"See V\u00edctor Manuel Quesada P\u00e9rez tab, opens in a new window\" href=\"https:\/\/www.umh.es\/contenido\/estudios\/:persona_4230\/datos_en.html\" target=\"_blank\" rel=\"noopener noreferrer\">Occupational information<\/a><\/li>\n<\/ul>\n<\/li>\n<\/ul>\n<p>&nbsp;<\/p>\n<ul>\n<li style=\"list-style-type: none\">\n<ul>\n<li>Bachelor\u2019s in Biotechnology: V\u00edctor Manuel Quesada P\u00e9rez |<br \/>\n<a title=\"You'll see it in a new window\" href=\"mailto:vquesada@umh.es\"><strong>vquesada@umh.es<\/strong><\/a> | <a title=\"See V\u00edctor Manuel Quesada P\u00e9rez tab, opens in a new window\" href=\"https:\/\/www.umh.es\/contenido\/estudios\/:persona_4230\/datos_en.html\" target=\"_blank\" rel=\"noopener noreferrer\">Occupational information<\/a><\/li>\n<li>Bachelor\u2019s in Environmental Science: V\u00edctor Manuel Quesada P\u00e9rez |<br \/>\n<a title=\"You'll see it in a new window\" href=\"mailto:vquesada@umh.es\"><strong>vquesada@umh.es<\/strong><\/a> | <a title=\"See V\u00edctor Manuel Quesada P\u00e9rez tab, opens in a new window\" href=\"https:\/\/www.umh.es\/contenido\/estudios\/:persona_4230\/datos_en.html\" target=\"_blank\" rel=\"noopener noreferrer\">Occupational information<\/a><\/li>\n<\/ul>\n<\/li>\n<\/ul>\n<ul>\n<li><strong>Faculty of Health and Social Sciences<\/strong>\n<ul>\n<li>Bachelor\u2019s in Physical Activity and Sports Sciences: Alba Rold\u00e1n Romero |<br \/>\n<a title=\"You'll see it in a new window\" href=\"mailto:aroldan@umh.es\"><strong>aroldan@umh.es<\/strong><\/a> | <a title=\"See Alba Rold\u00e1n Romero tab, opens in a new window\" href=\"https:\/\/www.umh.es\/contenido\/Estudios\/:persona_198035\/datos_en.html\" target=\"_blank\" rel=\"noopener noreferrer\">Occupational information<\/a><\/li>\n<li>Bachelor\u2019s in Psychology: Eva Le\u00f3n Cerce\u00f1o |<br \/>\n<a title=\"You'll see it in a new window\" href=\"mailto:eleon@umh.es\"><strong>eleon@umh.es<\/strong><\/a> | <a title=\"See Eva Le\u00f3n Cerce\u00f1o tab, opens in a new window\" href=\"https:\/\/umh.es\/contenido\/universidad\/:persona_132504\/datos_en.html\" target=\"_blank\" rel=\"noopener noreferrer\">Occupational information<\/a><\/li>\n<\/ul>\n<\/li>\n<\/ul>\n<hr>\n<h3><strong>ORIHUELA<\/strong><\/h3>\n<ul>\n<li><strong>School of Engineering of Orihuela (EPSO)<\/strong>\n<ul>\n<li>Bachelor\u2019s in Food Science and Technology: Salvador Castillo Garc\u00eda |<br \/>\n<a title=\"You'll see it in a new window\" href=\"mailto:scastillo@umh.es\"><strong>scastillo@umh.es<\/strong><\/a> | <a title=\"See Salvador Castillo Garc\u00eda tab, opens in a new window\" href=\"https:\/\/www.umh.es\/contenido\/PDI\/:persona_12908\/datos_en.html\" target=\"_blank\" rel=\"noopener noreferrer\">Occupational information<\/a><\/li>\n<li>Bachelor\u2019s in Agro-Food and Agro-Environmental Engineering: M\u00aa de la Luz Garc\u00eda Pardo |<br \/>\n<a title=\"You'll see it in a new window\" href=\"mailto:mariluz.garcia@umh.es\"><strong>mariluz.garcia@umh.es<\/strong><\/a> | <a title=\"See M\u00aa de la Luz Garc\u00eda Pardo tab, opens in a new window\" href=\"https:\/\/www.umh.es\/contenido\/Estudios\/:persona_33074\/datos_en.html\" target=\"_blank\" rel=\"noopener noreferrer\">Occupational information<\/a><\/li>\n<li>Master&#8217;s Degree in Agricultural Engineering: Santiago Mart\u00ednez Garc\u00eda |<br \/>\n<a title=\"You'll see it in a new window\" href=\"mailto:sgarcia@umh.es\">sgarcia@umh.es<\/a> | <a title=\"See Santiago Mart\u00ednez Garc\u00eda tab, opens in a new window\" href=\"https:\/\/www.umh.es\/contenido\/Estudios\/:persona_1769\/datos_en.html\" target=\"_blank\" rel=\"noopener noreferrer\">Occupational information<\/a><\/li>\n<\/ul>\n<\/li>\n<\/ul>\n<ul>\n<li><strong>Faculty of Social and Legal Sciences of Orihuela:<\/strong>\n<ul>\n<li>Jos\u00e9 Francisco Parra Azor |<br \/>\n<a title=\"You'll see it in a new window\" href=\"mailto:jofra.parra@umh.es\"><strong>jofra.parra@umh.es<\/strong><\/a> | <a title=\"See Jos\u00e9 Francisco Parra Azor tab, opens in a new window\" href=\"https:\/\/www.umh.es\/contenido\/Estudios\/:persona_4243\/datos_en.html\" target=\"_blank\" rel=\"noopener noreferrer\">Occupational information<\/a><\/li>\n<li>Bachelor\u2019s in Business Administration and Management: Jos\u00e9 Francisco Parra Azor |<br \/>\n<a title=\"You'll see it in a new window\" href=\"mailto:jofra.parra@umh.es\"><strong>jofra.parra@umh.es<\/strong><\/a> | <a title=\"See Jos\u00e9 Francisco Parra Azor tab, opens in a new window\" href=\"https:\/\/www.umh.es\/contenido\/Estudios\/:persona_4243\/datos_en.html\" target=\"_blank\" rel=\"noopener noreferrer\">Occupational information<\/a><\/li>\n<li>Bachelor\u2019s in Political Science and Public Administration: Jos\u00e9 Francisco Parra Azor |<br \/>\n<a title=\"You'll see it in a new window\" href=\"mailto:jofra.parra@umh.es\"><strong>jofra.parra@umh.es<\/strong><\/a> | <a title=\"See Jos\u00e9 Francisco Parra Azor tab, opens in a new window\" href=\"https:\/\/www.umh.es\/contenido\/Estudios\/:persona_4243\/datos_en.html\" target=\"_blank\" rel=\"noopener noreferrer\">Occupational information<\/a><\/li>\n<\/ul>\n<\/li>\n<\/ul>\n<hr>\n<h3><strong>SAN JUAN<\/strong><\/h3>\n<ul>\n<li><strong>Faculty of Pharmacy<\/strong>\n<ul>\n<li>Bachelor\u2019s in Pharmacy: Juan Antonio Reig Maci\u00e1 |<br \/>\n<a title=\"You'll see it in a new window\" href=\"mailto:jareig@umh.es\"><strong>jareig@umh.es<\/strong><\/a> | <a title=\"See Juan Antonio Reig Maci\u00e1 tab, opens in a new window\" href=\"https:\/\/www.umh.es\/contenido\/Universidad\/:persona_5293\/datos_en.html\" target=\"_blank\" rel=\"noopener noreferrer\">Occupational information<\/a><\/li>\n<\/ul>\n<\/li>\n<\/ul>\n<ul>\n<li><strong>Faculty of Medicine<\/strong>\n<ul>\n<li>Bachelor\u2019s in Physiotherapy: Carlos Lozano Quijada |<br \/>\n<a title=\"You'll see it in a new window\" href=\"mailto:clozano@umh.es\"><strong>clozano@umh.es<\/strong><\/a> | <a title=\"See Carlos Lozano Quijada tab, opens in a new window\" href=\"https:\/\/www.umh.es\/contenido\/Investigacion\/:persona_126227\/datos_en.html\" target=\"_blank\" rel=\"noopener noreferrer\">Occupational information<\/a><\/li>\n<li>Bachelor\u2019s in Medicine: Diego Echevarr\u00eda Aza |<br \/>\n<a title=\"You'll see it in a new window\" href=\"mailto:diegoaza@umh.es\"><strong>josetoledo@umh.es<\/strong><\/a> | <a title=\"See Diego Echevarr\u00eda Aza tab, opens in a new window\" href=\"https:\/\/www.umh.es\/contenido\/Estudiantes\/:persona_109381\/datos_en.html\" target=\"_blank\" rel=\"noopener noreferrer\"><strong>Occupational information<\/strong><\/a><\/li>\n<li>Bachelor\u2019s in Podiatry: Coming soon |<br \/>\n<a title=\"You'll see it in a new window\" href=\"mailto:#\">Coming soon <\/a> | <a title=\"You'll see it in a new window coming soon\" href=\"#\" target=\"_blank\" rel=\"noopener noreferrer\"><strong>Occupational information<\/strong><\/a><\/li>\n<li>Bachelor\u2019s in Occupational Therapy: Paula Peral G\u00f3mez |<\/li>\n<li><strong><a title=\"Lo ver\u00e1s en una nueva ventana\" href=\"mailto:c.espinosa@umh.es\">c.espinosa@umh.es<\/a> | <a title=\"Ver ficha de Cristina Espinosa Sempere, abre en una nueva ventana\" href=\"https:\/\/www.umh.es\/contenido\/Universidad\/:persona_110453\/datos_es.html\" target=\"_blank\" rel=\"noopener noreferrer\">Occupational information<\/a><\/strong><\/li>\n<\/ul>\n<\/li>\n<\/ul>\n<p>&nbsp;<\/p>","protected":false},"excerpt":{"rendered":"<p>For any doubts, questions, or consultations regarding mobility, in addition to Learning Agreement proposals, you may directly contact the mobility coordinators of your undergraduate program:<br \/>\nALTEA<\/p>\n<p>Faculty of Fine Arts<\/p>\n<p>Bachelor\u2019s in Fine Arts: Jose Miguel Maldonado |<br \/>\njmaldonado@umh.es | Occupational information<\/p>\n<p>ELCHE<\/p>\n<p>Faculty of Social and Legal Sciences of Elche: Rafael Carlos Dom\u00e9nech S\u00e1nchez | Associate Dean of Coordination and [&#8230;]<\/p>\n","protected":false},"author":3296,"featured_media":0,"parent":2517,"menu_order":3,"comment_status":"closed","ping_status":"closed","template":"","meta":{"ngg_post_thumbnail":0,"_links_to":"","_links_to_target":""},"yoast_head":"<!-- This site is optimized with the Yoast SEO plugin v17.5 - https:\/\/yoast.com\/wordpress\/plugins\/seo\/ -->\n<meta name=\"description\" content=\"Los coordinadores de movilidad responden a consultas sobre movilidad, propuesta de Acuerdos Acad\u00e9micos (Learning Agreement) sobre Erasmus+\" \/>\n<meta name=\"robots\" content=\"index, follow, max-snippet:-1, max-image-preview:large, max-video-preview:-1\" \/>\n<link rel=\"canonical\" href=\"https:\/\/internacional.umh.es\/en\/conocenos\/coordinadores-de-movilidad\/\" \/>\n<meta property=\"og:locale\" content=\"en_US\" \/>\n<meta property=\"og:type\" content=\"article\" \/>\n<meta property=\"og:title\" content=\"Mobility Coordinators - International Relations and Cooperation\" \/>\n<meta property=\"og:description\" content=\"Los coordinadores de movilidad responden a consultas sobre movilidad, propuesta de Acuerdos Acad\u00e9micos (Learning Agreement) sobre Erasmus+\" \/>\n<meta property=\"og:url\" content=\"https:\/\/internacional.umh.es\/conocenos\/coordinadores-de-movilidad\/\" \/>\n<meta property=\"og:site_name\" content=\"International Relations and Cooperation\" \/>\n<meta property=\"article:modified_time\" content=\"2026-04-02T11:52:56+00:00\" \/>\n<meta property=\"og:image\" content=\"https:\/\/internacional.umh.es\/files\/2020\/11\/logo-erasmus-plus-300x61.png\" \/>\n<meta name=\"twitter:card\" content=\"summary_large_image\" \/>\n<meta name=\"twitter:label1\" content=\"Est. reading time\" \/>\n\t<meta name=\"twitter:data1\" content=\"3 minutes\" \/>\n<script type=\"application\/ld+json\" class=\"yoast-schema-graph\">{\"@context\":\"https:\/\/schema.org\",\"@graph\":[{\"@type\":\"WebSite\",\"@id\":\"https:\/\/internacional.umh.es\/en\/#website\",\"url\":\"https:\/\/internacional.umh.es\/en\/\",\"name\":\"International Relations and Cooperation\",\"description\":\"Miguel Hernandez University of Elche\",\"potentialAction\":[{\"@type\":\"SearchAction\",\"target\":{\"@type\":\"EntryPoint\",\"urlTemplate\":\"https:\/\/internacional.umh.es\/en\/?s={search_term_string}\"},\"query-input\":\"required name=search_term_string\"}],\"inLanguage\":\"en-US\"},{\"@type\":\"ImageObject\",\"@id\":\"https:\/\/internacional.umh.es\/conocenos\/coordinadores-de-movilidad\/#primaryimage\",\"inLanguage\":\"en-US\",\"url\":\"https:\/\/internacional.umh.es\/files\/2020\/11\/logo-erasmus-plus.png\",\"contentUrl\":\"https:\/\/internacional.umh.es\/files\/2020\/11\/logo-erasmus-plus.png\",\"width\":1758,\"height\":358,\"caption\":\"Logo Erasmus+\"},{\"@type\":\"WebPage\",\"@id\":\"https:\/\/internacional.umh.es\/conocenos\/coordinadores-de-movilidad\/#webpage\",\"url\":\"https:\/\/internacional.umh.es\/conocenos\/coordinadores-de-movilidad\/\",\"name\":\"Mobility Coordinators - International Relations and Cooperation\",\"isPartOf\":{\"@id\":\"https:\/\/internacional.umh.es\/en\/#website\"},\"primaryImageOfPage\":{\"@id\":\"https:\/\/internacional.umh.es\/conocenos\/coordinadores-de-movilidad\/#primaryimage\"},\"datePublished\":\"2015-08-08T12:05:52+00:00\",\"dateModified\":\"2026-04-02T11:52:56+00:00\",\"description\":\"Los coordinadores de movilidad responden a consultas sobre movilidad, propuesta de Acuerdos Acad\\u00e9micos (Learning Agreement) sobre Erasmus+\",\"breadcrumb\":{\"@id\":\"https:\/\/internacional.umh.es\/conocenos\/coordinadores-de-movilidad\/#breadcrumb\"},\"inLanguage\":\"en-US\",\"potentialAction\":[{\"@type\":\"ReadAction\",\"target\":[\"https:\/\/internacional.umh.es\/conocenos\/coordinadores-de-movilidad\/\"]}]},{\"@type\":\"BreadcrumbList\",\"@id\":\"https:\/\/internacional.umh.es\/conocenos\/coordinadores-de-movilidad\/#breadcrumb\",\"itemListElement\":[{\"@type\":\"ListItem\",\"position\":1,\"name\":\"Home\",\"item\":\"https:\/\/internacional.umh.es\/en\/\"},{\"@type\":\"ListItem\",\"position\":2,\"name\":\"ABOUT US\",\"item\":\"https:\/\/internacional.umh.es\/en\/conocenos\/\"},{\"@type\":\"ListItem\",\"position\":3,\"name\":\"Coordinadores de movilidad\"}]}]}<\/script>\n<!-- \/ Yoast SEO plugin. -->","yoast_head_json":{"description":"Los coordinadores de movilidad responden a consultas sobre movilidad, propuesta de Acuerdos Acad\u00e9micos (Learning Agreement) sobre Erasmus+","robots":{"index":"index","follow":"follow","max-snippet":"max-snippet:-1","max-image-preview":"max-image-preview:large","max-video-preview":"max-video-preview:-1"},"canonical":"https:\/\/internacional.umh.es\/en\/conocenos\/coordinadores-de-movilidad\/","og_locale":"en_US","og_type":"article","og_title":"Mobility Coordinators - International Relations and Cooperation","og_description":"Los coordinadores de movilidad responden a consultas sobre movilidad, propuesta de Acuerdos Acad\u00e9micos (Learning Agreement) sobre Erasmus+","og_url":"https:\/\/internacional.umh.es\/conocenos\/coordinadores-de-movilidad\/","og_site_name":"International Relations and Cooperation","article_modified_time":"2026-04-02T11:52:56+00:00","og_image":[{"url":"https:\/\/internacional.umh.es\/files\/2020\/11\/logo-erasmus-plus-300x61.png"}],"twitter_card":"summary_large_image","twitter_misc":{"Est. reading time":"3 minutes"},"schema":{"@context":"https:\/\/schema.org","@graph":[{"@type":"WebSite","@id":"https:\/\/internacional.umh.es\/en\/#website","url":"https:\/\/internacional.umh.es\/en\/","name":"International Relations and Cooperation","description":"Miguel Hernandez University of Elche","potentialAction":[{"@type":"SearchAction","target":{"@type":"EntryPoint","urlTemplate":"https:\/\/internacional.umh.es\/en\/?s={search_term_string}"},"query-input":"required name=search_term_string"}],"inLanguage":"en-US"},{"@type":"ImageObject","@id":"https:\/\/internacional.umh.es\/conocenos\/coordinadores-de-movilidad\/#primaryimage","inLanguage":"en-US","url":"https:\/\/internacional.umh.es\/files\/2020\/11\/logo-erasmus-plus.png","contentUrl":"https:\/\/internacional.umh.es\/files\/2020\/11\/logo-erasmus-plus.png","width":1758,"height":358,"caption":"Logo Erasmus+"},{"@type":"WebPage","@id":"https:\/\/internacional.umh.es\/conocenos\/coordinadores-de-movilidad\/#webpage","url":"https:\/\/internacional.umh.es\/conocenos\/coordinadores-de-movilidad\/","name":"Mobility Coordinators - International Relations and Cooperation","isPartOf":{"@id":"https:\/\/internacional.umh.es\/en\/#website"},"primaryImageOfPage":{"@id":"https:\/\/internacional.umh.es\/conocenos\/coordinadores-de-movilidad\/#primaryimage"},"datePublished":"2015-08-08T12:05:52+00:00","dateModified":"2026-04-02T11:52:56+00:00","description":"Los coordinadores de movilidad responden a consultas sobre movilidad, propuesta de Acuerdos Acad\u00e9micos (Learning Agreement) sobre Erasmus+","breadcrumb":{"@id":"https:\/\/internacional.umh.es\/conocenos\/coordinadores-de-movilidad\/#breadcrumb"},"inLanguage":"en-US","potentialAction":[{"@type":"ReadAction","target":["https:\/\/internacional.umh.es\/conocenos\/coordinadores-de-movilidad\/"]}]},{"@type":"BreadcrumbList","@id":"https:\/\/internacional.umh.es\/conocenos\/coordinadores-de-movilidad\/#breadcrumb","itemListElement":[{"@type":"ListItem","position":1,"name":"Home","item":"https:\/\/internacional.umh.es\/en\/"},{"@type":"ListItem","position":2,"name":"ABOUT US","item":"https:\/\/internacional.umh.es\/en\/conocenos\/"},{"@type":"ListItem","position":3,"name":"Coordinadores de movilidad"}]}]}},"_links":{"self":[{"href":"https:\/\/internacional.umh.es\/en\/wp-json\/wp\/v2\/pages\/2532"}],"collection":[{"href":"https:\/\/internacional.umh.es\/en\/wp-json\/wp\/v2\/pages"}],"about":[{"href":"https:\/\/internacional.umh.es\/en\/wp-json\/wp\/v2\/types\/page"}],"author":[{"embeddable":true,"href":"https:\/\/internacional.umh.es\/en\/wp-json\/wp\/v2\/users\/3296"}],"replies":[{"embeddable":true,"href":"https:\/\/internacional.umh.es\/en\/wp-json\/wp\/v2\/comments?post=2532"}],"version-history":[{"count":0,"href":"https:\/\/internacional.umh.es\/en\/wp-json\/wp\/v2\/pages\/2532\/revisions"}],"up":[{"embeddable":true,"href":"https:\/\/internacional.umh.es\/en\/wp-json\/wp\/v2\/pages\/2517"}],"wp:attachment":[{"href":"https:\/\/internacional.umh.es\/en\/wp-json\/wp\/v2\/media?parent=2532"}],"curies":[{"name":"wp","href":"https:\/\/api.w.org\/{rel}","templated":true}]}}