{"id":25850,"date":"2022-04-12T11:18:59","date_gmt":"2022-04-12T09:18:59","guid":{"rendered":"https:\/\/internacional.umh.es\/?page_id=25850"},"modified":"2024-03-21T14:49:16","modified_gmt":"2024-03-21T13:49:16","slug":"programavoluntariado-cooperacioninternacional","status":"publish","type":"page","link":"https:\/\/internacional.umh.es\/en\/programavoluntariado-cooperacioninternacional\/","title":{"rendered":"UMH International Development Cooperation Volunteer Program"},"content":{"rendered":"<p><a href=\"https:\/\/internacional.umh.es\/files\/2022\/07\/PROGRAMA-DE-VOLUNTARIADO-CON-LOGOS.png\"><img loading=\"lazy\" class=\"aligncenter wp-image-27158 size-full\" src=\"https:\/\/internacional.umh.es\/files\/2022\/07\/PROGRAMA-DE-VOLUNTARIADO-CON-LOGOS.png\" alt=\"PROGRAMA DE VOLUNTARIADO CON LOGOS\" width=\"1920\" height=\"400\" srcset=\"https:\/\/internacional.umh.es\/files\/2022\/07\/PROGRAMA-DE-VOLUNTARIADO-CON-LOGOS.png 1920w, https:\/\/internacional.umh.es\/files\/2022\/07\/PROGRAMA-DE-VOLUNTARIADO-CON-LOGOS-300x63.png 300w, https:\/\/internacional.umh.es\/files\/2022\/07\/PROGRAMA-DE-VOLUNTARIADO-CON-LOGOS-1024x213.png 1024w, https:\/\/internacional.umh.es\/files\/2022\/07\/PROGRAMA-DE-VOLUNTARIADO-CON-LOGOS-768x160.png 768w, https:\/\/internacional.umh.es\/files\/2022\/07\/PROGRAMA-DE-VOLUNTARIADO-CON-LOGOS-1536x320.png 1536w\" sizes=\"(max-width: 1920px) 100vw, 1920px\" \/><\/a><\/p>\n<p><strong>UMH International Development Cooperation Volunteer Program&nbsp;<\/strong><\/p>\n<blockquote>\n<p style=\"text-align: justify;padding-left: 80px\">*This program is part of the line of research from the Development Cooperation Program that the UMH signs annually with the Generalitat Valenciana regional government through the Generalitat Directorate of International Development Cooperation at the Ministry of Participation, Transparency, Cooperation and Democratic Quality.<\/p>\n<\/blockquote>\n<p style=\"text-align: justify\"><strong><span style=\"color: #ff0000\">NEW (June 16, 2022): <\/span><\/strong><span style=\"color: #000000\">The definitive assignment of places to participate in the&nbsp;international development cooperation volunteer program at the Miguel Hern\u00e1ndez University of Elche (UMH) during summer 2022 has been published in the Official Gazette of the Miguel Hern\u00e1ndez University of Elche.<\/span><\/p>\n<p><a href=\"https:\/\/internacional.umh.es\/files\/2022\/06\/ES_U05500001_2022_DOCH-0000000000000000000097079.pdf\" target=\"_blank\" rel=\"noopener\"><span style=\"color: #000000\">Definitive assignment of places<\/span><\/a><\/p>\n<hr>\n<p style=\"text-align: justify\"><strong>(June 6, 2022): <\/strong>The provisional assignment of places to participate in the&nbsp;international development cooperation volunteer program at the Miguel Hern\u00e1ndez University of Elche (UMH) during summer 2022 has been published in the Official Gazette of the Miguel Hern\u00e1ndez University of Elche.<\/p>\n<p><a href=\"https:\/\/internacional.umh.es\/files\/2022\/06\/ES_U05500001_2022_DOCH-0000000000000000000097079.pdf\" target=\"_blank\" rel=\"noopener\">Provisional assignment of places&nbsp;<\/a><\/p>\n<hr>\n<p style=\"text-align: justify\"><span style=\"color: #000000\"><strong>(May 3, 2022): <\/strong>The definitive list of applications accepted and rejected to participate in the&nbsp;<\/span><span style=\"color: #000000\">international development cooperation <\/span><span style=\"color: #000000\">volunteer program at the Miguel Hern\u00e1ndez University of Elche (UMH) during summer 2022 has been published in the Official Gazette of the Miguel Hern\u00e1ndez University of Elche.&nbsp;<\/span><\/p>\n<p><a href=\"https:\/\/internacional.umh.es\/files\/2022\/06\/ES_U05500001_2022_DOCH-0000000000000000000095524.pdf\" target=\"_blank\" rel=\"noopener\"><span style=\"color: #000000\">Definitive list of applications accepted and rejected<\/span><\/a><\/p>\n<hr>\n<p style=\"text-align: justify\"><span style=\"font-weight: 400\"><strong>(May 16, 2022):<\/strong> <span style=\"color: #000000\">The provisional list of applications accepted and rejected to participate in the <\/span><span style=\"color: #000000\">international development cooperation <\/span><span style=\"color: #000000\">volunteer program at the Miguel Hern\u00e1ndez University of Elche (UMH) during summer 2022 has been published in the Official Gazette of the Miguel Hern\u00e1ndez University of Elche.<\/span><\/span><\/p>\n<p><a href=\"https:\/\/internacional.umh.es\/files\/2022\/05\/ES_U05500001_2022_DOCH-0000000000000000000075984.pdf\" target=\"_blank\" rel=\"noopener\"><span style=\"font-weight: 400\"><span style=\"color: #000000\">Provisional list of applications accepted and rejected<\/span><\/span><\/a><\/p>\n<hr>\n<p style=\"text-align: justify\"><span style=\"font-weight: 400\"><strong>(April 28, 2022):<\/strong> The call for places to participate in the Miguel Hern\u00e1ndez University of Elche (UMH) Volunteer Program on International Development Cooperation for summer 2022 has been published in the BOUMH, the Official UMH Gazette.<\/span><\/p>\n<p><strong><a href=\"https:\/\/internacional.umh.es\/files\/2022\/04\/RR_01169_2022.pdf\">Click this link to see the call<\/a>.<\/strong><\/p>\n<p style=\"text-align: justify\">The period for submitting applications is now open and will remain so through May 12, 2022.<\/p>\n<p><span style=\"font-weight: 400\">The program consists of various activities:<\/span><\/p>\n<ul>\n<li style=\"text-align: justify\">Participation in the International Development Cooperation Campus (June 24-26, 2022) which is a retreat with experts on development cooperation and associations, such as Solidaridad Internacional del Pa\u00eds Valencia (SIPV).<\/li>\n<li style=\"text-align: justify\">Involvement by participants in developmental non-governmental organization volunteering projects during one month (July or September).<\/li>\n<li style=\"text-align: justify\">Specific training at the UMH during one month (July or September, 2 or 3 afternoons per week).<\/li>\n<\/ul>\n<p><span style=\"font-weight: 400\">If you would like more information, we are holding two online informative sessions on May 3, 2022. Access to them is via the following two links: &nbsp;<\/span><\/p>\n<ul>\n<li>11 a.m. to 12 p.m. <a href=\"https:\/\/meet.google.com\/cqr-koiv-uai\">https:\/\/meet.google.com\/cqr-koiv-uai<\/a><\/li>\n<li>5 &#8211; 6 p.m. <a href=\"https:\/\/meet.google.com\/eax-frzp-oqh\">https:\/\/meet.google.com\/eax-frzp-oqh<\/a><\/li>\n<\/ul>\n<p>Further information is available at:&nbsp;<\/p>\n<p style=\"text-align: justify\"><a href=\"https:\/\/internacional.umh.es\/programavoluntariado-cooperacioninternacional\/programa-voluntariado-en-coop-internacional-umh\/\" rel=\"attachment wp-att-25856\">First look at UMH International Development Cooperation Volunteer Program<\/a><\/p>\n<p style=\"text-align: justify\"><a href=\"https:\/\/internacional.umh.es\/programavoluntariado-cooperacioninternacional\/2126885-bb342a\/\" rel=\"attachment wp-att-26146\"><img loading=\"lazy\" class=\"wp-image-26146 alignleft\" src=\"https:\/\/internacional.umh.es\/files\/2022\/05\/2126885-bb342a-150x150.png\" alt=\"\" width=\"34\" height=\"34\" srcset=\"https:\/\/internacional.umh.es\/files\/2022\/05\/2126885-bb342a-150x150.png 150w, https:\/\/internacional.umh.es\/files\/2022\/05\/2126885-bb342a-300x300.png 300w, https:\/\/internacional.umh.es\/files\/2022\/05\/2126885-bb342a.png 512w\" sizes=\"(max-width: 34px) 100vw, 34px\" \/><\/a>Participation in this program is highly valued towards consideration for subsequent participation in the next call for the UMH International Development Cooperation Volunteer Program in Rwanda. The intention is for the Rwanda program to start up again in 2023 (if health conditions so permit).<\/p>\n<p><\/p>","protected":false},"excerpt":{"rendered":"<p>UMH International Development Cooperation Volunteer Program&nbsp;<\/p>\n<p>*This program is part of the line of research from the Development Cooperation Program that the UMH signs annually with the Generalitat Valenciana regional government through the Generalitat Directorate of International Development Cooperation at the Ministry of Participation, Transparency, Cooperation and Democratic Quality.<\/p>\n<p>NEW (June 16, 2022): The definitive assignment of [&#8230;]<\/p>\n","protected":false},"author":5216,"featured_media":0,"parent":0,"menu_order":0,"comment_status":"closed","ping_status":"closed","template":"","meta":{"ngg_post_thumbnail":0,"_links_to":"","_links_to_target":""},"yoast_head":"<!-- This site is optimized with the Yoast SEO plugin v17.5 - https:\/\/yoast.com\/wordpress\/plugins\/seo\/ -->\n<meta name=\"description\" content=\"Programa de Voluntariado en Cooperaci\u00f3n Internacional al Desarrollo (CID) UMH. El programa consta de varias fases: la primera es la participaci\u00f3n en el Campus de Cooperaci\u00f3n Internacional al Desarrollo (24, 25 y 26 de junio de 2022); en segundo lugar, la implicaci\u00f3n de voluntariado de la UMH en proyectos de ONGD; y finalmente sesiones de formaci\u00f3n espec\u00edfica en la UMH (2 \u00f3 3 tardes\/semana).\" \/>\n<meta name=\"robots\" content=\"index, follow, max-snippet:-1, max-image-preview:large, max-video-preview:-1\" \/>\n<link rel=\"canonical\" href=\"https:\/\/internacional.umh.es\/en\/programavoluntariado-cooperacioninternacional\/\" \/>\n<meta property=\"og:locale\" content=\"en_US\" \/>\n<meta property=\"og:type\" content=\"article\" \/>\n<meta property=\"og:title\" content=\"UMH International Development Cooperation Volunteer Program - International Relations and Cooperation\" \/>\n<meta property=\"og:description\" content=\"Programa de Voluntariado en Cooperaci\u00f3n Internacional al Desarrollo (CID) UMH. El programa consta de varias fases: la primera es la participaci\u00f3n en el Campus de Cooperaci\u00f3n Internacional al Desarrollo (24, 25 y 26 de junio de 2022); en segundo lugar, la implicaci\u00f3n de voluntariado de la UMH en proyectos de ONGD; y finalmente sesiones de formaci\u00f3n espec\u00edfica en la UMH (2 \u00f3 3 tardes\/semana).\" \/>\n<meta property=\"og:url\" content=\"https:\/\/internacional.umh.es\/en\/programavoluntariado-cooperacioninternacional\/\" \/>\n<meta property=\"og:site_name\" content=\"International Relations and Cooperation\" \/>\n<meta property=\"article:modified_time\" content=\"2024-03-21T13:49:16+00:00\" \/>\n<meta property=\"og:image\" content=\"https:\/\/internacional.umh.es\/files\/2022\/07\/PROGRAMA-DE-VOLUNTARIADO-CON-LOGOS.png\" \/>\n<meta name=\"twitter:card\" content=\"summary_large_image\" \/>\n<meta name=\"twitter:label1\" content=\"Est. reading time\" \/>\n\t<meta name=\"twitter:data1\" content=\"3 minutes\" \/>\n<script type=\"application\/ld+json\" class=\"yoast-schema-graph\">{\"@context\":\"https:\/\/schema.org\",\"@graph\":[{\"@type\":\"WebSite\",\"@id\":\"https:\/\/internacional.umh.es\/en\/#website\",\"url\":\"https:\/\/internacional.umh.es\/en\/\",\"name\":\"International Relations and Cooperation\",\"description\":\"Miguel Hernandez University of Elche\",\"potentialAction\":[{\"@type\":\"SearchAction\",\"target\":{\"@type\":\"EntryPoint\",\"urlTemplate\":\"https:\/\/internacional.umh.es\/en\/?s={search_term_string}\"},\"query-input\":\"required name=search_term_string\"}],\"inLanguage\":\"en-US\"},{\"@type\":\"ImageObject\",\"@id\":\"https:\/\/internacional.umh.es\/en\/programavoluntariado-cooperacioninternacional\/#primaryimage\",\"inLanguage\":\"en-US\",\"url\":\"https:\/\/internacional.umh.es\/files\/2022\/07\/PROGRAMA-DE-VOLUNTARIADO-CON-LOGOS.png\",\"contentUrl\":\"https:\/\/internacional.umh.es\/files\/2022\/07\/PROGRAMA-DE-VOLUNTARIADO-CON-LOGOS.png\",\"width\":1920,\"height\":400,\"caption\":\"PROGRAMA DE VOLUNTARIADO CON LOGOS\"},{\"@type\":\"WebPage\",\"@id\":\"https:\/\/internacional.umh.es\/en\/programavoluntariado-cooperacioninternacional\/#webpage\",\"url\":\"https:\/\/internacional.umh.es\/en\/programavoluntariado-cooperacioninternacional\/\",\"name\":\"UMH International Development Cooperation Volunteer Program - International Relations and Cooperation\",\"isPartOf\":{\"@id\":\"https:\/\/internacional.umh.es\/en\/#website\"},\"primaryImageOfPage\":{\"@id\":\"https:\/\/internacional.umh.es\/en\/programavoluntariado-cooperacioninternacional\/#primaryimage\"},\"datePublished\":\"2022-04-12T09:18:59+00:00\",\"dateModified\":\"2024-03-21T13:49:16+00:00\",\"description\":\"Programa de Voluntariado en Cooperaci\\u00f3n Internacional al Desarrollo (CID) UMH. El programa consta de varias fases: la primera es la participaci\\u00f3n en el Campus de Cooperaci\\u00f3n Internacional al Desarrollo (24, 25 y 26 de junio de 2022); en segundo lugar, la implicaci\\u00f3n de voluntariado de la UMH en proyectos de ONGD; y finalmente sesiones de formaci\\u00f3n espec\\u00edfica en la UMH (2 \\u00f3 3 tardes\/semana).\",\"breadcrumb\":{\"@id\":\"https:\/\/internacional.umh.es\/en\/programavoluntariado-cooperacioninternacional\/#breadcrumb\"},\"inLanguage\":\"en-US\",\"potentialAction\":[{\"@type\":\"ReadAction\",\"target\":[\"https:\/\/internacional.umh.es\/en\/programavoluntariado-cooperacioninternacional\/\"]}]},{\"@type\":\"BreadcrumbList\",\"@id\":\"https:\/\/internacional.umh.es\/en\/programavoluntariado-cooperacioninternacional\/#breadcrumb\",\"itemListElement\":[{\"@type\":\"ListItem\",\"position\":1,\"name\":\"Home\",\"item\":\"https:\/\/internacional.umh.es\/en\/\"},{\"@type\":\"ListItem\",\"position\":2,\"name\":\"UMH International Development Cooperation Volunteer Program\"}]}]}<\/script>\n<!-- \/ Yoast SEO plugin. -->","yoast_head_json":{"description":"Programa de Voluntariado en Cooperaci\u00f3n Internacional al Desarrollo (CID) UMH. El programa consta de varias fases: la primera es la participaci\u00f3n en el Campus de Cooperaci\u00f3n Internacional al Desarrollo (24, 25 y 26 de junio de 2022); en segundo lugar, la implicaci\u00f3n de voluntariado de la UMH en proyectos de ONGD; y finalmente sesiones de formaci\u00f3n espec\u00edfica en la UMH (2 \u00f3 3 tardes\/semana).","robots":{"index":"index","follow":"follow","max-snippet":"max-snippet:-1","max-image-preview":"max-image-preview:large","max-video-preview":"max-video-preview:-1"},"canonical":"https:\/\/internacional.umh.es\/en\/programavoluntariado-cooperacioninternacional\/","og_locale":"en_US","og_type":"article","og_title":"UMH International Development Cooperation Volunteer Program - International Relations and Cooperation","og_description":"Programa de Voluntariado en Cooperaci\u00f3n Internacional al Desarrollo (CID) UMH. El programa consta de varias fases: la primera es la participaci\u00f3n en el Campus de Cooperaci\u00f3n Internacional al Desarrollo (24, 25 y 26 de junio de 2022); en segundo lugar, la implicaci\u00f3n de voluntariado de la UMH en proyectos de ONGD; y finalmente sesiones de formaci\u00f3n espec\u00edfica en la UMH (2 \u00f3 3 tardes\/semana).","og_url":"https:\/\/internacional.umh.es\/en\/programavoluntariado-cooperacioninternacional\/","og_site_name":"International Relations and Cooperation","article_modified_time":"2024-03-21T13:49:16+00:00","og_image":[{"url":"https:\/\/internacional.umh.es\/files\/2022\/07\/PROGRAMA-DE-VOLUNTARIADO-CON-LOGOS.png"}],"twitter_card":"summary_large_image","twitter_misc":{"Est. reading time":"3 minutes"},"schema":{"@context":"https:\/\/schema.org","@graph":[{"@type":"WebSite","@id":"https:\/\/internacional.umh.es\/en\/#website","url":"https:\/\/internacional.umh.es\/en\/","name":"International Relations and Cooperation","description":"Miguel Hernandez University of Elche","potentialAction":[{"@type":"SearchAction","target":{"@type":"EntryPoint","urlTemplate":"https:\/\/internacional.umh.es\/en\/?s={search_term_string}"},"query-input":"required name=search_term_string"}],"inLanguage":"en-US"},{"@type":"ImageObject","@id":"https:\/\/internacional.umh.es\/en\/programavoluntariado-cooperacioninternacional\/#primaryimage","inLanguage":"en-US","url":"https:\/\/internacional.umh.es\/files\/2022\/07\/PROGRAMA-DE-VOLUNTARIADO-CON-LOGOS.png","contentUrl":"https:\/\/internacional.umh.es\/files\/2022\/07\/PROGRAMA-DE-VOLUNTARIADO-CON-LOGOS.png","width":1920,"height":400,"caption":"PROGRAMA DE VOLUNTARIADO CON LOGOS"},{"@type":"WebPage","@id":"https:\/\/internacional.umh.es\/en\/programavoluntariado-cooperacioninternacional\/#webpage","url":"https:\/\/internacional.umh.es\/en\/programavoluntariado-cooperacioninternacional\/","name":"UMH International Development Cooperation Volunteer Program - International Relations and Cooperation","isPartOf":{"@id":"https:\/\/internacional.umh.es\/en\/#website"},"primaryImageOfPage":{"@id":"https:\/\/internacional.umh.es\/en\/programavoluntariado-cooperacioninternacional\/#primaryimage"},"datePublished":"2022-04-12T09:18:59+00:00","dateModified":"2024-03-21T13:49:16+00:00","description":"Programa de Voluntariado en Cooperaci\u00f3n Internacional al Desarrollo (CID) UMH. El programa consta de varias fases: la primera es la participaci\u00f3n en el Campus de Cooperaci\u00f3n Internacional al Desarrollo (24, 25 y 26 de junio de 2022); en segundo lugar, la implicaci\u00f3n de voluntariado de la UMH en proyectos de ONGD; y finalmente sesiones de formaci\u00f3n espec\u00edfica en la UMH (2 \u00f3 3 tardes\/semana).","breadcrumb":{"@id":"https:\/\/internacional.umh.es\/en\/programavoluntariado-cooperacioninternacional\/#breadcrumb"},"inLanguage":"en-US","potentialAction":[{"@type":"ReadAction","target":["https:\/\/internacional.umh.es\/en\/programavoluntariado-cooperacioninternacional\/"]}]},{"@type":"BreadcrumbList","@id":"https:\/\/internacional.umh.es\/en\/programavoluntariado-cooperacioninternacional\/#breadcrumb","itemListElement":[{"@type":"ListItem","position":1,"name":"Home","item":"https:\/\/internacional.umh.es\/en\/"},{"@type":"ListItem","position":2,"name":"UMH International Development Cooperation Volunteer Program"}]}]}},"_links":{"self":[{"href":"https:\/\/internacional.umh.es\/en\/wp-json\/wp\/v2\/pages\/25850"}],"collection":[{"href":"https:\/\/internacional.umh.es\/en\/wp-json\/wp\/v2\/pages"}],"about":[{"href":"https:\/\/internacional.umh.es\/en\/wp-json\/wp\/v2\/types\/page"}],"author":[{"embeddable":true,"href":"https:\/\/internacional.umh.es\/en\/wp-json\/wp\/v2\/users\/5216"}],"replies":[{"embeddable":true,"href":"https:\/\/internacional.umh.es\/en\/wp-json\/wp\/v2\/comments?post=25850"}],"version-history":[{"count":0,"href":"https:\/\/internacional.umh.es\/en\/wp-json\/wp\/v2\/pages\/25850\/revisions"}],"wp:attachment":[{"href":"https:\/\/internacional.umh.es\/en\/wp-json\/wp\/v2\/media?parent=25850"}],"curies":[{"name":"wp","href":"https:\/\/api.w.org\/{rel}","templated":true}]}}