{"id":25873,"date":"2022-04-13T11:50:28","date_gmt":"2022-04-13T09:50:28","guid":{"rendered":"https:\/\/internacional.umh.es\/?page_id=25873"},"modified":"2023-11-06T16:53:41","modified_gmt":"2023-11-06T15:53:41","slug":"25873-2","status":"publish","type":"page","link":"https:\/\/internacional.umh.es\/en\/movilidad\/estudiantes\/erasmus\/erasmus-estudios-2022-2023\/25873-2\/","title":{"rendered":"DEADLINES AND DOCUMENTATION FOR 2022\/2023 CALL"},"content":{"rendered":"<p><\/p>\n<p style=\"font-weight: 400\"><strong><a href=\"https:\/\/internacional.umh.es\/files\/2022\/04\/Definitiva.-ERASMUS-22-23-charla-documentacion-1.pdf\" target=\"_blank\" rel=\"noopener\">Presentation used in the informative Erasmus session.<\/a><\/strong><\/p>\n<p><strong><a title=\"Lo ver\u00e1s en una nueva ventana\" href=\"https:\/\/internacional.umh.es\/files\/2023\/04\/GUIA-DE-BUENAS-PRACTICAS-ERASMUS-23-24.pdf\" target=\"_blank\" rel=\"noopener\">Erasmus Best Practices Guide for completing academic documents (192Kb .pdf)<\/a><\/strong><\/p>\n<p style=\"font-weight: 400\"><strong>Indications for completing the Learning Agreement via the &#8220;Applications for academic&nbsp;mobility agreements&#8221; online platform.<\/strong><\/p>\n<p style=\"font-weight: 400\">You may consult the <a href=\"https:\/\/drive.google.com\/file\/d\/1PCSdwa9YdcbiceRfb_fKyv2AB3SG0Fxy\/view?usp=sharing\" target=\"_blank\" rel=\"noopener\">informative video.<\/a><\/p>\n<p style=\"font-weight: 400\"><strong>DEADLINES AND DOCUMENTATION FOR 2022\/2023 CALL<\/strong><\/p>\n<table style=\"font-weight: 400\" width=\"0\">\n<tbody>\n<tr>\n<td style=\"text-align: center\" width=\"180\"><strong>PROCEDURE<\/strong><\/td>\n<td style=\"text-align: center\" width=\"193\"><strong>DEADLINE<\/strong><\/td>\n<td style=\"text-align: center\" width=\"227\"><strong>DOCUMENTATION<\/strong><\/td>\n<\/tr>\n<tr>\n<td style=\"text-align: center\" width=\"180\">Negotiations with Learning Agreement coordinators<\/td>\n<td style=\"text-align: center\" width=\"193\">May 20, 2022.<\/td>\n<td style=\"text-align: center\" width=\"227\">\n<p style=\"text-align: center\"><strong><a title=\"Lo ver\u00e1s en una nueva ventana\" href=\"https:\/\/internacional.umh.es\/files\/2023\/04\/Anexo-III_Learning-Agreement-modelo-UE.docx\" target=\"_blank\" rel=\"noopener\">Anexo III (413Kb .docx)<\/a><\/strong> (Learning Agreement \u2013 EU model) and<\/p>\n<p style=\"text-align: center\"><a title=\"Lo ver\u00e1s en una nueva ventana\" href=\"https:\/\/internacional.umh.es\/files\/2023\/04\/Anexo-IV_Learning-Agreement-UMH.docx\" target=\"_blank\" rel=\"noopener\"><strong>Anexo IV (194Kb .docx) <\/strong><\/a>(Learning Agreement&nbsp; \u2013 UMH model)<\/p>\n<\/td>\n<\/tr>\n<tr>\n<td style=\"text-align: center\" width=\"180\">Signing financial agreement<\/td>\n<td style=\"text-align: center\" width=\"193\">Throughout July 2022.<\/td>\n<td style=\"text-align: center\" width=\"227\">The financial agreement is sent to the student\u2019s personalized access, who must sign it and then send it to the Service of International Relations.<\/td>\n<\/tr>\n<tr>\n<td style=\"text-align: center\" width=\"180\">Submission of Certificate of Incorporation at host university to the Service of International Relations<\/td>\n<td style=\"text-align: center\" width=\"193\">At the moment the student arrives at the host university<\/td>\n<td style=\"text-align: center\" width=\"227\"><a href=\"https:\/\/internacional.umh.es\/files\/2022\/04\/Certificado-de-Incorporacion-Estancia.-2022-2023.docx\" target=\"_blank\" rel=\"noopener\"><strong>Anexo V<\/strong><\/a> (Certificate of Incorporation)<\/td>\n<\/tr>\n<tr>\n<td style=\"text-align: center\" width=\"180\">Request for changes to the Learning Agreement<\/td>\n<td style=\"text-align: center\" width=\"193\">Fall Semester: October 30, 2022.<\/p>\n<p>Spring Semester: March 30, 2023.<\/td>\n<td width=\"227\">\n<p style=\"text-align: center\"><a title=\"Lo ver\u00e1s en una nueva ventana\" href=\"https:\/\/internacional.umh.es\/files\/2023\/04\/Anexo-VII_Cambios-Learning-Agreement-modelo-UE.docx\" target=\"_blank\" rel=\"noopener\"><strong>Anexo VII (126Kb .docx)<\/strong><\/a> (Learning Agreement Changes \u2013 EU model) and<\/p>\n<p style=\"text-align: center\"><a title=\"Lo ver\u00e1s en una nueva ventana\" href=\"https:\/\/internacional.umh.es\/files\/2023\/04\/Anexo-VII_bis_Cambios-Learning-Agreement-UMH.docx\" target=\"_blank\" rel=\"noopener\"><strong>Anexo VII bis (93Kb .docx)<\/strong><\/a> (Learning Agreement Changes \u2013 UMH model)<\/p>\n<\/td>\n<\/tr>\n<tr>\n<td style=\"text-align: center\" width=\"180\">Application to prolong stay<\/td>\n<td style=\"text-align: center\" width=\"193\">Only if your stay is shorter than 9 months (does not entail expansion of economic aid)<\/td>\n<td style=\"text-align: center\" width=\"227\"><a href=\"https:\/\/internacional.umh.es\/files\/2022\/04\/Solicitud-Prorroga-de-la-ESTANCIA.docx\" target=\"_blank\" rel=\"noopener\"><strong>Application to prolong stay<\/strong><\/a><\/td>\n<\/tr>\n<tr>\n<td style=\"text-align: center\" width=\"180\">Application for grading at the UMH instead of the host university<\/td>\n<td style=\"text-align: center\" width=\"193\">At most 30 days before the official date of the start of the ordinary June call or of the subsequent extraordinary September call, according to the official UMH academic calendar, but never later than July 1.<\/td>\n<td width=\"227\">\n<p style=\"text-align: center\"><a href=\"https:\/\/internacional.umh.es\/files\/2022\/04\/Evaluacion-en-la-UMH.docx\" target=\"_blank\" rel=\"noopener\"><strong>Anexo VIII<\/strong><\/a><\/p>\n<p style=\"text-align: center\">(Application for grading at the UMH)<\/p>\n<\/td>\n<\/tr>\n<tr>\n<td style=\"text-align: center\" width=\"180\">Presentation of Certificate of Stay<\/td>\n<td style=\"text-align: center\" width=\"193\">When student returns<\/td>\n<td style=\"text-align: center\" width=\"227\"><strong><a href=\"https:\/\/internacional.umh.es\/files\/2022\/04\/Certificado-de-Incorporacion-Estancia.-2022-2023.docx\" target=\"_blank\" rel=\"noopener\">Anexo VI<\/a>&nbsp;<\/strong>(Certificate of Stay)<\/td>\n<\/tr>\n<\/tbody>\n<\/table>\n<p><\/p>","protected":false},"excerpt":{"rendered":"<p>Presentation used in the informative Erasmus session.<br \/>\nErasmus Best Practices Guide for completing academic documents (192Kb .pdf)<br \/>\nIndications for completing the Learning Agreement via the &#8220;Applications for academic&nbsp;mobility agreements&#8221; online platform.<br \/>\nYou may consult the informative video.<br \/>\nDEADLINES AND DOCUMENTATION FOR 2022\/2023 CALL<\/p>\n<p>PROCEDURE<br \/>\nDEADLINE<br \/>\nDOCUMENTATION<\/p>\n<p>Negotiations with Learning Agreement coordinators<br \/>\nMay 20, 2022.<\/p>\n<p>Anexo III (413Kb .docx) (Learning Agreement \u2013 EU model) and<br \/>\nAnexo IV [&#8230;]<\/p>\n","protected":false},"author":6508,"featured_media":0,"parent":23800,"menu_order":0,"comment_status":"closed","ping_status":"closed","template":"","meta":{"ngg_post_thumbnail":0,"_links_to":"","_links_to_target":""},"yoast_head":"<!-- This site is optimized with the Yoast SEO plugin v17.5 - https:\/\/yoast.com\/wordpress\/plugins\/seo\/ -->\n<meta name=\"description\" content=\"La Universidad Miguel Hern\u00e1ndez de Elche publica el Calendario y documentaci\u00f3n, y gu\u00eda de buenas pr\u00e1cticas Erasmus de la convocatoria 2022\/23\" \/>\n<meta name=\"robots\" content=\"index, follow, max-snippet:-1, max-image-preview:large, max-video-preview:-1\" \/>\n<link rel=\"canonical\" href=\"https:\/\/internacional.umh.es\/en\/movilidad\/estudiantes\/erasmus\/erasmus-estudios-2022-2023\/25873-2\/\" \/>\n<meta property=\"og:locale\" content=\"en_US\" \/>\n<meta property=\"og:type\" content=\"article\" \/>\n<meta property=\"og:title\" content=\"DEADLINES AND DOCUMENTATION FOR 2022\/2023 CALL - International Relations and Cooperation\" \/>\n<meta property=\"og:description\" content=\"La Universidad Miguel Hern\u00e1ndez de Elche publica el Calendario y documentaci\u00f3n, y gu\u00eda de buenas pr\u00e1cticas Erasmus de la convocatoria 2022\/23\" \/>\n<meta property=\"og:url\" content=\"https:\/\/internacional.umh.es\/movilidad\/estudiantes\/erasmus\/erasmus-estudios-2022-2023\/25873-2\/\" \/>\n<meta property=\"og:site_name\" content=\"International Relations and Cooperation\" \/>\n<meta property=\"article:modified_time\" content=\"2023-11-06T15:53:41+00:00\" \/>\n<meta name=\"twitter:card\" content=\"summary_large_image\" \/>\n<meta name=\"twitter:label1\" content=\"Est. reading time\" \/>\n\t<meta name=\"twitter:data1\" content=\"2 minutes\" \/>\n<script type=\"application\/ld+json\" class=\"yoast-schema-graph\">{\"@context\":\"https:\/\/schema.org\",\"@graph\":[{\"@type\":\"WebSite\",\"@id\":\"https:\/\/internacional.umh.es\/en\/#website\",\"url\":\"https:\/\/internacional.umh.es\/en\/\",\"name\":\"International Relations and Cooperation\",\"description\":\"Miguel Hernandez University of Elche\",\"potentialAction\":[{\"@type\":\"SearchAction\",\"target\":{\"@type\":\"EntryPoint\",\"urlTemplate\":\"https:\/\/internacional.umh.es\/en\/?s={search_term_string}\"},\"query-input\":\"required name=search_term_string\"}],\"inLanguage\":\"en-US\"},{\"@type\":\"WebPage\",\"@id\":\"https:\/\/internacional.umh.es\/movilidad\/estudiantes\/erasmus\/erasmus-estudios-2022-2023\/25873-2\/#webpage\",\"url\":\"https:\/\/internacional.umh.es\/movilidad\/estudiantes\/erasmus\/erasmus-estudios-2022-2023\/25873-2\/\",\"name\":\"DEADLINES AND DOCUMENTATION FOR 2022\/2023 CALL - International Relations and Cooperation\",\"isPartOf\":{\"@id\":\"https:\/\/internacional.umh.es\/en\/#website\"},\"datePublished\":\"2022-04-13T09:50:28+00:00\",\"dateModified\":\"2023-11-06T15:53:41+00:00\",\"description\":\"La Universidad Miguel Hern\\u00e1ndez de Elche publica el Calendario y documentaci\\u00f3n, y gu\\u00eda de buenas pr\\u00e1cticas Erasmus de la convocatoria 2022\/23\",\"breadcrumb\":{\"@id\":\"https:\/\/internacional.umh.es\/movilidad\/estudiantes\/erasmus\/erasmus-estudios-2022-2023\/25873-2\/#breadcrumb\"},\"inLanguage\":\"en-US\",\"potentialAction\":[{\"@type\":\"ReadAction\",\"target\":[\"https:\/\/internacional.umh.es\/movilidad\/estudiantes\/erasmus\/erasmus-estudios-2022-2023\/25873-2\/\"]}]},{\"@type\":\"BreadcrumbList\",\"@id\":\"https:\/\/internacional.umh.es\/movilidad\/estudiantes\/erasmus\/erasmus-estudios-2022-2023\/25873-2\/#breadcrumb\",\"itemListElement\":[{\"@type\":\"ListItem\",\"position\":1,\"name\":\"Home\",\"item\":\"https:\/\/internacional.umh.es\/en\/\"},{\"@type\":\"ListItem\",\"position\":2,\"name\":\"MOBILITY\",\"item\":\"https:\/\/internacional.umh.es\/en\/movilidad\/\"},{\"@type\":\"ListItem\",\"position\":3,\"name\":\"Estudiantes\",\"item\":\"https:\/\/internacional.umh.es\/movilidad\/estudiantes\/\"},{\"@type\":\"ListItem\",\"position\":4,\"name\":\"ERASMUS\",\"item\":\"https:\/\/internacional.umh.es\/movilidad\/estudiantes\/erasmus\/\"},{\"@type\":\"ListItem\",\"position\":5,\"name\":\"2022-2023 Erasmus+ Studies\",\"item\":\"https:\/\/internacional.umh.es\/movilidad\/estudiantes\/erasmus\/erasmus-estudios-2022-2023\/\"},{\"@type\":\"ListItem\",\"position\":6,\"name\":\"DEADLINES AND DOCUMENTATION FOR 2022\/2023 CALL\"}]}]}<\/script>\n<!-- \/ Yoast SEO plugin. -->","yoast_head_json":{"description":"La Universidad Miguel Hern\u00e1ndez de Elche publica el Calendario y documentaci\u00f3n, y gu\u00eda de buenas pr\u00e1cticas Erasmus de la convocatoria 2022\/23","robots":{"index":"index","follow":"follow","max-snippet":"max-snippet:-1","max-image-preview":"max-image-preview:large","max-video-preview":"max-video-preview:-1"},"canonical":"https:\/\/internacional.umh.es\/en\/movilidad\/estudiantes\/erasmus\/erasmus-estudios-2022-2023\/25873-2\/","og_locale":"en_US","og_type":"article","og_title":"DEADLINES AND DOCUMENTATION FOR 2022\/2023 CALL - International Relations and Cooperation","og_description":"La Universidad Miguel Hern\u00e1ndez de Elche publica el Calendario y documentaci\u00f3n, y gu\u00eda de buenas pr\u00e1cticas Erasmus de la convocatoria 2022\/23","og_url":"https:\/\/internacional.umh.es\/movilidad\/estudiantes\/erasmus\/erasmus-estudios-2022-2023\/25873-2\/","og_site_name":"International Relations and Cooperation","article_modified_time":"2023-11-06T15:53:41+00:00","twitter_card":"summary_large_image","twitter_misc":{"Est. reading time":"2 minutes"},"schema":{"@context":"https:\/\/schema.org","@graph":[{"@type":"WebSite","@id":"https:\/\/internacional.umh.es\/en\/#website","url":"https:\/\/internacional.umh.es\/en\/","name":"International Relations and Cooperation","description":"Miguel Hernandez University of Elche","potentialAction":[{"@type":"SearchAction","target":{"@type":"EntryPoint","urlTemplate":"https:\/\/internacional.umh.es\/en\/?s={search_term_string}"},"query-input":"required name=search_term_string"}],"inLanguage":"en-US"},{"@type":"WebPage","@id":"https:\/\/internacional.umh.es\/movilidad\/estudiantes\/erasmus\/erasmus-estudios-2022-2023\/25873-2\/#webpage","url":"https:\/\/internacional.umh.es\/movilidad\/estudiantes\/erasmus\/erasmus-estudios-2022-2023\/25873-2\/","name":"DEADLINES AND DOCUMENTATION FOR 2022\/2023 CALL - International Relations and Cooperation","isPartOf":{"@id":"https:\/\/internacional.umh.es\/en\/#website"},"datePublished":"2022-04-13T09:50:28+00:00","dateModified":"2023-11-06T15:53:41+00:00","description":"La Universidad Miguel Hern\u00e1ndez de Elche publica el Calendario y documentaci\u00f3n, y gu\u00eda de buenas pr\u00e1cticas Erasmus de la convocatoria 2022\/23","breadcrumb":{"@id":"https:\/\/internacional.umh.es\/movilidad\/estudiantes\/erasmus\/erasmus-estudios-2022-2023\/25873-2\/#breadcrumb"},"inLanguage":"en-US","potentialAction":[{"@type":"ReadAction","target":["https:\/\/internacional.umh.es\/movilidad\/estudiantes\/erasmus\/erasmus-estudios-2022-2023\/25873-2\/"]}]},{"@type":"BreadcrumbList","@id":"https:\/\/internacional.umh.es\/movilidad\/estudiantes\/erasmus\/erasmus-estudios-2022-2023\/25873-2\/#breadcrumb","itemListElement":[{"@type":"ListItem","position":1,"name":"Home","item":"https:\/\/internacional.umh.es\/en\/"},{"@type":"ListItem","position":2,"name":"MOBILITY","item":"https:\/\/internacional.umh.es\/en\/movilidad\/"},{"@type":"ListItem","position":3,"name":"Estudiantes","item":"https:\/\/internacional.umh.es\/movilidad\/estudiantes\/"},{"@type":"ListItem","position":4,"name":"ERASMUS","item":"https:\/\/internacional.umh.es\/movilidad\/estudiantes\/erasmus\/"},{"@type":"ListItem","position":5,"name":"2022-2023 Erasmus+ Studies","item":"https:\/\/internacional.umh.es\/movilidad\/estudiantes\/erasmus\/erasmus-estudios-2022-2023\/"},{"@type":"ListItem","position":6,"name":"DEADLINES AND DOCUMENTATION FOR 2022\/2023 CALL"}]}]}},"_links":{"self":[{"href":"https:\/\/internacional.umh.es\/en\/wp-json\/wp\/v2\/pages\/25873"}],"collection":[{"href":"https:\/\/internacional.umh.es\/en\/wp-json\/wp\/v2\/pages"}],"about":[{"href":"https:\/\/internacional.umh.es\/en\/wp-json\/wp\/v2\/types\/page"}],"author":[{"embeddable":true,"href":"https:\/\/internacional.umh.es\/en\/wp-json\/wp\/v2\/users\/6508"}],"replies":[{"embeddable":true,"href":"https:\/\/internacional.umh.es\/en\/wp-json\/wp\/v2\/comments?post=25873"}],"version-history":[{"count":0,"href":"https:\/\/internacional.umh.es\/en\/wp-json\/wp\/v2\/pages\/25873\/revisions"}],"up":[{"embeddable":true,"href":"https:\/\/internacional.umh.es\/en\/wp-json\/wp\/v2\/pages\/23800"}],"wp:attachment":[{"href":"https:\/\/internacional.umh.es\/en\/wp-json\/wp\/v2\/media?parent=25873"}],"curies":[{"name":"wp","href":"https:\/\/api.w.org\/{rel}","templated":true}]}}