{"id":2597,"date":"2015-08-08T14:12:30","date_gmt":"2015-08-08T12:12:30","guid":{"rendered":"http:\/\/internacional.umh.es\/?page_id=2597"},"modified":"2025-07-25T11:32:34","modified_gmt":"2025-07-25T09:32:34","slug":"cooperacion-al-desarrollo-y-voluntariado","status":"publish","type":"page","link":"https:\/\/internacional.umh.es\/en\/conocenos\/servicio-de-relaciones-internacionales-cooperacion-al-desarrollo-y-voluntariado\/cooperacion-al-desarrollo-y-voluntariado\/","title":{"rendered":"Development Cooperation and Volunteerism"},"content":{"rendered":"<p><\/p>\n<h3><strong>Area of Development Cooperation and Volunteerism<\/strong><\/h3>\n<ul>\n<li>Juana Aznar M\u00e1rquez, Development Cooperation and Volunteerism Area director and Chair secretary<\/li>\n<li>Juan Jos\u00e9 Ballesta Pay\u00e1, <a title=\"You'll see it in new window\" href=\"https:\/\/catedraruanda.umh.es\/\" target=\"_blank\" rel=\"noopener\"> UMH Headquarters in Rwanda Chair director<\/a><\/li>\n<li>Lis Gaibar Garc\u00eda, UMH Headquarters in Rwanda Chair co-director<\/li>\n<li>Laura Parrilla Serrano<\/li>\n<li>Lorena Garc\u00eda de la Torre Romero<\/li>\n<li>Luis Torr\u00fas Cort\u00e9s<\/li>\n<li>Estefan\u00eda Esclapez Moreno<\/li>\n<li>M\u00f3nica Ballester Mill\u00e1n<\/li>\n<\/ul>\n<p>&nbsp;<\/p>\n<hr>\n<p>&nbsp;<\/p>\n<h4><strong>Location and Information<\/strong><\/h4>\n<p><strong>Service of International Relations, Development Cooperation and Volunteerism<\/strong><br \/>\nMiguel Hern\u00e1ndez University of Elche<br \/>\nLa Galia Building. Second floor. Elche Campus.<br \/>\nAvenida de la Universidad, s\/n<br \/>\n03202 Elche \u2013 Spain<br \/>\n<a title=\"You'll see it in a new window\" href=\"https:\/\/universite.umh.es\/localizaciones\/default.htm?&amp;selT=estancias&amp;selI=E05P1058\" target=\"_blank\" rel=\"noopener\">Locate the Service of RR.II. of the UMH on a map<\/a><\/p>\n<p>Tel: +34 96 665 8683 \/ +34 683 770 672<br \/>\n<a title=\"Youlll see it in a new window\" href=\"mailto:cooperacion@umh.es\" target=\"_blank\" rel=\"noopener\">cooperacion@umh.es<\/a><\/p>","protected":false},"excerpt":{"rendered":"<p>Area of Development Cooperation and Volunteerism<\/p>\n<p>Juana Aznar M\u00e1rquez, Development Cooperation and Volunteerism Area director and Chair secretary<br \/>\nJuan Jos\u00e9 Ballesta Pay\u00e1,  UMH Headquarters in Rwanda Chair director<br \/>\nLis Gaibar Garc\u00eda, UMH Headquarters in Rwanda Chair co-director<br \/>\nLaura Parrilla Serrano<br \/>\nLorena Garc\u00eda de la Torre Romero<br \/>\nLuis Torr\u00fas Cort\u00e9s<br \/>\nEstefan\u00eda Esclapez Moreno<br \/>\nM\u00f3nica Ballester Mill\u00e1n<\/p>\n<p>&nbsp;<\/p>\n<p>&nbsp;<br \/>\nLocation and Information<br \/>\nService of International Relations, Development Cooperation [&#8230;]<\/p>\n","protected":false},"author":3296,"featured_media":0,"parent":2524,"menu_order":2,"comment_status":"closed","ping_status":"closed","template":"","meta":{"ngg_post_thumbnail":0,"_links_to":"","_links_to_target":""},"yoast_head":"<!-- This site is optimized with the Yoast SEO plugin v17.5 - https:\/\/yoast.com\/wordpress\/plugins\/seo\/ -->\n<meta name=\"description\" content=\"Cooperaci\u00f3n al Desarrollo y Voluntariado UMH es un \u00e1rea del Servicio de Relaciones Internacionales, Cooperaci\u00f3n al Desarrollo y Voluntariado\" \/>\n<meta name=\"robots\" content=\"index, follow, max-snippet:-1, max-image-preview:large, max-video-preview:-1\" \/>\n<link rel=\"canonical\" href=\"https:\/\/internacional.umh.es\/en\/conocenos\/servicio-de-relaciones-internacionales-cooperacion-al-desarrollo-y-voluntariado\/cooperacion-al-desarrollo-y-voluntariado\/\" \/>\n<meta property=\"og:locale\" content=\"en_US\" \/>\n<meta property=\"og:type\" content=\"article\" \/>\n<meta property=\"og:title\" content=\"Development Cooperation and Volunteerism - International Relations and Cooperation\" \/>\n<meta property=\"og:description\" content=\"Cooperaci\u00f3n al Desarrollo y Voluntariado UMH es un \u00e1rea del Servicio de Relaciones Internacionales, Cooperaci\u00f3n al Desarrollo y Voluntariado\" \/>\n<meta property=\"og:url\" content=\"https:\/\/internacional.umh.es\/en\/conocenos\/servicio-de-relaciones-internacionales-cooperacion-al-desarrollo-y-voluntariado\/cooperacion-al-desarrollo-y-voluntariado\/\" \/>\n<meta property=\"og:site_name\" content=\"International Relations and Cooperation\" \/>\n<meta property=\"article:modified_time\" content=\"2025-07-25T09:32:34+00:00\" \/>\n<meta name=\"twitter:card\" content=\"summary_large_image\" \/>\n<meta name=\"twitter:label1\" content=\"Est. reading time\" \/>\n\t<meta name=\"twitter:data1\" content=\"1 minute\" \/>\n<script type=\"application\/ld+json\" class=\"yoast-schema-graph\">{\"@context\":\"https:\/\/schema.org\",\"@graph\":[{\"@type\":\"WebSite\",\"@id\":\"https:\/\/internacional.umh.es\/en\/#website\",\"url\":\"https:\/\/internacional.umh.es\/en\/\",\"name\":\"International Relations and Cooperation\",\"description\":\"Miguel Hernandez University of Elche\",\"potentialAction\":[{\"@type\":\"SearchAction\",\"target\":{\"@type\":\"EntryPoint\",\"urlTemplate\":\"https:\/\/internacional.umh.es\/en\/?s={search_term_string}\"},\"query-input\":\"required name=search_term_string\"}],\"inLanguage\":\"en-US\"},{\"@type\":\"WebPage\",\"@id\":\"https:\/\/internacional.umh.es\/en\/conocenos\/servicio-de-relaciones-internacionales-cooperacion-al-desarrollo-y-voluntariado\/cooperacion-al-desarrollo-y-voluntariado\/#webpage\",\"url\":\"https:\/\/internacional.umh.es\/en\/conocenos\/servicio-de-relaciones-internacionales-cooperacion-al-desarrollo-y-voluntariado\/cooperacion-al-desarrollo-y-voluntariado\/\",\"name\":\"Development Cooperation and Volunteerism - International Relations and Cooperation\",\"isPartOf\":{\"@id\":\"https:\/\/internacional.umh.es\/en\/#website\"},\"datePublished\":\"2015-08-08T12:12:30+00:00\",\"dateModified\":\"2025-07-25T09:32:34+00:00\",\"description\":\"Cooperaci\\u00f3n al Desarrollo y Voluntariado UMH es un \\u00e1rea del Servicio de Relaciones Internacionales, Cooperaci\\u00f3n al Desarrollo y Voluntariado\",\"breadcrumb\":{\"@id\":\"https:\/\/internacional.umh.es\/en\/conocenos\/servicio-de-relaciones-internacionales-cooperacion-al-desarrollo-y-voluntariado\/cooperacion-al-desarrollo-y-voluntariado\/#breadcrumb\"},\"inLanguage\":\"en-US\",\"potentialAction\":[{\"@type\":\"ReadAction\",\"target\":[\"https:\/\/internacional.umh.es\/en\/conocenos\/servicio-de-relaciones-internacionales-cooperacion-al-desarrollo-y-voluntariado\/cooperacion-al-desarrollo-y-voluntariado\/\"]}]},{\"@type\":\"BreadcrumbList\",\"@id\":\"https:\/\/internacional.umh.es\/en\/conocenos\/servicio-de-relaciones-internacionales-cooperacion-al-desarrollo-y-voluntariado\/cooperacion-al-desarrollo-y-voluntariado\/#breadcrumb\",\"itemListElement\":[{\"@type\":\"ListItem\",\"position\":1,\"name\":\"Home\",\"item\":\"https:\/\/internacional.umh.es\/en\/\"},{\"@type\":\"ListItem\",\"position\":2,\"name\":\"ABOUT US\",\"item\":\"https:\/\/internacional.umh.es\/en\/conocenos\/\"},{\"@type\":\"ListItem\",\"position\":3,\"name\":\"Service of International Relations and Cooperation\",\"item\":\"https:\/\/internacional.umh.es\/en\/conocenos\/servicio-de-relaciones-internacionales-cooperacion-al-desarrollo-y-voluntariado\/\"},{\"@type\":\"ListItem\",\"position\":4,\"name\":\"Development Cooperation and Volunteerism\"}]}]}<\/script>\n<!-- \/ Yoast SEO plugin. -->","yoast_head_json":{"description":"Cooperaci\u00f3n al Desarrollo y Voluntariado UMH es un \u00e1rea del Servicio de Relaciones Internacionales, Cooperaci\u00f3n al Desarrollo y Voluntariado","robots":{"index":"index","follow":"follow","max-snippet":"max-snippet:-1","max-image-preview":"max-image-preview:large","max-video-preview":"max-video-preview:-1"},"canonical":"https:\/\/internacional.umh.es\/en\/conocenos\/servicio-de-relaciones-internacionales-cooperacion-al-desarrollo-y-voluntariado\/cooperacion-al-desarrollo-y-voluntariado\/","og_locale":"en_US","og_type":"article","og_title":"Development Cooperation and Volunteerism - International Relations and Cooperation","og_description":"Cooperaci\u00f3n al Desarrollo y Voluntariado UMH es un \u00e1rea del Servicio de Relaciones Internacionales, Cooperaci\u00f3n al Desarrollo y Voluntariado","og_url":"https:\/\/internacional.umh.es\/en\/conocenos\/servicio-de-relaciones-internacionales-cooperacion-al-desarrollo-y-voluntariado\/cooperacion-al-desarrollo-y-voluntariado\/","og_site_name":"International Relations and Cooperation","article_modified_time":"2025-07-25T09:32:34+00:00","twitter_card":"summary_large_image","twitter_misc":{"Est. reading time":"1 minute"},"schema":{"@context":"https:\/\/schema.org","@graph":[{"@type":"WebSite","@id":"https:\/\/internacional.umh.es\/en\/#website","url":"https:\/\/internacional.umh.es\/en\/","name":"International Relations and Cooperation","description":"Miguel Hernandez University of Elche","potentialAction":[{"@type":"SearchAction","target":{"@type":"EntryPoint","urlTemplate":"https:\/\/internacional.umh.es\/en\/?s={search_term_string}"},"query-input":"required name=search_term_string"}],"inLanguage":"en-US"},{"@type":"WebPage","@id":"https:\/\/internacional.umh.es\/en\/conocenos\/servicio-de-relaciones-internacionales-cooperacion-al-desarrollo-y-voluntariado\/cooperacion-al-desarrollo-y-voluntariado\/#webpage","url":"https:\/\/internacional.umh.es\/en\/conocenos\/servicio-de-relaciones-internacionales-cooperacion-al-desarrollo-y-voluntariado\/cooperacion-al-desarrollo-y-voluntariado\/","name":"Development Cooperation and Volunteerism - International Relations and Cooperation","isPartOf":{"@id":"https:\/\/internacional.umh.es\/en\/#website"},"datePublished":"2015-08-08T12:12:30+00:00","dateModified":"2025-07-25T09:32:34+00:00","description":"Cooperaci\u00f3n al Desarrollo y Voluntariado UMH es un \u00e1rea del Servicio de Relaciones Internacionales, Cooperaci\u00f3n al Desarrollo y Voluntariado","breadcrumb":{"@id":"https:\/\/internacional.umh.es\/en\/conocenos\/servicio-de-relaciones-internacionales-cooperacion-al-desarrollo-y-voluntariado\/cooperacion-al-desarrollo-y-voluntariado\/#breadcrumb"},"inLanguage":"en-US","potentialAction":[{"@type":"ReadAction","target":["https:\/\/internacional.umh.es\/en\/conocenos\/servicio-de-relaciones-internacionales-cooperacion-al-desarrollo-y-voluntariado\/cooperacion-al-desarrollo-y-voluntariado\/"]}]},{"@type":"BreadcrumbList","@id":"https:\/\/internacional.umh.es\/en\/conocenos\/servicio-de-relaciones-internacionales-cooperacion-al-desarrollo-y-voluntariado\/cooperacion-al-desarrollo-y-voluntariado\/#breadcrumb","itemListElement":[{"@type":"ListItem","position":1,"name":"Home","item":"https:\/\/internacional.umh.es\/en\/"},{"@type":"ListItem","position":2,"name":"ABOUT US","item":"https:\/\/internacional.umh.es\/en\/conocenos\/"},{"@type":"ListItem","position":3,"name":"Service of International Relations and Cooperation","item":"https:\/\/internacional.umh.es\/en\/conocenos\/servicio-de-relaciones-internacionales-cooperacion-al-desarrollo-y-voluntariado\/"},{"@type":"ListItem","position":4,"name":"Development Cooperation and Volunteerism"}]}]}},"_links":{"self":[{"href":"https:\/\/internacional.umh.es\/en\/wp-json\/wp\/v2\/pages\/2597"}],"collection":[{"href":"https:\/\/internacional.umh.es\/en\/wp-json\/wp\/v2\/pages"}],"about":[{"href":"https:\/\/internacional.umh.es\/en\/wp-json\/wp\/v2\/types\/page"}],"author":[{"embeddable":true,"href":"https:\/\/internacional.umh.es\/en\/wp-json\/wp\/v2\/users\/3296"}],"replies":[{"embeddable":true,"href":"https:\/\/internacional.umh.es\/en\/wp-json\/wp\/v2\/comments?post=2597"}],"version-history":[{"count":0,"href":"https:\/\/internacional.umh.es\/en\/wp-json\/wp\/v2\/pages\/2597\/revisions"}],"up":[{"embeddable":true,"href":"https:\/\/internacional.umh.es\/en\/wp-json\/wp\/v2\/pages\/2524"}],"wp:attachment":[{"href":"https:\/\/internacional.umh.es\/en\/wp-json\/wp\/v2\/media?parent=2597"}],"curies":[{"name":"wp","href":"https:\/\/api.w.org\/{rel}","templated":true}]}}