{"id":26597,"date":"2022-05-27T11:39:40","date_gmt":"2022-05-27T09:39:40","guid":{"rendered":"https:\/\/internacional.umh.es\/?page_id=26597"},"modified":"2025-04-16T13:27:53","modified_gmt":"2025-04-16T11:27:53","slug":"convenio-2021","status":"publish","type":"page","link":"https:\/\/internacional.umh.es\/en\/cooperacion-y-voluntariado\/cooperacion-al-desarrollo\/convenio-cooperacion-universitaria-al-desarrollo\/convenio-2021\/","title":{"rendered":"2021 Call"},"content":{"rendered":"<p><\/p>\n<p style=\"text-align: justify\"><a href=\"https:\/\/internacional.umh.es\/files\/2023\/04\/gv_conselleria_transparencia_cmyk_cast-300x203-1.png\"><img loading=\"lazy\" class=\"size-full wp-image-29854 aligncenter\" src=\"https:\/\/internacional.umh.es\/files\/2023\/04\/gv_conselleria_transparencia_cmyk_cast-300x203-1.png\" alt=\"\" width=\"300\" height=\"203\"><\/a>The following projects are part of the 2021 call:<\/p>\n<p style=\"text-align: justify\"><a href=\"#formativa\"><strong>TRAINING LINE <\/strong><\/a>|<a href=\"#investigaci\u00f3n\"><strong> RESEARCH LINE<\/strong><\/a> | <a href=\"#L\u00ednea de proyectos de Cooperaci\u00f3n Universitaria al Desarrollo (CUD)\"><strong>UNIVERSITY DEVELOPERATION COOPERATION PROJECT LINE<\/strong><\/a><\/p>\n<h3 id=\"formativa\">Training line<\/h3>\n<ol>\n<li><a href=\"https:\/\/internacional.umh.es\/cooperacion-y-voluntariado\/formacion-en-voluntariado\/formacion\/\" target=\"_blank\" rel=\"noopener\"><strong>Basic Training in Volunteering. Edition II.<\/strong><\/a><\/li>\n<li><a href=\"https:\/\/internacional.umh.es\/jornadas-de-promocion-del-voluntariado-en-la-umh\/\"><strong>UMH Volunterring Promotion Workshops XVIII.<\/strong><\/a><\/li>\n<li><a href=\"https:\/\/internacional.umh.es\/cooperacion-y-voluntariado\/formacion-en-voluntariado\/eventos\/\"><strong>Development Cooperation Workshops for the 5 public Valencian universities. University of the fall VI.<\/strong><\/a><\/li>\n<li><a href=\"https:\/\/internacional.umh.es\/programavoluntariado-cooperacioninternacional\/\" target=\"_blank\" rel=\"noopener\"><strong>UMH International Development Cooperation Volunteer program. Summer 2022.<\/strong><\/a><\/li>\n<li><a href=\"https:\/\/internacional.umh.es\/cooperacion-y-voluntariado\/convocatorias\/13821-2\/\"><strong>UMH financial aid for final degree and master\u2019s projects and internships on promotion of the Sustainable Development Goals.<\/strong><\/a><\/li>\n<li><a href=\"https:\/\/internacional.umh.es\/cooperacion-y-voluntariado\/convocatorias\/13821-2\/\"><strong>UMH financial aid to carry out internships abroad from the joint Master\u2019s in Development Cooperation in the specialty of \u201cHealth in Developing Countries.\u201d<\/strong><\/a><\/li>\n<\/ol>\n<hr>\n<h3>Research line<\/h3>\n<p><a href=\"https:\/\/internacional.umh.es\/2022\/05\/27\/publicacion-convocatoria-interna-para-la-asignacion-de-credito-a-proyectos-de-investigacion-ligados-a-la-cooperacion-internacional-al-desarrollo-en-el-marco-de-los-ods\/\">Call for research projects:<\/a><\/p>\n<p><strong>Selected projects:<\/strong><\/p>\n<ol>\n<li><strong>El efecto de la crisis clim\u00e1tica en la salud mental de la poblaci\u00f3n de la periferia de la ciudad de Sao Paulo<\/strong>, de la profesora Mar\u00eda Pastor Valero.<\/li>\n<\/ol>\n<ul>\n<li><a href=\"https:\/\/radio.umh.es\/en\/2023\/03\/16\/ecoansiedad-en-hoy-hablamos-con-marzo-de-2023\/\"><span lang=\"es\">Radio UMH. Programa Ecoansiedad en \u201cHoy hablamos con\u2026\u201d<\/span><\/a><\/li>\n<\/ul>\n<p class=\"titulo-cuerpo\">&nbsp; &nbsp; &nbsp; 2. <strong>Tamizaje de la infecci\u00f3n por Trypanosoma cruzi, HTLV y Strongyloides stercoralis en pacientes con infecci\u00f3n por VIH en la Amazon\u00eda Peruana (TrypPeru3)<\/strong>, del catedr\u00e1tico Jos\u00e9 Manuel Ramos Rinc\u00f3n.&nbsp;<\/p>\n<p><a href=\"https:\/\/internacional.umh.es\/files\/2023\/07\/TAMIZAJE-DE-CHAGAS-EN-ZONA-RURAL-DE-LA-AMAZONIA-PERUANA.png\"><img loading=\"lazy\" class=\"alignnone size-medium wp-image-31444\" src=\"https:\/\/internacional.umh.es\/files\/2023\/07\/TAMIZAJE-DE-CHAGAS-EN-ZONA-RURAL-DE-LA-AMAZONIA-PERUANA-300x225.png\" alt=\"\" width=\"300\" height=\"225\" srcset=\"https:\/\/internacional.umh.es\/files\/2023\/07\/TAMIZAJE-DE-CHAGAS-EN-ZONA-RURAL-DE-LA-AMAZONIA-PERUANA-300x225.png 300w, https:\/\/internacional.umh.es\/files\/2023\/07\/TAMIZAJE-DE-CHAGAS-EN-ZONA-RURAL-DE-LA-AMAZONIA-PERUANA-768x576.png 768w, https:\/\/internacional.umh.es\/files\/2023\/07\/TAMIZAJE-DE-CHAGAS-EN-ZONA-RURAL-DE-LA-AMAZONIA-PERUANA.png 1024w\" sizes=\"(max-width: 300px) 100vw, 300px\" \/><\/a><\/p>\n<p>&nbsp; &nbsp; &nbsp; &nbsp;3. <strong>Implementaci\u00f3n del diagn\u00f3stico molecular de la echistosomosis en el hospital universitario Ann de Dakar, Senegal<\/strong>, de la profesora Lucrecia Acosta.<\/p>\n<p><a href=\"https:\/\/internacional.umh.es\/files\/2023\/07\/IMG_20221214_24-scaled.jpg\"><img loading=\"lazy\" class=\"alignnone size-medium wp-image-31432\" src=\"https:\/\/internacional.umh.es\/files\/2023\/07\/IMG_20221214_24-300x135.jpg\" alt=\"\" width=\"300\" height=\"135\" srcset=\"https:\/\/internacional.umh.es\/files\/2023\/07\/IMG_20221214_24-300x135.jpg 300w, https:\/\/internacional.umh.es\/files\/2023\/07\/IMG_20221214_24-1024x461.jpg 1024w, https:\/\/internacional.umh.es\/files\/2023\/07\/IMG_20221214_24-768x346.jpg 768w, https:\/\/internacional.umh.es\/files\/2023\/07\/IMG_20221214_24-1536x691.jpg 1536w, https:\/\/internacional.umh.es\/files\/2023\/07\/IMG_20221214_24-2048x922.jpg 2048w\" sizes=\"(max-width: 300px) 100vw, 300px\" \/><\/a><\/p>\n<ul>\n<li><a href=\"https:\/\/drive.google.com\/drive\/folders\/1LYIUnoaVyiPoJRi4ExhUYuxRqMVw_2HV?usp=sharing\">Presentaciones de las clases realizadas por los profesores y adaptaci\u00f3n de los protocolos de trabajo.<\/a><\/li>\n<li><a href=\"https:\/\/jornadascooperacion.umh.es\/material\/\">Participaci\u00f3n en las X Jornadas de Cooperaci\u00f3n al Desarrollo y Salud.<\/a><\/li>\n<\/ul>\n<p>&nbsp; &nbsp; &nbsp; 4. <strong>Enfermedades desatendidas en Turkana, Kenia: Mejora de la salud del pueblo Turkana<\/strong>, de la profesora Francisca Colom.<\/p>\n<p><a href=\"https:\/\/internacional.umh.es\/files\/2023\/07\/Imagen1.jpg\"><img loading=\"lazy\" class=\"alignnone size-medium wp-image-31435\" src=\"https:\/\/internacional.umh.es\/files\/2023\/07\/Imagen1-300x225.jpg\" alt=\"\" width=\"300\" height=\"225\" srcset=\"https:\/\/internacional.umh.es\/files\/2023\/07\/Imagen1-300x225.jpg 300w, https:\/\/internacional.umh.es\/files\/2023\/07\/Imagen1-1024x768.jpg 1024w, https:\/\/internacional.umh.es\/files\/2023\/07\/Imagen1-768x576.jpg 768w, https:\/\/internacional.umh.es\/files\/2023\/07\/Imagen1.jpg 1500w\" sizes=\"(max-width: 300px) 100vw, 300px\" \/><\/a><\/p>\n<ul>\n<li><a href=\"https:\/\/internacional.umh.es\/2022\/06\/20\/reportaje-xviii-campana-de-cirugia-en-turkana-con-la-participacion-de-kika-colom-profesora-de-la-umh\/\">Noticia UMH 1.<\/a> Reportaje \u201cXVIII Campa\u00f1a de Cirug\u00eda en Turkana\u201d, con la participaci\u00f3n de Kika Colom, profesora de la UMH.<\/li>\n<li><a href=\"https:\/\/internacional.umh.es\/2022\/04\/11\/entrevista-a-la-profesora-de-la-umh-kika-colom-que-desarrolla-en-turkana-un-proyecto-de-cooperacion-para-mejorar-la-salud-del-pueblo-keniano\/\">Noticia UMH 2.<\/a> Entrevista a la profesora de la UMH, Kika Colom, que desarrolla en Turkana un proyecto de cooperaci\u00f3n para mejorar la salud del pueblo keniano.<\/li>\n<li><a href=\"https:\/\/mecenazgo.umh.es\/project\/ayuda-para-el-tratamiento-medico-del-micetoma\">Campa\u00f1a de captaci\u00f3n de fondos.<\/a><\/li>\n<li><a href=\"https:\/\/jornadascooperacion.umh.es\/material\/\">Participaci\u00f3n en las X Jornadas de Cooperaci\u00f3n al Desarrollo y Salud.<\/a><\/li>\n<li>Participaci\u00f3n en XIII Congreso de la Sociedad Espa\u00f1ola de Medicina Tropical y Salud Internacional (SEMTSI) 2024 (pendiente).<\/li>\n<li>Participaci\u00f3n en XXIII Congreso de la Sociedad Espa\u00f1ola de Parasitolog\u00eda (SOCEPA) 2024 (pendiente).&nbsp;<\/li>\n<\/ul>\n<p>&nbsp; &nbsp; &nbsp; 5. <strong>Institucionalizaci\u00f3n del Mejoramiento Continuo de la Calidad Asistencial del Ministerio de Salud P\u00fablica de Ecuador, <\/strong>de la profesora Mercedes Guilabert.<\/p>\n<p><a href=\"https:\/\/internacional.umh.es\/files\/2023\/07\/Mercedes-Guilabert.png\"><img loading=\"lazy\" class=\"alignnone size-medium wp-image-31429\" src=\"https:\/\/internacional.umh.es\/files\/2023\/07\/Mercedes-Guilabert-300x193.png\" alt=\"\" width=\"300\" height=\"193\" srcset=\"https:\/\/internacional.umh.es\/files\/2023\/07\/Mercedes-Guilabert-300x193.png 300w, https:\/\/internacional.umh.es\/files\/2023\/07\/Mercedes-Guilabert.png 535w\" sizes=\"(max-width: 300px) 100vw, 300px\" \/><\/a><\/p>\n<ul>\n<li><a href=\"https:\/\/internacional.umh.es\/files\/2023\/07\/Dossier-Mercedes-Guilabert.pdf\">Dossier de actividades de difusi\u00f3n realizadas.<\/a><\/li>\n<li><a href=\"https:\/\/www.calidadecuador.com\/\">Web del curso.<\/a><\/li>\n<li><a href=\"https:\/\/vimeo.com\/818497350?share=copy\">V\u00eddeos formativos en directo.<\/a><\/li>\n<li><a href=\"https:\/\/www.youtube.com\/@mercedesguilabertmora3247\/streams\">M\u00e1ster clases en directo a trav\u00e9s de YouTube.<\/a><\/li>\n<\/ul>\n<p>&nbsp; &nbsp; &nbsp; 6. <strong>El efecto de la crisis clim\u00e1tica en la salud mental de la poblaci\u00f3n de la periferia de la ciudad de Sao Paulo.<\/strong><\/p>\n<hr>\n<h3 id=\"proyectos\">University Development Cooperation Project line (CUD)<\/h3>\n<ol>\n<li><strong>CUD Project 1. <\/strong><em>Educomunicaci\u00f3n en Musanze: la radio escolar como medio transformador de la sociedad ruandesa.<\/em><\/li>\n<li><strong>CUD Project 2. <\/strong><em>Capacitaci\u00f3n al personal sanitario del Hospital de Nemba en materia de cuidados cr\u00edticos y emergencias (<\/em><em>monitorizaci\u00f3n y manejo de trastornos cardiovasculares<\/em><em>).<\/em><\/li>\n<\/ol>\n<p><\/p>","protected":false},"excerpt":{"rendered":"<p>The following projects are part of the 2021 call:<br \/>\nTRAINING LINE | RESEARCH LINE | UNIVERSITY DEVELOPERATION COOPERATION PROJECT LINE<br \/>\nTraining line<\/p>\n<p>Basic Training in Volunteering. Edition II.<br \/>\nUMH Volunterring Promotion Workshops XVIII.<br \/>\nDevelopment Cooperation Workshops for the 5 public Valencian universities. University of the fall VI.<br \/>\nUMH International Development Cooperation Volunteer program. Summer 2022.<br \/>\nUMH financial aid for final degree and [&#8230;]<\/p>\n","protected":false},"author":6508,"featured_media":0,"parent":14118,"menu_order":3,"comment_status":"closed","ping_status":"closed","template":"","meta":{"ngg_post_thumbnail":0,"_links_to":"","_links_to_target":""},"yoast_head":"<!-- This site is optimized with the Yoast SEO plugin v17.5 - https:\/\/yoast.com\/wordpress\/plugins\/seo\/ -->\n<meta name=\"robots\" content=\"index, follow, max-snippet:-1, max-image-preview:large, max-video-preview:-1\" \/>\n<link rel=\"canonical\" href=\"https:\/\/internacional.umh.es\/en\/cooperacion-y-voluntariado\/cooperacion-al-desarrollo\/convenio-cooperacion-universitaria-al-desarrollo\/convenio-2021\/\" \/>\n<meta property=\"og:locale\" content=\"en_US\" \/>\n<meta property=\"og:type\" content=\"article\" \/>\n<meta property=\"og:title\" content=\"2021 Call - International Relations and Cooperation\" \/>\n<meta property=\"og:description\" content=\"The following projects are part of the 2021 call: TRAINING LINE | RESEARCH LINE | UNIVERSITY DEVELOPERATION COOPERATION PROJECT LINE Training line Basic Training in Volunteering. Edition II. UMH Volunterring Promotion Workshops XVIII. Development Cooperation Workshops for the 5 public Valencian universities. University of the fall VI. UMH International Development Cooperation Volunteer program. Summer 2022. UMH financial aid for final degree and [...]\" \/>\n<meta property=\"og:url\" content=\"https:\/\/internacional.umh.es\/ca\/cooperacion-y-voluntariado\/cooperacion-al-desarrollo\/convenio-cooperacion-universitaria-al-desarrollo\/convenio-2021\/\" \/>\n<meta property=\"og:site_name\" content=\"International Relations and Cooperation\" \/>\n<meta property=\"article:modified_time\" content=\"2025-04-16T11:27:53+00:00\" \/>\n<meta property=\"og:image\" content=\"https:\/\/internacional.umh.es\/files\/2023\/04\/gv_conselleria_transparencia_cmyk_cast-300x203-1.png\" \/>\n<meta name=\"twitter:card\" content=\"summary_large_image\" \/>\n<meta name=\"twitter:label1\" content=\"Est. reading time\" \/>\n\t<meta name=\"twitter:data1\" content=\"3 minutes\" \/>\n<script type=\"application\/ld+json\" class=\"yoast-schema-graph\">{\"@context\":\"https:\/\/schema.org\",\"@graph\":[{\"@type\":\"WebSite\",\"@id\":\"https:\/\/internacional.umh.es\/en\/#website\",\"url\":\"https:\/\/internacional.umh.es\/en\/\",\"name\":\"International Relations and Cooperation\",\"description\":\"Miguel Hernandez University of Elche\",\"potentialAction\":[{\"@type\":\"SearchAction\",\"target\":{\"@type\":\"EntryPoint\",\"urlTemplate\":\"https:\/\/internacional.umh.es\/en\/?s={search_term_string}\"},\"query-input\":\"required name=search_term_string\"}],\"inLanguage\":\"en-US\"},{\"@type\":\"ImageObject\",\"@id\":\"https:\/\/internacional.umh.es\/ca\/cooperacion-y-voluntariado\/cooperacion-al-desarrollo\/convenio-cooperacion-universitaria-al-desarrollo\/convenio-2021\/#primaryimage\",\"inLanguage\":\"en-US\",\"url\":\"https:\/\/internacional.umh.es\/files\/2023\/04\/gv_conselleria_transparencia_cmyk_cast-300x203-1.png\",\"contentUrl\":\"https:\/\/internacional.umh.es\/files\/2023\/04\/gv_conselleria_transparencia_cmyk_cast-300x203-1.png\",\"width\":300,\"height\":203},{\"@type\":\"WebPage\",\"@id\":\"https:\/\/internacional.umh.es\/ca\/cooperacion-y-voluntariado\/cooperacion-al-desarrollo\/convenio-cooperacion-universitaria-al-desarrollo\/convenio-2021\/#webpage\",\"url\":\"https:\/\/internacional.umh.es\/ca\/cooperacion-y-voluntariado\/cooperacion-al-desarrollo\/convenio-cooperacion-universitaria-al-desarrollo\/convenio-2021\/\",\"name\":\"2021 Call - International Relations and Cooperation\",\"isPartOf\":{\"@id\":\"https:\/\/internacional.umh.es\/en\/#website\"},\"primaryImageOfPage\":{\"@id\":\"https:\/\/internacional.umh.es\/ca\/cooperacion-y-voluntariado\/cooperacion-al-desarrollo\/convenio-cooperacion-universitaria-al-desarrollo\/convenio-2021\/#primaryimage\"},\"datePublished\":\"2022-05-27T09:39:40+00:00\",\"dateModified\":\"2025-04-16T11:27:53+00:00\",\"breadcrumb\":{\"@id\":\"https:\/\/internacional.umh.es\/ca\/cooperacion-y-voluntariado\/cooperacion-al-desarrollo\/convenio-cooperacion-universitaria-al-desarrollo\/convenio-2021\/#breadcrumb\"},\"inLanguage\":\"en-US\",\"potentialAction\":[{\"@type\":\"ReadAction\",\"target\":[\"https:\/\/internacional.umh.es\/ca\/cooperacion-y-voluntariado\/cooperacion-al-desarrollo\/convenio-cooperacion-universitaria-al-desarrollo\/convenio-2021\/\"]}]},{\"@type\":\"BreadcrumbList\",\"@id\":\"https:\/\/internacional.umh.es\/ca\/cooperacion-y-voluntariado\/cooperacion-al-desarrollo\/convenio-cooperacion-universitaria-al-desarrollo\/convenio-2021\/#breadcrumb\",\"itemListElement\":[{\"@type\":\"ListItem\",\"position\":1,\"name\":\"Home\",\"item\":\"https:\/\/internacional.umh.es\/en\/\"},{\"@type\":\"ListItem\",\"position\":2,\"name\":\"COOPERACI\\u00d3 I VOLUNTARIAT\",\"item\":\"https:\/\/internacional.umh.es\/ca\/cooperacion-y-voluntariado\/\"},{\"@type\":\"ListItem\",\"position\":3,\"name\":\"Cooperaci\\u00f3 aI Desenvolupament\",\"item\":\"https:\/\/internacional.umh.es\/ca\/cooperacion-y-voluntariado\/cooperacion-al-desarrollo\/\"},{\"@type\":\"ListItem\",\"position\":4,\"name\":\"Convenis de Cooperaci\\u00f3 Universitaria al Desenvolupament\",\"item\":\"https:\/\/internacional.umh.es\/ca\/cooperacion-y-voluntariado\/cooperacion-al-desarrollo\/convenio-cooperacion-universitaria-al-desarrollo\/\"},{\"@type\":\"ListItem\",\"position\":5,\"name\":\"(Espa\\u00f1ol) Convenio 2021\"}]}]}<\/script>\n<!-- \/ Yoast SEO plugin. -->","yoast_head_json":{"robots":{"index":"index","follow":"follow","max-snippet":"max-snippet:-1","max-image-preview":"max-image-preview:large","max-video-preview":"max-video-preview:-1"},"canonical":"https:\/\/internacional.umh.es\/en\/cooperacion-y-voluntariado\/cooperacion-al-desarrollo\/convenio-cooperacion-universitaria-al-desarrollo\/convenio-2021\/","og_locale":"en_US","og_type":"article","og_title":"2021 Call - International Relations and Cooperation","og_description":"The following projects are part of the 2021 call: TRAINING LINE | RESEARCH LINE | UNIVERSITY DEVELOPERATION COOPERATION PROJECT LINE Training line Basic Training in Volunteering. Edition II. UMH Volunterring Promotion Workshops XVIII. Development Cooperation Workshops for the 5 public Valencian universities. University of the fall VI. UMH International Development Cooperation Volunteer program. Summer 2022. UMH financial aid for final degree and [...]","og_url":"https:\/\/internacional.umh.es\/ca\/cooperacion-y-voluntariado\/cooperacion-al-desarrollo\/convenio-cooperacion-universitaria-al-desarrollo\/convenio-2021\/","og_site_name":"International Relations and Cooperation","article_modified_time":"2025-04-16T11:27:53+00:00","og_image":[{"url":"https:\/\/internacional.umh.es\/files\/2023\/04\/gv_conselleria_transparencia_cmyk_cast-300x203-1.png"}],"twitter_card":"summary_large_image","twitter_misc":{"Est. reading time":"3 minutes"},"schema":{"@context":"https:\/\/schema.org","@graph":[{"@type":"WebSite","@id":"https:\/\/internacional.umh.es\/en\/#website","url":"https:\/\/internacional.umh.es\/en\/","name":"International Relations and Cooperation","description":"Miguel Hernandez University of Elche","potentialAction":[{"@type":"SearchAction","target":{"@type":"EntryPoint","urlTemplate":"https:\/\/internacional.umh.es\/en\/?s={search_term_string}"},"query-input":"required name=search_term_string"}],"inLanguage":"en-US"},{"@type":"ImageObject","@id":"https:\/\/internacional.umh.es\/ca\/cooperacion-y-voluntariado\/cooperacion-al-desarrollo\/convenio-cooperacion-universitaria-al-desarrollo\/convenio-2021\/#primaryimage","inLanguage":"en-US","url":"https:\/\/internacional.umh.es\/files\/2023\/04\/gv_conselleria_transparencia_cmyk_cast-300x203-1.png","contentUrl":"https:\/\/internacional.umh.es\/files\/2023\/04\/gv_conselleria_transparencia_cmyk_cast-300x203-1.png","width":300,"height":203},{"@type":"WebPage","@id":"https:\/\/internacional.umh.es\/ca\/cooperacion-y-voluntariado\/cooperacion-al-desarrollo\/convenio-cooperacion-universitaria-al-desarrollo\/convenio-2021\/#webpage","url":"https:\/\/internacional.umh.es\/ca\/cooperacion-y-voluntariado\/cooperacion-al-desarrollo\/convenio-cooperacion-universitaria-al-desarrollo\/convenio-2021\/","name":"2021 Call - International Relations and Cooperation","isPartOf":{"@id":"https:\/\/internacional.umh.es\/en\/#website"},"primaryImageOfPage":{"@id":"https:\/\/internacional.umh.es\/ca\/cooperacion-y-voluntariado\/cooperacion-al-desarrollo\/convenio-cooperacion-universitaria-al-desarrollo\/convenio-2021\/#primaryimage"},"datePublished":"2022-05-27T09:39:40+00:00","dateModified":"2025-04-16T11:27:53+00:00","breadcrumb":{"@id":"https:\/\/internacional.umh.es\/ca\/cooperacion-y-voluntariado\/cooperacion-al-desarrollo\/convenio-cooperacion-universitaria-al-desarrollo\/convenio-2021\/#breadcrumb"},"inLanguage":"en-US","potentialAction":[{"@type":"ReadAction","target":["https:\/\/internacional.umh.es\/ca\/cooperacion-y-voluntariado\/cooperacion-al-desarrollo\/convenio-cooperacion-universitaria-al-desarrollo\/convenio-2021\/"]}]},{"@type":"BreadcrumbList","@id":"https:\/\/internacional.umh.es\/ca\/cooperacion-y-voluntariado\/cooperacion-al-desarrollo\/convenio-cooperacion-universitaria-al-desarrollo\/convenio-2021\/#breadcrumb","itemListElement":[{"@type":"ListItem","position":1,"name":"Home","item":"https:\/\/internacional.umh.es\/en\/"},{"@type":"ListItem","position":2,"name":"COOPERACI\u00d3 I VOLUNTARIAT","item":"https:\/\/internacional.umh.es\/ca\/cooperacion-y-voluntariado\/"},{"@type":"ListItem","position":3,"name":"Cooperaci\u00f3 aI Desenvolupament","item":"https:\/\/internacional.umh.es\/ca\/cooperacion-y-voluntariado\/cooperacion-al-desarrollo\/"},{"@type":"ListItem","position":4,"name":"Convenis de Cooperaci\u00f3 Universitaria al Desenvolupament","item":"https:\/\/internacional.umh.es\/ca\/cooperacion-y-voluntariado\/cooperacion-al-desarrollo\/convenio-cooperacion-universitaria-al-desarrollo\/"},{"@type":"ListItem","position":5,"name":"(Espa\u00f1ol) Convenio 2021"}]}]}},"_links":{"self":[{"href":"https:\/\/internacional.umh.es\/en\/wp-json\/wp\/v2\/pages\/26597"}],"collection":[{"href":"https:\/\/internacional.umh.es\/en\/wp-json\/wp\/v2\/pages"}],"about":[{"href":"https:\/\/internacional.umh.es\/en\/wp-json\/wp\/v2\/types\/page"}],"author":[{"embeddable":true,"href":"https:\/\/internacional.umh.es\/en\/wp-json\/wp\/v2\/users\/6508"}],"replies":[{"embeddable":true,"href":"https:\/\/internacional.umh.es\/en\/wp-json\/wp\/v2\/comments?post=26597"}],"version-history":[{"count":0,"href":"https:\/\/internacional.umh.es\/en\/wp-json\/wp\/v2\/pages\/26597\/revisions"}],"up":[{"embeddable":true,"href":"https:\/\/internacional.umh.es\/en\/wp-json\/wp\/v2\/pages\/14118"}],"wp:attachment":[{"href":"https:\/\/internacional.umh.es\/en\/wp-json\/wp\/v2\/media?parent=26597"}],"curies":[{"name":"wp","href":"https:\/\/api.w.org\/{rel}","templated":true}]}}