{"id":26705,"date":"2022-06-02T10:43:37","date_gmt":"2022-06-02T08:43:37","guid":{"rendered":"https:\/\/internacional.umh.es\/?page_id=26705"},"modified":"2023-10-23T11:57:15","modified_gmt":"2023-10-23T09:57:15","slug":"website-en-chino","status":"publish","type":"page","link":"https:\/\/internacional.umh.es\/en\/incoming\/website-en-chino\/","title":{"rendered":"Chinese website"},"content":{"rendered":"<p class=\"qtranxs-available-languages-message qtranxs-available-languages-message-en\">Sorry, this entry is only available in <a href=\"https:\/\/internacional.umh.es\/es\/wp-json\/wp\/v2\/pages\/26705\" class=\"qtranxs-available-language-link qtranxs-available-language-link-es\" title=\"Espa\u00f1ol\">European Spanish<\/a> and <a href=\"https:\/\/internacional.umh.es\/ca\/wp-json\/wp\/v2\/pages\/26705\" class=\"qtranxs-available-language-link qtranxs-available-language-link-ca\" title=\"Valenci\u00e0\">Catalan<\/a>.<\/p>","protected":false},"excerpt":{"rendered":"<p>Sorry, this entry is only available in European Spanish and Catalan.<\/p>\n","protected":false},"author":3107,"featured_media":0,"parent":8,"menu_order":18,"comment_status":"closed","ping_status":"closed","template":"","meta":{"ngg_post_thumbnail":0,"_links_to":"","_links_to_target":""},"yoast_head":"<!-- This site is optimized with the Yoast SEO plugin v17.5 - https:\/\/yoast.com\/wordpress\/plugins\/seo\/ -->\n<meta name=\"description\" content=\"El Vicerrectorado de RR.II. UMH y el Servicio de Comunicaci\u00f3n lanza una nueva website en chino para la proyecci\u00f3n en el continente asi\u00e1tico.\" \/>\n<meta name=\"robots\" content=\"index, follow, max-snippet:-1, max-image-preview:large, max-video-preview:-1\" \/>\n<link rel=\"canonical\" href=\"https:\/\/internacional.umh.es\/en\/incoming\/website-en-chino\/\" \/>\n<meta property=\"og:locale\" content=\"en_US\" \/>\n<meta property=\"og:type\" content=\"article\" \/>\n<meta property=\"og:title\" content=\"Chinese website - International Relations and Cooperation\" \/>\n<meta property=\"og:description\" content=\"El Vicerrectorado de RR.II. UMH y el Servicio de Comunicaci\u00f3n lanza una nueva website en chino para la proyecci\u00f3n en el continente asi\u00e1tico.\" \/>\n<meta property=\"og:url\" content=\"https:\/\/internacional.umh.es\/incoming\/website-en-chino\/\" \/>\n<meta property=\"og:site_name\" content=\"International Relations and Cooperation\" \/>\n<meta property=\"article:modified_time\" content=\"2023-10-23T09:57:15+00:00\" \/>\n<meta property=\"og:image\" content=\"https:\/\/internacional.umh.es\/files\/2022\/06\/UMH-Website-en-chino-1024x420.png\" \/>\n<meta name=\"twitter:card\" content=\"summary_large_image\" \/>\n<meta name=\"twitter:label1\" content=\"Est. reading time\" \/>\n\t<meta name=\"twitter:data1\" content=\"2 minutes\" \/>\n<script type=\"application\/ld+json\" class=\"yoast-schema-graph\">{\"@context\":\"https:\/\/schema.org\",\"@graph\":[{\"@type\":\"WebSite\",\"@id\":\"https:\/\/internacional.umh.es\/en\/#website\",\"url\":\"https:\/\/internacional.umh.es\/en\/\",\"name\":\"International Relations and Cooperation\",\"description\":\"Miguel Hernandez University of Elche\",\"potentialAction\":[{\"@type\":\"SearchAction\",\"target\":{\"@type\":\"EntryPoint\",\"urlTemplate\":\"https:\/\/internacional.umh.es\/en\/?s={search_term_string}\"},\"query-input\":\"required name=search_term_string\"}],\"inLanguage\":\"en-US\"},{\"@type\":\"WebPage\",\"@id\":\"https:\/\/internacional.umh.es\/incoming\/website-en-chino\/#webpage\",\"url\":\"https:\/\/internacional.umh.es\/incoming\/website-en-chino\/\",\"name\":\"Chinese website - International Relations and Cooperation\",\"isPartOf\":{\"@id\":\"https:\/\/internacional.umh.es\/en\/#website\"},\"datePublished\":\"2022-06-02T08:43:37+00:00\",\"dateModified\":\"2023-10-23T09:57:15+00:00\",\"description\":\"El Vicerrectorado de RR.II. UMH y el Servicio de Comunicaci\\u00f3n lanza una nueva website en chino para la proyecci\\u00f3n en el continente asi\\u00e1tico.\",\"breadcrumb\":{\"@id\":\"https:\/\/internacional.umh.es\/incoming\/website-en-chino\/#breadcrumb\"},\"inLanguage\":\"en-US\",\"potentialAction\":[{\"@type\":\"ReadAction\",\"target\":[\"https:\/\/internacional.umh.es\/incoming\/website-en-chino\/\"]}]},{\"@type\":\"BreadcrumbList\",\"@id\":\"https:\/\/internacional.umh.es\/incoming\/website-en-chino\/#breadcrumb\",\"itemListElement\":[{\"@type\":\"ListItem\",\"position\":1,\"name\":\"Home\",\"item\":\"https:\/\/internacional.umh.es\/en\/\"},{\"@type\":\"ListItem\",\"position\":2,\"name\":\"INCOMING\",\"item\":\"https:\/\/internacional.umh.es\/incoming\/\"},{\"@type\":\"ListItem\",\"position\":3,\"name\":\"Website en chino\"}]}]}<\/script>\n<!-- \/ Yoast SEO plugin. -->","yoast_head_json":{"description":"El Vicerrectorado de RR.II. UMH y el Servicio de Comunicaci\u00f3n lanza una nueva website en chino para la proyecci\u00f3n en el continente asi\u00e1tico.","robots":{"index":"index","follow":"follow","max-snippet":"max-snippet:-1","max-image-preview":"max-image-preview:large","max-video-preview":"max-video-preview:-1"},"canonical":"https:\/\/internacional.umh.es\/en\/incoming\/website-en-chino\/","og_locale":"en_US","og_type":"article","og_title":"Chinese website - International Relations and Cooperation","og_description":"El Vicerrectorado de RR.II. UMH y el Servicio de Comunicaci\u00f3n lanza una nueva website en chino para la proyecci\u00f3n en el continente asi\u00e1tico.","og_url":"https:\/\/internacional.umh.es\/incoming\/website-en-chino\/","og_site_name":"International Relations and Cooperation","article_modified_time":"2023-10-23T09:57:15+00:00","og_image":[{"url":"https:\/\/internacional.umh.es\/files\/2022\/06\/UMH-Website-en-chino-1024x420.png"}],"twitter_card":"summary_large_image","twitter_misc":{"Est. reading time":"2 minutes"},"schema":{"@context":"https:\/\/schema.org","@graph":[{"@type":"WebSite","@id":"https:\/\/internacional.umh.es\/en\/#website","url":"https:\/\/internacional.umh.es\/en\/","name":"International Relations and Cooperation","description":"Miguel Hernandez University of Elche","potentialAction":[{"@type":"SearchAction","target":{"@type":"EntryPoint","urlTemplate":"https:\/\/internacional.umh.es\/en\/?s={search_term_string}"},"query-input":"required name=search_term_string"}],"inLanguage":"en-US"},{"@type":"WebPage","@id":"https:\/\/internacional.umh.es\/incoming\/website-en-chino\/#webpage","url":"https:\/\/internacional.umh.es\/incoming\/website-en-chino\/","name":"Chinese website - International Relations and Cooperation","isPartOf":{"@id":"https:\/\/internacional.umh.es\/en\/#website"},"datePublished":"2022-06-02T08:43:37+00:00","dateModified":"2023-10-23T09:57:15+00:00","description":"El Vicerrectorado de RR.II. UMH y el Servicio de Comunicaci\u00f3n lanza una nueva website en chino para la proyecci\u00f3n en el continente asi\u00e1tico.","breadcrumb":{"@id":"https:\/\/internacional.umh.es\/incoming\/website-en-chino\/#breadcrumb"},"inLanguage":"en-US","potentialAction":[{"@type":"ReadAction","target":["https:\/\/internacional.umh.es\/incoming\/website-en-chino\/"]}]},{"@type":"BreadcrumbList","@id":"https:\/\/internacional.umh.es\/incoming\/website-en-chino\/#breadcrumb","itemListElement":[{"@type":"ListItem","position":1,"name":"Home","item":"https:\/\/internacional.umh.es\/en\/"},{"@type":"ListItem","position":2,"name":"INCOMING","item":"https:\/\/internacional.umh.es\/incoming\/"},{"@type":"ListItem","position":3,"name":"Website en chino"}]}]}},"_links":{"self":[{"href":"https:\/\/internacional.umh.es\/en\/wp-json\/wp\/v2\/pages\/26705"}],"collection":[{"href":"https:\/\/internacional.umh.es\/en\/wp-json\/wp\/v2\/pages"}],"about":[{"href":"https:\/\/internacional.umh.es\/en\/wp-json\/wp\/v2\/types\/page"}],"author":[{"embeddable":true,"href":"https:\/\/internacional.umh.es\/en\/wp-json\/wp\/v2\/users\/3107"}],"replies":[{"embeddable":true,"href":"https:\/\/internacional.umh.es\/en\/wp-json\/wp\/v2\/comments?post=26705"}],"version-history":[{"count":0,"href":"https:\/\/internacional.umh.es\/en\/wp-json\/wp\/v2\/pages\/26705\/revisions"}],"up":[{"embeddable":true,"href":"https:\/\/internacional.umh.es\/en\/wp-json\/wp\/v2\/pages\/8"}],"wp:attachment":[{"href":"https:\/\/internacional.umh.es\/en\/wp-json\/wp\/v2\/media?parent=26705"}],"curies":[{"name":"wp","href":"https:\/\/api.w.org\/{rel}","templated":true}]}}