{"id":268,"date":"2011-11-10T14:21:54","date_gmt":"2011-11-10T12:21:54","guid":{"rendered":"http:\/\/internacional.umh.es\/pas\/erasmus-para-pas\/"},"modified":"2026-04-01T11:19:25","modified_gmt":"2026-04-01T09:19:25","slug":"erasmus","status":"publish","type":"page","link":"https:\/\/internacional.umh.es\/en\/movilidad\/pas\/erasmus\/","title":{"rendered":"Erasmus Technical, Management, Administrative &amp; Services and Research Personnel (PTGAS) &#8211; Training stays"},"content":{"rendered":"<p><img loading=\"lazy\" class=\"wp-image-17766 alignnone\" title=\"El Programa Erasmus+ de la UE cofinancia las siguientes convocatorias Erasmus+ PAS para la UMH\" src=\"https:\/\/internacional.umh.es\/files\/2021\/01\/logo-cofinanciado-ue.png\" alt=\"Logo Cofinanciado por el Programa Erasmus PAS Uni\u00f3n Europea\" width=\"285\" height=\"65\" srcset=\"https:\/\/internacional.umh.es\/files\/2021\/01\/logo-cofinanciado-ue.png 512w, https:\/\/internacional.umh.es\/files\/2021\/01\/logo-cofinanciado-ue-300x69.png 300w\" sizes=\"(max-width: 285px) 100vw, 285px\" \/><\/p>\n<hr>\n<h4>Links of interest:<\/h4>\n<ul>\n<li><a title=\"Lo ver\u00e1s en una nueva ventana\" href=\"https:\/\/internacional.umh.es\/files\/2021\/05\/Erasmus-Charter-for-Higher-Education.pdf\" target=\"_blank\" rel=\"noopener\">Erasmus Charter 2021-2027 (710Kb Ingl\u00e9s .pdf)<\/a><\/li>\n<\/ul>\n<hr>\n<p><strong>2025 &#8211; 2026 Call<\/strong><\/p>\n<div>\n<p><span style=\"color: #ff0000\"><strong><a href=\"https:\/\/internacional.umh.es\/files\/2026\/01\/Plantillas-Puiblicaciones-convocatorias-17.png\"><img loading=\"lazy\" class=\"size-medium wp-image-42593 alignleft\" src=\"https:\/\/internacional.umh.es\/files\/2026\/01\/Plantillas-Puiblicaciones-convocatorias-17-240x300.png\" alt=\"\" width=\"240\" height=\"300\" srcset=\"https:\/\/internacional.umh.es\/files\/2026\/01\/Plantillas-Puiblicaciones-convocatorias-17-240x300.png 240w, https:\/\/internacional.umh.es\/files\/2026\/01\/Plantillas-Puiblicaciones-convocatorias-17-819x1024.png 819w, https:\/\/internacional.umh.es\/files\/2026\/01\/Plantillas-Puiblicaciones-convocatorias-17-768x960.png 768w, https:\/\/internacional.umh.es\/files\/2026\/01\/Plantillas-Puiblicaciones-convocatorias-17.png 1080w\" sizes=\"(max-width: 240px) 100vw, 240px\" \/><\/a><\/strong><\/span><\/p>\n<div>\n<div class=\"gmail_default\" style=\"text-align: justify\"><span style=\"color: #ff0000\"><strong>NEW (March 27, 2026) <\/strong><\/span>The Vice Rectorate for Internationalization and Cooperation at the Miguel Hern\u00e1ndez University of Elche (UMH) hereby publishes the definitive list of financial aid awarded from the second call of the Erasmus+ mobility program for university staff (PTGAS) for the 2025 &#8211; 2026 school year.<\/div>\n<\/div>\n<div>&nbsp;<\/div>\n<div>\n<ul>\n<li><a href=\"https:\/\/boumh.umh.es\/files\/2026\/03\/RR_00783_2026.pdf\">Definitive list of allocations<\/a><\/li>\n<\/ul>\n<\/div>\n<\/div>\n<div>&nbsp;<\/div>\n<div>\n<hr>\n<\/div>\n<div>\n<div>\n<div>&nbsp;<\/div>\n<div class=\"gmail_default\" style=\"text-align: justify\"><strong>(March 6, 2026) <\/strong>&nbsp;The Vice Rectorate for Internationalization and Cooperation at the Miguel Hern\u00e1ndez University of Elche (UMH) hereby publishes the definitive list of applications accepted and those rejected in addition to the provisional list of financial aid awarded from the second call of the Erasmus+ mobility program for university staff (PTGAS) for training during the 2025 &#8211; 2026 school year.<\/div>\n<ul>\n<li><span style=\"font-family: tahoma, sans-serif\"><a href=\"https:\/\/boumh.umh.es\/files\/2026\/03\/ES_U05500001_2026_DOCH-0000000000000000000070774.pdf\" target=\"_blank\" rel=\"noopener\" data-saferedirecturl=\"https:\/\/www.google.com\/url?q=https:\/\/boumh.umh.es\/files\/2026\/03\/ES_U05500001_2026_DOCH-0000000000000000000070774.pdf&amp;source=gmail&amp;ust=1772887859214000&amp;usg=AOvVaw0VELZOCOYJ4xoNo22ObusK\">Provisional list of allocations<\/a><\/span><\/li>\n<li><a href=\"https:\/\/boumh.umh.es\/files\/2026\/02\/RR_00508_2026.pdf\" target=\"_blank\" rel=\"noopener\" data-saferedirecturl=\"https:\/\/www.google.com\/url?q=https:\/\/boumh.umh.es\/files\/2026\/02\/RR_00508_2026.pdf&amp;source=gmail&amp;ust=1772887859214000&amp;usg=AOvVaw2DGOkXJJpVEajgAC4MAPCj\">Definitive list of applications accepted and those rejected<\/a><\/li>\n<\/ul>\n<\/div>\n<div class=\"gmail_default\" style=\"text-align: justify\">The period for filing claims is open March 9 &#8211; 23, 2026. This is done via the Electronic Office at the very electronic file that is found at <em>Mis tr\u00e1mites\/Mis expedientes<\/em>. Then, click <em>Detalle<\/em> from the file, and then the option, <em>Subsanar\/otros tr\u00e1mites<\/em>.<\/div>\n<ul>\n<li>\n<hr>\n<\/li>\n<\/ul>\n<p style=\"text-align: justify\"><strong>(February 10, 2026)<\/strong> The Vice Rectorate for Internationalization and Cooperation at the Miguel Hern\u00e1ndez University of Elche (UMH) hereby publishes the provisional list of applications accepted and those rejected from the second call for applications for the Erasmus+ Mobility Program for training (STT) for UMH technical, management, and administrative &amp; services staff for the 2025-2026 school year.<\/p>\n<p>The list may be consulted at the following link:<\/p>\n<ul>\n<li><a href=\"https:\/\/boumh.umh.es\/files\/2026\/02\/ES_U05500001_2026_DOCH-0000000000000000000042558.pdf\" target=\"_blank\" rel=\"noopener\">Provisional list of applications accepted and rejected<\/a><\/li>\n<\/ul>\n<p style=\"text-align: justify\">The period for making corrections and\/or filing claims is open February 11 &#8211; 24, 2026. This is done over the ELECTRONIC OFFICE with the electronic file that is found at <em>Mis tr\u00e1mites\/Mis expedientes<\/em>. From the file, click <em>Detalle<\/em>, and then the option, <em>Subsanar\/otros tr\u00e1mites<\/em>.<\/p>\n<hr>\n<p style=\"text-align: justify\"><strong>(December 12, 2025)<\/strong>&nbsp;The Vice Rectorate for Internationalization and Cooperation at the Miguel Hern\u00e1ndez University of Elche (UMH) hereby publishes the second call for applications for the Erasmus+ Mobility Program for training (STT) for UMH technical, management, and administrative &amp; services staff for the 2025-2026 school year. Individuals interested in applying for aid may do so via the UMH Electronic Office here: (<a href=\"https:\/\/sede.umh.es\/procedimientos\/movilidadprograma-internacional-de-salida-para-ptgas\/\" data-saferedirecturl=\"https:\/\/www.google.com\/url?q=https:\/\/sede.umh.es\/procedimientos\/movilidadprograma-internacional-de-salida-para-ptgas\/&amp;source=gmail&amp;ust=1765613475986000&amp;usg=AOvVaw3nahgzUi29n7QwY0rIA65J\">https:\/\/sede.umh.es\/procedimientos\/movilidadprograma-internacional-de-salida-para-ptgas\/<\/a>) To consult the complete information, click the following link:<\/p>\n<ul>\n<li style=\"font-weight: 400\"><a href=\"https:\/\/boumh.umh.es\/files\/2025\/12\/RR_03472_2025.pdf\" target=\"_blank\" rel=\"noopener\"><strong>Complete text of the call<\/strong><\/a><\/li>\n<li style=\"font-weight: 400\"><a href=\"https:\/\/internacional.umh.es\/files\/2025\/12\/DOGV.-2025_50386_es.pdf\" target=\"_blank\" rel=\"noopener\">Extract as it appears in the DOGV&nbsp;<\/a><\/li>\n<\/ul>\n<p style=\"font-weight: 400\">The period for submitting applications is open December 17, 2025, through January 20, 2026.<\/p>\n<p style=\"font-weight: 400\"><strong>Annexes of the call:<\/strong><\/p>\n<ul>\n<li style=\"font-weight: 400\"><a href=\"https:\/\/internacional.umh.es\/files\/2025\/12\/ANEXO-II.-Paises-Elegibles.pdf\" target=\"_blank\" rel=\"noopener\"><strong><u>Anexo II: List of participating countries<\/u><\/strong>&nbsp;<\/a>(for the training modality)<\/li>\n<li><a href=\"https:\/\/internacional.umh.es\/files\/2026\/01\/3.b-HE-Mobility-agreement-for-training-KA131-2024-EN.docx\" target=\"_blank\" rel=\"noopener\"><strong><u>Anexo III: Staff Mobility for Training<\/u><\/strong><\/a><\/li>\n<li><a href=\"https:\/\/internacional.umh.es\/files\/2025\/12\/modelo-de-Invitation-Letter-6.docx\" target=\"_blank\" rel=\"noopener\"><strong><u>Invitation letter model<\/u><\/strong><\/a><\/li>\n<\/ul>\n<p style=\"font-weight: 400\">The required documentation is as follows:<\/p>\n<ol>\n<li style=\"font-weight: 400\">Accrediting documents for stated merits.<\/li>\n<li style=\"font-weight: 400;text-align: justify\">Invitation letter from destination institution.&nbsp;Any document is accepted, either a hard copy as well as electronic, provided it is signed by the authorizing person and makes express reference to the applicant and the proposed training activity and the dates of the mobility<\/li>\n<li style=\"font-weight: 400;text-align: justify\">Mobility Agreement from Annex III, ccompleted and signed by the applicant and the individual responsible from the department\/service\/center&nbsp; (the signature of the destination institution is not required at the time the application is submitted).<\/li>\n<li style=\"font-weight: 400\">Certificate of knowledge of languages.<\/li>\n<\/ol>\n<p style=\"font-weight: 400;text-align: justify\">All documents that must be attached are submitted via the Electronic Office: <a href=\"https:\/\/sede.umh.es\/procedimientos\/movilidad-programa-internacional-de-salida-para-ptgas\/\" target=\"_blank\" rel=\"noopener\">https:\/\/sede.umh.es\/procedimientos\/movilidad-programa-internacional-de-salida-para-ptgas\/<\/a><\/p>\n<\/div>\n<div>\n<hr>\n<p style=\"text-align: justify\">(July 28, 2025) The Vice Rectorate for Internationalization and Cooperation at the Miguel Hern\u00e1ndez University of Elche (UMH) hereby publishes the provisional &nbsp;list of financial aid awarded for the Erasmus+ international mobility program for university staff during the 2025-2026 school year.<\/p>\n<\/div>\n<div>&nbsp;<\/div>\n<ul>\n<li><strong><a href=\"https:\/\/boumh.umh.es\/files\/2025\/07\/ES_U05500001_2025_DOCH-0000000000000000000258326.pdf\" target=\"_blank\" rel=\"noopener\">Provisional list of awarded financial aid<\/a><\/strong>(period for filing claims open until August 8, 2025)<\/li>\n<li><a href=\"https:\/\/boumh.umh.es\/files\/2025\/07\/RR_01810_2025.pdf\" target=\"_blank\" rel=\"noopener\"><strong>Definitive list of applications accepted and those rejected from processing<\/strong><\/a><\/li>\n<\/ul>\n<hr>\n<p style=\"text-align: justify\"><strong>(June 25, 2025)<\/strong>&nbsp;The Vice Rectorate for Internationalization and Cooperation at the Miguel Hern\u00e1ndez University of Elche (UMH) hereby publishes the provisional list of applications accepted and those rejected from the Erasmus+ mobility program call for training for technical, management, and administrative &amp; services personnel for the 2025-2026 school year.<\/p>\n<p>The list may be consulted at the following link:<\/p>\n<p><strong><a href=\"https:\/\/internacional.umh.es\/files\/2025\/06\/Listado-provisional-admi-y-exclui.pdf\" target=\"_blank\" rel=\"noopener\">Provisional list of applicatons accepted and rejected&nbsp;<\/a><\/strong><\/p>\n<p>El plazo para subsanar o presentar una alegaci\u00f3n ser\u00e1 hasta el 8 de julio de 2025&nbsp;a trav\u00e9s de la sede electr\u00f3nica en el propio expediente electr\u00f3nico que se encuentra en \u00abMis tr\u00e1mites \/ Mis expedientes\u00bb. Pinchando en \u00abDetalle\u00bb del expediente, opci\u00f3n \u00abSubsanar\/otros tr\u00e1mites\u00bb.<\/p>\n<hr>\n<p style=\"text-align: justify\"><span style=\"color: #000000\"><strong>(May 30, 2025) <\/strong><\/span>The Vice Rectorate for Internationalization and Cooperation at the Miguel Hern\u00e1ndez University of Elche (UMH) hereby publishes the call from the Erasmus+ mobility program for staff traineeships (STT) for technical, management, administrative &amp; services personnel at the UMH for the 2025-2026 school year. Individuals interested in applying for financial aid may do so via the UMH Electronic Office. (<a href=\"https:\/\/sede.umh.es\/procedimientos\/movilidad-programa-internacional-de-salida-para-ptgas\/\" data-saferedirecturl=\"https:\/\/www.google.com\/url?q=https:\/\/sede.umh.es\/procedimientos\/movilidadprograma-internacional-de-salida-para-ptgas\/&amp;source=gmail&amp;ust=1748680216105000&amp;usg=AOvVaw3P0MVzwKHD_DSGFtioF6DQ\">https:\/\/sede.umh.es\/procedimientos\/movilidad-programa-internacional-de-salida-para-ptgas\/<\/a>). The complete text of the call may be consulted at the following links:<\/p>\n<ul>\n<li style=\"font-weight: 400\"><strong><a href=\"https:\/\/internacional.umh.es\/files\/2025\/05\/RR_01334_2025.pdf\" target=\"_blank\" rel=\"noopener\">Complete text of the call<\/a><\/strong><\/li>\n<li style=\"font-weight: 400\"><strong><a href=\"https:\/\/internacional.umh.es\/files\/2025\/06\/DOGV.2025_19411_es.pdf\" target=\"_blank\" rel=\"noopener\">Extract from the DOGV<\/a><\/strong><\/li>\n<\/ul>\n<p style=\"font-weight: 400\">The application period is open June 3 &#8211; 16, 2025.<\/p>\n<p style=\"font-weight: 400\"><strong>Annexes of the call:<\/strong><\/p>\n<ul style=\"font-weight: 400\">\n<li><a href=\"https:\/\/internacional.umh.es\/files\/2025\/05\/ANEXO-II.-Paises-Elegibles.pdf\" target=\"_blank\" rel=\"noopener\"><strong><u>Annex II: List of participating countries <\/u><\/strong><\/a>(for the training modality)<\/li>\n<li><a href=\"https:\/\/internacional.umh.es\/files\/2025\/06\/3.b-HE-Mobility-agreement-for-training-KA131-2024-EN.docx\" target=\"_blank\" rel=\"noopener\"><strong><u>A<\/u><\/strong><strong><u>nexo III: Staff Mobility for Training<\/u><\/strong><\/a><\/li>\n<li><a href=\"https:\/\/internacional.umh.es\/files\/2025\/05\/modelo-de-Invitation-Letter-6.doc\" target=\"_blank\" rel=\"noopener\"><strong><u>Invitation letter model<\/u><\/strong><\/a><\/li>\n<\/ul>\n<p style=\"font-weight: 400\">The required documentation includes the following:<\/p>\n<ol>\n<li style=\"font-weight: 400\">Accrediting documents for stated merits.<\/li>\n<li style=\"font-weight: 400\">Invitation letter from destination institution. Any document is accepted, either a hard copy as well as electronic, provided it is signed by the authorizing person and makes express reference to the applicant and the proposed training activity and the mobility dates.<\/li>\n<li style=\"font-weight: 400;text-align: justify\">Mobility Agreement from Annex III, completed and signed by the applicant and the individual responsible from the department\/service\/center&nbsp; (the signature of the destination institution is not required at the time the application is submitted).<\/li>\n<li style=\"font-weight: 400\"><strong>Certificate of knowledge of languages.<\/strong><\/li>\n<\/ol>\n<p style=\"font-weight: 400\">All required documents are submitted via the following:<\/p>\n<p style=\"font-weight: 400\">(<a href=\"https:\/\/sede.umh.es\/procedimientos\/movilidadprograma-internacional-de-salida-para-ptgas\/\" data-saferedirecturl=\"https:\/\/www.google.com\/url?q=https:\/\/sede.umh.es\/procedimientos\/movilidadprograma-internacional-de-salida-para-ptgas\/&amp;source=gmail&amp;ust=1748680216105000&amp;usg=AOvVaw3P0MVzwKHD_DSGFtioF6DQ\">https:\/\/sede.umh.es\/procedimientos\/movilidadprograma-internacional-de-salida-para-ptgas\/<\/a>)<\/p>\n<hr>\n<h4><strong>Previous calls<\/strong><\/h4>\n<ul>\n<li><strong><a href=\"https:\/\/internacional.umh.es\/erasmus-ptgas-2024-2025\/\" target=\"_blank\" rel=\"noopener\">ERASMUS Staff 2024-2025<\/a><\/strong><\/li>\n<li><strong><a href=\"https:\/\/internacional.umh.es\/convocatoria-2023-2024\/\">ERASMUS <\/a><a href=\"https:\/\/internacional.umh.es\/erasmus-ptgas-2024-2025\/\" target=\"_blank\" rel=\"noopener\">Staff <\/a><a href=\"https:\/\/internacional.umh.es\/convocatoria-2023-2024\/\">2023\/2024<\/a><\/strong><\/li>\n<li><strong><a href=\"https:\/\/internacional.umh.es\/erasmus-pas-2022-2023\/\">ERASMUS <\/a><a href=\"https:\/\/internacional.umh.es\/erasmus-ptgas-2024-2025\/\" target=\"_blank\" rel=\"noopener\">Staff <\/a><a href=\"https:\/\/internacional.umh.es\/erasmus-pas-2022-2023\/\">2022\/2023<\/a><\/strong><\/li>\n<li><a href=\"https:\/\/internacional.umh.es\/erasmus-pas-2021-2022\/\"><span style=\"text-decoration: underline\"><strong>ERASMUS <\/strong><\/span><\/a><strong><a href=\"https:\/\/internacional.umh.es\/erasmus-ptgas-2024-2025\/\" target=\"_blank\" rel=\"noopener\">Staff <\/a>2021\/2022<\/strong><\/li>\n<li><strong><a title=\"Accede ahora a la convocatoria Erasmus+ PAS 2020-21\" href=\"https:\/\/internacional.umh.es\/movilidad\/pas\/erasmus\/erasmus-pas-2020-2021\/\">ERASMUS <\/a><a href=\"https:\/\/internacional.umh.es\/erasmus-ptgas-2024-2025\/\" target=\"_blank\" rel=\"noopener\">Staff <\/a><a title=\"Accede ahora a la convocatoria Erasmus+ PAS 2020-21\" href=\"https:\/\/internacional.umh.es\/movilidad\/pas\/erasmus\/erasmus-pas-2020-2021\/\">2020\/2021<\/a><\/strong><\/li>\n<li><strong><a title=\"Accede ahora a la convocatoria Erasmus+ PAS 2019-20\" href=\"https:\/\/internacional.umh.es\/erasmus-pas-2019-2020\/\">ERASMUS <\/a><a href=\"https:\/\/internacional.umh.es\/erasmus-ptgas-2024-2025\/\" target=\"_blank\" rel=\"noopener\">Staff <\/a><a title=\"Accede ahora a la convocatoria Erasmus+ PAS 2019-20\" href=\"https:\/\/internacional.umh.es\/erasmus-pas-2019-2020\/\">2019\/2020<\/a><\/strong><\/li>\n<li><strong><a title=\"Accede ahora a la convocatoria Erasmus+ PAS 2018-19\" href=\"https:\/\/internacional.umh.es\/erasmus-pas-2018-2019\/\">ERASMUS <\/a><a href=\"https:\/\/internacional.umh.es\/erasmus-ptgas-2024-2025\/\" target=\"_blank\" rel=\"noopener\">Staff <\/a><a title=\"Accede ahora a la convocatoria Erasmus+ PAS 2018-19\" href=\"https:\/\/internacional.umh.es\/erasmus-pas-2018-2019\/\">2018\/2019<\/a><\/strong><\/li>\n<li><strong><a title=\"Accede ahora a la convocatoria Erasmus+ PAS 2017-18\" href=\"https:\/\/internacional.umh.es\/erasmus-pas-2017-2018\/\">ERASMUS <\/a><a href=\"https:\/\/internacional.umh.es\/erasmus-ptgas-2024-2025\/\" target=\"_blank\" rel=\"noopener\">Staff <\/a><a title=\"Accede ahora a la convocatoria Erasmus+ PAS 2017-18\" href=\"https:\/\/internacional.umh.es\/erasmus-pas-2017-2018\/\">2017\/2018<\/a><\/strong><\/li>\n<\/ul>\n<p>&nbsp;<\/p>","protected":false},"excerpt":{"rendered":"<p>Links of interest:<\/p>\n<p>Erasmus Charter 2021-2027 (710Kb Ingl\u00e9s .pdf)<\/p>\n<p>2025 &#8211; 2026 Call<\/p>\n<p>NEW (March 27, 2026) The Vice Rectorate for Internationalization and Cooperation at the Miguel Hern\u00e1ndez University of Elche (UMH) hereby publishes the definitive list of financial aid awarded from the second call of the Erasmus+ mobility program for university staff (PTGAS) for the 2025 &#8211; [&#8230;]<\/p>\n","protected":false},"author":30,"featured_media":0,"parent":171,"menu_order":1,"comment_status":"closed","ping_status":"closed","template":"","meta":{"ngg_post_thumbnail":0,"_links_to":"","_links_to_target":""},"yoast_head":"<!-- This site is optimized with the Yoast SEO plugin v17.5 - https:\/\/yoast.com\/wordpress\/plugins\/seo\/ -->\n<meta name=\"description\" content=\"El Vicerrectorado de RR.II. de la UMH publica las convocatorias del Programa de Movilidad ERASMUS+ para PAS formaci\u00f3n (STT) curso 2022-2023\" \/>\n<meta name=\"robots\" content=\"index, follow, max-snippet:-1, max-image-preview:large, max-video-preview:-1\" \/>\n<link rel=\"canonical\" href=\"https:\/\/internacional.umh.es\/en\/movilidad\/pas\/erasmus\/\" \/>\n<meta property=\"og:locale\" content=\"en_US\" \/>\n<meta property=\"og:type\" content=\"article\" \/>\n<meta property=\"og:title\" content=\"Erasmus Technical, Management, Administrative &amp; Services and Research Personnel (PTGAS) - Training stays - International Relations and Cooperation\" \/>\n<meta property=\"og:description\" content=\"El Vicerrectorado de RR.II. de la UMH publica las convocatorias del Programa de Movilidad ERASMUS+ para PAS formaci\u00f3n (STT) curso 2022-2023\" \/>\n<meta property=\"og:url\" content=\"https:\/\/internacional.umh.es\/movilidad\/pas\/erasmus\/\" \/>\n<meta property=\"og:site_name\" content=\"International Relations and Cooperation\" \/>\n<meta property=\"article:modified_time\" content=\"2026-04-01T09:19:25+00:00\" \/>\n<meta property=\"og:image\" content=\"https:\/\/internacional.umh.es\/files\/2021\/01\/logo-cofinanciado-ue.png\" \/>\n<meta name=\"twitter:card\" content=\"summary_large_image\" \/>\n<meta name=\"twitter:label1\" content=\"Est. reading time\" \/>\n\t<meta name=\"twitter:data1\" content=\"5 minutes\" \/>\n<script type=\"application\/ld+json\" class=\"yoast-schema-graph\">{\"@context\":\"https:\/\/schema.org\",\"@graph\":[{\"@type\":\"WebSite\",\"@id\":\"https:\/\/internacional.umh.es\/en\/#website\",\"url\":\"https:\/\/internacional.umh.es\/en\/\",\"name\":\"International Relations and Cooperation\",\"description\":\"Miguel Hernandez University of Elche\",\"potentialAction\":[{\"@type\":\"SearchAction\",\"target\":{\"@type\":\"EntryPoint\",\"urlTemplate\":\"https:\/\/internacional.umh.es\/en\/?s={search_term_string}\"},\"query-input\":\"required name=search_term_string\"}],\"inLanguage\":\"en-US\"},{\"@type\":\"ImageObject\",\"@id\":\"https:\/\/internacional.umh.es\/movilidad\/pas\/erasmus\/#primaryimage\",\"inLanguage\":\"en-US\",\"url\":\"https:\/\/internacional.umh.es\/files\/2021\/01\/logo-cofinanciado-ue.png\",\"contentUrl\":\"https:\/\/internacional.umh.es\/files\/2021\/01\/logo-cofinanciado-ue.png\",\"width\":512,\"height\":117,\"caption\":\"Cofinanciado por el programa Erasmus+ de la Uni\\u00f3n Europea programa bot\\u00f3n\"},{\"@type\":\"WebPage\",\"@id\":\"https:\/\/internacional.umh.es\/movilidad\/pas\/erasmus\/#webpage\",\"url\":\"https:\/\/internacional.umh.es\/movilidad\/pas\/erasmus\/\",\"name\":\"Erasmus Technical, Management, Administrative &amp; Services and Research Personnel (PTGAS) - Training stays - International Relations and Cooperation\",\"isPartOf\":{\"@id\":\"https:\/\/internacional.umh.es\/en\/#website\"},\"primaryImageOfPage\":{\"@id\":\"https:\/\/internacional.umh.es\/movilidad\/pas\/erasmus\/#primaryimage\"},\"datePublished\":\"2011-11-10T12:21:54+00:00\",\"dateModified\":\"2026-04-01T09:19:25+00:00\",\"description\":\"El Vicerrectorado de RR.II. de la UMH publica las convocatorias del Programa de Movilidad ERASMUS+ para PAS formaci\\u00f3n (STT) curso 2022-2023\",\"breadcrumb\":{\"@id\":\"https:\/\/internacional.umh.es\/movilidad\/pas\/erasmus\/#breadcrumb\"},\"inLanguage\":\"en-US\",\"potentialAction\":[{\"@type\":\"ReadAction\",\"target\":[\"https:\/\/internacional.umh.es\/movilidad\/pas\/erasmus\/\"]}]},{\"@type\":\"BreadcrumbList\",\"@id\":\"https:\/\/internacional.umh.es\/movilidad\/pas\/erasmus\/#breadcrumb\",\"itemListElement\":[{\"@type\":\"ListItem\",\"position\":1,\"name\":\"Home\",\"item\":\"https:\/\/internacional.umh.es\/en\/\"},{\"@type\":\"ListItem\",\"position\":2,\"name\":\"MOBILITY\",\"item\":\"https:\/\/internacional.umh.es\/en\/movilidad\/\"},{\"@type\":\"ListItem\",\"position\":3,\"name\":\"PTGAS\",\"item\":\"https:\/\/internacional.umh.es\/movilidad\/pas\/\"},{\"@type\":\"ListItem\",\"position\":4,\"name\":\"ERASMUS PTGAS &#8211; Estancias formativas\"}]}]}<\/script>\n<!-- \/ Yoast SEO plugin. -->","yoast_head_json":{"description":"El Vicerrectorado de RR.II. de la UMH publica las convocatorias del Programa de Movilidad ERASMUS+ para PAS formaci\u00f3n (STT) curso 2022-2023","robots":{"index":"index","follow":"follow","max-snippet":"max-snippet:-1","max-image-preview":"max-image-preview:large","max-video-preview":"max-video-preview:-1"},"canonical":"https:\/\/internacional.umh.es\/en\/movilidad\/pas\/erasmus\/","og_locale":"en_US","og_type":"article","og_title":"Erasmus Technical, Management, Administrative &amp; Services and Research Personnel (PTGAS) - Training stays - International Relations and Cooperation","og_description":"El Vicerrectorado de RR.II. de la UMH publica las convocatorias del Programa de Movilidad ERASMUS+ para PAS formaci\u00f3n (STT) curso 2022-2023","og_url":"https:\/\/internacional.umh.es\/movilidad\/pas\/erasmus\/","og_site_name":"International Relations and Cooperation","article_modified_time":"2026-04-01T09:19:25+00:00","og_image":[{"url":"https:\/\/internacional.umh.es\/files\/2021\/01\/logo-cofinanciado-ue.png"}],"twitter_card":"summary_large_image","twitter_misc":{"Est. reading time":"5 minutes"},"schema":{"@context":"https:\/\/schema.org","@graph":[{"@type":"WebSite","@id":"https:\/\/internacional.umh.es\/en\/#website","url":"https:\/\/internacional.umh.es\/en\/","name":"International Relations and Cooperation","description":"Miguel Hernandez University of Elche","potentialAction":[{"@type":"SearchAction","target":{"@type":"EntryPoint","urlTemplate":"https:\/\/internacional.umh.es\/en\/?s={search_term_string}"},"query-input":"required name=search_term_string"}],"inLanguage":"en-US"},{"@type":"ImageObject","@id":"https:\/\/internacional.umh.es\/movilidad\/pas\/erasmus\/#primaryimage","inLanguage":"en-US","url":"https:\/\/internacional.umh.es\/files\/2021\/01\/logo-cofinanciado-ue.png","contentUrl":"https:\/\/internacional.umh.es\/files\/2021\/01\/logo-cofinanciado-ue.png","width":512,"height":117,"caption":"Cofinanciado por el programa Erasmus+ de la Uni\u00f3n Europea programa bot\u00f3n"},{"@type":"WebPage","@id":"https:\/\/internacional.umh.es\/movilidad\/pas\/erasmus\/#webpage","url":"https:\/\/internacional.umh.es\/movilidad\/pas\/erasmus\/","name":"Erasmus Technical, Management, Administrative &amp; Services and Research Personnel (PTGAS) - Training stays - International Relations and Cooperation","isPartOf":{"@id":"https:\/\/internacional.umh.es\/en\/#website"},"primaryImageOfPage":{"@id":"https:\/\/internacional.umh.es\/movilidad\/pas\/erasmus\/#primaryimage"},"datePublished":"2011-11-10T12:21:54+00:00","dateModified":"2026-04-01T09:19:25+00:00","description":"El Vicerrectorado de RR.II. de la UMH publica las convocatorias del Programa de Movilidad ERASMUS+ para PAS formaci\u00f3n (STT) curso 2022-2023","breadcrumb":{"@id":"https:\/\/internacional.umh.es\/movilidad\/pas\/erasmus\/#breadcrumb"},"inLanguage":"en-US","potentialAction":[{"@type":"ReadAction","target":["https:\/\/internacional.umh.es\/movilidad\/pas\/erasmus\/"]}]},{"@type":"BreadcrumbList","@id":"https:\/\/internacional.umh.es\/movilidad\/pas\/erasmus\/#breadcrumb","itemListElement":[{"@type":"ListItem","position":1,"name":"Home","item":"https:\/\/internacional.umh.es\/en\/"},{"@type":"ListItem","position":2,"name":"MOBILITY","item":"https:\/\/internacional.umh.es\/en\/movilidad\/"},{"@type":"ListItem","position":3,"name":"PTGAS","item":"https:\/\/internacional.umh.es\/movilidad\/pas\/"},{"@type":"ListItem","position":4,"name":"ERASMUS PTGAS &#8211; Estancias formativas"}]}]}},"_links":{"self":[{"href":"https:\/\/internacional.umh.es\/en\/wp-json\/wp\/v2\/pages\/268"}],"collection":[{"href":"https:\/\/internacional.umh.es\/en\/wp-json\/wp\/v2\/pages"}],"about":[{"href":"https:\/\/internacional.umh.es\/en\/wp-json\/wp\/v2\/types\/page"}],"author":[{"embeddable":true,"href":"https:\/\/internacional.umh.es\/en\/wp-json\/wp\/v2\/users\/30"}],"replies":[{"embeddable":true,"href":"https:\/\/internacional.umh.es\/en\/wp-json\/wp\/v2\/comments?post=268"}],"version-history":[{"count":0,"href":"https:\/\/internacional.umh.es\/en\/wp-json\/wp\/v2\/pages\/268\/revisions"}],"up":[{"embeddable":true,"href":"https:\/\/internacional.umh.es\/en\/wp-json\/wp\/v2\/pages\/171"}],"wp:attachment":[{"href":"https:\/\/internacional.umh.es\/en\/wp-json\/wp\/v2\/media?parent=268"}],"curies":[{"name":"wp","href":"https:\/\/api.w.org\/{rel}","templated":true}]}}