{"id":2740,"date":"2015-10-29T09:52:26","date_gmt":"2015-10-29T08:52:26","guid":{"rendered":"http:\/\/internacional.umh.es\/?page_id=2740"},"modified":"2024-01-15T08:48:51","modified_gmt":"2024-01-15T07:48:51","slug":"internacionalizacion","status":"publish","type":"page","link":"https:\/\/internacional.umh.es\/en\/internacionalizacion\/","title":{"rendered":"INTERNATIONALIZATION"},"content":{"rendered":"<p><\/p>\n<p style=\"text-align: justify\">The <strong>Area of Internationalization at the Miguel Hern\u00e1ndez University<\/strong> assists the <a href=\"https:\/\/www.umh.es\/contenido\/Universidad\/:uor_1798\/datos_en.html\" rel=\"noopener\" title=\"You'll see it in a new window\" target=\"_blank\">Vice Rectorate for Internationalization and Cooperation<\/a> in strategic actions to enhance UMH visibility and international projection, recruit students and faculty from prestigious foreign universities, and facilitate participation by the university community in international mobility programs.<\/p>\n<p style=\"text-align: justify\">To accomplish these tasks, the Area of Internationalization is charged with:<\/p>\n<ul>\n<li style=\"text-align: justify\">Identifying and monitoring opportunities to support internationalization policies at the UMH.<\/li>\n<li style=\"text-align: justify\">Coordinating transversal actions to establish strategic actions of internationalization.<\/li>\n<li style=\"text-align: justify\">Informing and advising the university community on calls and actions concerning transnational relations, international cooperation, and joint academic programs.<\/li>\n<li style=\"text-align: justify\">Managing calls for international mobility grants for university faculty, researchers, and staff.<\/li>\n<\/ul>\n<hr>\n<ul>\n<li><a href=\"https:\/\/internacional.umh.es\/internacionalizacion\/internacionalizacion-de-la-docencia-universitaria-en-la-umh\/\" title=\"Access the content of the Course of Internacionalization University Teaching\">Watch and download the sessions of the Course of Internacionalization of university teaching (Spanish)<\/a><\/li>\n<\/ul>\n<p>&nbsp;<\/p>","protected":false},"excerpt":{"rendered":"<p>The Area of Internationalization at the Miguel Hern\u00e1ndez University assists the Vice Rectorate for Internationalization and Cooperation in strategic actions to enhance UMH visibility and international projection, recruit students and faculty from prestigious foreign universities, and facilitate participation by the university community in international mobility programs.<br \/>\nTo accomplish these tasks, the Area of Internationalization is charged [&#8230;]<\/p>\n","protected":false},"author":5216,"featured_media":0,"parent":0,"menu_order":4,"comment_status":"closed","ping_status":"closed","template":"","meta":{"ngg_post_thumbnail":0,"_links_to":"","_links_to_target":""},"yoast_head":"<!-- This site is optimized with the Yoast SEO plugin v17.5 - https:\/\/yoast.com\/wordpress\/plugins\/seo\/ -->\n<meta name=\"description\" content=\"El \u00c1rea de Internacionalizaci\u00f3n, desde el Vicerrec. Internacionalizaci\u00f3n y Cooperaci\u00f3n, potencia la visibilidad-proyecci\u00f3n internacional UMH.\" \/>\n<meta name=\"robots\" content=\"index, follow, max-snippet:-1, max-image-preview:large, max-video-preview:-1\" \/>\n<link rel=\"canonical\" href=\"https:\/\/internacional.umh.es\/en\/internacionalizacion\/\" \/>\n<meta property=\"og:locale\" content=\"en_US\" \/>\n<meta property=\"og:type\" content=\"article\" \/>\n<meta property=\"og:title\" content=\"INTERNATIONALIZATION - International Relations and Cooperation\" \/>\n<meta property=\"og:description\" content=\"El \u00c1rea de Internacionalizaci\u00f3n, desde el Vicerrec. Internacionalizaci\u00f3n y Cooperaci\u00f3n, potencia la visibilidad-proyecci\u00f3n internacional UMH.\" \/>\n<meta property=\"og:url\" content=\"https:\/\/internacional.umh.es\/en\/internacionalizacion\/\" \/>\n<meta property=\"og:site_name\" content=\"International Relations and Cooperation\" \/>\n<meta property=\"article:modified_time\" content=\"2024-01-15T07:48:51+00:00\" \/>\n<meta name=\"twitter:card\" content=\"summary_large_image\" \/>\n<meta name=\"twitter:label1\" content=\"Est. reading time\" \/>\n\t<meta name=\"twitter:data1\" content=\"2 minutes\" \/>\n<script type=\"application\/ld+json\" class=\"yoast-schema-graph\">{\"@context\":\"https:\/\/schema.org\",\"@graph\":[{\"@type\":\"WebSite\",\"@id\":\"https:\/\/internacional.umh.es\/en\/#website\",\"url\":\"https:\/\/internacional.umh.es\/en\/\",\"name\":\"International Relations and Cooperation\",\"description\":\"Miguel Hernandez University of Elche\",\"potentialAction\":[{\"@type\":\"SearchAction\",\"target\":{\"@type\":\"EntryPoint\",\"urlTemplate\":\"https:\/\/internacional.umh.es\/en\/?s={search_term_string}\"},\"query-input\":\"required name=search_term_string\"}],\"inLanguage\":\"en-US\"},{\"@type\":\"WebPage\",\"@id\":\"https:\/\/internacional.umh.es\/en\/internacionalizacion\/#webpage\",\"url\":\"https:\/\/internacional.umh.es\/en\/internacionalizacion\/\",\"name\":\"INTERNATIONALIZATION - International Relations and Cooperation\",\"isPartOf\":{\"@id\":\"https:\/\/internacional.umh.es\/en\/#website\"},\"datePublished\":\"2015-10-29T08:52:26+00:00\",\"dateModified\":\"2024-01-15T07:48:51+00:00\",\"description\":\"El \\u00c1rea de Internacionalizaci\\u00f3n, desde el Vicerrec. Internacionalizaci\\u00f3n y Cooperaci\\u00f3n, potencia la visibilidad-proyecci\\u00f3n internacional UMH.\",\"breadcrumb\":{\"@id\":\"https:\/\/internacional.umh.es\/en\/internacionalizacion\/#breadcrumb\"},\"inLanguage\":\"en-US\",\"potentialAction\":[{\"@type\":\"ReadAction\",\"target\":[\"https:\/\/internacional.umh.es\/en\/internacionalizacion\/\"]}]},{\"@type\":\"BreadcrumbList\",\"@id\":\"https:\/\/internacional.umh.es\/en\/internacionalizacion\/#breadcrumb\",\"itemListElement\":[{\"@type\":\"ListItem\",\"position\":1,\"name\":\"Home\",\"item\":\"https:\/\/internacional.umh.es\/en\/\"},{\"@type\":\"ListItem\",\"position\":2,\"name\":\"INTERNATIONALIZATION\"}]}]}<\/script>\n<!-- \/ Yoast SEO plugin. -->","yoast_head_json":{"description":"El \u00c1rea de Internacionalizaci\u00f3n, desde el Vicerrec. Internacionalizaci\u00f3n y Cooperaci\u00f3n, potencia la visibilidad-proyecci\u00f3n internacional UMH.","robots":{"index":"index","follow":"follow","max-snippet":"max-snippet:-1","max-image-preview":"max-image-preview:large","max-video-preview":"max-video-preview:-1"},"canonical":"https:\/\/internacional.umh.es\/en\/internacionalizacion\/","og_locale":"en_US","og_type":"article","og_title":"INTERNATIONALIZATION - International Relations and Cooperation","og_description":"El \u00c1rea de Internacionalizaci\u00f3n, desde el Vicerrec. Internacionalizaci\u00f3n y Cooperaci\u00f3n, potencia la visibilidad-proyecci\u00f3n internacional UMH.","og_url":"https:\/\/internacional.umh.es\/en\/internacionalizacion\/","og_site_name":"International Relations and Cooperation","article_modified_time":"2024-01-15T07:48:51+00:00","twitter_card":"summary_large_image","twitter_misc":{"Est. reading time":"2 minutes"},"schema":{"@context":"https:\/\/schema.org","@graph":[{"@type":"WebSite","@id":"https:\/\/internacional.umh.es\/en\/#website","url":"https:\/\/internacional.umh.es\/en\/","name":"International Relations and Cooperation","description":"Miguel Hernandez University of Elche","potentialAction":[{"@type":"SearchAction","target":{"@type":"EntryPoint","urlTemplate":"https:\/\/internacional.umh.es\/en\/?s={search_term_string}"},"query-input":"required name=search_term_string"}],"inLanguage":"en-US"},{"@type":"WebPage","@id":"https:\/\/internacional.umh.es\/en\/internacionalizacion\/#webpage","url":"https:\/\/internacional.umh.es\/en\/internacionalizacion\/","name":"INTERNATIONALIZATION - International Relations and Cooperation","isPartOf":{"@id":"https:\/\/internacional.umh.es\/en\/#website"},"datePublished":"2015-10-29T08:52:26+00:00","dateModified":"2024-01-15T07:48:51+00:00","description":"El \u00c1rea de Internacionalizaci\u00f3n, desde el Vicerrec. Internacionalizaci\u00f3n y Cooperaci\u00f3n, potencia la visibilidad-proyecci\u00f3n internacional UMH.","breadcrumb":{"@id":"https:\/\/internacional.umh.es\/en\/internacionalizacion\/#breadcrumb"},"inLanguage":"en-US","potentialAction":[{"@type":"ReadAction","target":["https:\/\/internacional.umh.es\/en\/internacionalizacion\/"]}]},{"@type":"BreadcrumbList","@id":"https:\/\/internacional.umh.es\/en\/internacionalizacion\/#breadcrumb","itemListElement":[{"@type":"ListItem","position":1,"name":"Home","item":"https:\/\/internacional.umh.es\/en\/"},{"@type":"ListItem","position":2,"name":"INTERNATIONALIZATION"}]}]}},"_links":{"self":[{"href":"https:\/\/internacional.umh.es\/en\/wp-json\/wp\/v2\/pages\/2740"}],"collection":[{"href":"https:\/\/internacional.umh.es\/en\/wp-json\/wp\/v2\/pages"}],"about":[{"href":"https:\/\/internacional.umh.es\/en\/wp-json\/wp\/v2\/types\/page"}],"author":[{"embeddable":true,"href":"https:\/\/internacional.umh.es\/en\/wp-json\/wp\/v2\/users\/5216"}],"replies":[{"embeddable":true,"href":"https:\/\/internacional.umh.es\/en\/wp-json\/wp\/v2\/comments?post=2740"}],"version-history":[{"count":0,"href":"https:\/\/internacional.umh.es\/en\/wp-json\/wp\/v2\/pages\/2740\/revisions"}],"wp:attachment":[{"href":"https:\/\/internacional.umh.es\/en\/wp-json\/wp\/v2\/media?parent=2740"}],"curies":[{"name":"wp","href":"https:\/\/api.w.org\/{rel}","templated":true}]}}