{"id":2743,"date":"2015-10-29T10:02:31","date_gmt":"2015-10-29T09:02:31","guid":{"rendered":"http:\/\/internacional.umh.es\/?page_id=2743"},"modified":"2023-12-01T09:54:42","modified_gmt":"2023-12-01T08:54:42","slug":"acles","status":"publish","type":"page","link":"https:\/\/internacional.umh.es\/en\/internacionalizacion\/acles\/","title":{"rendered":"ACLES English Certification Examinations"},"content":{"rendered":"<p><img loading=\"lazy\" class=\"alignleft wp-image-2512\" src=\"https:\/\/internacional.umh.es\/files\/2015\/07\/logo_acles.png\" alt=\"logo ACLES\" title=\"ACLES English Certification Examinations take place in UMH Language Centre\" width=\"110\" height=\"147\"><\/p>\n<p style=\"text-align: justify\">The CERTACLES examination of language accreditation at the Miguel Hern\u00e1ndez University is a test adapted to the model established by the <a href=\"http:\/\/www.acles.es\/\" target=\"_blank\" title=\"You'll see it in a new window\" rel=\"noopener\">Association of Language Centres in Higher Education (ACLES)<\/a>, an affiliate of the European Confederation of Language Centres in Higher Education (CERCLES), which brings together more than 300 universities from 27 European countries.<\/p>\n<p style=\"text-align: justify\">This test is recognized by the Conference of Rectors of Spanish Universities (CRUE) and is valid for accrediting linguistic competencies of foreign languages throughout the Valencian Community (for information on recognition in other autonomous communities, consult <a href=\"https:\/\/www.acles.es\/es\/reconocimientos\" title=\"You'll see it in a new window\" target=\"_blank\" rel=\"noopener\">acles.es\/es\/reconocimientos<\/a>). This certification is not linked to any other type of training course or previous accreditation; it is an independent examination, separate from the foreign language courses taught at the UMH Language Center or any other type of course offered elsewhere. Therefore, to take this test, success in previous courses or accreditation of lower levels is not required.<\/p>\n<hr>\n<h4><strong>GENERAL INFORMATION<\/strong><\/h4>\n<p>ACLES certification examinations take place in UMH Language Centre.<\/p>\n<ul>\n<li><strong><a href=\"https:\/\/www.idiomasumh.es\/es\/ingles\/certificaciones-acles\" target=\"LYou'll see it in a new window\" rel=\"noopener\">For further information consult idiomasumh.es\/es\/ingles\/certificaciones-acles<\/a><\/strong><\/li>\n<\/ul>\n<p>&nbsp;<\/p>","protected":false},"excerpt":{"rendered":"<p>The CERTACLES examination of language accreditation at the Miguel Hern\u00e1ndez University is a test adapted to the model established by the Association of Language Centres in Higher Education (ACLES), an affiliate of the European Confederation of Language Centres in Higher Education (CERCLES), which brings together more than 300 universities from 27 European countries.<br \/>\nThis test is [&#8230;]<\/p>\n","protected":false},"author":3296,"featured_media":0,"parent":2740,"menu_order":1,"comment_status":"closed","ping_status":"closed","template":"","meta":{"ngg_post_thumbnail":0,"_links_to":"","_links_to_target":""},"yoast_head":"<!-- This site is optimized with the Yoast SEO plugin v17.5 - https:\/\/yoast.com\/wordpress\/plugins\/seo\/ -->\n<meta name=\"description\" content=\"El examen CERTACLES de acreditaci\u00f3n ling\u00fc\u00edstica de la UMH se adapta al de la Asociaci\u00f3n de Centros de Lengua en la Ense\u00f1anza Superior (ACLES)\" \/>\n<meta name=\"robots\" content=\"index, follow, max-snippet:-1, max-image-preview:large, max-video-preview:-1\" \/>\n<link rel=\"canonical\" href=\"https:\/\/internacional.umh.es\/en\/internacionalizacion\/acles\/\" \/>\n<meta property=\"og:locale\" content=\"en_US\" \/>\n<meta property=\"og:type\" content=\"article\" \/>\n<meta property=\"og:title\" content=\"ACLES English Certification Examinations - International Relations and Cooperation\" \/>\n<meta property=\"og:description\" content=\"El examen CERTACLES de acreditaci\u00f3n ling\u00fc\u00edstica de la UMH se adapta al de la Asociaci\u00f3n de Centros de Lengua en la Ense\u00f1anza Superior (ACLES)\" \/>\n<meta property=\"og:url\" content=\"https:\/\/internacional.umh.es\/en\/internacionalizacion\/acles\/\" \/>\n<meta property=\"og:site_name\" content=\"International Relations and Cooperation\" \/>\n<meta property=\"article:modified_time\" content=\"2023-12-01T08:54:42+00:00\" \/>\n<meta property=\"og:image\" content=\"https:\/\/internacional.umh.es\/files\/2015\/07\/logo_acles.png\" \/>\n<meta name=\"twitter:card\" content=\"summary_large_image\" \/>\n<meta name=\"twitter:label1\" content=\"Est. reading time\" \/>\n\t<meta name=\"twitter:data1\" content=\"3 minutes\" \/>\n<script type=\"application\/ld+json\" class=\"yoast-schema-graph\">{\"@context\":\"https:\/\/schema.org\",\"@graph\":[{\"@type\":\"WebSite\",\"@id\":\"https:\/\/internacional.umh.es\/en\/#website\",\"url\":\"https:\/\/internacional.umh.es\/en\/\",\"name\":\"International Relations and Cooperation\",\"description\":\"Miguel Hernandez University of Elche\",\"potentialAction\":[{\"@type\":\"SearchAction\",\"target\":{\"@type\":\"EntryPoint\",\"urlTemplate\":\"https:\/\/internacional.umh.es\/en\/?s={search_term_string}\"},\"query-input\":\"required name=search_term_string\"}],\"inLanguage\":\"en-US\"},{\"@type\":\"ImageObject\",\"@id\":\"https:\/\/internacional.umh.es\/en\/internacionalizacion\/acles\/#primaryimage\",\"inLanguage\":\"en-US\",\"url\":\"https:\/\/internacional.umh.es\/files\/2015\/07\/logo_acles.png\",\"contentUrl\":\"https:\/\/internacional.umh.es\/files\/2015\/07\/logo_acles.png\",\"width\":219,\"height\":292,\"caption\":\"ACLES logo\"},{\"@type\":\"WebPage\",\"@id\":\"https:\/\/internacional.umh.es\/en\/internacionalizacion\/acles\/#webpage\",\"url\":\"https:\/\/internacional.umh.es\/en\/internacionalizacion\/acles\/\",\"name\":\"ACLES English Certification Examinations - International Relations and Cooperation\",\"isPartOf\":{\"@id\":\"https:\/\/internacional.umh.es\/en\/#website\"},\"primaryImageOfPage\":{\"@id\":\"https:\/\/internacional.umh.es\/en\/internacionalizacion\/acles\/#primaryimage\"},\"datePublished\":\"2015-10-29T09:02:31+00:00\",\"dateModified\":\"2023-12-01T08:54:42+00:00\",\"description\":\"El examen CERTACLES de acreditaci\\u00f3n ling\\u00fc\\u00edstica de la UMH se adapta al de la Asociaci\\u00f3n de Centros de Lengua en la Ense\\u00f1anza Superior (ACLES)\",\"breadcrumb\":{\"@id\":\"https:\/\/internacional.umh.es\/en\/internacionalizacion\/acles\/#breadcrumb\"},\"inLanguage\":\"en-US\",\"potentialAction\":[{\"@type\":\"ReadAction\",\"target\":[\"https:\/\/internacional.umh.es\/en\/internacionalizacion\/acles\/\"]}]},{\"@type\":\"BreadcrumbList\",\"@id\":\"https:\/\/internacional.umh.es\/en\/internacionalizacion\/acles\/#breadcrumb\",\"itemListElement\":[{\"@type\":\"ListItem\",\"position\":1,\"name\":\"Home\",\"item\":\"https:\/\/internacional.umh.es\/en\/\"},{\"@type\":\"ListItem\",\"position\":2,\"name\":\"INTERNATIONALIZATION\",\"item\":\"https:\/\/internacional.umh.es\/en\/internacionalizacion\/\"},{\"@type\":\"ListItem\",\"position\":3,\"name\":\"ACLES English Certification Examinations\"}]}]}<\/script>\n<!-- \/ Yoast SEO plugin. -->","yoast_head_json":{"description":"El examen CERTACLES de acreditaci\u00f3n ling\u00fc\u00edstica de la UMH se adapta al de la Asociaci\u00f3n de Centros de Lengua en la Ense\u00f1anza Superior (ACLES)","robots":{"index":"index","follow":"follow","max-snippet":"max-snippet:-1","max-image-preview":"max-image-preview:large","max-video-preview":"max-video-preview:-1"},"canonical":"https:\/\/internacional.umh.es\/en\/internacionalizacion\/acles\/","og_locale":"en_US","og_type":"article","og_title":"ACLES English Certification Examinations - International Relations and Cooperation","og_description":"El examen CERTACLES de acreditaci\u00f3n ling\u00fc\u00edstica de la UMH se adapta al de la Asociaci\u00f3n de Centros de Lengua en la Ense\u00f1anza Superior (ACLES)","og_url":"https:\/\/internacional.umh.es\/en\/internacionalizacion\/acles\/","og_site_name":"International Relations and Cooperation","article_modified_time":"2023-12-01T08:54:42+00:00","og_image":[{"url":"https:\/\/internacional.umh.es\/files\/2015\/07\/logo_acles.png"}],"twitter_card":"summary_large_image","twitter_misc":{"Est. reading time":"3 minutes"},"schema":{"@context":"https:\/\/schema.org","@graph":[{"@type":"WebSite","@id":"https:\/\/internacional.umh.es\/en\/#website","url":"https:\/\/internacional.umh.es\/en\/","name":"International Relations and Cooperation","description":"Miguel Hernandez University of Elche","potentialAction":[{"@type":"SearchAction","target":{"@type":"EntryPoint","urlTemplate":"https:\/\/internacional.umh.es\/en\/?s={search_term_string}"},"query-input":"required name=search_term_string"}],"inLanguage":"en-US"},{"@type":"ImageObject","@id":"https:\/\/internacional.umh.es\/en\/internacionalizacion\/acles\/#primaryimage","inLanguage":"en-US","url":"https:\/\/internacional.umh.es\/files\/2015\/07\/logo_acles.png","contentUrl":"https:\/\/internacional.umh.es\/files\/2015\/07\/logo_acles.png","width":219,"height":292,"caption":"ACLES logo"},{"@type":"WebPage","@id":"https:\/\/internacional.umh.es\/en\/internacionalizacion\/acles\/#webpage","url":"https:\/\/internacional.umh.es\/en\/internacionalizacion\/acles\/","name":"ACLES English Certification Examinations - International Relations and Cooperation","isPartOf":{"@id":"https:\/\/internacional.umh.es\/en\/#website"},"primaryImageOfPage":{"@id":"https:\/\/internacional.umh.es\/en\/internacionalizacion\/acles\/#primaryimage"},"datePublished":"2015-10-29T09:02:31+00:00","dateModified":"2023-12-01T08:54:42+00:00","description":"El examen CERTACLES de acreditaci\u00f3n ling\u00fc\u00edstica de la UMH se adapta al de la Asociaci\u00f3n de Centros de Lengua en la Ense\u00f1anza Superior (ACLES)","breadcrumb":{"@id":"https:\/\/internacional.umh.es\/en\/internacionalizacion\/acles\/#breadcrumb"},"inLanguage":"en-US","potentialAction":[{"@type":"ReadAction","target":["https:\/\/internacional.umh.es\/en\/internacionalizacion\/acles\/"]}]},{"@type":"BreadcrumbList","@id":"https:\/\/internacional.umh.es\/en\/internacionalizacion\/acles\/#breadcrumb","itemListElement":[{"@type":"ListItem","position":1,"name":"Home","item":"https:\/\/internacional.umh.es\/en\/"},{"@type":"ListItem","position":2,"name":"INTERNATIONALIZATION","item":"https:\/\/internacional.umh.es\/en\/internacionalizacion\/"},{"@type":"ListItem","position":3,"name":"ACLES English Certification Examinations"}]}]}},"_links":{"self":[{"href":"https:\/\/internacional.umh.es\/en\/wp-json\/wp\/v2\/pages\/2743"}],"collection":[{"href":"https:\/\/internacional.umh.es\/en\/wp-json\/wp\/v2\/pages"}],"about":[{"href":"https:\/\/internacional.umh.es\/en\/wp-json\/wp\/v2\/types\/page"}],"author":[{"embeddable":true,"href":"https:\/\/internacional.umh.es\/en\/wp-json\/wp\/v2\/users\/3296"}],"replies":[{"embeddable":true,"href":"https:\/\/internacional.umh.es\/en\/wp-json\/wp\/v2\/comments?post=2743"}],"version-history":[{"count":0,"href":"https:\/\/internacional.umh.es\/en\/wp-json\/wp\/v2\/pages\/2743\/revisions"}],"up":[{"embeddable":true,"href":"https:\/\/internacional.umh.es\/en\/wp-json\/wp\/v2\/pages\/2740"}],"wp:attachment":[{"href":"https:\/\/internacional.umh.es\/en\/wp-json\/wp\/v2\/media?parent=2743"}],"curies":[{"name":"wp","href":"https:\/\/api.w.org\/{rel}","templated":true}]}}