{"id":29073,"date":"2023-02-15T13:51:32","date_gmt":"2023-02-15T12:51:32","guid":{"rendered":"https:\/\/internacional.umh.es\/?page_id=29073"},"modified":"2024-05-21T14:36:00","modified_gmt":"2024-05-21T12:36:00","slug":"muestras-de-voluntariado-por-titulaciones","status":"publish","type":"page","link":"https:\/\/internacional.umh.es\/en\/muestras-de-voluntariado-por-titulaciones\/","title":{"rendered":"Snippets of volunteering by program"},"content":{"rendered":"<p><\/p>\n<h3><strong> Psychology<\/strong><\/h3>\n<p style=\"text-align: justify\"><img loading=\"lazy\" class=\"size-medium wp-image-33157 alignleft\" src=\"https:\/\/internacional.umh.es\/files\/2024\/02\/Publicaciones-Instagram-22-300x300.png\" alt=\"Snippets of volunteering by program UMH poster\" title=\"join the snippets of volunteering by program at UMH\" width=\"300\" height=\"300\" srcset=\"https:\/\/internacional.umh.es\/files\/2024\/02\/Publicaciones-Instagram-22-300x300.png 300w, https:\/\/internacional.umh.es\/files\/2024\/02\/Publicaciones-Instagram-22-1024x1024.png 1024w, https:\/\/internacional.umh.es\/files\/2024\/02\/Publicaciones-Instagram-22-150x150.png 150w, https:\/\/internacional.umh.es\/files\/2024\/02\/Publicaciones-Instagram-22-768x768.png 768w, https:\/\/internacional.umh.es\/files\/2024\/02\/Publicaciones-Instagram-22.png 1080w\" sizes=\"(max-width: 300px) 100vw, 300px\" \/>The Vice Rectorate for Internationalization and Cooperation at the Miguel Hern\u00e1ndez University of Elche (UMH) has organized <a href=\"https:\/\/x.com\/GlobalUMH\/status\/1757330379604734135\" rel=\"noopener\" target=\"_blank\" title=\"You'll see it in a new window\">the Snippets of Volunteering by Programs for the Bachelor\u2019s in Psychology<\/a> with the following activity:<\/p>\n<p><strong>Roundtable:<\/strong> Psychology and Volunteering<\/p>\n<p>February 20, 2024 (1 to 3 p.m. Central European Time). Altabix Building, Room 1.7<\/p>\n<ul>\n<li>\n<p><strong>Moderators:<\/strong><br \/>\nYolanda Quiles and Maite Mart\u00edn-Arag\u00f3n<\/p>\n<\/li>\n<\/ul>\n<p><\/p>\n<ul>\n<li>\n<p>Entities:<\/p>\n<ul>\n<li><strong>Free Life:<\/strong> Addictions.<\/li>\n<li><strong>Telephone Help Line:<\/strong> Suicide Prevention.<\/li>\n<li><strong>Raise Awareness:<\/strong> People in poverty, homeless, or at risk of social exclusion.<\/li>\n<li><strong>Foundation DASYC:<\/strong> Unwelcome Loneliness in Elders and Education for Youth in Situations of Exclusion or Vulnerability.<\/li>\n<\/ul>\n<\/li>\n<\/ul>\n<p><img loading=\"lazy\" class=\"alignnone size-medium wp-image-33610\" src=\"https:\/\/internacional.umh.es\/files\/2024\/03\/1709036461360-300x225.jpg\" alt=\"Speakers students Snippets of volunteering by program\" title=\"Successful great participation at the snippets of volunteering by UMH program\" width=\"300\" height=\"225\" srcset=\"https:\/\/internacional.umh.es\/files\/2024\/03\/1709036461360-300x225.jpg 300w, https:\/\/internacional.umh.es\/files\/2024\/03\/1709036461360-1024x768.jpg 1024w, https:\/\/internacional.umh.es\/files\/2024\/03\/1709036461360-768x576.jpg 768w, https:\/\/internacional.umh.es\/files\/2024\/03\/1709036461360-1536x1152.jpg 1536w, https:\/\/internacional.umh.es\/files\/2024\/03\/1709036461360-2048x1536.jpg 2048w\" sizes=\"(max-width: 300px) 100vw, 300px\" \/><img loading=\"lazy\" class=\"alignnone size-medium wp-image-33613\" src=\"https:\/\/internacional.umh.es\/files\/2024\/03\/1709036461374-300x225.jpg\" alt=\"Speakers students Snippets of volunteering in Journalism, Audiovisual Communication, Psychology\" title=\"Too many attendees at the snippets of volunteering by UMH Journalism, Audiovisual Communication, Psychology program\" width=\"300\" height=\"225\" srcset=\"https:\/\/internacional.umh.es\/files\/2024\/03\/1709036461374-300x225.jpg 300w, https:\/\/internacional.umh.es\/files\/2024\/03\/1709036461374-1024x768.jpg 1024w, https:\/\/internacional.umh.es\/files\/2024\/03\/1709036461374-768x576.jpg 768w, https:\/\/internacional.umh.es\/files\/2024\/03\/1709036461374-1536x1152.jpg 1536w, https:\/\/internacional.umh.es\/files\/2024\/03\/1709036461374-2048x1536.jpg 2048w\" sizes=\"(max-width: 300px) 100vw, 300px\" \/><\/p>\n<h3><strong>Audiovisual Communication and Journalism<\/strong><\/h3>\n<hr>\n<p><a title=\"Get further information about the snippets of Volunteering by programs\" href=\"https:\/\/internacional.umh.es\/en\/muestras-de-voluntariado-por-titulaciones-2023\/\"><strong>Snippets of Volunteering by programs during 2023<\/strong><\/a><br \/>\n&nbsp;<\/p>","protected":false},"excerpt":{"rendered":"<p> Psychology<br \/>\nThe Vice Rectorate for Internationalization and Cooperation at the Miguel Hern\u00e1ndez University of Elche (UMH) has organized the Snippets of Volunteering by Programs for the Bachelor\u2019s in Psychology with the following activity:<br \/>\nRoundtable: Psychology and Volunteering<br \/>\nFebruary 20, 2024 (1 to 3 p.m. Central European Time). Altabix Building, Room 1.7<\/p>\n<p>Moderators:<br \/>\nYolanda Quiles and Maite Mart\u00edn-Arag\u00f3n<\/p>\n<p>Entities:<\/p>\n<p>Free Life: Addictions.<br \/>\nTelephone [&#8230;]<\/p>\n","protected":false},"author":54,"featured_media":0,"parent":0,"menu_order":0,"comment_status":"closed","ping_status":"closed","template":"","meta":{"ngg_post_thumbnail":0,"_links_to":"","_links_to_target":""},"yoast_head":"<!-- This site is optimized with the Yoast SEO plugin v17.5 - https:\/\/yoast.com\/wordpress\/plugins\/seo\/ -->\n<meta name=\"description\" content=\"El Vicerrectorado de Internacionalizaci\u00f3n Cooperaci\u00f3n UMH organiza las muestras de voluntariado por titulaciones para el grado en Psicolog\u00eda\" \/>\n<meta name=\"robots\" content=\"index, follow, max-snippet:-1, max-image-preview:large, max-video-preview:-1\" \/>\n<link rel=\"canonical\" href=\"https:\/\/internacional.umh.es\/en\/muestras-de-voluntariado-por-titulaciones\/\" \/>\n<meta property=\"og:locale\" content=\"en_US\" \/>\n<meta property=\"og:type\" content=\"article\" \/>\n<meta property=\"og:title\" content=\"Snippets of volunteering by program - International Relations and Cooperation\" \/>\n<meta property=\"og:description\" content=\"El Vicerrectorado de Internacionalizaci\u00f3n Cooperaci\u00f3n UMH organiza las muestras de voluntariado por titulaciones para el grado en Psicolog\u00eda\" \/>\n<meta property=\"og:url\" content=\"https:\/\/internacional.umh.es\/muestras-de-voluntariado-por-titulaciones\/\" \/>\n<meta property=\"og:site_name\" content=\"International Relations and Cooperation\" \/>\n<meta property=\"article:modified_time\" content=\"2024-05-21T12:36:00+00:00\" \/>\n<meta property=\"og:image\" content=\"https:\/\/internacional.umh.es\/files\/2024\/02\/Publicaciones-Instagram-22-300x300.png\" \/>\n<meta name=\"twitter:card\" content=\"summary_large_image\" \/>\n<meta name=\"twitter:label1\" content=\"Est. reading time\" \/>\n\t<meta name=\"twitter:data1\" content=\"2 minutes\" \/>\n<script type=\"application\/ld+json\" class=\"yoast-schema-graph\">{\"@context\":\"https:\/\/schema.org\",\"@graph\":[{\"@type\":\"WebSite\",\"@id\":\"https:\/\/internacional.umh.es\/en\/#website\",\"url\":\"https:\/\/internacional.umh.es\/en\/\",\"name\":\"International Relations and Cooperation\",\"description\":\"Miguel Hernandez University of Elche\",\"potentialAction\":[{\"@type\":\"SearchAction\",\"target\":{\"@type\":\"EntryPoint\",\"urlTemplate\":\"https:\/\/internacional.umh.es\/en\/?s={search_term_string}\"},\"query-input\":\"required name=search_term_string\"}],\"inLanguage\":\"en-US\"},{\"@type\":\"ImageObject\",\"@id\":\"https:\/\/internacional.umh.es\/muestras-de-voluntariado-por-titulaciones\/#primaryimage\",\"inLanguage\":\"en-US\",\"url\":\"https:\/\/internacional.umh.es\/files\/2024\/02\/Publicaciones-Instagram-22.png\",\"contentUrl\":\"https:\/\/internacional.umh.es\/files\/2024\/02\/Publicaciones-Instagram-22.png\",\"width\":1080,\"height\":1080},{\"@type\":\"WebPage\",\"@id\":\"https:\/\/internacional.umh.es\/muestras-de-voluntariado-por-titulaciones\/#webpage\",\"url\":\"https:\/\/internacional.umh.es\/muestras-de-voluntariado-por-titulaciones\/\",\"name\":\"Snippets of volunteering by program - International Relations and Cooperation\",\"isPartOf\":{\"@id\":\"https:\/\/internacional.umh.es\/en\/#website\"},\"primaryImageOfPage\":{\"@id\":\"https:\/\/internacional.umh.es\/muestras-de-voluntariado-por-titulaciones\/#primaryimage\"},\"datePublished\":\"2023-02-15T12:51:32+00:00\",\"dateModified\":\"2024-05-21T12:36:00+00:00\",\"description\":\"El Vicerrectorado de Internacionalizaci\\u00f3n Cooperaci\\u00f3n UMH organiza las muestras de voluntariado por titulaciones para el grado en Psicolog\\u00eda\",\"breadcrumb\":{\"@id\":\"https:\/\/internacional.umh.es\/muestras-de-voluntariado-por-titulaciones\/#breadcrumb\"},\"inLanguage\":\"en-US\",\"potentialAction\":[{\"@type\":\"ReadAction\",\"target\":[\"https:\/\/internacional.umh.es\/muestras-de-voluntariado-por-titulaciones\/\"]}]},{\"@type\":\"BreadcrumbList\",\"@id\":\"https:\/\/internacional.umh.es\/muestras-de-voluntariado-por-titulaciones\/#breadcrumb\",\"itemListElement\":[{\"@type\":\"ListItem\",\"position\":1,\"name\":\"Home\",\"item\":\"https:\/\/internacional.umh.es\/en\/\"},{\"@type\":\"ListItem\",\"position\":2,\"name\":\"Muestras de voluntariado por titulaciones\"}]}]}<\/script>\n<!-- \/ Yoast SEO plugin. -->","yoast_head_json":{"description":"El Vicerrectorado de Internacionalizaci\u00f3n Cooperaci\u00f3n UMH organiza las muestras de voluntariado por titulaciones para el grado en Psicolog\u00eda","robots":{"index":"index","follow":"follow","max-snippet":"max-snippet:-1","max-image-preview":"max-image-preview:large","max-video-preview":"max-video-preview:-1"},"canonical":"https:\/\/internacional.umh.es\/en\/muestras-de-voluntariado-por-titulaciones\/","og_locale":"en_US","og_type":"article","og_title":"Snippets of volunteering by program - International Relations and Cooperation","og_description":"El Vicerrectorado de Internacionalizaci\u00f3n Cooperaci\u00f3n UMH organiza las muestras de voluntariado por titulaciones para el grado en Psicolog\u00eda","og_url":"https:\/\/internacional.umh.es\/muestras-de-voluntariado-por-titulaciones\/","og_site_name":"International Relations and Cooperation","article_modified_time":"2024-05-21T12:36:00+00:00","og_image":[{"url":"https:\/\/internacional.umh.es\/files\/2024\/02\/Publicaciones-Instagram-22-300x300.png"}],"twitter_card":"summary_large_image","twitter_misc":{"Est. reading time":"2 minutes"},"schema":{"@context":"https:\/\/schema.org","@graph":[{"@type":"WebSite","@id":"https:\/\/internacional.umh.es\/en\/#website","url":"https:\/\/internacional.umh.es\/en\/","name":"International Relations and Cooperation","description":"Miguel Hernandez University of Elche","potentialAction":[{"@type":"SearchAction","target":{"@type":"EntryPoint","urlTemplate":"https:\/\/internacional.umh.es\/en\/?s={search_term_string}"},"query-input":"required name=search_term_string"}],"inLanguage":"en-US"},{"@type":"ImageObject","@id":"https:\/\/internacional.umh.es\/muestras-de-voluntariado-por-titulaciones\/#primaryimage","inLanguage":"en-US","url":"https:\/\/internacional.umh.es\/files\/2024\/02\/Publicaciones-Instagram-22.png","contentUrl":"https:\/\/internacional.umh.es\/files\/2024\/02\/Publicaciones-Instagram-22.png","width":1080,"height":1080},{"@type":"WebPage","@id":"https:\/\/internacional.umh.es\/muestras-de-voluntariado-por-titulaciones\/#webpage","url":"https:\/\/internacional.umh.es\/muestras-de-voluntariado-por-titulaciones\/","name":"Snippets of volunteering by program - International Relations and Cooperation","isPartOf":{"@id":"https:\/\/internacional.umh.es\/en\/#website"},"primaryImageOfPage":{"@id":"https:\/\/internacional.umh.es\/muestras-de-voluntariado-por-titulaciones\/#primaryimage"},"datePublished":"2023-02-15T12:51:32+00:00","dateModified":"2024-05-21T12:36:00+00:00","description":"El Vicerrectorado de Internacionalizaci\u00f3n Cooperaci\u00f3n UMH organiza las muestras de voluntariado por titulaciones para el grado en Psicolog\u00eda","breadcrumb":{"@id":"https:\/\/internacional.umh.es\/muestras-de-voluntariado-por-titulaciones\/#breadcrumb"},"inLanguage":"en-US","potentialAction":[{"@type":"ReadAction","target":["https:\/\/internacional.umh.es\/muestras-de-voluntariado-por-titulaciones\/"]}]},{"@type":"BreadcrumbList","@id":"https:\/\/internacional.umh.es\/muestras-de-voluntariado-por-titulaciones\/#breadcrumb","itemListElement":[{"@type":"ListItem","position":1,"name":"Home","item":"https:\/\/internacional.umh.es\/en\/"},{"@type":"ListItem","position":2,"name":"Muestras de voluntariado por titulaciones"}]}]}},"_links":{"self":[{"href":"https:\/\/internacional.umh.es\/en\/wp-json\/wp\/v2\/pages\/29073"}],"collection":[{"href":"https:\/\/internacional.umh.es\/en\/wp-json\/wp\/v2\/pages"}],"about":[{"href":"https:\/\/internacional.umh.es\/en\/wp-json\/wp\/v2\/types\/page"}],"author":[{"embeddable":true,"href":"https:\/\/internacional.umh.es\/en\/wp-json\/wp\/v2\/users\/54"}],"replies":[{"embeddable":true,"href":"https:\/\/internacional.umh.es\/en\/wp-json\/wp\/v2\/comments?post=29073"}],"version-history":[{"count":0,"href":"https:\/\/internacional.umh.es\/en\/wp-json\/wp\/v2\/pages\/29073\/revisions"}],"wp:attachment":[{"href":"https:\/\/internacional.umh.es\/en\/wp-json\/wp\/v2\/media?parent=29073"}],"curies":[{"name":"wp","href":"https:\/\/api.w.org\/{rel}","templated":true}]}}