{"id":29573,"date":"2023-03-17T10:08:34","date_gmt":"2023-03-17T09:08:34","guid":{"rendered":"https:\/\/internacional.umh.es\/?page_id=29573"},"modified":"2026-03-10T12:06:16","modified_gmt":"2026-03-10T11:06:16","slug":"sprint","status":"publish","type":"page","link":"https:\/\/internacional.umh.es\/en\/internacionalizacion\/sprint\/","title":{"rendered":"SPRINT Program"},"content":{"rendered":"<p><\/p>\n<h3><strong>SPRINT Program for International Research Projects SPRINT-UMH-FAPESP)<\/strong><\/h3>\n<p><img loading=\"lazy\" class=\"size-medium wp-image-29594\" title=\"Se establece un nuevo convenio de colaboraci\u00f3n del Programa SPRINT para proyectos internacionales de investigaci\u00f3n\" src=\"https:\/\/internacional.umh.es\/files\/2023\/03\/Logo-UMH-FAPESP-programa-SPRINT-colaboracion-300x64.png\" alt=\"UMH FAPESP programa SPRINT logo\" width=\"500\" height=\"107\" srcset=\"https:\/\/internacional.umh.es\/files\/2023\/03\/Logo-UMH-FAPESP-programa-SPRINT-colaboracion-300x64.png 300w, https:\/\/internacional.umh.es\/files\/2023\/03\/Logo-UMH-FAPESP-programa-SPRINT-colaboracion-1024x219.png 1024w, https:\/\/internacional.umh.es\/files\/2023\/03\/Logo-UMH-FAPESP-programa-SPRINT-colaboracion-768x164.png 768w, https:\/\/internacional.umh.es\/files\/2023\/03\/Logo-UMH-FAPESP-programa-SPRINT-colaboracion.png 1296w\" sizes=\"(max-width: 500px) 100vw, 500px\" \/><\/p>\n<p><strong>CALLS FOR APPLICATIONS<\/strong><\/p>\n<p><span style=\"color: #ff0000\"><strong>New (04\/01\/2025):&nbsp;<\/strong><\/span>The Vice-Rectorate for Internationalization and Cooperation has published the&nbsp;<strong>Call for Applications for the SPRINT Program for International Collaborative Research Projects<\/strong> (SPRINT-UMH-FAPESP)&nbsp;for the year&nbsp;2025.&nbsp; The&nbsp;FAPESP counterpart of the call&nbsp;for the SPRINT 2025 program can be found at the following link:&nbsp;<a href=\"https:\/\/fapesp.br\/sprint\/chamada2025\" target=\"_blank\" rel=\"noopener\" data-saferedirecturl=\"https:\/\/www.google.com\/url?q=https:\/\/fapesp.br\/sprint\/chamada2025&amp;source=gmail&amp;ust=1747815901088000&amp;usg=AOvVaw0WSukdMm8STgBOTFLqxKTP\">https:\/\/fapesp.br\/sprint\/chamada2025<\/a><\/p>\n<p><strong>Application deadline: June 30, 2025<\/strong><\/p>\n<div>\n<p>Annexes UMH to the Call for Applications<\/p>\n<ul>\n<li><a href=\"https:\/\/internacional.umh.es\/files\/2025\/04\/RR_00778_2025.pdf\" target=\"_blank\" rel=\"noopener\"><strong data-start=\"68\" data-end=\"112\">Full text of the call for applications<\/strong><\/a><\/li>\n<li><strong><a href=\"https:\/\/internacional.umh.es\/files\/2025\/04\/Anexo-II-Solicitud.-definitivo-ano-2025.docx\" target=\"_blank\" rel=\"noopener\">ANNEX II \u2013 Application Form Template<\/a><\/strong><\/li>\n<li><strong><a href=\"https:\/\/internacional.umh.es\/files\/2025\/04\/Anexo-IV-Memoria-seguimiento-SPRINT-2025.-definitivo.docx\" target=\"_blank\" rel=\"noopener\">ANNEX III: Sprint report<\/a><\/strong><\/li>\n<li><strong><a href=\"https:\/\/internacional.umh.es\/files\/2025\/04\/Anexo-V-Memoria-final-SPRINT-2025-definitivo.docx\" target=\"_blank\" rel=\"noopener\">ANNEX IV: Final report<\/a><\/strong><\/li>\n<\/ul>\n<\/div>\n<h4><strong>Previous calls<\/strong><\/h4>\n<h4><strong>2023\/2024 first call<\/strong><\/h4>\n<p style=\"text-align: justify\">This call is part of the following cooperation agreement that was signed on June 12, 2018 between FAPESP (The S\u00e3o Paulo Research Foundation) and the Miguel Hern\u00e1ndez University of Elche: <a title=\"You'll see it in a new window\" href=\"https:\/\/fapesp.br\/11839\/acuerdo-entre-FAPESP-y-universidade-Miguel-Hernandez-de-Elche\" target=\"_blank\" rel=\"noopener\">fapesp.br\/11839\/acuerdo-entre-FAPESP-y-universidade-Miguel-Hernandez-de-Elche<\/a>. This agreement aims to facilitate scientific and technological cooperation between investigators at the UMH and the state of S\u00e3o Paulo, Brazil, through joint funding for mobility proposals by researchers to qualitatively advance research projects (initial financing as well as seed projects) and to subsequently foster long-term joint research projects.<\/p>\n<p><strong>(October 17, 2023): <a title=\"You'll see it in a new window\" href=\"https:\/\/internacional.umh.es\/files\/2023\/10\/RR_02864_2023-publicado.pdf\" target=\"_blank\" rel=\"noopener\">Definitive list of allocated financial aid (1,2Mb .pdf)<\/a><\/strong><br \/>\n<strong>(September 29, 2023): <a title=\"You'll see it in a new window\" href=\"https:\/\/internacional.umh.es\/files\/2023\/10\/Publi.-BOUMH.-bil-Propuesta-adjudicacion-provisional-SPRINT-2023-firmado.pdf\" target=\"_blank\" rel=\"noopener\">Provisional list of allocated financial aid (4,99Kb .pdf)<\/a><\/strong><br \/>\n<strong>(July 12, 2023): <a title=\"You'll see it in a new window\" href=\"https:\/\/internacional.umh.es\/files\/2023\/07\/Publicado.-BOUMH.-bil-Listado-definiv.-de-solicitudes-admitidas-y-excluida-SPRINT.pdf\" target=\"_blank\" rel=\"noopener\">Definitive list of applications accepted and those rejected (208Kb .pdf)<\/a><\/strong><\/p>\n<p><strong>The call regulations may be consulted at the following links:<\/strong><\/p>\n<ul>\n<li><a title=\"You'll see it in a new window\" href=\"https:\/\/internacional.umh.es\/files\/2023\/03\/Publicado-en-BOUMH.-RR_00738_2023.pdf\" target=\"_blank\" rel=\"noopener\">Convocatoria UMH (1Mb .pdf)<\/a><\/li>\n<li><a title=\"You'll see it in a new window\" href=\"https:\/\/fapesp.br\/sprint\/call12023\" target=\"_blank\" rel=\"noopener\">Convocatoria FAPESP<\/a><\/li>\n<\/ul>\n<p><strong>The deadline for submitting proposals is June 26, 2023<\/strong><\/p>\n<p><strong>Call addenda:<\/strong><\/p>\n<ul>\n<li><a title=\"You'll see it in a new window\" href=\"https:\/\/internacional.umh.es\/files\/2023\/03\/Anexo-II-Solicitud.-definitivo.docx\" target=\"_blank\" rel=\"noopener\">ANEXO II-Modelo de solicitud definitivo (247Kb .docx)<\/a><\/li>\n<li><a title=\"You'll see it in a new window\" href=\"https:\/\/internacional.umh.es\/files\/2023\/03\/Anexo-III-Memoria-SPRINT.-Definitivo.docx\" target=\"_blank\" rel=\"noopener\">ANEXO III-Memoria SPRINT definitivo (254Kb .docx)<\/a><\/li>\n<li><a title=\"You'll see it in a new window\" href=\"https:\/\/internacional.umh.es\/files\/2023\/03\/Anexo-IV-Informe-SPRINT-2023.-definitivo.docx\" target=\"_blank\" rel=\"noopener\">ANEXO IV-Informe-SPRINT-2023 definitivo (254Kb .docx)<\/a><\/li>\n<li><a title=\"You'll see it in a new window\" href=\"https:\/\/internacional.umh.es\/files\/2023\/03\/Anexo-V-Informe-SPRINT-2024-definitivo.docx\" target=\"_blank\" rel=\"noopener\">ANEXO V-Informe-SPRINT-2024 definitivo (255Kb .docx)<\/a><\/li>\n<\/ul>\n<p>&nbsp;<\/p>\n<h5><strong>Deadlines<\/strong><\/h5>\n<p>Call announced by FAPESP and UMH websites March 20, 2023<\/p>\n<table style=\"width: 100%;border-style: solid;border-color: none;border: 0px\">\n<tbody>\n<tr style=\"width: 100%;border-style: solid;border-color: none;border: 0px\">\n<td><strong>Deadline for submissions of proposals<\/strong><\/td>\n<td>June 26, 2023<\/td>\n<\/tr>\n<tr style=\"width: 100%;border-style: solid;border-color: none;border: 0px\">\n<td><strong>Successful proposals notified after<\/strong><\/td>\n<td>September 30, 2023<\/td>\n<\/tr>\n<\/tbody>\n<\/table>\n<p>&nbsp;<\/p>","protected":false},"excerpt":{"rendered":"<p>SPRINT Program for International Research Projects SPRINT-UMH-FAPESP)<\/p>\n<p>CALLS FOR APPLICATIONS<br \/>\nNew (04\/01\/2025):&nbsp;The Vice-Rectorate for Internationalization and Cooperation has published the&nbsp;Call for Applications for the SPRINT Program for International Collaborative Research Projects (SPRINT-UMH-FAPESP)&nbsp;for the year&nbsp;2025.&nbsp; The&nbsp;FAPESP counterpart of the call&nbsp;for the SPRINT 2025 program can be found at the following link:&nbsp;https:\/\/fapesp.br\/sprint\/chamada2025<br \/>\nApplication deadline: June 30, 2025<\/p>\n<p>Annexes UMH to the [&#8230;]<\/p>\n","protected":false},"author":3107,"featured_media":0,"parent":2740,"menu_order":10,"comment_status":"closed","ping_status":"closed","template":"","meta":{"ngg_post_thumbnail":0,"_links_to":"","_links_to_target":""},"yoast_head":"<!-- This site is optimized with the Yoast SEO plugin v17.5 - https:\/\/yoast.com\/wordpress\/plugins\/seo\/ -->\n<meta name=\"description\" content=\"Programa SPRINT proyectos internacionales de investigaci\u00f3n (SPRINT-UMH-FAPESP) cooperaci\u00f3n cient\u00edfica y tecnol\u00f3gica entre investigadores\" \/>\n<meta name=\"robots\" content=\"index, follow, max-snippet:-1, max-image-preview:large, max-video-preview:-1\" \/>\n<link rel=\"canonical\" href=\"https:\/\/internacional.umh.es\/en\/internacionalizacion\/sprint\/\" \/>\n<meta property=\"og:locale\" content=\"en_US\" \/>\n<meta property=\"og:type\" content=\"article\" \/>\n<meta property=\"og:title\" content=\"SPRINT Program - International Relations and Cooperation\" \/>\n<meta property=\"og:description\" content=\"Programa SPRINT proyectos internacionales de investigaci\u00f3n (SPRINT-UMH-FAPESP) cooperaci\u00f3n cient\u00edfica y tecnol\u00f3gica entre investigadores\" \/>\n<meta property=\"og:url\" content=\"https:\/\/internacional.umh.es\/internacionalizacion\/sprint\/\" \/>\n<meta property=\"og:site_name\" content=\"International Relations and Cooperation\" \/>\n<meta property=\"article:modified_time\" content=\"2026-03-10T11:06:16+00:00\" \/>\n<meta property=\"og:image\" content=\"https:\/\/internacional.umh.es\/files\/2023\/03\/Logo-UMH-FAPESP-programa-SPRINT-colaboracion-300x64.png\" \/>\n<meta name=\"twitter:card\" content=\"summary_large_image\" \/>\n<meta name=\"twitter:label1\" content=\"Est. reading time\" \/>\n\t<meta name=\"twitter:data1\" content=\"2 minutes\" \/>\n<script type=\"application\/ld+json\" class=\"yoast-schema-graph\">{\"@context\":\"https:\/\/schema.org\",\"@graph\":[{\"@type\":\"WebSite\",\"@id\":\"https:\/\/internacional.umh.es\/en\/#website\",\"url\":\"https:\/\/internacional.umh.es\/en\/\",\"name\":\"International Relations and Cooperation\",\"description\":\"Miguel Hernandez University of Elche\",\"potentialAction\":[{\"@type\":\"SearchAction\",\"target\":{\"@type\":\"EntryPoint\",\"urlTemplate\":\"https:\/\/internacional.umh.es\/en\/?s={search_term_string}\"},\"query-input\":\"required name=search_term_string\"}],\"inLanguage\":\"en-US\"},{\"@type\":\"ImageObject\",\"@id\":\"https:\/\/internacional.umh.es\/internacionalizacion\/sprint\/#primaryimage\",\"inLanguage\":\"en-US\",\"url\":\"https:\/\/internacional.umh.es\/files\/2023\/03\/Logo-UMH-FAPESP-programa-SPRINT-colaboracion.png\",\"contentUrl\":\"https:\/\/internacional.umh.es\/files\/2023\/03\/Logo-UMH-FAPESP-programa-SPRINT-colaboracion.png\",\"width\":1296,\"height\":277,\"caption\":\"UMH FAPESP programa SPRINT logo\"},{\"@type\":\"WebPage\",\"@id\":\"https:\/\/internacional.umh.es\/internacionalizacion\/sprint\/#webpage\",\"url\":\"https:\/\/internacional.umh.es\/internacionalizacion\/sprint\/\",\"name\":\"SPRINT Program - International Relations and Cooperation\",\"isPartOf\":{\"@id\":\"https:\/\/internacional.umh.es\/en\/#website\"},\"primaryImageOfPage\":{\"@id\":\"https:\/\/internacional.umh.es\/internacionalizacion\/sprint\/#primaryimage\"},\"datePublished\":\"2023-03-17T09:08:34+00:00\",\"dateModified\":\"2026-03-10T11:06:16+00:00\",\"description\":\"Programa SPRINT proyectos internacionales de investigaci\\u00f3n (SPRINT-UMH-FAPESP) cooperaci\\u00f3n cient\\u00edfica y tecnol\\u00f3gica entre investigadores\",\"breadcrumb\":{\"@id\":\"https:\/\/internacional.umh.es\/internacionalizacion\/sprint\/#breadcrumb\"},\"inLanguage\":\"en-US\",\"potentialAction\":[{\"@type\":\"ReadAction\",\"target\":[\"https:\/\/internacional.umh.es\/internacionalizacion\/sprint\/\"]}]},{\"@type\":\"BreadcrumbList\",\"@id\":\"https:\/\/internacional.umh.es\/internacionalizacion\/sprint\/#breadcrumb\",\"itemListElement\":[{\"@type\":\"ListItem\",\"position\":1,\"name\":\"Home\",\"item\":\"https:\/\/internacional.umh.es\/en\/\"},{\"@type\":\"ListItem\",\"position\":2,\"name\":\"INTERNATIONALIZATION\",\"item\":\"https:\/\/internacional.umh.es\/en\/internacionalizacion\/\"},{\"@type\":\"ListItem\",\"position\":3,\"name\":\"Programa SPRINT\"}]}]}<\/script>\n<!-- \/ Yoast SEO plugin. -->","yoast_head_json":{"description":"Programa SPRINT proyectos internacionales de investigaci\u00f3n (SPRINT-UMH-FAPESP) cooperaci\u00f3n cient\u00edfica y tecnol\u00f3gica entre investigadores","robots":{"index":"index","follow":"follow","max-snippet":"max-snippet:-1","max-image-preview":"max-image-preview:large","max-video-preview":"max-video-preview:-1"},"canonical":"https:\/\/internacional.umh.es\/en\/internacionalizacion\/sprint\/","og_locale":"en_US","og_type":"article","og_title":"SPRINT Program - International Relations and Cooperation","og_description":"Programa SPRINT proyectos internacionales de investigaci\u00f3n (SPRINT-UMH-FAPESP) cooperaci\u00f3n cient\u00edfica y tecnol\u00f3gica entre investigadores","og_url":"https:\/\/internacional.umh.es\/internacionalizacion\/sprint\/","og_site_name":"International Relations and Cooperation","article_modified_time":"2026-03-10T11:06:16+00:00","og_image":[{"url":"https:\/\/internacional.umh.es\/files\/2023\/03\/Logo-UMH-FAPESP-programa-SPRINT-colaboracion-300x64.png"}],"twitter_card":"summary_large_image","twitter_misc":{"Est. reading time":"2 minutes"},"schema":{"@context":"https:\/\/schema.org","@graph":[{"@type":"WebSite","@id":"https:\/\/internacional.umh.es\/en\/#website","url":"https:\/\/internacional.umh.es\/en\/","name":"International Relations and Cooperation","description":"Miguel Hernandez University of Elche","potentialAction":[{"@type":"SearchAction","target":{"@type":"EntryPoint","urlTemplate":"https:\/\/internacional.umh.es\/en\/?s={search_term_string}"},"query-input":"required name=search_term_string"}],"inLanguage":"en-US"},{"@type":"ImageObject","@id":"https:\/\/internacional.umh.es\/internacionalizacion\/sprint\/#primaryimage","inLanguage":"en-US","url":"https:\/\/internacional.umh.es\/files\/2023\/03\/Logo-UMH-FAPESP-programa-SPRINT-colaboracion.png","contentUrl":"https:\/\/internacional.umh.es\/files\/2023\/03\/Logo-UMH-FAPESP-programa-SPRINT-colaboracion.png","width":1296,"height":277,"caption":"UMH FAPESP programa SPRINT logo"},{"@type":"WebPage","@id":"https:\/\/internacional.umh.es\/internacionalizacion\/sprint\/#webpage","url":"https:\/\/internacional.umh.es\/internacionalizacion\/sprint\/","name":"SPRINT Program - International Relations and Cooperation","isPartOf":{"@id":"https:\/\/internacional.umh.es\/en\/#website"},"primaryImageOfPage":{"@id":"https:\/\/internacional.umh.es\/internacionalizacion\/sprint\/#primaryimage"},"datePublished":"2023-03-17T09:08:34+00:00","dateModified":"2026-03-10T11:06:16+00:00","description":"Programa SPRINT proyectos internacionales de investigaci\u00f3n (SPRINT-UMH-FAPESP) cooperaci\u00f3n cient\u00edfica y tecnol\u00f3gica entre investigadores","breadcrumb":{"@id":"https:\/\/internacional.umh.es\/internacionalizacion\/sprint\/#breadcrumb"},"inLanguage":"en-US","potentialAction":[{"@type":"ReadAction","target":["https:\/\/internacional.umh.es\/internacionalizacion\/sprint\/"]}]},{"@type":"BreadcrumbList","@id":"https:\/\/internacional.umh.es\/internacionalizacion\/sprint\/#breadcrumb","itemListElement":[{"@type":"ListItem","position":1,"name":"Home","item":"https:\/\/internacional.umh.es\/en\/"},{"@type":"ListItem","position":2,"name":"INTERNATIONALIZATION","item":"https:\/\/internacional.umh.es\/en\/internacionalizacion\/"},{"@type":"ListItem","position":3,"name":"Programa SPRINT"}]}]}},"_links":{"self":[{"href":"https:\/\/internacional.umh.es\/en\/wp-json\/wp\/v2\/pages\/29573"}],"collection":[{"href":"https:\/\/internacional.umh.es\/en\/wp-json\/wp\/v2\/pages"}],"about":[{"href":"https:\/\/internacional.umh.es\/en\/wp-json\/wp\/v2\/types\/page"}],"author":[{"embeddable":true,"href":"https:\/\/internacional.umh.es\/en\/wp-json\/wp\/v2\/users\/3107"}],"replies":[{"embeddable":true,"href":"https:\/\/internacional.umh.es\/en\/wp-json\/wp\/v2\/comments?post=29573"}],"version-history":[{"count":0,"href":"https:\/\/internacional.umh.es\/en\/wp-json\/wp\/v2\/pages\/29573\/revisions"}],"up":[{"embeddable":true,"href":"https:\/\/internacional.umh.es\/en\/wp-json\/wp\/v2\/pages\/2740"}],"wp:attachment":[{"href":"https:\/\/internacional.umh.es\/en\/wp-json\/wp\/v2\/media?parent=29573"}],"curies":[{"name":"wp","href":"https:\/\/api.w.org\/{rel}","templated":true}]}}