{"id":3128,"date":"2016-03-02T10:10:09","date_gmt":"2016-03-02T09:10:09","guid":{"rendered":"http:\/\/internacional.umh.es\/?page_id=3128"},"modified":"2026-03-31T14:57:43","modified_gmt":"2026-03-31T12:57:43","slug":"aiefi-internacionalizacion-de-centros","status":"publish","type":"page","link":"https:\/\/internacional.umh.es\/en\/internacionalizacion\/aiefi-internacionalizacion-de-centros\/","title":{"rendered":"AIEFI &#8211; Internationalization of Schools, Faculties, and Research Institutes"},"content":{"rendered":"<p><\/p>\n<p style=\"text-align: justify\">The Program of Actions for the Internationalization of Schools, Faculties, and Research Institutes (AIEFI) aims to enhance the international projection of undergraduate and master\u2019s programs at the UMH. This is accomplished by fostering strategic planning for the internationalization of training activities at university units (faculties, schools, and research institutes) in a coordinated manner, through actions that promote and increase:<\/p>\n<ul>\n<li>Academic mobility for faculty &amp; students.<\/li>\n<li>Training for university faculty and staff that enables attaining high levels of competitiveness internationally.<\/li>\n<li>Recruitment of prestigious foreign faculty and top students into degree programs currently taught at the UMH and the implementation of new programs.<\/li>\n<li>International visibility and projection of the UMH.<\/li>\n<li>The presence of the UMH on international academic networks.<\/li>\n<li>The establishment of academic offerings on international levels.<\/li>\n<\/ul>\n<p>&nbsp;<\/p>\n<hr>\n<h4><strong>2025 Call<br \/>\n<\/strong><\/h4>\n<p>The Vice Rectorate for Internationalization and Cooperation at the Miguel Hern\u00e1ndez University of Elche (UMH) hereby publishes the call to participate in the Program of Actions for the Internationalization of Schools, Faculties, and Research Institutes (AIEIF) for 2025.<\/p>\n<p><a href=\"https:\/\/internacional.umh.es\/files\/2024\/12\/RR_03534_2024.pdf\">Click this link to consult the call regulations<\/a><\/p>\n<p>The period for submitting applications is open January 7 &#8211; 17, 2025.<\/p>\n<p>Addenda to the call:<\/p>\n<ul>\n<li><u>Anexo II. Application Form <\/u><\/li>\n<li><a href=\"https:\/\/internacional.umh.es\/files\/2024\/12\/Anexo-III.-Memoria-de-solicitud.docx\">Anexo III. Memoria de solicitud<\/a><\/li>\n<li><u>Anexo IV. Final Report <\/u><\/li>\n<li><u><a href=\"https:\/\/internacional.umh.es\/files\/2024\/12\/Anexo-IV-a-JUSTIFICACION-GASTOS-AIEFI.xlsx\">Anexo IV-a. Expense Justification<\/a><\/u><\/li>\n<li><u><a href=\"https:\/\/internacional.umh.es\/files\/2024\/12\/Anexo-IV-b-EJECUCION-AIEFI.xlsx\">Anexo IV-b. AIEFI 2025 Execution<\/a><\/u><\/li>\n<li><a href=\"https:\/\/internacional.umh.es\/files\/2024\/12\/Anexo-V.-Certificado-de-estancia.docx\">Anexo V. Stay Certificate<\/a><\/li>\n<\/ul>\n<hr>\n<h4><strong>Previous calls<br \/>\n<\/strong><\/h4>\n<ul>\n<li><a title=\"Accede ahora a las convocatorias anteriores AEIFI al a\u00f1o 2022\" href=\"https:\/\/internacional.umh.es\/internacionalizacion\/aiefi-internacionalizacion-de-centros\/convocatorias-anteriores\/\"><strong>Prior AIEFI Calls<\/strong><\/a><\/li>\n<\/ul>\n<p><\/p>","protected":false},"excerpt":{"rendered":"<p>The Program of Actions for the Internationalization of Schools, Faculties, and Research Institutes (AIEFI) aims to enhance the international projection of undergraduate and master\u2019s programs at the UMH. This is accomplished by fostering strategic planning for the internationalization of training activities at university units (faculties, schools, and research institutes) in a coordinated manner, through actions [&#8230;]<\/p>\n","protected":false},"author":5216,"featured_media":0,"parent":2740,"menu_order":1,"comment_status":"closed","ping_status":"closed","template":"","meta":{"ngg_post_thumbnail":0,"_links_to":"","_links_to_target":""},"yoast_head":"<!-- This site is optimized with the Yoast SEO plugin v17.5 - https:\/\/yoast.com\/wordpress\/plugins\/seo\/ -->\n<meta name=\"description\" content=\"Las ayudas para Internacionalizaci\u00f3n de escuelas, facultades, institutos de investigaci\u00f3n (AIEFI) mejora la proyecci\u00f3n internacional de la UMH\" \/>\n<meta name=\"robots\" content=\"index, follow, max-snippet:-1, max-image-preview:large, max-video-preview:-1\" \/>\n<link rel=\"canonical\" href=\"https:\/\/internacional.umh.es\/en\/internacionalizacion\/aiefi-internacionalizacion-de-centros\/\" \/>\n<meta property=\"og:locale\" content=\"en_US\" \/>\n<meta property=\"og:type\" content=\"article\" \/>\n<meta property=\"og:title\" content=\"AIEFI - Internationalization of Schools, Faculties, and Research Institutes - International Relations and Cooperation\" \/>\n<meta property=\"og:description\" content=\"Las ayudas para Internacionalizaci\u00f3n de escuelas, facultades, institutos de investigaci\u00f3n (AIEFI) mejora la proyecci\u00f3n internacional de la UMH\" \/>\n<meta property=\"og:url\" content=\"https:\/\/internacional.umh.es\/internacionalizacion\/aiefi-internacionalizacion-de-centros\/\" \/>\n<meta property=\"og:site_name\" content=\"International Relations and Cooperation\" \/>\n<meta property=\"article:modified_time\" content=\"2026-03-31T12:57:43+00:00\" \/>\n<meta name=\"twitter:card\" content=\"summary_large_image\" \/>\n<meta name=\"twitter:label1\" content=\"Est. reading time\" \/>\n\t<meta name=\"twitter:data1\" content=\"1 minute\" \/>\n<script type=\"application\/ld+json\" class=\"yoast-schema-graph\">{\"@context\":\"https:\/\/schema.org\",\"@graph\":[{\"@type\":\"WebSite\",\"@id\":\"https:\/\/internacional.umh.es\/en\/#website\",\"url\":\"https:\/\/internacional.umh.es\/en\/\",\"name\":\"International Relations and Cooperation\",\"description\":\"Miguel Hernandez University of Elche\",\"potentialAction\":[{\"@type\":\"SearchAction\",\"target\":{\"@type\":\"EntryPoint\",\"urlTemplate\":\"https:\/\/internacional.umh.es\/en\/?s={search_term_string}\"},\"query-input\":\"required name=search_term_string\"}],\"inLanguage\":\"en-US\"},{\"@type\":\"WebPage\",\"@id\":\"https:\/\/internacional.umh.es\/internacionalizacion\/aiefi-internacionalizacion-de-centros\/#webpage\",\"url\":\"https:\/\/internacional.umh.es\/internacionalizacion\/aiefi-internacionalizacion-de-centros\/\",\"name\":\"AIEFI - Internationalization of Schools, Faculties, and Research Institutes - International Relations and Cooperation\",\"isPartOf\":{\"@id\":\"https:\/\/internacional.umh.es\/en\/#website\"},\"datePublished\":\"2016-03-02T09:10:09+00:00\",\"dateModified\":\"2026-03-31T12:57:43+00:00\",\"description\":\"Las ayudas para Internacionalizaci\\u00f3n de escuelas, facultades, institutos de investigaci\\u00f3n (AIEFI) mejora la proyecci\\u00f3n internacional de la UMH\",\"breadcrumb\":{\"@id\":\"https:\/\/internacional.umh.es\/internacionalizacion\/aiefi-internacionalizacion-de-centros\/#breadcrumb\"},\"inLanguage\":\"en-US\",\"potentialAction\":[{\"@type\":\"ReadAction\",\"target\":[\"https:\/\/internacional.umh.es\/internacionalizacion\/aiefi-internacionalizacion-de-centros\/\"]}]},{\"@type\":\"BreadcrumbList\",\"@id\":\"https:\/\/internacional.umh.es\/internacionalizacion\/aiefi-internacionalizacion-de-centros\/#breadcrumb\",\"itemListElement\":[{\"@type\":\"ListItem\",\"position\":1,\"name\":\"Home\",\"item\":\"https:\/\/internacional.umh.es\/en\/\"},{\"@type\":\"ListItem\",\"position\":2,\"name\":\"INTERNATIONALIZATION\",\"item\":\"https:\/\/internacional.umh.es\/en\/internacionalizacion\/\"},{\"@type\":\"ListItem\",\"position\":3,\"name\":\"AIEFI-Internacionalizaci\\u00f3n de centros\"}]}]}<\/script>\n<!-- \/ Yoast SEO plugin. -->","yoast_head_json":{"description":"Las ayudas para Internacionalizaci\u00f3n de escuelas, facultades, institutos de investigaci\u00f3n (AIEFI) mejora la proyecci\u00f3n internacional de la UMH","robots":{"index":"index","follow":"follow","max-snippet":"max-snippet:-1","max-image-preview":"max-image-preview:large","max-video-preview":"max-video-preview:-1"},"canonical":"https:\/\/internacional.umh.es\/en\/internacionalizacion\/aiefi-internacionalizacion-de-centros\/","og_locale":"en_US","og_type":"article","og_title":"AIEFI - Internationalization of Schools, Faculties, and Research Institutes - International Relations and Cooperation","og_description":"Las ayudas para Internacionalizaci\u00f3n de escuelas, facultades, institutos de investigaci\u00f3n (AIEFI) mejora la proyecci\u00f3n internacional de la UMH","og_url":"https:\/\/internacional.umh.es\/internacionalizacion\/aiefi-internacionalizacion-de-centros\/","og_site_name":"International Relations and Cooperation","article_modified_time":"2026-03-31T12:57:43+00:00","twitter_card":"summary_large_image","twitter_misc":{"Est. reading time":"1 minute"},"schema":{"@context":"https:\/\/schema.org","@graph":[{"@type":"WebSite","@id":"https:\/\/internacional.umh.es\/en\/#website","url":"https:\/\/internacional.umh.es\/en\/","name":"International Relations and Cooperation","description":"Miguel Hernandez University of Elche","potentialAction":[{"@type":"SearchAction","target":{"@type":"EntryPoint","urlTemplate":"https:\/\/internacional.umh.es\/en\/?s={search_term_string}"},"query-input":"required name=search_term_string"}],"inLanguage":"en-US"},{"@type":"WebPage","@id":"https:\/\/internacional.umh.es\/internacionalizacion\/aiefi-internacionalizacion-de-centros\/#webpage","url":"https:\/\/internacional.umh.es\/internacionalizacion\/aiefi-internacionalizacion-de-centros\/","name":"AIEFI - Internationalization of Schools, Faculties, and Research Institutes - International Relations and Cooperation","isPartOf":{"@id":"https:\/\/internacional.umh.es\/en\/#website"},"datePublished":"2016-03-02T09:10:09+00:00","dateModified":"2026-03-31T12:57:43+00:00","description":"Las ayudas para Internacionalizaci\u00f3n de escuelas, facultades, institutos de investigaci\u00f3n (AIEFI) mejora la proyecci\u00f3n internacional de la UMH","breadcrumb":{"@id":"https:\/\/internacional.umh.es\/internacionalizacion\/aiefi-internacionalizacion-de-centros\/#breadcrumb"},"inLanguage":"en-US","potentialAction":[{"@type":"ReadAction","target":["https:\/\/internacional.umh.es\/internacionalizacion\/aiefi-internacionalizacion-de-centros\/"]}]},{"@type":"BreadcrumbList","@id":"https:\/\/internacional.umh.es\/internacionalizacion\/aiefi-internacionalizacion-de-centros\/#breadcrumb","itemListElement":[{"@type":"ListItem","position":1,"name":"Home","item":"https:\/\/internacional.umh.es\/en\/"},{"@type":"ListItem","position":2,"name":"INTERNATIONALIZATION","item":"https:\/\/internacional.umh.es\/en\/internacionalizacion\/"},{"@type":"ListItem","position":3,"name":"AIEFI-Internacionalizaci\u00f3n de centros"}]}]}},"_links":{"self":[{"href":"https:\/\/internacional.umh.es\/en\/wp-json\/wp\/v2\/pages\/3128"}],"collection":[{"href":"https:\/\/internacional.umh.es\/en\/wp-json\/wp\/v2\/pages"}],"about":[{"href":"https:\/\/internacional.umh.es\/en\/wp-json\/wp\/v2\/types\/page"}],"author":[{"embeddable":true,"href":"https:\/\/internacional.umh.es\/en\/wp-json\/wp\/v2\/users\/5216"}],"replies":[{"embeddable":true,"href":"https:\/\/internacional.umh.es\/en\/wp-json\/wp\/v2\/comments?post=3128"}],"version-history":[{"count":0,"href":"https:\/\/internacional.umh.es\/en\/wp-json\/wp\/v2\/pages\/3128\/revisions"}],"up":[{"embeddable":true,"href":"https:\/\/internacional.umh.es\/en\/wp-json\/wp\/v2\/pages\/2740"}],"wp:attachment":[{"href":"https:\/\/internacional.umh.es\/en\/wp-json\/wp\/v2\/media?parent=3128"}],"curies":[{"name":"wp","href":"https:\/\/api.w.org\/{rel}","templated":true}]}}