{"id":31833,"date":"2023-09-18T10:40:11","date_gmt":"2023-09-18T08:40:11","guid":{"rendered":"https:\/\/internacional.umh.es\/?page_id=31833"},"modified":"2024-03-20T14:32:12","modified_gmt":"2024-03-20T13:32:12","slug":"seminario-web-mundial-erasmus-2023","status":"publish","type":"page","link":"https:\/\/internacional.umh.es\/en\/internacionalizacion\/proyectos\/seminario-web-mundial-erasmus-2023\/","title":{"rendered":"2023 Erasmus+ Global Web Seminar"},"content":{"rendered":"<p><\/p>\n<p style=\"text-align: justify\">La Direcci\u00f3n General de Educaci\u00f3n, Juventud, Deporte y Cultura (DG EAC) y la Agencia Ejecutiva Europea de Educaci\u00f3n y Cultura (EACEA) organizan un <strong>seminario web mundial Erasmus+ 2023 del martes 17 al jueves 19 de octubre<\/strong>. Erasmus+ es el programa de la Uni\u00f3n Europea que apoya proyectos e intercambios para la educaci\u00f3n, la formaci\u00f3n y la juventud en todo el mundo. El webinario sobre intercambio y cooperaci\u00f3n est\u00e1 abierto a organizaciones educativas y personas interesadas de todo el mundo.<\/p>\n<p style=\"text-align: justify\">El Seminario web mundial Erasmus+ ofrecer\u00e1 tres sesiones informativas, cada una de las cuales cubrir\u00e1 temas diferentes, sobre las oportunidades internacionales de los programas Erasmus+ para que los participantes comprendan mejor todos los aspectos y beneficios: intercambio acad\u00e9mico de estudiantes y personal; proyectos de cooperaci\u00f3n para la educaci\u00f3n, educaci\u00f3n superior y formaci\u00f3n profesional; intercambio virtual; y movilidad para investigadores.<\/p>\n<p style=\"text-align: justify\">Este evento en l\u00ednea, dirigido a potenciales solicitantes, brindar\u00e1 tanto a los solicitantes nuevos como a los m\u00e1s experimentados la oportunidad de enviar preguntas por escrito al personal de la Comisi\u00f3n Europea (CE). Las sesiones de la ma\u00f1ana se repetir\u00e1n por la tarde para atender a las diferentes zonas horarias. Cada sesi\u00f3n ser\u00e1 una presentaci\u00f3n de la acci\u00f3n, seguida de una sesi\u00f3n de preguntas y respuestas mediante el chat de Slido. El Seminario web mundial Erasmus+ se desarrollar\u00e1 en ingl\u00e9s, con interpretaci\u00f3n al franc\u00e9s y al espa\u00f1ol.<\/p>\n<h4><strong>Programa:<\/strong><\/h4>\n<ul>\n<li><strong>Martes 17 de octubre:<\/strong> introducci\u00f3n general, movilidad internacional de cr\u00e9dito, acciones Marie Sk\u0142odowska-Curie.<\/li>\n<li><strong>Mi\u00e9rcoles 18 de octubre:<\/strong> Erasmus Mundus, desarrollo de capacidades para la educaci\u00f3n superior, acciones Jean Monnet.<\/li>\n<li><strong>Jueves 19 de octubre:<\/strong> desarrollo de capacidades para la educaci\u00f3n y formaci\u00f3n profesional, intercambio virtual Erasmus+, desarrollo de capacidades para j\u00f3venes.<\/li>\n<\/ul>\n<p>Para m\u00e1s informaci\u00f3n, incluyendo el enlace a la transmisi\u00f3n web del d\u00eda, en la p\u00e1gina del evento:<\/p>\n<ul>\n<li><a title=\"Lo ver\u00e1s en una nueva ventana\" href=\"https:\/\/erasmus-plus.ec.europa.eu\/event\/erasmus-world-wide-webinar-2023\" target=\"_blank\" rel=\"noopener\">erasmus-plus.ec.europa.eu\/event\/erasmus-world-wide-webinar-2023<\/a><\/li>\n<\/ul>\n<p style=\"text-align: justify\">El programa definitivo se publicar\u00e1 en ese mismo enlace cuando se acerque la fecha.<\/p>\n<p><a href=\"https:\/\/internacional.umh.es\/files\/2023\/09\/Seminario-web-mundial-Erasmus-2023.png\"><img loading=\"lazy\" class=\"alignnone size-medium wp-image-31835\" title=\"Accede al webinar del seminario web mundial Erasmus+ 2023 en una nueva ventana\" src=\"https:\/\/internacional.umh.es\/files\/2023\/09\/Seminario-web-mundial-Erasmus-2023-300x300.png\" alt=\"Cartel Seminario web mundial Erasmus+ 2023\" width=\"300\" height=\"300\" srcset=\"https:\/\/internacional.umh.es\/files\/2023\/09\/Seminario-web-mundial-Erasmus-2023-300x300.png 300w, https:\/\/internacional.umh.es\/files\/2023\/09\/Seminario-web-mundial-Erasmus-2023-1024x1024.png 1024w, https:\/\/internacional.umh.es\/files\/2023\/09\/Seminario-web-mundial-Erasmus-2023-150x150.png 150w, https:\/\/internacional.umh.es\/files\/2023\/09\/Seminario-web-mundial-Erasmus-2023-768x768.png 768w, https:\/\/internacional.umh.es\/files\/2023\/09\/Seminario-web-mundial-Erasmus-2023.png 1080w\" sizes=\"(max-width: 300px) 100vw, 300px\" \/><\/a><\/p>","protected":false},"excerpt":{"rendered":"<p>La Direcci\u00f3n General de Educaci\u00f3n, Juventud, Deporte y Cultura (DG EAC) y la Agencia Ejecutiva Europea de Educaci\u00f3n y Cultura (EACEA) organizan un seminario web mundial Erasmus+ 2023 del martes 17 al jueves 19 de octubre. Erasmus+ es el programa de la Uni\u00f3n Europea que apoya proyectos e intercambios para la educaci\u00f3n, la formaci\u00f3n y [&#8230;]<\/p>\n","protected":false},"author":408,"featured_media":0,"parent":5732,"menu_order":3,"comment_status":"closed","ping_status":"closed","template":"","meta":{"ngg_post_thumbnail":0,"_links_to":"","_links_to_target":""},"yoast_head":"<!-- This site is optimized with the Yoast SEO plugin v17.5 - https:\/\/yoast.com\/wordpress\/plugins\/seo\/ -->\n<meta name=\"description\" content=\"La DG EAC y la Agencia Ejecutiva Europea de Educaci\u00f3n y Cultura (EACEA) organizan un seminario web mundial Erasmus+ 2023 en un webinar\" \/>\n<meta name=\"robots\" content=\"index, follow, max-snippet:-1, max-image-preview:large, max-video-preview:-1\" \/>\n<link rel=\"canonical\" href=\"https:\/\/internacional.umh.es\/en\/internacionalizacion\/proyectos\/seminario-web-mundial-erasmus-2023\/\" \/>\n<meta property=\"og:locale\" content=\"en_US\" \/>\n<meta property=\"og:type\" content=\"article\" \/>\n<meta property=\"og:title\" content=\"2023 Erasmus+ Global Web Seminar - International Relations and Cooperation\" \/>\n<meta property=\"og:description\" content=\"La DG EAC y la Agencia Ejecutiva Europea de Educaci\u00f3n y Cultura (EACEA) organizan un seminario web mundial Erasmus+ 2023 en un webinar\" \/>\n<meta property=\"og:url\" content=\"https:\/\/internacional.umh.es\/internacionalizacion\/proyectos\/seminario-web-mundial-erasmus-2023\/\" \/>\n<meta property=\"og:site_name\" content=\"International Relations and Cooperation\" \/>\n<meta property=\"article:modified_time\" content=\"2024-03-20T13:32:12+00:00\" \/>\n<meta property=\"og:image\" content=\"https:\/\/internacional.umh.es\/files\/2023\/09\/Seminario-web-mundial-Erasmus-2023-300x300.png\" \/>\n<meta name=\"twitter:card\" content=\"summary_large_image\" \/>\n<meta name=\"twitter:label1\" content=\"Est. reading time\" \/>\n\t<meta name=\"twitter:data1\" content=\"2 minutes\" \/>\n<script type=\"application\/ld+json\" class=\"yoast-schema-graph\">{\"@context\":\"https:\/\/schema.org\",\"@graph\":[{\"@type\":\"WebSite\",\"@id\":\"https:\/\/internacional.umh.es\/en\/#website\",\"url\":\"https:\/\/internacional.umh.es\/en\/\",\"name\":\"International Relations and Cooperation\",\"description\":\"Miguel Hernandez University of Elche\",\"potentialAction\":[{\"@type\":\"SearchAction\",\"target\":{\"@type\":\"EntryPoint\",\"urlTemplate\":\"https:\/\/internacional.umh.es\/en\/?s={search_term_string}\"},\"query-input\":\"required name=search_term_string\"}],\"inLanguage\":\"en-US\"},{\"@type\":\"ImageObject\",\"@id\":\"https:\/\/internacional.umh.es\/internacionalizacion\/proyectos\/seminario-web-mundial-erasmus-2023\/#primaryimage\",\"inLanguage\":\"en-US\",\"url\":\"https:\/\/internacional.umh.es\/files\/2023\/09\/Seminario-web-mundial-Erasmus-2023.png\",\"contentUrl\":\"https:\/\/internacional.umh.es\/files\/2023\/09\/Seminario-web-mundial-Erasmus-2023.png\",\"width\":1080,\"height\":1080,\"caption\":\"Cartel Seminario web mundial Erasmus+ 2023\"},{\"@type\":\"WebPage\",\"@id\":\"https:\/\/internacional.umh.es\/internacionalizacion\/proyectos\/seminario-web-mundial-erasmus-2023\/#webpage\",\"url\":\"https:\/\/internacional.umh.es\/internacionalizacion\/proyectos\/seminario-web-mundial-erasmus-2023\/\",\"name\":\"2023 Erasmus+ Global Web Seminar - International Relations and Cooperation\",\"isPartOf\":{\"@id\":\"https:\/\/internacional.umh.es\/en\/#website\"},\"primaryImageOfPage\":{\"@id\":\"https:\/\/internacional.umh.es\/internacionalizacion\/proyectos\/seminario-web-mundial-erasmus-2023\/#primaryimage\"},\"datePublished\":\"2023-09-18T08:40:11+00:00\",\"dateModified\":\"2024-03-20T13:32:12+00:00\",\"description\":\"La DG EAC y la Agencia Ejecutiva Europea de Educaci\\u00f3n y Cultura (EACEA) organizan un seminario web mundial Erasmus+ 2023 en un webinar\",\"breadcrumb\":{\"@id\":\"https:\/\/internacional.umh.es\/internacionalizacion\/proyectos\/seminario-web-mundial-erasmus-2023\/#breadcrumb\"},\"inLanguage\":\"en-US\",\"potentialAction\":[{\"@type\":\"ReadAction\",\"target\":[\"https:\/\/internacional.umh.es\/internacionalizacion\/proyectos\/seminario-web-mundial-erasmus-2023\/\"]}]},{\"@type\":\"BreadcrumbList\",\"@id\":\"https:\/\/internacional.umh.es\/internacionalizacion\/proyectos\/seminario-web-mundial-erasmus-2023\/#breadcrumb\",\"itemListElement\":[{\"@type\":\"ListItem\",\"position\":1,\"name\":\"Home\",\"item\":\"https:\/\/internacional.umh.es\/en\/\"},{\"@type\":\"ListItem\",\"position\":2,\"name\":\"INTERNATIONALIZATION\",\"item\":\"https:\/\/internacional.umh.es\/en\/internacionalizacion\/\"},{\"@type\":\"ListItem\",\"position\":3,\"name\":\"Proyectos\",\"item\":\"https:\/\/internacional.umh.es\/internacionalizacion\/proyectos\/\"},{\"@type\":\"ListItem\",\"position\":4,\"name\":\"2023 Erasmus+ Global Web Seminar\"}]}]}<\/script>\n<!-- \/ Yoast SEO plugin. -->","yoast_head_json":{"description":"La DG EAC y la Agencia Ejecutiva Europea de Educaci\u00f3n y Cultura (EACEA) organizan un seminario web mundial Erasmus+ 2023 en un webinar","robots":{"index":"index","follow":"follow","max-snippet":"max-snippet:-1","max-image-preview":"max-image-preview:large","max-video-preview":"max-video-preview:-1"},"canonical":"https:\/\/internacional.umh.es\/en\/internacionalizacion\/proyectos\/seminario-web-mundial-erasmus-2023\/","og_locale":"en_US","og_type":"article","og_title":"2023 Erasmus+ Global Web Seminar - International Relations and Cooperation","og_description":"La DG EAC y la Agencia Ejecutiva Europea de Educaci\u00f3n y Cultura (EACEA) organizan un seminario web mundial Erasmus+ 2023 en un webinar","og_url":"https:\/\/internacional.umh.es\/internacionalizacion\/proyectos\/seminario-web-mundial-erasmus-2023\/","og_site_name":"International Relations and Cooperation","article_modified_time":"2024-03-20T13:32:12+00:00","og_image":[{"url":"https:\/\/internacional.umh.es\/files\/2023\/09\/Seminario-web-mundial-Erasmus-2023-300x300.png"}],"twitter_card":"summary_large_image","twitter_misc":{"Est. reading time":"2 minutes"},"schema":{"@context":"https:\/\/schema.org","@graph":[{"@type":"WebSite","@id":"https:\/\/internacional.umh.es\/en\/#website","url":"https:\/\/internacional.umh.es\/en\/","name":"International Relations and Cooperation","description":"Miguel Hernandez University of Elche","potentialAction":[{"@type":"SearchAction","target":{"@type":"EntryPoint","urlTemplate":"https:\/\/internacional.umh.es\/en\/?s={search_term_string}"},"query-input":"required name=search_term_string"}],"inLanguage":"en-US"},{"@type":"ImageObject","@id":"https:\/\/internacional.umh.es\/internacionalizacion\/proyectos\/seminario-web-mundial-erasmus-2023\/#primaryimage","inLanguage":"en-US","url":"https:\/\/internacional.umh.es\/files\/2023\/09\/Seminario-web-mundial-Erasmus-2023.png","contentUrl":"https:\/\/internacional.umh.es\/files\/2023\/09\/Seminario-web-mundial-Erasmus-2023.png","width":1080,"height":1080,"caption":"Cartel Seminario web mundial Erasmus+ 2023"},{"@type":"WebPage","@id":"https:\/\/internacional.umh.es\/internacionalizacion\/proyectos\/seminario-web-mundial-erasmus-2023\/#webpage","url":"https:\/\/internacional.umh.es\/internacionalizacion\/proyectos\/seminario-web-mundial-erasmus-2023\/","name":"2023 Erasmus+ Global Web Seminar - International Relations and Cooperation","isPartOf":{"@id":"https:\/\/internacional.umh.es\/en\/#website"},"primaryImageOfPage":{"@id":"https:\/\/internacional.umh.es\/internacionalizacion\/proyectos\/seminario-web-mundial-erasmus-2023\/#primaryimage"},"datePublished":"2023-09-18T08:40:11+00:00","dateModified":"2024-03-20T13:32:12+00:00","description":"La DG EAC y la Agencia Ejecutiva Europea de Educaci\u00f3n y Cultura (EACEA) organizan un seminario web mundial Erasmus+ 2023 en un webinar","breadcrumb":{"@id":"https:\/\/internacional.umh.es\/internacionalizacion\/proyectos\/seminario-web-mundial-erasmus-2023\/#breadcrumb"},"inLanguage":"en-US","potentialAction":[{"@type":"ReadAction","target":["https:\/\/internacional.umh.es\/internacionalizacion\/proyectos\/seminario-web-mundial-erasmus-2023\/"]}]},{"@type":"BreadcrumbList","@id":"https:\/\/internacional.umh.es\/internacionalizacion\/proyectos\/seminario-web-mundial-erasmus-2023\/#breadcrumb","itemListElement":[{"@type":"ListItem","position":1,"name":"Home","item":"https:\/\/internacional.umh.es\/en\/"},{"@type":"ListItem","position":2,"name":"INTERNATIONALIZATION","item":"https:\/\/internacional.umh.es\/en\/internacionalizacion\/"},{"@type":"ListItem","position":3,"name":"Proyectos","item":"https:\/\/internacional.umh.es\/internacionalizacion\/proyectos\/"},{"@type":"ListItem","position":4,"name":"2023 Erasmus+ Global Web Seminar"}]}]}},"_links":{"self":[{"href":"https:\/\/internacional.umh.es\/en\/wp-json\/wp\/v2\/pages\/31833"}],"collection":[{"href":"https:\/\/internacional.umh.es\/en\/wp-json\/wp\/v2\/pages"}],"about":[{"href":"https:\/\/internacional.umh.es\/en\/wp-json\/wp\/v2\/types\/page"}],"author":[{"embeddable":true,"href":"https:\/\/internacional.umh.es\/en\/wp-json\/wp\/v2\/users\/408"}],"replies":[{"embeddable":true,"href":"https:\/\/internacional.umh.es\/en\/wp-json\/wp\/v2\/comments?post=31833"}],"version-history":[{"count":0,"href":"https:\/\/internacional.umh.es\/en\/wp-json\/wp\/v2\/pages\/31833\/revisions"}],"up":[{"embeddable":true,"href":"https:\/\/internacional.umh.es\/en\/wp-json\/wp\/v2\/pages\/5732"}],"wp:attachment":[{"href":"https:\/\/internacional.umh.es\/en\/wp-json\/wp\/v2\/media?parent=31833"}],"curies":[{"name":"wp","href":"https:\/\/api.w.org\/{rel}","templated":true}]}}