{"id":32659,"date":"2023-12-19T09:22:06","date_gmt":"2023-12-19T08:22:06","guid":{"rendered":"https:\/\/internacional.umh.es\/?page_id=32659"},"modified":"2024-03-21T11:09:07","modified_gmt":"2024-03-21T10:09:07","slug":"convocatoria-vulcanus-2022-2023","status":"publish","type":"page","link":"https:\/\/internacional.umh.es\/en\/convocatoria-vulcanus-2022-2023\/","title":{"rendered":"Vulcanus 2022-2023 Call"},"content":{"rendered":"<p><\/p>\n<p style=\"text-align: justify\">Applications are submitted electronically. The document to submit includes the following:<\/p>\n<ul>\n<li style=\"text-align: justify\">Application form (attach <em><a href=\"https:\/\/internacional.umh.es\/files\/2022\/11\/Application-Form-Vulcanus.doc\">application form (297kb Ingl\u00e9s .doc)<\/a><\/em>. This form must be completed in English, dated, and signed.<\/li>\n<li style=\"text-align: justify\">Abbreviated CV of the student (maximum 1 page and in English).<\/li>\n<li style=\"text-align: justify\">Motivational letter (maximum 1 page and in English).<\/li>\n<li style=\"text-align: justify\">Recommendation letter from a professor from one significant course (English).<\/li>\n<li style=\"text-align: justify\">Academic transcript (English).<\/li>\n<li style=\"text-align: justify\">University grading system (English).<\/li>\n<li style=\"text-align: justify\">University enrollment certification (English).<\/li>\n<li style=\"text-align: justify\">Medical certificate (English).<\/li>\n<li style=\"text-align: justify\">In a separate folder, photocopies of all preceding documents (except for an Excel table).<\/li>\n<li style=\"text-align: justify\">Submission of the online application with the information from the application form and the Dropbox link (in English and only one is allowed); applications are only accepted through January 20). <u>Gain access to the online application via the application form (English<\/u>).<\/li>\n<li style=\"text-align: justify\">If you are pre-selected, send the registration certificate by mail (read additional information to learn more).<\/li>\n<\/ul>\n<p style=\"text-align: justify\">It is very important that you carefully read the following document that explains each document to submit specifically:<\/p>\n<ul>\n<li><a href=\"https:\/\/internacional.umh.es\/files\/2022\/11\/1-vj23-HOW_TO_APPLY.doc\">Required documentation<\/a><\/li>\n<\/ul>\n<p>The period for submitting applications finalizes on January 20, 2023.<\/p>\n<p style=\"text-align: justify\">Nevertheless, there are documents that you must request from the UMH Service of International Relations, such as the enrollment certificate in English, so we recommend that you prepare the required documents before the call period opens. Thus, until January 16, 2023, you may make an appoint with this service so we can help you resolve any doubts you have about this call and to request the documents before the application period finalizes.<\/p>\n<p>Next there is a list of frequently asked questions:<\/p>\n<ul>\n<li><a href=\"https:\/\/internacional.umh.es\/files\/2022\/11\/1-vj23-HOW_TO_APPLY.doc\">Click this link to consult the FAQs<\/a><\/li>\n<\/ul>\n<h5>Vulcanus program brochure in Spanish:<\/h5>\n<p><a title=\"Descarga toda la informaci\u00f3n sobre las Pr\u00e1cticas en Jap\u00f3n para estudiantes de la UE\/COSME\" href=\"https:\/\/internacional.umh.es\/files\/2018\/11\/flyer_es_permanente-ok.pdf\" target=\"_blank\" rel=\"noopener\"><img loading=\"lazy\" class=\"alignnone wp-image-16434 size-full\" title=\"Descarga toda la informaci\u00f3n sobre las Pr\u00e1cticas en Jap\u00f3n para estudiantes de la UE\/COSME\" src=\"https:\/\/internacional.umh.es\/files\/2020\/08\/vulcanus-e1597651399163.png\" alt=\"Folleto Vulcanus en Jap\u00f3n UMH\" width=\"330\" height=\"470\" srcset=\"https:\/\/internacional.umh.es\/files\/2020\/08\/vulcanus-e1597651399163.png 330w, https:\/\/internacional.umh.es\/files\/2020\/08\/vulcanus-e1597651399163-211x300.png 211w\" sizes=\"(max-width: 330px) 100vw, 330px\" \/><\/a><\/p>","protected":false},"excerpt":{"rendered":"<p>Applications are submitted electronically. The document to submit includes the following:<\/p>\n<p>Application form (attach application form (297kb Ingl\u00e9s .doc). This form must be completed in English, dated, and signed.<br \/>\nAbbreviated CV of the student (maximum 1 page and in English).<br \/>\nMotivational letter (maximum 1 page and in English).<br \/>\nRecommendation letter from a professor from one significant course (English).<br \/>\nAcademic transcript [&#8230;]<\/p>\n","protected":false},"author":408,"featured_media":0,"parent":0,"menu_order":0,"comment_status":"closed","ping_status":"closed","template":"","meta":{"ngg_post_thumbnail":0,"_links_to":"","_links_to_target":""},"yoast_head":"<!-- This site is optimized with the Yoast SEO plugin v17.5 - https:\/\/yoast.com\/wordpress\/plugins\/seo\/ -->\n<meta name=\"robots\" content=\"index, follow, max-snippet:-1, max-image-preview:large, max-video-preview:-1\" \/>\n<link rel=\"canonical\" href=\"https:\/\/internacional.umh.es\/en\/convocatoria-vulcanus-2022-2023\/\" \/>\n<meta property=\"og:locale\" content=\"en_US\" \/>\n<meta property=\"og:type\" content=\"article\" \/>\n<meta property=\"og:title\" content=\"Vulcanus 2022-2023 Call - International Relations and Cooperation\" \/>\n<meta property=\"og:description\" content=\"Applications are submitted electronically. The document to submit includes the following: Application form (attach application form (297kb Ingl\u00e9s .doc). This form must be completed in English, dated, and signed. Abbreviated CV of the student (maximum 1 page and in English). Motivational letter (maximum 1 page and in English). Recommendation letter from a professor from one significant course (English). Academic transcript [...]\" \/>\n<meta property=\"og:url\" content=\"https:\/\/internacional.umh.es\/ca\/convocatoria-vulcanus-2022-2023\/\" \/>\n<meta property=\"og:site_name\" content=\"International Relations and Cooperation\" \/>\n<meta property=\"article:modified_time\" content=\"2024-03-21T10:09:07+00:00\" \/>\n<meta property=\"og:image\" content=\"https:\/\/internacional.umh.es\/files\/2020\/08\/vulcanus-e1597651399163.png\" \/>\n<meta name=\"twitter:card\" content=\"summary_large_image\" \/>\n<meta name=\"twitter:label1\" content=\"Est. reading time\" \/>\n\t<meta name=\"twitter:data1\" content=\"2 minutes\" \/>\n<script type=\"application\/ld+json\" class=\"yoast-schema-graph\">{\"@context\":\"https:\/\/schema.org\",\"@graph\":[{\"@type\":\"WebSite\",\"@id\":\"https:\/\/internacional.umh.es\/en\/#website\",\"url\":\"https:\/\/internacional.umh.es\/en\/\",\"name\":\"International Relations and Cooperation\",\"description\":\"Miguel Hernandez University of Elche\",\"potentialAction\":[{\"@type\":\"SearchAction\",\"target\":{\"@type\":\"EntryPoint\",\"urlTemplate\":\"https:\/\/internacional.umh.es\/en\/?s={search_term_string}\"},\"query-input\":\"required name=search_term_string\"}],\"inLanguage\":\"en-US\"},{\"@type\":\"ImageObject\",\"@id\":\"https:\/\/internacional.umh.es\/ca\/convocatoria-vulcanus-2022-2023\/#primaryimage\",\"inLanguage\":\"en-US\",\"url\":\"https:\/\/internacional.umh.es\/files\/2020\/08\/vulcanus-e1597651399163.png\",\"contentUrl\":\"https:\/\/internacional.umh.es\/files\/2020\/08\/vulcanus-e1597651399163.png\",\"width\":330,\"height\":470,\"caption\":\"Folleto Vulcanus en Jap\\u00f3n UMH\"},{\"@type\":\"WebPage\",\"@id\":\"https:\/\/internacional.umh.es\/ca\/convocatoria-vulcanus-2022-2023\/#webpage\",\"url\":\"https:\/\/internacional.umh.es\/ca\/convocatoria-vulcanus-2022-2023\/\",\"name\":\"Vulcanus 2022-2023 Call - International Relations and Cooperation\",\"isPartOf\":{\"@id\":\"https:\/\/internacional.umh.es\/en\/#website\"},\"primaryImageOfPage\":{\"@id\":\"https:\/\/internacional.umh.es\/ca\/convocatoria-vulcanus-2022-2023\/#primaryimage\"},\"datePublished\":\"2023-12-19T08:22:06+00:00\",\"dateModified\":\"2024-03-21T10:09:07+00:00\",\"breadcrumb\":{\"@id\":\"https:\/\/internacional.umh.es\/ca\/convocatoria-vulcanus-2022-2023\/#breadcrumb\"},\"inLanguage\":\"en-US\",\"potentialAction\":[{\"@type\":\"ReadAction\",\"target\":[\"https:\/\/internacional.umh.es\/ca\/convocatoria-vulcanus-2022-2023\/\"]}]},{\"@type\":\"BreadcrumbList\",\"@id\":\"https:\/\/internacional.umh.es\/ca\/convocatoria-vulcanus-2022-2023\/#breadcrumb\",\"itemListElement\":[{\"@type\":\"ListItem\",\"position\":1,\"name\":\"Home\",\"item\":\"https:\/\/internacional.umh.es\/en\/\"},{\"@type\":\"ListItem\",\"position\":2,\"name\":\"(Espa\\u00f1ol) Convocatoria Vulcanus 2022-2023\"}]}]}<\/script>\n<!-- \/ Yoast SEO plugin. -->","yoast_head_json":{"robots":{"index":"index","follow":"follow","max-snippet":"max-snippet:-1","max-image-preview":"max-image-preview:large","max-video-preview":"max-video-preview:-1"},"canonical":"https:\/\/internacional.umh.es\/en\/convocatoria-vulcanus-2022-2023\/","og_locale":"en_US","og_type":"article","og_title":"Vulcanus 2022-2023 Call - International Relations and Cooperation","og_description":"Applications are submitted electronically. The document to submit includes the following: Application form (attach application form (297kb Ingl\u00e9s .doc). This form must be completed in English, dated, and signed. Abbreviated CV of the student (maximum 1 page and in English). Motivational letter (maximum 1 page and in English). Recommendation letter from a professor from one significant course (English). Academic transcript [...]","og_url":"https:\/\/internacional.umh.es\/ca\/convocatoria-vulcanus-2022-2023\/","og_site_name":"International Relations and Cooperation","article_modified_time":"2024-03-21T10:09:07+00:00","og_image":[{"url":"https:\/\/internacional.umh.es\/files\/2020\/08\/vulcanus-e1597651399163.png"}],"twitter_card":"summary_large_image","twitter_misc":{"Est. reading time":"2 minutes"},"schema":{"@context":"https:\/\/schema.org","@graph":[{"@type":"WebSite","@id":"https:\/\/internacional.umh.es\/en\/#website","url":"https:\/\/internacional.umh.es\/en\/","name":"International Relations and Cooperation","description":"Miguel Hernandez University of Elche","potentialAction":[{"@type":"SearchAction","target":{"@type":"EntryPoint","urlTemplate":"https:\/\/internacional.umh.es\/en\/?s={search_term_string}"},"query-input":"required name=search_term_string"}],"inLanguage":"en-US"},{"@type":"ImageObject","@id":"https:\/\/internacional.umh.es\/ca\/convocatoria-vulcanus-2022-2023\/#primaryimage","inLanguage":"en-US","url":"https:\/\/internacional.umh.es\/files\/2020\/08\/vulcanus-e1597651399163.png","contentUrl":"https:\/\/internacional.umh.es\/files\/2020\/08\/vulcanus-e1597651399163.png","width":330,"height":470,"caption":"Folleto Vulcanus en Jap\u00f3n UMH"},{"@type":"WebPage","@id":"https:\/\/internacional.umh.es\/ca\/convocatoria-vulcanus-2022-2023\/#webpage","url":"https:\/\/internacional.umh.es\/ca\/convocatoria-vulcanus-2022-2023\/","name":"Vulcanus 2022-2023 Call - International Relations and Cooperation","isPartOf":{"@id":"https:\/\/internacional.umh.es\/en\/#website"},"primaryImageOfPage":{"@id":"https:\/\/internacional.umh.es\/ca\/convocatoria-vulcanus-2022-2023\/#primaryimage"},"datePublished":"2023-12-19T08:22:06+00:00","dateModified":"2024-03-21T10:09:07+00:00","breadcrumb":{"@id":"https:\/\/internacional.umh.es\/ca\/convocatoria-vulcanus-2022-2023\/#breadcrumb"},"inLanguage":"en-US","potentialAction":[{"@type":"ReadAction","target":["https:\/\/internacional.umh.es\/ca\/convocatoria-vulcanus-2022-2023\/"]}]},{"@type":"BreadcrumbList","@id":"https:\/\/internacional.umh.es\/ca\/convocatoria-vulcanus-2022-2023\/#breadcrumb","itemListElement":[{"@type":"ListItem","position":1,"name":"Home","item":"https:\/\/internacional.umh.es\/en\/"},{"@type":"ListItem","position":2,"name":"(Espa\u00f1ol) Convocatoria Vulcanus 2022-2023"}]}]}},"_links":{"self":[{"href":"https:\/\/internacional.umh.es\/en\/wp-json\/wp\/v2\/pages\/32659"}],"collection":[{"href":"https:\/\/internacional.umh.es\/en\/wp-json\/wp\/v2\/pages"}],"about":[{"href":"https:\/\/internacional.umh.es\/en\/wp-json\/wp\/v2\/types\/page"}],"author":[{"embeddable":true,"href":"https:\/\/internacional.umh.es\/en\/wp-json\/wp\/v2\/users\/408"}],"replies":[{"embeddable":true,"href":"https:\/\/internacional.umh.es\/en\/wp-json\/wp\/v2\/comments?post=32659"}],"version-history":[{"count":0,"href":"https:\/\/internacional.umh.es\/en\/wp-json\/wp\/v2\/pages\/32659\/revisions"}],"wp:attachment":[{"href":"https:\/\/internacional.umh.es\/en\/wp-json\/wp\/v2\/media?parent=32659"}],"curies":[{"name":"wp","href":"https:\/\/api.w.org\/{rel}","templated":true}]}}