{"id":34474,"date":"2024-04-23T10:28:17","date_gmt":"2024-04-23T08:28:17","guid":{"rendered":"https:\/\/internacional.umh.es\/?page_id=34474"},"modified":"2025-06-11T12:12:39","modified_gmt":"2025-06-11T10:12:39","slug":"convenio-2023","status":"publish","type":"page","link":"https:\/\/internacional.umh.es\/en\/cooperacion-y-voluntariado\/cooperacion-al-desarrollo\/convenio-cooperacion-universitaria-al-desarrollo\/convenio-2023\/","title":{"rendered":"2023 Call"},"content":{"rendered":"<p><\/p>\n<p style=\"text-align: justify\"><a title=\"Lo ver\u00e1s en una nueva ventana\" href=\"https:\/\/inclusio.gva.es\/es\/\"><img loading=\"lazy\" class=\"alignnone wp-image-34477 size-medium\" src=\"https:\/\/internacional.umh.es\/files\/2024\/04\/image001-1-300x155.png\" alt=\"Vicepresidencia segunda Generalitat Valenciana Convenio 2023\" width=\"300\" height=\"155\" srcset=\"https:\/\/internacional.umh.es\/files\/2024\/04\/image001-1-300x155.png 300w, https:\/\/internacional.umh.es\/files\/2024\/04\/image001-1-1024x528.png 1024w, https:\/\/internacional.umh.es\/files\/2024\/04\/image001-1-768x396.png 768w, https:\/\/internacional.umh.es\/files\/2024\/04\/image001-1.png 1368w\" sizes=\"(max-width: 300px) 100vw, 300px\" \/><\/a><br \/>\nThe following activities are ongoing from 22 April 2024 thru 21 April 2025 as part of the 2023 Call:<\/p>\n<div>&nbsp;<\/div>\n<p style=\"text-align: justify\"><a href=\"#formativa\"><strong>L\u00cdNEA FORMATIVA <\/strong><\/a>|<a href=\"#investigacion\"><strong> L\u00cdNEA INVESTIGACI\u00d3N<\/strong><\/a> | <a href=\"#proyectosCUD\"><strong> L\u00cdNEA DE PROYECTOS CUD<\/strong><\/a><\/p>\n<h3 id=\"formativa\"><strong>L\u00ednea formativa<\/strong><\/h3>\n<div><strong><a href=\"https:\/\/internacional.umh.es\/cooperacion-y-voluntariado\/formacion-en-voluntariado\/formacion\/\" target=\"_blank\" rel=\"noopener\">1.&nbsp;IV Edici\u00f3n Formaci\u00f3n B\u00e1sica en Voluntariado.<\/a><\/strong><\/div>\n<div><strong>2. Actividades de educaci\u00f3n&nbsp;para la ciudadan\u00eda global:<\/strong><\/div>\n<div>\n<ul>\n<li>D\u00eda del voluntariado (5 de diciembre de 2023)<\/li>\n<li><a href=\"https:\/\/internacional.umh.es\/2024\/05\/03\/se-organizan-tres-encuentros-con-periodistas-en-el-marco-del-xiii-seminario-ryszard-kapuscinski\/\" target=\"_blank\" rel=\"noopener\">\u00abMuestras de voluntariado por titulaciones\u00bb de Periodismo (2 mayo 2024).<\/a><\/li>\n<\/ul>\n<\/div>\n<div><strong><a href=\"https:\/\/internacional.umh.es\/files\/2024\/07\/RR_01701_2024.pdf\" target=\"_blank\" rel=\"noopener\">3.&nbsp;Ayudas UMH para Trabajos Fin de Grado, Trabajos Fin de M\u00e1ster y pr\u00e1cticas en el \u00e1mbito de la Cooperaci\u00f3n Internacional al Desarrollo, convenio UMH-GVA<\/a><\/strong><\/div>\n<hr>\n<h3 id=\"investigacion\"><strong>L\u00ednea de Investigaci\u00f3n<\/strong><\/h3>\n<ul>\n<li style=\"text-align: justify\"><strong>(05\/09\/2024) <a href=\"https:\/\/internacional.umh.es\/files\/2024\/09\/ES_U05500001_2024_DOCH-0000000000000000000266922.pdf\" target=\"_blank\" rel=\"noopener\">Propuesta de asignaci\u00f3n provisional<\/a><\/strong><\/li>\n<li style=\"text-align: justify\"><strong>(19\/07\/2024) <a href=\"https:\/\/internacional.umh.es\/files\/2024\/09\/RR_01798_2024.pdf\" target=\"_blank\" rel=\"noopener\">Lista definitiva de admitidos y excluidos<\/a><\/strong><\/li>\n<li style=\"text-align: justify\"><strong>(01\/07\/2024) <a href=\"https:\/\/internacional.umh.es\/files\/2024\/09\/ES_U05500001_2024_DOCH-0000000000000000000192242.pdf\" target=\"_blank\" rel=\"noopener\">Listado provisional admitidos y excluidos<\/a><\/strong><\/li>\n<li style=\"text-align: justify\"><strong>(30\/05\/2024) <a href=\"https:\/\/internacional.umh.es\/files\/2024\/05\/RR_01300_2024.pdf\" target=\"_blank\" rel=\"noopener\">Convocatoria interna para la asignaci\u00f3n de cr\u00e9dito a proyectos de investigaci\u00f3n ligados a la cooperaci\u00f3n internacional al desarrollo, en el marco de los Objetivos de Desarrollo Sostenible, Convenio UMH-GVA&nbsp;<\/a><\/strong><\/li>\n<\/ul>\n<hr>\n<h3 id=\"proyectosCUD\"><strong>L\u00ednea de proyectos de Cooperaci\u00f3n Universitaria al Desarrollo (CUD)<\/strong><\/h3>\n<ol>\n<li>\n<div><strong>CUD2:<\/strong> Condiciones para la puesta en marcha de un Consejo Asesor de Pacientes en el sistema de salud ecuatoriano &#8211; IP Jos\u00e9 Joaqu\u00edn Mira Solves <div id=\"accordions-36068\" class=\"accordions-36068 accordions\">\r\n                <div id=\"accordions-lazy-36068\" class=\"accordions-lazy\">\r\n                    <\/div>\r\n        <script>\r\n            jQuery(window).load(function(){\r\n                jQuery('#accordions-lazy-36068').fadeOut();\r\n                jQuery('#accordions-36068 .items').fadeIn();\r\n            });\r\n        <\/script><style type='text\/css'>\r\n        @media only screen and (min-width: 1024px ){\r\n            #accordions-36068 {\r\n                            width: 100%;\r\n                        }\r\n        }\r\n        @media only screen and ( min-width: 768px ) and ( max-width: 1023px ) {\r\n            #accordions-36068 {\r\n                            width: 100%;\r\n                        }\r\n        }\r\n        @media only screen and ( min-width: 0px ) and ( max-width: 767px ){\r\n            #accordions-36068 {\r\n                            width: 100%;\r\n                        }\r\n        }\r\n                    #accordions-36068 .items {display: none;}\r\n            #accordions-36068 .accordions-lazy {\r\n                text-align: center;\r\n                position: absolute;\r\n                top: 50%;\r\n                left: 50%;\r\n                transform: translate(-50%, -50%);\r\n            }\r\n            #accordions-36068 {\r\n                            text-align: left;\r\n                                        background:#ffffff url() repeat scroll 0 0;\r\n                                    position: relative;\r\n        }\r\n        #accordions-36068 .accordions-head{\r\n                    background:#1e73be none repeat scroll 0 0;\r\n                                    outline: none;\r\n        }\r\n        #accordions-36068 .accordions-head-title{\r\n                            color:#ffffff;\r\n                            font-size:16px;\r\n                }\r\n        #accordions-36068 .accordions-head-title-toggle{\r\n                    color:#ffffff;\r\n                            font-size:16px;\r\n                }\r\n        #accordions-36068 .accordions-head:hover .accordions-head-title{\r\n                    color:#ffffff;\r\n                }\r\n        #accordions-36068 .ui-state-active{\r\n                    background: #174e7f;\r\n                    border: none;\r\n        }\r\n        #accordions-36068 .accordion-content{\r\n                            background:#ffffff none repeat scroll 0 0;\r\n                                                    border: none;\r\n        }\r\n        #accordions-36068 .accordion-icons{\r\n                                                                    }\r\n        #accordions-36068 .accordions-head:hover .accordion-icons span{\r\n                    }\r\n            <\/style>\r\n    <div class=\"items\">\r\n                        <div post_id=\"36068\" itemcount=\"0\" header_id=\"header-1726485036394\" id=\"header-1726485036394\" style=\"\" class=\"accordions-head head1726485036394 border-none\" toggle-text=\"\" main-text=\"Informaci\u00f3n detallada\">\r\n                                            <span id=\"accordion-icons-1726485036394\" class=\"accordion-icons\">\r\n                            <span class=\"accordion-icon-active accordion-plus\"><i class=\"fas fa-chevron-up\"><\/i><\/span>\r\n                            <span class=\"accordion-icon-inactive accordion-minus\"><i class=\"fas fa-chevron-right\"><\/i><\/span>\r\n                        <\/span>\r\n                        <span id=\"header-text-1726485036394\" class=\"accordions-head-title\">Informaci\u00f3n detallada<\/span>\r\n                                        <\/div>\r\n                <div class=\"accordion-content content1726485036394 \">\r\n                    <p><span style=\"color: #000000\"><a href=\"https:\/\/internacional.umh.es\/files\/2024\/09\/msp-ministerio-de-salud-publica-logo-867969877C-seeklogo.com_.png\"><img class=\"size-full wp-image-36084 alignleft\" src=\"https:\/\/internacional.umh.es\/files\/2024\/09\/msp-ministerio-de-salud-publica-logo-867969877C-seeklogo.com_.png\" alt=\"\" width=\"300\" height=\"223\" \/><\/a>Socio local: Ministerio de Salud P\u00fablica de Ecuador (MSP) a trav\u00e9s de su <\/span>Direcci\u00f3n Nacional de Calidad, Seguridad del Paciente y Control Sanitario (DNCSPCS)<\/p>\n<p>Este proyecto tiene por misi\u00f3n apoyar el desarrollo normativo y de procedimientos operativos a nivel nacional que permitan la incorporaci\u00f3n de pacientes en la toma de decisiones, levantamiento de rutas asistenciales, evaluaci\u00f3n de resultados en salud mediante el desarrollo de un Consejo Asesor de Pacientes (gobernanza del sistema de salud ecuatoriano).<\/p>\n<p>Los objetivos espec\u00edficos se concretan en:<\/p>\n<ul>\n<li>OBJ1. Dise\u00f1o de un\u00a0marco conceptual\u00a0centrado en la realidad del Ecuador para el desarrollo normativo, basado en la evidencia y la experiencia en otros pa\u00edses en la incorporaci\u00f3n de pacientes en diferentes fases de la definici\u00f3n de estrategia, planes rutas y evaluaci\u00f3n de resultados (gobernanza del sistema de salud).<\/li>\n<li>OBJ2. Identificaci\u00f3n y dise\u00f1o de los\u00a0procesos operativos\u00a0necesarios para trasladar a la pr\u00e1ctica la participaci\u00f3n de pacientes (Consejo Asesor de Pacientes) en el Ecuador, a nivel nacional.<\/li>\n<li>OBJ3. Definici\u00f3n de los\u00a0est\u00e1ndares\u00a0que han de satisfacerse en cuanto a equidad, universalidad, solidaridad, interculturalidad, transparencia, inclusi\u00f3n, representatividad, aceptabilidad y utilidad del Consejo Asesor de Pacientes.<\/li>\n<li>OBJ4. Elaboraci\u00f3n de los\u00a0materiales de soporte\u00a0para la\u00a0capacitaci\u00f3n\u00a0del personal t\u00e9cnico de la\u00a0DNCSPCS encargado de ejecutar los procedimientos operativos dise\u00f1ados.<\/li>\n<li>OBJ5. Ofrecer soporte al personal t\u00e9cnico de la\u00a0DNCSPCS en el dise\u00f1o de los\u00a0contenidos y materiales\u00a0para la capacitaci\u00f3n de los integrantes del Consejo Asesor de Pacientes.<\/li>\n<\/ul>\n<p>Para alcanzar estos objetivos daremos apoyo a la\u00a0DNCSPCS en la organizaci\u00f3n y conducci\u00f3n de diferentes consultas mediante t\u00e9cnicas de conferencia de consenso para articular esquemas de participaci\u00f3n y colaboraremos en la elaboraci\u00f3n de procedimientos operativos y est\u00e1ndares para monitorizar esa implicaci\u00f3n de pacientes en la gobernanza en salud. Capacitaremos al personal t\u00e9cnico del MSP para liderar este enfoque democratizador y legitimador de las pol\u00edticas, planes en salud y rutas asistenciales (incluyendo evaluaci\u00f3n de resultados) con transparencia, inclusividad y operatividad y elaboraremos conjuntamente en el terreno materiales necesarios para poder constituir un Consejo Asesor de Pacientes en MSP.<\/p>\n<p>Este proyecto requiere la implicaci\u00f3n no solo de directivos y personal t\u00e9cnico del MSP, tambi\u00e9n la representaci\u00f3n de la sociedad civil y de entidades locales ciudadanas, de pacientes y profesionales para generar este esquema de participaci\u00f3n e implicaci\u00f3n, facilitar su aceptabilidad por el conjunto de grupos de inter\u00e9s y asegurar su viabilidad y utilidad.<\/p>\n                <\/div>\r\n                    <\/div>\r\n    <script>\r\n        jQuery(document).ready(function($){accordions_active_index_36068 = [];        })\r\n    <\/script>    <script>\r\n        jQuery(document).ready(function($){\r\n            accordion_36068  = $(\"#accordions-36068 .items\").accordion({\r\n                event: \"click\",\r\n                collapsible:true,\r\n                heightStyle: \"content\",\r\n                animate: (\"swing\", 1000),\r\n                navigation: true,\r\n                active: 999,\r\n                            });\r\n        })\r\n    <\/script>\r\n                <\/div><\/div>\n<div>&nbsp;<\/div>\n<\/li>\n<\/ol>\n<div>\n<div>&nbsp;<\/div>\n<\/div>\n<p><\/p>","protected":false},"excerpt":{"rendered":"<p>The following activities are ongoing from 22 April 2024 thru 21 April 2025 as part of the 2023 Call:<br \/>\n&nbsp;<br \/>\nL\u00cdNEA FORMATIVA | L\u00cdNEA INVESTIGACI\u00d3N |  L\u00cdNEA DE PROYECTOS CUD<br \/>\nL\u00ednea formativa<br \/>\n1.&nbsp;IV Edici\u00f3n Formaci\u00f3n B\u00e1sica en Voluntariado.<br \/>\n2. Actividades de educaci\u00f3n&nbsp;para la ciudadan\u00eda global:<\/p>\n<p>D\u00eda del voluntariado (5 de diciembre de 2023)<br \/>\n\u00abMuestras de voluntariado por titulaciones\u00bb de Periodismo (2 [&#8230;]<\/p>\n","protected":false},"author":6508,"featured_media":0,"parent":14118,"menu_order":1,"comment_status":"closed","ping_status":"closed","template":"","meta":{"ngg_post_thumbnail":0,"_links_to":"","_links_to_target":""},"yoast_head":"<!-- This site is optimized with the Yoast SEO plugin v17.5 - https:\/\/yoast.com\/wordpress\/plugins\/seo\/ -->\n<meta name=\"description\" content=\"Convenio 2023 UMH donde se desarrollan proyectos en l\u00ednea formativa, de investigaci\u00f3n y de proyectos Cooperaci\u00f3n Universitaria al Desarrollo\" \/>\n<meta name=\"robots\" content=\"index, follow, max-snippet:-1, max-image-preview:large, max-video-preview:-1\" \/>\n<link rel=\"canonical\" href=\"https:\/\/internacional.umh.es\/en\/cooperacion-y-voluntariado\/cooperacion-al-desarrollo\/convenio-cooperacion-universitaria-al-desarrollo\/convenio-2023\/\" \/>\n<meta property=\"og:locale\" content=\"en_US\" \/>\n<meta property=\"og:type\" content=\"article\" \/>\n<meta property=\"og:title\" content=\"2023 Call - International Relations and Cooperation\" \/>\n<meta property=\"og:description\" content=\"Convenio 2023 UMH donde se desarrollan proyectos en l\u00ednea formativa, de investigaci\u00f3n y de proyectos Cooperaci\u00f3n Universitaria al Desarrollo\" \/>\n<meta property=\"og:url\" content=\"https:\/\/internacional.umh.es\/ca\/cooperacion-y-voluntariado\/cooperacion-al-desarrollo\/convenio-cooperacion-universitaria-al-desarrollo\/convenio-2023\/\" \/>\n<meta property=\"og:site_name\" content=\"International Relations and Cooperation\" \/>\n<meta property=\"article:modified_time\" content=\"2025-06-11T10:12:39+00:00\" \/>\n<meta property=\"og:image\" content=\"https:\/\/internacional.umh.es\/files\/2024\/04\/image001-1-300x155.png\" \/>\n<meta name=\"twitter:card\" content=\"summary_large_image\" \/>\n<meta name=\"twitter:label1\" content=\"Est. reading time\" \/>\n\t<meta name=\"twitter:data1\" content=\"1 minute\" \/>\n<script type=\"application\/ld+json\" class=\"yoast-schema-graph\">{\"@context\":\"https:\/\/schema.org\",\"@graph\":[{\"@type\":\"WebSite\",\"@id\":\"https:\/\/internacional.umh.es\/en\/#website\",\"url\":\"https:\/\/internacional.umh.es\/en\/\",\"name\":\"International Relations and Cooperation\",\"description\":\"Miguel Hernandez University of Elche\",\"potentialAction\":[{\"@type\":\"SearchAction\",\"target\":{\"@type\":\"EntryPoint\",\"urlTemplate\":\"https:\/\/internacional.umh.es\/en\/?s={search_term_string}\"},\"query-input\":\"required name=search_term_string\"}],\"inLanguage\":\"en-US\"},{\"@type\":\"ImageObject\",\"@id\":\"https:\/\/internacional.umh.es\/ca\/cooperacion-y-voluntariado\/cooperacion-al-desarrollo\/convenio-cooperacion-universitaria-al-desarrollo\/convenio-2023\/#primaryimage\",\"inLanguage\":\"en-US\",\"url\":\"https:\/\/internacional.umh.es\/files\/2024\/04\/image001-1.png\",\"contentUrl\":\"https:\/\/internacional.umh.es\/files\/2024\/04\/image001-1.png\",\"width\":1368,\"height\":706},{\"@type\":\"WebPage\",\"@id\":\"https:\/\/internacional.umh.es\/ca\/cooperacion-y-voluntariado\/cooperacion-al-desarrollo\/convenio-cooperacion-universitaria-al-desarrollo\/convenio-2023\/#webpage\",\"url\":\"https:\/\/internacional.umh.es\/ca\/cooperacion-y-voluntariado\/cooperacion-al-desarrollo\/convenio-cooperacion-universitaria-al-desarrollo\/convenio-2023\/\",\"name\":\"2023 Call - International Relations and Cooperation\",\"isPartOf\":{\"@id\":\"https:\/\/internacional.umh.es\/en\/#website\"},\"primaryImageOfPage\":{\"@id\":\"https:\/\/internacional.umh.es\/ca\/cooperacion-y-voluntariado\/cooperacion-al-desarrollo\/convenio-cooperacion-universitaria-al-desarrollo\/convenio-2023\/#primaryimage\"},\"datePublished\":\"2024-04-23T08:28:17+00:00\",\"dateModified\":\"2025-06-11T10:12:39+00:00\",\"description\":\"Convenio 2023 UMH donde se desarrollan proyectos en l\\u00ednea formativa, de investigaci\\u00f3n y de proyectos Cooperaci\\u00f3n Universitaria al Desarrollo\",\"breadcrumb\":{\"@id\":\"https:\/\/internacional.umh.es\/ca\/cooperacion-y-voluntariado\/cooperacion-al-desarrollo\/convenio-cooperacion-universitaria-al-desarrollo\/convenio-2023\/#breadcrumb\"},\"inLanguage\":\"en-US\",\"potentialAction\":[{\"@type\":\"ReadAction\",\"target\":[\"https:\/\/internacional.umh.es\/ca\/cooperacion-y-voluntariado\/cooperacion-al-desarrollo\/convenio-cooperacion-universitaria-al-desarrollo\/convenio-2023\/\"]}]},{\"@type\":\"BreadcrumbList\",\"@id\":\"https:\/\/internacional.umh.es\/ca\/cooperacion-y-voluntariado\/cooperacion-al-desarrollo\/convenio-cooperacion-universitaria-al-desarrollo\/convenio-2023\/#breadcrumb\",\"itemListElement\":[{\"@type\":\"ListItem\",\"position\":1,\"name\":\"Home\",\"item\":\"https:\/\/internacional.umh.es\/en\/\"},{\"@type\":\"ListItem\",\"position\":2,\"name\":\"COOPERACI\\u00d3 I VOLUNTARIAT\",\"item\":\"https:\/\/internacional.umh.es\/ca\/cooperacion-y-voluntariado\/\"},{\"@type\":\"ListItem\",\"position\":3,\"name\":\"Cooperaci\\u00f3 aI Desenvolupament\",\"item\":\"https:\/\/internacional.umh.es\/ca\/cooperacion-y-voluntariado\/cooperacion-al-desarrollo\/\"},{\"@type\":\"ListItem\",\"position\":4,\"name\":\"Convenis de Cooperaci\\u00f3 Universitaria al Desenvolupament\",\"item\":\"https:\/\/internacional.umh.es\/ca\/cooperacion-y-voluntariado\/cooperacion-al-desarrollo\/convenio-cooperacion-universitaria-al-desarrollo\/\"},{\"@type\":\"ListItem\",\"position\":5,\"name\":\"(Espa\\u00f1ol) Convenio 2023\"}]}]}<\/script>\n<!-- \/ Yoast SEO plugin. -->","yoast_head_json":{"description":"Convenio 2023 UMH donde se desarrollan proyectos en l\u00ednea formativa, de investigaci\u00f3n y de proyectos Cooperaci\u00f3n Universitaria al Desarrollo","robots":{"index":"index","follow":"follow","max-snippet":"max-snippet:-1","max-image-preview":"max-image-preview:large","max-video-preview":"max-video-preview:-1"},"canonical":"https:\/\/internacional.umh.es\/en\/cooperacion-y-voluntariado\/cooperacion-al-desarrollo\/convenio-cooperacion-universitaria-al-desarrollo\/convenio-2023\/","og_locale":"en_US","og_type":"article","og_title":"2023 Call - International Relations and Cooperation","og_description":"Convenio 2023 UMH donde se desarrollan proyectos en l\u00ednea formativa, de investigaci\u00f3n y de proyectos Cooperaci\u00f3n Universitaria al Desarrollo","og_url":"https:\/\/internacional.umh.es\/ca\/cooperacion-y-voluntariado\/cooperacion-al-desarrollo\/convenio-cooperacion-universitaria-al-desarrollo\/convenio-2023\/","og_site_name":"International Relations and Cooperation","article_modified_time":"2025-06-11T10:12:39+00:00","og_image":[{"url":"https:\/\/internacional.umh.es\/files\/2024\/04\/image001-1-300x155.png"}],"twitter_card":"summary_large_image","twitter_misc":{"Est. reading time":"1 minute"},"schema":{"@context":"https:\/\/schema.org","@graph":[{"@type":"WebSite","@id":"https:\/\/internacional.umh.es\/en\/#website","url":"https:\/\/internacional.umh.es\/en\/","name":"International Relations and Cooperation","description":"Miguel Hernandez University of Elche","potentialAction":[{"@type":"SearchAction","target":{"@type":"EntryPoint","urlTemplate":"https:\/\/internacional.umh.es\/en\/?s={search_term_string}"},"query-input":"required name=search_term_string"}],"inLanguage":"en-US"},{"@type":"ImageObject","@id":"https:\/\/internacional.umh.es\/ca\/cooperacion-y-voluntariado\/cooperacion-al-desarrollo\/convenio-cooperacion-universitaria-al-desarrollo\/convenio-2023\/#primaryimage","inLanguage":"en-US","url":"https:\/\/internacional.umh.es\/files\/2024\/04\/image001-1.png","contentUrl":"https:\/\/internacional.umh.es\/files\/2024\/04\/image001-1.png","width":1368,"height":706},{"@type":"WebPage","@id":"https:\/\/internacional.umh.es\/ca\/cooperacion-y-voluntariado\/cooperacion-al-desarrollo\/convenio-cooperacion-universitaria-al-desarrollo\/convenio-2023\/#webpage","url":"https:\/\/internacional.umh.es\/ca\/cooperacion-y-voluntariado\/cooperacion-al-desarrollo\/convenio-cooperacion-universitaria-al-desarrollo\/convenio-2023\/","name":"2023 Call - International Relations and Cooperation","isPartOf":{"@id":"https:\/\/internacional.umh.es\/en\/#website"},"primaryImageOfPage":{"@id":"https:\/\/internacional.umh.es\/ca\/cooperacion-y-voluntariado\/cooperacion-al-desarrollo\/convenio-cooperacion-universitaria-al-desarrollo\/convenio-2023\/#primaryimage"},"datePublished":"2024-04-23T08:28:17+00:00","dateModified":"2025-06-11T10:12:39+00:00","description":"Convenio 2023 UMH donde se desarrollan proyectos en l\u00ednea formativa, de investigaci\u00f3n y de proyectos Cooperaci\u00f3n Universitaria al Desarrollo","breadcrumb":{"@id":"https:\/\/internacional.umh.es\/ca\/cooperacion-y-voluntariado\/cooperacion-al-desarrollo\/convenio-cooperacion-universitaria-al-desarrollo\/convenio-2023\/#breadcrumb"},"inLanguage":"en-US","potentialAction":[{"@type":"ReadAction","target":["https:\/\/internacional.umh.es\/ca\/cooperacion-y-voluntariado\/cooperacion-al-desarrollo\/convenio-cooperacion-universitaria-al-desarrollo\/convenio-2023\/"]}]},{"@type":"BreadcrumbList","@id":"https:\/\/internacional.umh.es\/ca\/cooperacion-y-voluntariado\/cooperacion-al-desarrollo\/convenio-cooperacion-universitaria-al-desarrollo\/convenio-2023\/#breadcrumb","itemListElement":[{"@type":"ListItem","position":1,"name":"Home","item":"https:\/\/internacional.umh.es\/en\/"},{"@type":"ListItem","position":2,"name":"COOPERACI\u00d3 I VOLUNTARIAT","item":"https:\/\/internacional.umh.es\/ca\/cooperacion-y-voluntariado\/"},{"@type":"ListItem","position":3,"name":"Cooperaci\u00f3 aI Desenvolupament","item":"https:\/\/internacional.umh.es\/ca\/cooperacion-y-voluntariado\/cooperacion-al-desarrollo\/"},{"@type":"ListItem","position":4,"name":"Convenis de Cooperaci\u00f3 Universitaria al Desenvolupament","item":"https:\/\/internacional.umh.es\/ca\/cooperacion-y-voluntariado\/cooperacion-al-desarrollo\/convenio-cooperacion-universitaria-al-desarrollo\/"},{"@type":"ListItem","position":5,"name":"(Espa\u00f1ol) Convenio 2023"}]}]}},"_links":{"self":[{"href":"https:\/\/internacional.umh.es\/en\/wp-json\/wp\/v2\/pages\/34474"}],"collection":[{"href":"https:\/\/internacional.umh.es\/en\/wp-json\/wp\/v2\/pages"}],"about":[{"href":"https:\/\/internacional.umh.es\/en\/wp-json\/wp\/v2\/types\/page"}],"author":[{"embeddable":true,"href":"https:\/\/internacional.umh.es\/en\/wp-json\/wp\/v2\/users\/6508"}],"replies":[{"embeddable":true,"href":"https:\/\/internacional.umh.es\/en\/wp-json\/wp\/v2\/comments?post=34474"}],"version-history":[{"count":0,"href":"https:\/\/internacional.umh.es\/en\/wp-json\/wp\/v2\/pages\/34474\/revisions"}],"up":[{"embeddable":true,"href":"https:\/\/internacional.umh.es\/en\/wp-json\/wp\/v2\/pages\/14118"}],"wp:attachment":[{"href":"https:\/\/internacional.umh.es\/en\/wp-json\/wp\/v2\/media?parent=34474"}],"curies":[{"name":"wp","href":"https:\/\/api.w.org\/{rel}","templated":true}]}}