{"id":34570,"date":"2024-05-03T11:03:01","date_gmt":"2024-05-03T09:03:01","guid":{"rendered":"https:\/\/internacional.umh.es\/?page_id=34570"},"modified":"2025-01-15T11:39:48","modified_gmt":"2025-01-15T10:39:48","slug":"becas-tordesillas","status":"publish","type":"page","link":"https:\/\/internacional.umh.es\/en\/internacionalizacion\/becas-tordesillas\/","title":{"rendered":"Tordesillas Grants"},"content":{"rendered":"<p><img loading=\"lazy\" class=\"size-medium wp-image-17876 aligncenter\" title=\"Conoce al detalle toda la informaci\u00f3n de la convocatoria del Grupo Tordesillas\" src=\"https:\/\/internacional.umh.es\/files\/2021\/01\/tordesillas-300x141-300x141.jpg\" alt=\"Grupo Tordesillas logo\" width=\"300\" height=\"141\"><\/p>\n<h3><strong>2024 Call<\/strong><\/h3>\n<p style=\"text-align: justify\">En el marco del grupo Tordesillas, y del acuerdo espec\u00edfico del <a title=\"Lo ver\u00e1s en una nueva ventana\" href=\"https:\/\/www.grupotordesillas.net\/colegios-doctorales\/salud-publica-historia-ciencia\/\" target=\"_blank\" rel=\"noopener\">Colegio Doctoral Tordesillas de Salud P\u00fablica e Historia de la Ciencia (CDT-SPHC)<\/a> para la colaboraci\u00f3n Acad\u00e9mico-Cient\u00edfica en el \u00e1mbito del <a title=\"Lo ver\u00e1s en una nueva ventana\" href=\"https:\/\/internacional.umh.es\/internacionalizacion\/postgrado\/\" target=\"_blank\" rel=\"noopener\">posgrado<\/a> entre la Universidad Miguel Hern\u00e1ndez de Elche, la Universidad de Porto, la Universidad de Sao Paulo y la Universidad Federal de Uberlandia, se establece la presente convocatoria para la movilidad de estudiantes de doctorado y de personal docente e investigador.<\/p>\n<p style=\"text-align: justify\">La presente convocatoria est\u00e1 destinada a seleccionar estudiantado de doctorado matriculado en el programa de doctorado oficial de la facultad de Medicina de la UMH: programa de Salud P\u00fablica, Ciencias M\u00e9dicas y Quir\u00fargicas para realizar una estancia internacional de investigaci\u00f3n en alguno de los programas de posgrado de Ciencias de la Salud de las universidades que integran el CDT durante el a\u00f1o 2024. Del mismo modo, est\u00e1 destinada a seleccionar personal docente e investigador de la UMH, miembro de dicho programa de doctorado para realizar una estancia internacional de investigaci\u00f3n.<\/p>\n<hr>\n<p><strong><span style=\"color: #ff0000\"><span style=\"color: #000000\">(June 5 2024)<\/span><\/span><\/strong><\/p>\n<p style=\"text-align: justify\">A Miguel Hern\u00e1ndez University of Elche Rectoral Resolution hereby announces the Tordesillas mobility grant program for international stays for doctoral candidates and Faculty &amp; Research Personnel at the UMH for 2024 (grant code 11\u2010131\u20104\u20102024\u20100096\u2010S)<\/p>\n<p style=\"text-align: justify\"><span style=\"color: #ff0000\"><span style=\"color: #000000\">To consult the rules and regulations, <a href=\"https:\/\/internacional.umh.es\/internacionalizacion\/becas-tordesillas\/\">click this link<\/a>.<\/span><\/span><\/p>\n<p><\/p>","protected":false},"excerpt":{"rendered":"<p>2024 Call<br \/>\nEn el marco del grupo Tordesillas, y del acuerdo espec\u00edfico del Colegio Doctoral Tordesillas de Salud P\u00fablica e Historia de la Ciencia (CDT-SPHC) para la colaboraci\u00f3n Acad\u00e9mico-Cient\u00edfica en el \u00e1mbito del posgrado entre la Universidad Miguel Hern\u00e1ndez de Elche, la Universidad de Porto, la Universidad de Sao Paulo y la Universidad Federal de Uberlandia, [&#8230;]<\/p>\n","protected":false},"author":6508,"featured_media":0,"parent":2740,"menu_order":2,"comment_status":"closed","ping_status":"closed","template":"","meta":{"ngg_post_thumbnail":0,"_links_to":"","_links_to_target":""},"yoast_head":"<!-- This site is optimized with the Yoast SEO plugin v17.5 - https:\/\/yoast.com\/wordpress\/plugins\/seo\/ -->\n<meta name=\"description\" content=\"El grupo Tordesillas en el marco del acuerdo de colaboraci\u00f3n entre la UMH, la Universidad de Porto, la de Sao Paolo y la Federal de Uberlandia\" \/>\n<meta name=\"robots\" content=\"index, follow, max-snippet:-1, max-image-preview:large, max-video-preview:-1\" \/>\n<link rel=\"canonical\" href=\"https:\/\/internacional.umh.es\/en\/internacionalizacion\/becas-tordesillas\/\" \/>\n<meta property=\"og:locale\" content=\"en_US\" \/>\n<meta property=\"og:type\" content=\"article\" \/>\n<meta property=\"og:title\" content=\"Tordesillas Grants - International Relations and Cooperation\" \/>\n<meta property=\"og:description\" content=\"El grupo Tordesillas en el marco del acuerdo de colaboraci\u00f3n entre la UMH, la Universidad de Porto, la de Sao Paolo y la Federal de Uberlandia\" \/>\n<meta property=\"og:url\" content=\"https:\/\/internacional.umh.es\/en\/internacionalizacion\/becas-tordesillas\/\" \/>\n<meta property=\"og:site_name\" content=\"International Relations and Cooperation\" \/>\n<meta property=\"article:modified_time\" content=\"2025-01-15T10:39:48+00:00\" \/>\n<meta property=\"og:image\" content=\"https:\/\/internacional.umh.es\/files\/2021\/01\/tordesillas-300x141-300x141.jpg\" \/>\n<meta name=\"twitter:card\" content=\"summary_large_image\" \/>\n<meta name=\"twitter:label1\" content=\"Est. reading time\" \/>\n\t<meta name=\"twitter:data1\" content=\"2 minutes\" \/>\n<script type=\"application\/ld+json\" class=\"yoast-schema-graph\">{\"@context\":\"https:\/\/schema.org\",\"@graph\":[{\"@type\":\"WebSite\",\"@id\":\"https:\/\/internacional.umh.es\/en\/#website\",\"url\":\"https:\/\/internacional.umh.es\/en\/\",\"name\":\"International Relations and Cooperation\",\"description\":\"Miguel Hernandez University of Elche\",\"potentialAction\":[{\"@type\":\"SearchAction\",\"target\":{\"@type\":\"EntryPoint\",\"urlTemplate\":\"https:\/\/internacional.umh.es\/en\/?s={search_term_string}\"},\"query-input\":\"required name=search_term_string\"}],\"inLanguage\":\"en-US\"},{\"@type\":\"ImageObject\",\"@id\":\"https:\/\/internacional.umh.es\/en\/internacionalizacion\/becas-tordesillas\/#primaryimage\",\"inLanguage\":\"en-US\",\"url\":\"https:\/\/internacional.umh.es\/files\/2021\/01\/tordesillas-300x141.jpg\",\"contentUrl\":\"https:\/\/internacional.umh.es\/files\/2021\/01\/tordesillas-300x141.jpg\",\"width\":300,\"height\":141,\"caption\":\"Grupo Tordesillas logo\"},{\"@type\":\"WebPage\",\"@id\":\"https:\/\/internacional.umh.es\/en\/internacionalizacion\/becas-tordesillas\/#webpage\",\"url\":\"https:\/\/internacional.umh.es\/en\/internacionalizacion\/becas-tordesillas\/\",\"name\":\"Tordesillas Grants - International Relations and Cooperation\",\"isPartOf\":{\"@id\":\"https:\/\/internacional.umh.es\/en\/#website\"},\"primaryImageOfPage\":{\"@id\":\"https:\/\/internacional.umh.es\/en\/internacionalizacion\/becas-tordesillas\/#primaryimage\"},\"datePublished\":\"2024-05-03T09:03:01+00:00\",\"dateModified\":\"2025-01-15T10:39:48+00:00\",\"description\":\"El grupo Tordesillas en el marco del acuerdo de colaboraci\\u00f3n entre la UMH, la Universidad de Porto, la de Sao Paolo y la Federal de Uberlandia\",\"breadcrumb\":{\"@id\":\"https:\/\/internacional.umh.es\/en\/internacionalizacion\/becas-tordesillas\/#breadcrumb\"},\"inLanguage\":\"en-US\",\"potentialAction\":[{\"@type\":\"ReadAction\",\"target\":[\"https:\/\/internacional.umh.es\/en\/internacionalizacion\/becas-tordesillas\/\"]}]},{\"@type\":\"BreadcrumbList\",\"@id\":\"https:\/\/internacional.umh.es\/en\/internacionalizacion\/becas-tordesillas\/#breadcrumb\",\"itemListElement\":[{\"@type\":\"ListItem\",\"position\":1,\"name\":\"Home\",\"item\":\"https:\/\/internacional.umh.es\/en\/\"},{\"@type\":\"ListItem\",\"position\":2,\"name\":\"INTERNATIONALIZATION\",\"item\":\"https:\/\/internacional.umh.es\/en\/internacionalizacion\/\"},{\"@type\":\"ListItem\",\"position\":3,\"name\":\"Tordesillas Grants\"}]}]}<\/script>\n<!-- \/ Yoast SEO plugin. -->","yoast_head_json":{"description":"El grupo Tordesillas en el marco del acuerdo de colaboraci\u00f3n entre la UMH, la Universidad de Porto, la de Sao Paolo y la Federal de Uberlandia","robots":{"index":"index","follow":"follow","max-snippet":"max-snippet:-1","max-image-preview":"max-image-preview:large","max-video-preview":"max-video-preview:-1"},"canonical":"https:\/\/internacional.umh.es\/en\/internacionalizacion\/becas-tordesillas\/","og_locale":"en_US","og_type":"article","og_title":"Tordesillas Grants - International Relations and Cooperation","og_description":"El grupo Tordesillas en el marco del acuerdo de colaboraci\u00f3n entre la UMH, la Universidad de Porto, la de Sao Paolo y la Federal de Uberlandia","og_url":"https:\/\/internacional.umh.es\/en\/internacionalizacion\/becas-tordesillas\/","og_site_name":"International Relations and Cooperation","article_modified_time":"2025-01-15T10:39:48+00:00","og_image":[{"url":"https:\/\/internacional.umh.es\/files\/2021\/01\/tordesillas-300x141-300x141.jpg"}],"twitter_card":"summary_large_image","twitter_misc":{"Est. reading time":"2 minutes"},"schema":{"@context":"https:\/\/schema.org","@graph":[{"@type":"WebSite","@id":"https:\/\/internacional.umh.es\/en\/#website","url":"https:\/\/internacional.umh.es\/en\/","name":"International Relations and Cooperation","description":"Miguel Hernandez University of Elche","potentialAction":[{"@type":"SearchAction","target":{"@type":"EntryPoint","urlTemplate":"https:\/\/internacional.umh.es\/en\/?s={search_term_string}"},"query-input":"required name=search_term_string"}],"inLanguage":"en-US"},{"@type":"ImageObject","@id":"https:\/\/internacional.umh.es\/en\/internacionalizacion\/becas-tordesillas\/#primaryimage","inLanguage":"en-US","url":"https:\/\/internacional.umh.es\/files\/2021\/01\/tordesillas-300x141.jpg","contentUrl":"https:\/\/internacional.umh.es\/files\/2021\/01\/tordesillas-300x141.jpg","width":300,"height":141,"caption":"Grupo Tordesillas logo"},{"@type":"WebPage","@id":"https:\/\/internacional.umh.es\/en\/internacionalizacion\/becas-tordesillas\/#webpage","url":"https:\/\/internacional.umh.es\/en\/internacionalizacion\/becas-tordesillas\/","name":"Tordesillas Grants - International Relations and Cooperation","isPartOf":{"@id":"https:\/\/internacional.umh.es\/en\/#website"},"primaryImageOfPage":{"@id":"https:\/\/internacional.umh.es\/en\/internacionalizacion\/becas-tordesillas\/#primaryimage"},"datePublished":"2024-05-03T09:03:01+00:00","dateModified":"2025-01-15T10:39:48+00:00","description":"El grupo Tordesillas en el marco del acuerdo de colaboraci\u00f3n entre la UMH, la Universidad de Porto, la de Sao Paolo y la Federal de Uberlandia","breadcrumb":{"@id":"https:\/\/internacional.umh.es\/en\/internacionalizacion\/becas-tordesillas\/#breadcrumb"},"inLanguage":"en-US","potentialAction":[{"@type":"ReadAction","target":["https:\/\/internacional.umh.es\/en\/internacionalizacion\/becas-tordesillas\/"]}]},{"@type":"BreadcrumbList","@id":"https:\/\/internacional.umh.es\/en\/internacionalizacion\/becas-tordesillas\/#breadcrumb","itemListElement":[{"@type":"ListItem","position":1,"name":"Home","item":"https:\/\/internacional.umh.es\/en\/"},{"@type":"ListItem","position":2,"name":"INTERNATIONALIZATION","item":"https:\/\/internacional.umh.es\/en\/internacionalizacion\/"},{"@type":"ListItem","position":3,"name":"Tordesillas Grants"}]}]}},"_links":{"self":[{"href":"https:\/\/internacional.umh.es\/en\/wp-json\/wp\/v2\/pages\/34570"}],"collection":[{"href":"https:\/\/internacional.umh.es\/en\/wp-json\/wp\/v2\/pages"}],"about":[{"href":"https:\/\/internacional.umh.es\/en\/wp-json\/wp\/v2\/types\/page"}],"author":[{"embeddable":true,"href":"https:\/\/internacional.umh.es\/en\/wp-json\/wp\/v2\/users\/6508"}],"replies":[{"embeddable":true,"href":"https:\/\/internacional.umh.es\/en\/wp-json\/wp\/v2\/comments?post=34570"}],"version-history":[{"count":0,"href":"https:\/\/internacional.umh.es\/en\/wp-json\/wp\/v2\/pages\/34570\/revisions"}],"up":[{"embeddable":true,"href":"https:\/\/internacional.umh.es\/en\/wp-json\/wp\/v2\/pages\/2740"}],"wp:attachment":[{"href":"https:\/\/internacional.umh.es\/en\/wp-json\/wp\/v2\/media?parent=34570"}],"curies":[{"name":"wp","href":"https:\/\/api.w.org\/{rel}","templated":true}]}}