{"id":38206,"date":"2025-03-05T10:02:11","date_gmt":"2025-03-05T09:02:11","guid":{"rendered":"https:\/\/internacional.umh.es\/?page_id=38206"},"modified":"2026-03-30T12:35:46","modified_gmt":"2026-03-30T10:35:46","slug":"2025-prodic-umh-networking","status":"publish","type":"page","link":"https:\/\/internacional.umh.es\/en\/2025-prodic-umh-networking\/","title":{"rendered":"2025 PRODIC-UMH Networking"},"content":{"rendered":"<p><a href=\"https:\/\/internacional.umh.es\/files\/2025\/03\/2024-1-1.png\"><img loading=\"lazy\" class=\"aligncenter wp-image-38209 size-full\" src=\"https:\/\/internacional.umh.es\/files\/2025\/03\/CARRUSELES-WEB-9.png\" alt=\"\" width=\"1920\" height=\"400\"><\/a><\/p>\n<p style=\"text-align: justify\">On March 20, 2025, the UMH Service of International Relations and Cooperation is offering \u20182025 PRODIC-UMH Networking.\u2019 This event is highlighting international teaching collaboration via the creation of virtual collaborative spaces.&nbsp;These spaces aim to provide UMH students with opportunities to benefit from internationalization experiences without the need for physical mobility. These experiences facilitate, for both students and faculty alike, improvements in international and intercultural contexts.<\/p>\n<ul>\n<li>Further information is available <a href=\"https:\/\/internacional.umh.es\/2025\/03\/06\/el-20-de-marzo-vuelve-una-nueva-edicion-del-programa-prodic-umh-para-promocionar-colaboraciones-docentes-internacionales\/\">at this link<\/a>.<\/li>\n<\/ul>\n<hr>\n<h4>PROGRAM<\/h4>\n<p>&nbsp;<\/p>\n<p><a href=\"https:\/\/internacional.umh.es\/files\/2025\/03\/2025.png\"><img loading=\"lazy\" class=\"aligncenter size-full wp-image-38212\" src=\"https:\/\/internacional.umh.es\/files\/2025\/03\/2025.png\" alt=\"\" width=\"2000\" height=\"1414\"><\/a><\/p>\n<hr>\n<p><strong>APPLICATIONS<\/strong><\/p>\n<p style=\"text-align: justify\">If you are interested in taking part in \u20182025 PRODIC-UMH Networking,\u2019 please complete the online application form via the following form by March 17, 2025: <a href=\"https:\/\/forms.gle\/UneChDhviRg3Eg3o6\">https:\/\/forms.gle\/UneChDhviRg3Eg3o6<\/a>.<\/p>\n<p><a href=\"https:\/\/internacional.umh.es\/files\/2025\/03\/2024-2.png\"><img loading=\"lazy\" class=\"aligncenter wp-image-38236\" src=\"https:\/\/internacional.umh.es\/files\/2025\/03\/2024-2-e1741248251669-857x1024.png\" alt=\"\" width=\"586\" height=\"700\" srcset=\"https:\/\/internacional.umh.es\/files\/2025\/03\/2024-2-e1741248251669-857x1024.png 857w, https:\/\/internacional.umh.es\/files\/2025\/03\/2024-2-e1741248251669-251x300.png 251w, https:\/\/internacional.umh.es\/files\/2025\/03\/2024-2-e1741248251669-768x917.png 768w, https:\/\/internacional.umh.es\/files\/2025\/03\/2024-2-e1741248251669-1286x1536.png 1286w, https:\/\/internacional.umh.es\/files\/2025\/03\/2024-2-e1741248251669.png 1588w\" sizes=\"(max-width: 586px) 100vw, 586px\" \/><\/a><\/p>\n<hr>\n<h4>Location<\/h4>\n<p><a href=\"https:\/\/internacional.umh.es\/files\/2025\/03\/2025-1.png\"><img loading=\"lazy\" class=\"aligncenter wp-image-38291 size-large\" src=\"https:\/\/internacional.umh.es\/files\/2025\/03\/2025-2-1024x724.png\" alt=\"\" width=\"1024\" height=\"724\" srcset=\"https:\/\/internacional.umh.es\/files\/2025\/03\/2025-2-1024x724.png 1024w, https:\/\/internacional.umh.es\/files\/2025\/03\/2025-2-300x212.png 300w, https:\/\/internacional.umh.es\/files\/2025\/03\/2025-2-768x543.png 768w, https:\/\/internacional.umh.es\/files\/2025\/03\/2025-2-1536x1086.png 1536w, https:\/\/internacional.umh.es\/files\/2025\/03\/2025-2.png 2000w\" sizes=\"(max-width: 1024px) 100vw, 1024px\" \/><\/a><\/p>\n<hr>\n<p>What is PRODIC-UMH Networking?<\/p>\n<hr>\n<h4><strong>Contact<\/strong><\/h4>\n<p>Miguel Hern\u00e1ndez University of Elche<br \/>\nAvenida de la Universidad s\/n, 03202 Elche (Alicante), Spain<br \/>\n<strong><a class=\"mail-link\" title=\"Lo ver\u00e1s en una nueva ventana\" target=\"_blank\" rel=\"noopener\" data-enc-email=\"vagreanpvbany[at]hzu.rf\" data-wpel-link=\"ignore\"><span id=\"eeb-929434-987640\">internacional@umh.es<\/span><\/a><\/strong><\/p>\n<hr>\n<h4>Transport and studying<\/h4>\n<p><strong>HOW TO ARRIVE AT THE ELCHE CAMPUS OF THE MIGUEL HERN\u00c1NDEZ UNIVERSITY OF ELCHE<\/strong><\/p>\n<p style=\"text-align: justify\"><a title=\"You'll see it in a new window\" href=\"http:\/\/www.visitelche.com\/?set_language=en\" target=\"_blank\" rel=\"noopener\">Elche<\/a>&nbsp;is in a truly privileged&nbsp;<a title=\"You'll see it in a new window\" href=\"http:\/\/www.visitelche.com\/en\/getaways\/situacion-geografica\/\" target=\"_blank\" rel=\"noopener\">location<\/a>, 26 km southwest of Alicante. It is in a strategic position, forming, together with other nearby towns, the southern axis of the Mediterranean Arc, a dynamic area both demographically and economically.<\/p>\n<p style=\"text-align: justify\">Elche has good land, sea, and air connections. The&nbsp;<a title=\"You'll see it in a new window\" href=\"http:\/\/www.aena.es\/csee\/Satellite\/Aeropuerto-Alicante\/en\/\" target=\"_blank\" rel=\"noopener\">Alicante-Elche Miguel Hern\u00e1ndez Airport (ALC)<\/a>&nbsp;is nearby and it is also close to the provincial capital\u2019s&nbsp;<a title=\"You'll see it in a new window\" href=\"https:\/\/www.puertoalicante.com\/en\/puerto-ciudad\/pasajeros\/\" target=\"_blank\" rel=\"noopener\">seaport<\/a>.&nbsp;<a title=\"You'll see it in a new window\" href=\"https:\/\/www.visitelche.com\/en\/how-to-get-here\/\" target=\"_blank\" rel=\"noopener\">Road connections<\/a>&nbsp;are also good, linking it to Mediterranean tollways and the freeway to Madrid, Albacete, Alicante, Valencia, Barcelona, and Murcia, while its&nbsp;<a href=\"http:\/\/www.renfe.com\/EN\/viajeros\/index.html\" target=\"_blank\" rel=\"noopener\">rail links<\/a> include a stop for Spain\u2019s AVE bullet train.<\/p>\n<table style=\"width: 100%;border: 0px\">\n<tbody>\n<tr style=\"border: 0px\">\n<td style=\"text-align: center;width: 40%\"><img loading=\"lazy\" class=\"alignleft wp-image-28750\" title=\"Visita la c\u00fapula de la Bas\u00edlica de Elche y disfruta de unas asombrosas vistas panor\u00e1micas de la ciudad\" src=\"https:\/\/internacional.umh.es\/files\/2023\/01\/Elche-palmeras-cupula-panoramica-300x200.jpeg\" alt=\"Elche palmeras c\u00fapula vista panor\u00e1mica PRODIC Networking\" width=\"480\" height=\"320\" srcset=\"https:\/\/internacional.umh.es\/files\/2023\/01\/Elche-palmeras-cupula-panoramica-300x200.jpeg 300w, https:\/\/internacional.umh.es\/files\/2023\/01\/Elche-palmeras-cupula-panoramica-1024x682.jpeg 1024w, https:\/\/internacional.umh.es\/files\/2023\/01\/Elche-palmeras-cupula-panoramica-768x512.jpeg 768w, https:\/\/internacional.umh.es\/files\/2023\/01\/Elche-palmeras-cupula-panoramica.jpeg 1280w\" sizes=\"(max-width: 480px) 100vw, 480px\" \/><br \/>\n<a title=\"Lo ver\u00e1s en una nueva ventana\" href=\"https:\/\/www.visitelche.com\" target=\"_blank\" rel=\"noopener noreferrer\">visitelche.es<\/a> &nbsp;<a title=\"Lo ver\u00e1s en una nueva ventana\" href=\"https:\/\/campuselche.umh.es\/\" target=\"_blank\" rel=\"noopener noreferrer\">campuselche.umh.es<\/a><\/td>\n<td style=\"text-align: justify\">\n<h4><strong>Elche, a Mediterranean oasis<\/strong><\/h4>\n<p>The UMH main administrative campus is located in the city of Elche. Elche is the Valencian Community\u2019s third largest city, and&nbsp;<strong>it possesses three UNESCO World Heritage sites:<\/strong>&nbsp;<strong>the Palmeral of Elche,&nbsp;<\/strong><strong>the \u2018Pu\u00e7ol School Museum<\/strong>&nbsp;and the&nbsp;<strong>Mystery Play of Elche<\/strong>.<\/p>\n<p>Incoming students highlight its significant cultural and leisure options: Elche boasts several museums, a college town atmosphere in its city center, and peace and quiet in the Altabix neighborhood (the UMH campus is located there). <strong><a href=\"http:\/\/www.visitelche.com\/?set_language=en\">Elche<\/a><\/strong> is in a strategic position, forming, together with other nearby towns, the southern axis of the <strong>Mediterranean Arc<\/strong>, a dynamic area both demographically and economically. The road network connecting Elche to the provinces of Alicante and Murcia is in good condition, and a modern transportation system exists via air, rail, and bus.<\/td>\n<\/tr>\n<tr style=\"border: 0px\">\n<td style=\"text-align: center\" colspan=\"2\"><a title=\"You'll see it in a new window\" href=\"https:\/\/fcss.umh.es\/en\/\" target=\"_blank\" rel=\"noopener noreferrer\">Faculty of Health and Social Sciences<\/a>&nbsp;|&nbsp;<a title=\"You'll see it in a new window\" href=\"https:\/\/epse.umh.es\/en\/\" target=\"_blank\" rel=\"noopener noreferrer\">School of Engineering of Elche (EPSE)<\/a>&nbsp;|&nbsp;<a title=\"You'll see it in a new window\" href=\"https:\/\/ccexp.umh.es\/en\/\" target=\"_blank\" rel=\"noopener noreferrer\">Faculty of Experimental Sciences&nbsp;<\/a>|&nbsp;<a title=\"You'll see it in a new window\" href=\"https:\/\/fcsjelche.umh.es\/en\/\" target=\"_blank\" rel=\"noopener noreferrer\">Faculty of Social and Legal Sciences of Elche<\/a>&nbsp;|&nbsp;<a title=\"You'll see it in a new window\" href=\"https:\/\/www.umh.es\/contenido\/Estudios\/:Grado\/datos_en.html?exhibit=&amp;filter=GIS_BASE%3AE%7Ccampus\" target=\"_blank\" rel=\"noopener noreferrer\">Bachelor programs on Elche Campus<\/a>&nbsp;|&nbsp;<a title=\"You'll see it in a new window\" href=\"https:\/\/www.umh.es\/contenido\/Estudios\/:Master_Oficial\/datos_en.html?exhibit=&amp;filter=GIS_BASE%3AE%7Ccampus\" target=\"_blank\" rel=\"noopener noreferrer\">Nationally accredited master programs on Elche Campus<\/a><\/td>\n<\/tr>\n<\/tbody>\n<\/table>\n<hr>\n<h4>Previous editions<\/h4>\n<ul>\n<li><a href=\"https:\/\/internacional.umh.es\/internacionalizacion\/eventos\/2024-prodic-umh-networking\/\" target=\"_blank\" rel=\"noopener\">2024 PRODIC- UMH Networking<\/a><\/li>\n<\/ul>\n<p><\/p>","protected":false},"excerpt":{"rendered":"<p>On March 20, 2025, the UMH Service of International Relations and Cooperation is offering \u20182025 PRODIC-UMH Networking.\u2019 This event is highlighting international teaching collaboration via the creation of virtual collaborative spaces.&nbsp;These spaces aim to provide UMH students with opportunities to benefit from internationalization experiences without the need for physical mobility. These experiences facilitate, for both [&#8230;]<\/p>\n","protected":false},"author":28614,"featured_media":0,"parent":0,"menu_order":1,"comment_status":"closed","ping_status":"closed","template":"","meta":{"ngg_post_thumbnail":0,"_links_to":"","_links_to_target":""},"yoast_head":"<!-- This site is optimized with the Yoast SEO plugin v17.5 - https:\/\/yoast.com\/wordpress\/plugins\/seo\/ -->\n<meta name=\"robots\" content=\"index, follow, max-snippet:-1, max-image-preview:large, max-video-preview:-1\" \/>\n<link rel=\"canonical\" href=\"https:\/\/internacional.umh.es\/en\/2025-prodic-umh-networking\/\" \/>\n<meta property=\"og:locale\" content=\"en_US\" \/>\n<meta property=\"og:type\" content=\"article\" \/>\n<meta property=\"og:title\" content=\"2025 PRODIC-UMH Networking - International Relations and Cooperation\" \/>\n<meta property=\"og:description\" content=\"On March 20, 2025, the UMH Service of International Relations and Cooperation is offering \u20182025 PRODIC-UMH Networking.\u2019 This event is highlighting international teaching collaboration via the creation of virtual collaborative spaces.&nbsp;These spaces aim to provide UMH students with opportunities to benefit from internationalization experiences without the need for physical mobility. These experiences facilitate, for both [...]\" \/>\n<meta property=\"og:url\" content=\"https:\/\/internacional.umh.es\/2025-prodic-umh-networking\/\" \/>\n<meta property=\"og:site_name\" content=\"International Relations and Cooperation\" \/>\n<meta property=\"article:modified_time\" content=\"2026-03-30T10:35:46+00:00\" \/>\n<meta property=\"og:image\" content=\"https:\/\/internacional.umh.es\/files\/2025\/03\/CARRUSELES-WEB-9.png\" \/>\n<meta name=\"twitter:card\" content=\"summary_large_image\" \/>\n<meta name=\"twitter:label1\" content=\"Est. reading time\" \/>\n\t<meta name=\"twitter:data1\" content=\"5 minutes\" \/>\n<script type=\"application\/ld+json\" class=\"yoast-schema-graph\">{\"@context\":\"https:\/\/schema.org\",\"@graph\":[{\"@type\":\"WebSite\",\"@id\":\"https:\/\/internacional.umh.es\/en\/#website\",\"url\":\"https:\/\/internacional.umh.es\/en\/\",\"name\":\"International Relations and Cooperation\",\"description\":\"Miguel Hernandez University of Elche\",\"potentialAction\":[{\"@type\":\"SearchAction\",\"target\":{\"@type\":\"EntryPoint\",\"urlTemplate\":\"https:\/\/internacional.umh.es\/en\/?s={search_term_string}\"},\"query-input\":\"required name=search_term_string\"}],\"inLanguage\":\"en-US\"},{\"@type\":\"ImageObject\",\"@id\":\"https:\/\/internacional.umh.es\/2025-prodic-umh-networking\/#primaryimage\",\"inLanguage\":\"en-US\",\"url\":\"https:\/\/internacional.umh.es\/files\/2025\/03\/CARRUSELES-WEB-9.png\",\"contentUrl\":\"https:\/\/internacional.umh.es\/files\/2025\/03\/CARRUSELES-WEB-9.png\"},{\"@type\":\"WebPage\",\"@id\":\"https:\/\/internacional.umh.es\/2025-prodic-umh-networking\/#webpage\",\"url\":\"https:\/\/internacional.umh.es\/2025-prodic-umh-networking\/\",\"name\":\"2025 PRODIC-UMH Networking - International Relations and Cooperation\",\"isPartOf\":{\"@id\":\"https:\/\/internacional.umh.es\/en\/#website\"},\"primaryImageOfPage\":{\"@id\":\"https:\/\/internacional.umh.es\/2025-prodic-umh-networking\/#primaryimage\"},\"datePublished\":\"2025-03-05T09:02:11+00:00\",\"dateModified\":\"2026-03-30T10:35:46+00:00\",\"breadcrumb\":{\"@id\":\"https:\/\/internacional.umh.es\/2025-prodic-umh-networking\/#breadcrumb\"},\"inLanguage\":\"en-US\",\"potentialAction\":[{\"@type\":\"ReadAction\",\"target\":[\"https:\/\/internacional.umh.es\/2025-prodic-umh-networking\/\"]}]},{\"@type\":\"BreadcrumbList\",\"@id\":\"https:\/\/internacional.umh.es\/2025-prodic-umh-networking\/#breadcrumb\",\"itemListElement\":[{\"@type\":\"ListItem\",\"position\":1,\"name\":\"Home\",\"item\":\"https:\/\/internacional.umh.es\/en\/\"},{\"@type\":\"ListItem\",\"position\":2,\"name\":\"2025 PRODIC-UMH Networking\"}]}]}<\/script>\n<!-- \/ Yoast SEO plugin. -->","yoast_head_json":{"robots":{"index":"index","follow":"follow","max-snippet":"max-snippet:-1","max-image-preview":"max-image-preview:large","max-video-preview":"max-video-preview:-1"},"canonical":"https:\/\/internacional.umh.es\/en\/2025-prodic-umh-networking\/","og_locale":"en_US","og_type":"article","og_title":"2025 PRODIC-UMH Networking - International Relations and Cooperation","og_description":"On March 20, 2025, the UMH Service of International Relations and Cooperation is offering \u20182025 PRODIC-UMH Networking.\u2019 This event is highlighting international teaching collaboration via the creation of virtual collaborative spaces.&nbsp;These spaces aim to provide UMH students with opportunities to benefit from internationalization experiences without the need for physical mobility. These experiences facilitate, for both [...]","og_url":"https:\/\/internacional.umh.es\/2025-prodic-umh-networking\/","og_site_name":"International Relations and Cooperation","article_modified_time":"2026-03-30T10:35:46+00:00","og_image":[{"url":"https:\/\/internacional.umh.es\/files\/2025\/03\/CARRUSELES-WEB-9.png"}],"twitter_card":"summary_large_image","twitter_misc":{"Est. reading time":"5 minutes"},"schema":{"@context":"https:\/\/schema.org","@graph":[{"@type":"WebSite","@id":"https:\/\/internacional.umh.es\/en\/#website","url":"https:\/\/internacional.umh.es\/en\/","name":"International Relations and Cooperation","description":"Miguel Hernandez University of Elche","potentialAction":[{"@type":"SearchAction","target":{"@type":"EntryPoint","urlTemplate":"https:\/\/internacional.umh.es\/en\/?s={search_term_string}"},"query-input":"required name=search_term_string"}],"inLanguage":"en-US"},{"@type":"ImageObject","@id":"https:\/\/internacional.umh.es\/2025-prodic-umh-networking\/#primaryimage","inLanguage":"en-US","url":"https:\/\/internacional.umh.es\/files\/2025\/03\/CARRUSELES-WEB-9.png","contentUrl":"https:\/\/internacional.umh.es\/files\/2025\/03\/CARRUSELES-WEB-9.png"},{"@type":"WebPage","@id":"https:\/\/internacional.umh.es\/2025-prodic-umh-networking\/#webpage","url":"https:\/\/internacional.umh.es\/2025-prodic-umh-networking\/","name":"2025 PRODIC-UMH Networking - International Relations and Cooperation","isPartOf":{"@id":"https:\/\/internacional.umh.es\/en\/#website"},"primaryImageOfPage":{"@id":"https:\/\/internacional.umh.es\/2025-prodic-umh-networking\/#primaryimage"},"datePublished":"2025-03-05T09:02:11+00:00","dateModified":"2026-03-30T10:35:46+00:00","breadcrumb":{"@id":"https:\/\/internacional.umh.es\/2025-prodic-umh-networking\/#breadcrumb"},"inLanguage":"en-US","potentialAction":[{"@type":"ReadAction","target":["https:\/\/internacional.umh.es\/2025-prodic-umh-networking\/"]}]},{"@type":"BreadcrumbList","@id":"https:\/\/internacional.umh.es\/2025-prodic-umh-networking\/#breadcrumb","itemListElement":[{"@type":"ListItem","position":1,"name":"Home","item":"https:\/\/internacional.umh.es\/en\/"},{"@type":"ListItem","position":2,"name":"2025 PRODIC-UMH Networking"}]}]}},"_links":{"self":[{"href":"https:\/\/internacional.umh.es\/en\/wp-json\/wp\/v2\/pages\/38206"}],"collection":[{"href":"https:\/\/internacional.umh.es\/en\/wp-json\/wp\/v2\/pages"}],"about":[{"href":"https:\/\/internacional.umh.es\/en\/wp-json\/wp\/v2\/types\/page"}],"author":[{"embeddable":true,"href":"https:\/\/internacional.umh.es\/en\/wp-json\/wp\/v2\/users\/28614"}],"replies":[{"embeddable":true,"href":"https:\/\/internacional.umh.es\/en\/wp-json\/wp\/v2\/comments?post=38206"}],"version-history":[{"count":0,"href":"https:\/\/internacional.umh.es\/en\/wp-json\/wp\/v2\/pages\/38206\/revisions"}],"wp:attachment":[{"href":"https:\/\/internacional.umh.es\/en\/wp-json\/wp\/v2\/media?parent=38206"}],"curies":[{"name":"wp","href":"https:\/\/api.w.org\/{rel}","templated":true}]}}