{"id":39133,"date":"2025-04-16T10:26:12","date_gmt":"2025-04-16T08:26:12","guid":{"rendered":"https:\/\/internacional.umh.es\/?page_id=39133"},"modified":"2025-09-16T14:09:22","modified_gmt":"2025-09-16T12:09:22","slug":"convenio-2024","status":"publish","type":"page","link":"https:\/\/internacional.umh.es\/en\/cooperacion-y-voluntariado\/cooperacion-al-desarrollo\/convenio-cooperacion-universitaria-al-desarrollo\/convenio-2024\/","title":{"rendered":"2024 Agreement"},"content":{"rendered":"<p><\/p>\n<p style=\"text-align: justify\"><img loading=\"lazy\" class=\"size-medium wp-image-39143 alignleft\" src=\"https:\/\/internacional.umh.es\/files\/2025\/04\/Vicepresidencia-Primera-i-Conselleria-de-Servicis-Socials-Igualtat-i-Viven-PANTONE-300x160.png\" alt=\"\" width=\"300\" height=\"160\" srcset=\"https:\/\/internacional.umh.es\/files\/2025\/04\/Vicepresidencia-Primera-i-Conselleria-de-Servicis-Socials-Igualtat-i-Viven-PANTONE-300x160.png 300w, https:\/\/internacional.umh.es\/files\/2025\/04\/Vicepresidencia-Primera-i-Conselleria-de-Servicis-Socials-Igualtat-i-Viven-PANTONE.png 400w\" sizes=\"(max-width: 300px) 100vw, 300px\" \/>As part of the 2024 agreement, the following activities are undergoing during its period of execution, which is February 1, 2025 &#8211; January 31, 2026:<\/p>\n<h3>Training line<\/h3>\n<div><span style=\"font-family: arial, sans-serif\"><strong>1. V Edici\u00f3n Formaci\u00f3n B\u00e1sica en Voluntariado:<\/strong> <strong><a href=\"https:\/\/internacional.umh.es\/cooperacion-y-voluntariado\/formacion-en-voluntariado\/formacion\/\" target=\"_blank\" rel=\"noopener\">https:\/\/internacional.umh.es\/cooperacion-y-voluntariado\/formacion-en-voluntariado\/formacion\/<\/a><\/strong><\/span><\/div>\n<div><span style=\"font-family: arial, sans-serif\"><b>2. Actividades de Educaci\u00f3n para la ciudadan\u00eda Global.&nbsp;<\/b><\/span><\/div>\n<div><span style=\"font-family: arial, sans-serif\"><b>3. Jornadas de cooperaci\u00f3n al desarollo de las 5 universidades p\u00fablicas valencianas.<\/b><\/span><\/div>\n<div><span style=\"font-family: arial, sans-serif\"><b>4. Programa de voluntariado en cooperaci\u00f3n internacional al desarrollo de la UMH:<\/b>&nbsp;<a href=\"https:\/\/internacional.umh.es\/cooperacion-y-voluntariado\/voluntariado\/voluntariado-en-ruanda\/\" target=\"_blank\" rel=\"noopener\" data-saferedirecturl=\"https:\/\/www.google.com\/url?q=https:\/\/internacional.umh.es\/cooperacion-y-voluntariado\/voluntariado\/voluntariado-en-ruanda\/&amp;source=gmail&amp;ust=1744876961703000&amp;usg=AOvVaw3ryZLa9ciudESQkrliuHJl\">https:\/\/internacional.umh.es\/cooperacion-y-voluntariado\/voluntariado\/voluntariado-en-ruanda\/<\/a><\/span><\/div>\n<div><span style=\"font-family: arial, sans-serif\"><b>5.&nbsp;<\/b><b>Convocatorias de Ayudas UMH para impulsar Trabajos Fin de Grado, Trabajos Fin de M\u00e1ster y pr\u00e1cticas en el marco de la Cooperaci\u00f3n Internacional al Desarrollo:<\/b><\/span><\/div>\n<div><span style=\"font-family: arial, sans-serif\"><a href=\"https:\/\/internacional.umh.es\/cooperacion-y-voluntariado\/convocatorias\/ayudas-para-tfg-tfm-td-y-practicas\/\" target=\"_blank\" rel=\"noopener\" data-saferedirecturl=\"https:\/\/www.google.com\/url?q=https:\/\/internacional.umh.es\/cooperacion-y-voluntariado\/convocatorias\/ayudas-para-tfg-tfm-td-y-practicas\/&amp;source=gmail&amp;ust=1744876961703000&amp;usg=AOvVaw05nBYWqHdmFiNUH9kFtNBG\">https:\/\/internacional.umh.es\/cooperacion-y-voluntariado\/convocatorias\/ayudas-para-tfg-tfm-td-y-practicas\/<\/a><\/span><\/div>\n<div><span style=\"font-family: arial, sans-serif\">&nbsp;<\/span><\/div>\n<div>\n<h3 id=\"m_-9031169781940271547gmail-investigacion\">Lines of research<\/h3>\n<h4><span style=\"font-family: arial, sans-serif\">Research Project 1.<\/span><span style=\"font-family: arial, sans-serif\"> La formaci\u00f3n en Energ\u00eda Foto-Voltaica como veh\u00edculo para el desarrollo en Ruanda<\/span><\/h4>\n<h4>Research Project 2.<b><span style=\"font-family: arial, sans-serif\"> Ruta migratoria Senegal-Comunidad Valenciana y su impacto en origen y destino<\/span><\/b><\/h4>\n<\/div>\n<div>\n<h3>&nbsp;<\/h3>\n<h3 id=\"m_-9031169781940271547gmail-proyectosCUD\">Line of university development cooperation projects<\/h3>\n<\/div>\n<div><b><span style=\"font-family: arial, sans-serif\">1.&nbsp;&nbsp;\u201cMejora de la Cadena de valor de agroproductos en el distrito de Sembabule en la Regi\u00f3n Central de Uganda\u201d.<\/span><\/b><\/div>\n<p><iframe  style=\"display: block; margin: 0px auto;\"  id=\"_ytid_65972\"  width=\"480\" height=\"270\"  data-origwidth=\"480\" data-origheight=\"270\" src=\"https:\/\/www.youtube.com\/embed\/a-L8qwP795g?enablejsapi=1&autoplay=0&cc_load_policy=0&cc_lang_pref=&iv_load_policy=1&loop=0&modestbranding=0&rel=1&fs=1&playsinline=0&autohide=2&theme=dark&color=red&controls=1&\" class=\"__youtube_prefs__  no-lazyload\" title=\"YouTube player\"  allow=\"accelerometer; autoplay; clipboard-write; encrypted-media; gyroscope; picture-in-picture\" allowfullscreen data-no-lazy=\"1\" data-skipgform_ajax_framebjll=\"\"><\/iframe><\/p>","protected":false},"excerpt":{"rendered":"<p>As part of the 2024 agreement, the following activities are undergoing during its period of execution, which is February 1, 2025 &#8211; January 31, 2026:<br \/>\nTraining line<br \/>\n1. V Edici\u00f3n Formaci\u00f3n B\u00e1sica en Voluntariado: https:\/\/internacional.umh.es\/cooperacion-y-voluntariado\/formacion-en-voluntariado\/formacion\/<br \/>\n2. Actividades de Educaci\u00f3n para la ciudadan\u00eda Global.&nbsp;<br \/>\n3. Jornadas de cooperaci\u00f3n al desarollo de las 5 universidades p\u00fablicas valencianas.<br \/>\n4. Programa de voluntariado en [&#8230;]<\/p>\n","protected":false},"author":28614,"featured_media":0,"parent":14118,"menu_order":0,"comment_status":"closed","ping_status":"closed","template":"","meta":{"ngg_post_thumbnail":0,"_links_to":"","_links_to_target":""},"yoast_head":"<!-- This site is optimized with the Yoast SEO plugin v17.5 - https:\/\/yoast.com\/wordpress\/plugins\/seo\/ -->\n<meta name=\"robots\" content=\"index, follow, max-snippet:-1, max-image-preview:large, max-video-preview:-1\" \/>\n<link rel=\"canonical\" href=\"https:\/\/internacional.umh.es\/en\/cooperacion-y-voluntariado\/cooperacion-al-desarrollo\/convenio-cooperacion-universitaria-al-desarrollo\/convenio-2024\/\" \/>\n<meta property=\"og:locale\" content=\"en_US\" \/>\n<meta property=\"og:type\" content=\"article\" \/>\n<meta property=\"og:title\" content=\"2024 Agreement - International Relations and Cooperation\" \/>\n<meta property=\"og:description\" content=\"As part of the 2024 agreement, the following activities are undergoing during its period of execution, which is February 1, 2025 &#8211; January 31, 2026: Training line 1. V Edici\u00f3n Formaci\u00f3n B\u00e1sica en Voluntariado: https:\/\/internacional.umh.es\/cooperacion-y-voluntariado\/formacion-en-voluntariado\/formacion\/ 2. Actividades de Educaci\u00f3n para la ciudadan\u00eda Global.&nbsp; 3. Jornadas de cooperaci\u00f3n al desarollo de las 5 universidades p\u00fablicas valencianas. 4. Programa de voluntariado en [...]\" \/>\n<meta property=\"og:url\" content=\"https:\/\/internacional.umh.es\/ca\/cooperacion-y-voluntariado\/cooperacion-al-desarrollo\/convenio-cooperacion-universitaria-al-desarrollo\/convenio-2024\/\" \/>\n<meta property=\"og:site_name\" content=\"International Relations and Cooperation\" \/>\n<meta property=\"article:modified_time\" content=\"2025-09-16T12:09:22+00:00\" \/>\n<meta property=\"og:image\" content=\"https:\/\/internacional.umh.es\/files\/2025\/04\/Vicepresidencia-Primera-i-Conselleria-de-Servicis-Socials-Igualtat-i-Viven-PANTONE-300x160.png\" \/>\n<meta name=\"twitter:card\" content=\"summary_large_image\" \/>\n<meta name=\"twitter:label1\" content=\"Est. reading time\" \/>\n\t<meta name=\"twitter:data1\" content=\"2 minutes\" \/>\n<script type=\"application\/ld+json\" class=\"yoast-schema-graph\">{\"@context\":\"https:\/\/schema.org\",\"@graph\":[{\"@type\":\"WebSite\",\"@id\":\"https:\/\/internacional.umh.es\/en\/#website\",\"url\":\"https:\/\/internacional.umh.es\/en\/\",\"name\":\"International Relations and Cooperation\",\"description\":\"Miguel Hernandez University of Elche\",\"potentialAction\":[{\"@type\":\"SearchAction\",\"target\":{\"@type\":\"EntryPoint\",\"urlTemplate\":\"https:\/\/internacional.umh.es\/en\/?s={search_term_string}\"},\"query-input\":\"required name=search_term_string\"}],\"inLanguage\":\"en-US\"},{\"@type\":\"ImageObject\",\"@id\":\"https:\/\/internacional.umh.es\/ca\/cooperacion-y-voluntariado\/cooperacion-al-desarrollo\/convenio-cooperacion-universitaria-al-desarrollo\/convenio-2024\/#primaryimage\",\"inLanguage\":\"en-US\",\"url\":\"https:\/\/internacional.umh.es\/files\/2025\/04\/Vicepresidencia-Primera-i-Conselleria-de-Servicis-Socials-Igualtat-i-Viven-PANTONE.png\",\"contentUrl\":\"https:\/\/internacional.umh.es\/files\/2025\/04\/Vicepresidencia-Primera-i-Conselleria-de-Servicis-Socials-Igualtat-i-Viven-PANTONE.png\",\"width\":400,\"height\":213},{\"@type\":\"WebPage\",\"@id\":\"https:\/\/internacional.umh.es\/ca\/cooperacion-y-voluntariado\/cooperacion-al-desarrollo\/convenio-cooperacion-universitaria-al-desarrollo\/convenio-2024\/#webpage\",\"url\":\"https:\/\/internacional.umh.es\/ca\/cooperacion-y-voluntariado\/cooperacion-al-desarrollo\/convenio-cooperacion-universitaria-al-desarrollo\/convenio-2024\/\",\"name\":\"2024 Agreement - International Relations and Cooperation\",\"isPartOf\":{\"@id\":\"https:\/\/internacional.umh.es\/en\/#website\"},\"primaryImageOfPage\":{\"@id\":\"https:\/\/internacional.umh.es\/ca\/cooperacion-y-voluntariado\/cooperacion-al-desarrollo\/convenio-cooperacion-universitaria-al-desarrollo\/convenio-2024\/#primaryimage\"},\"datePublished\":\"2025-04-16T08:26:12+00:00\",\"dateModified\":\"2025-09-16T12:09:22+00:00\",\"breadcrumb\":{\"@id\":\"https:\/\/internacional.umh.es\/ca\/cooperacion-y-voluntariado\/cooperacion-al-desarrollo\/convenio-cooperacion-universitaria-al-desarrollo\/convenio-2024\/#breadcrumb\"},\"inLanguage\":\"en-US\",\"potentialAction\":[{\"@type\":\"ReadAction\",\"target\":[\"https:\/\/internacional.umh.es\/ca\/cooperacion-y-voluntariado\/cooperacion-al-desarrollo\/convenio-cooperacion-universitaria-al-desarrollo\/convenio-2024\/\"]}]},{\"@type\":\"BreadcrumbList\",\"@id\":\"https:\/\/internacional.umh.es\/ca\/cooperacion-y-voluntariado\/cooperacion-al-desarrollo\/convenio-cooperacion-universitaria-al-desarrollo\/convenio-2024\/#breadcrumb\",\"itemListElement\":[{\"@type\":\"ListItem\",\"position\":1,\"name\":\"Home\",\"item\":\"https:\/\/internacional.umh.es\/en\/\"},{\"@type\":\"ListItem\",\"position\":2,\"name\":\"COOPERACI\\u00d3 I VOLUNTARIAT\",\"item\":\"https:\/\/internacional.umh.es\/ca\/cooperacion-y-voluntariado\/\"},{\"@type\":\"ListItem\",\"position\":3,\"name\":\"Cooperaci\\u00f3 aI Desenvolupament\",\"item\":\"https:\/\/internacional.umh.es\/ca\/cooperacion-y-voluntariado\/cooperacion-al-desarrollo\/\"},{\"@type\":\"ListItem\",\"position\":4,\"name\":\"Convenis de Cooperaci\\u00f3 Universitaria al Desenvolupament\",\"item\":\"https:\/\/internacional.umh.es\/ca\/cooperacion-y-voluntariado\/cooperacion-al-desarrollo\/convenio-cooperacion-universitaria-al-desarrollo\/\"},{\"@type\":\"ListItem\",\"position\":5,\"name\":\"(Espa\\u00f1ol) Convenio 2024\"}]}]}<\/script>\n<!-- \/ Yoast SEO plugin. -->","yoast_head_json":{"robots":{"index":"index","follow":"follow","max-snippet":"max-snippet:-1","max-image-preview":"max-image-preview:large","max-video-preview":"max-video-preview:-1"},"canonical":"https:\/\/internacional.umh.es\/en\/cooperacion-y-voluntariado\/cooperacion-al-desarrollo\/convenio-cooperacion-universitaria-al-desarrollo\/convenio-2024\/","og_locale":"en_US","og_type":"article","og_title":"2024 Agreement - International Relations and Cooperation","og_description":"As part of the 2024 agreement, the following activities are undergoing during its period of execution, which is February 1, 2025 &#8211; January 31, 2026: Training line 1. V Edici\u00f3n Formaci\u00f3n B\u00e1sica en Voluntariado: https:\/\/internacional.umh.es\/cooperacion-y-voluntariado\/formacion-en-voluntariado\/formacion\/ 2. Actividades de Educaci\u00f3n para la ciudadan\u00eda Global.&nbsp; 3. Jornadas de cooperaci\u00f3n al desarollo de las 5 universidades p\u00fablicas valencianas. 4. Programa de voluntariado en [...]","og_url":"https:\/\/internacional.umh.es\/ca\/cooperacion-y-voluntariado\/cooperacion-al-desarrollo\/convenio-cooperacion-universitaria-al-desarrollo\/convenio-2024\/","og_site_name":"International Relations and Cooperation","article_modified_time":"2025-09-16T12:09:22+00:00","og_image":[{"url":"https:\/\/internacional.umh.es\/files\/2025\/04\/Vicepresidencia-Primera-i-Conselleria-de-Servicis-Socials-Igualtat-i-Viven-PANTONE-300x160.png"}],"twitter_card":"summary_large_image","twitter_misc":{"Est. reading time":"2 minutes"},"schema":{"@context":"https:\/\/schema.org","@graph":[{"@type":"WebSite","@id":"https:\/\/internacional.umh.es\/en\/#website","url":"https:\/\/internacional.umh.es\/en\/","name":"International Relations and Cooperation","description":"Miguel Hernandez University of Elche","potentialAction":[{"@type":"SearchAction","target":{"@type":"EntryPoint","urlTemplate":"https:\/\/internacional.umh.es\/en\/?s={search_term_string}"},"query-input":"required name=search_term_string"}],"inLanguage":"en-US"},{"@type":"ImageObject","@id":"https:\/\/internacional.umh.es\/ca\/cooperacion-y-voluntariado\/cooperacion-al-desarrollo\/convenio-cooperacion-universitaria-al-desarrollo\/convenio-2024\/#primaryimage","inLanguage":"en-US","url":"https:\/\/internacional.umh.es\/files\/2025\/04\/Vicepresidencia-Primera-i-Conselleria-de-Servicis-Socials-Igualtat-i-Viven-PANTONE.png","contentUrl":"https:\/\/internacional.umh.es\/files\/2025\/04\/Vicepresidencia-Primera-i-Conselleria-de-Servicis-Socials-Igualtat-i-Viven-PANTONE.png","width":400,"height":213},{"@type":"WebPage","@id":"https:\/\/internacional.umh.es\/ca\/cooperacion-y-voluntariado\/cooperacion-al-desarrollo\/convenio-cooperacion-universitaria-al-desarrollo\/convenio-2024\/#webpage","url":"https:\/\/internacional.umh.es\/ca\/cooperacion-y-voluntariado\/cooperacion-al-desarrollo\/convenio-cooperacion-universitaria-al-desarrollo\/convenio-2024\/","name":"2024 Agreement - International Relations and Cooperation","isPartOf":{"@id":"https:\/\/internacional.umh.es\/en\/#website"},"primaryImageOfPage":{"@id":"https:\/\/internacional.umh.es\/ca\/cooperacion-y-voluntariado\/cooperacion-al-desarrollo\/convenio-cooperacion-universitaria-al-desarrollo\/convenio-2024\/#primaryimage"},"datePublished":"2025-04-16T08:26:12+00:00","dateModified":"2025-09-16T12:09:22+00:00","breadcrumb":{"@id":"https:\/\/internacional.umh.es\/ca\/cooperacion-y-voluntariado\/cooperacion-al-desarrollo\/convenio-cooperacion-universitaria-al-desarrollo\/convenio-2024\/#breadcrumb"},"inLanguage":"en-US","potentialAction":[{"@type":"ReadAction","target":["https:\/\/internacional.umh.es\/ca\/cooperacion-y-voluntariado\/cooperacion-al-desarrollo\/convenio-cooperacion-universitaria-al-desarrollo\/convenio-2024\/"]}]},{"@type":"BreadcrumbList","@id":"https:\/\/internacional.umh.es\/ca\/cooperacion-y-voluntariado\/cooperacion-al-desarrollo\/convenio-cooperacion-universitaria-al-desarrollo\/convenio-2024\/#breadcrumb","itemListElement":[{"@type":"ListItem","position":1,"name":"Home","item":"https:\/\/internacional.umh.es\/en\/"},{"@type":"ListItem","position":2,"name":"COOPERACI\u00d3 I VOLUNTARIAT","item":"https:\/\/internacional.umh.es\/ca\/cooperacion-y-voluntariado\/"},{"@type":"ListItem","position":3,"name":"Cooperaci\u00f3 aI Desenvolupament","item":"https:\/\/internacional.umh.es\/ca\/cooperacion-y-voluntariado\/cooperacion-al-desarrollo\/"},{"@type":"ListItem","position":4,"name":"Convenis de Cooperaci\u00f3 Universitaria al Desenvolupament","item":"https:\/\/internacional.umh.es\/ca\/cooperacion-y-voluntariado\/cooperacion-al-desarrollo\/convenio-cooperacion-universitaria-al-desarrollo\/"},{"@type":"ListItem","position":5,"name":"(Espa\u00f1ol) Convenio 2024"}]}]}},"_links":{"self":[{"href":"https:\/\/internacional.umh.es\/en\/wp-json\/wp\/v2\/pages\/39133"}],"collection":[{"href":"https:\/\/internacional.umh.es\/en\/wp-json\/wp\/v2\/pages"}],"about":[{"href":"https:\/\/internacional.umh.es\/en\/wp-json\/wp\/v2\/types\/page"}],"author":[{"embeddable":true,"href":"https:\/\/internacional.umh.es\/en\/wp-json\/wp\/v2\/users\/28614"}],"replies":[{"embeddable":true,"href":"https:\/\/internacional.umh.es\/en\/wp-json\/wp\/v2\/comments?post=39133"}],"version-history":[{"count":0,"href":"https:\/\/internacional.umh.es\/en\/wp-json\/wp\/v2\/pages\/39133\/revisions"}],"up":[{"embeddable":true,"href":"https:\/\/internacional.umh.es\/en\/wp-json\/wp\/v2\/pages\/14118"}],"wp:attachment":[{"href":"https:\/\/internacional.umh.es\/en\/wp-json\/wp\/v2\/media?parent=39133"}],"curies":[{"name":"wp","href":"https:\/\/api.w.org\/{rel}","templated":true}]}}