{"id":5732,"date":"2018-02-15T12:25:57","date_gmt":"2018-02-15T11:25:57","guid":{"rendered":"http:\/\/internacional.umh.es\/?page_id=5732"},"modified":"2026-02-23T10:37:55","modified_gmt":"2026-02-23T09:37:55","slug":"proyectos","status":"publish","type":"page","link":"https:\/\/internacional.umh.es\/en\/internacionalizacion\/proyectos\/","title":{"rendered":"Projects"},"content":{"rendered":"<p><img loading=\"lazy\" class=\"wp-image-17289 alignnone\" title=\"Erasmus+ projects developed at UMH\" src=\"https:\/\/internacional.umh.es\/files\/2020\/11\/logo-erasmus-plus-300x61.png\" alt=\"Erasmus+ logo projects\" width=\"261\" height=\"53\" srcset=\"https:\/\/internacional.umh.es\/files\/2020\/11\/logo-erasmus-plus-300x61.png 300w, https:\/\/internacional.umh.es\/files\/2020\/11\/logo-erasmus-plus-768x156.png 768w, https:\/\/internacional.umh.es\/files\/2020\/11\/logo-erasmus-plus-1024x209.png 1024w, https:\/\/internacional.umh.es\/files\/2020\/11\/logo-erasmus-plus.png 1758w\" sizes=\"(max-width: 261px) 100vw, 261px\" \/>&nbsp;<img class=\"wp-image-17766 alignright\">&nbsp;<img loading=\"lazy\" class=\"wp-image-17766 alignright\" title=\"All these projects are founded by the EU Erasmus+ program\" src=\"https:\/\/internacional.umh.es\/files\/2021\/01\/logo-cofinanciado-ue-300x69.png\" alt=\"Founded by the EU Erasmus+ program button\" width=\"232\" height=\"53\" srcset=\"https:\/\/internacional.umh.es\/files\/2021\/01\/logo-cofinanciado-ue-300x69.png 300w, https:\/\/internacional.umh.es\/files\/2021\/01\/logo-cofinanciado-ue.png 512w\" sizes=\"(max-width: 232px) 100vw, 232px\" \/><\/p>\n<ul>\n<li><a title=\"Access how to apply for international projects at UMH in Spanish\" href=\"https:\/\/internacional.umh.es\/en\/internacionalizacion\/proyectos\/como-solicitar-proyectos-erasmus\/\"><span style=\"text-decoration: underline\"><strong>Project management (Spanish)<\/strong><\/span><\/a><\/li>\n<li><a title=\"Discover a wide number of KA2 Projects developed at UMH right now\" href=\"https:\/\/internacional.umh.es\/en\/internacionalizacion\/proyectos\/proyectos-ka2-en-curso\/\"><strong>Projects KA2 carried out (Spanish)<\/strong><\/a><\/li>\n<li><a title=\"Download the Erasmus+ 2024 Guide pdf in English in a new window\" href=\"http:\/\/www.sepie.es\/doc\/convocatoria\/2024\/erasmus_programme_guide_2024_es.pdf\" target=\"_blank\" rel=\"noopener noreferrer\"><strong>ERASMUS+ 2024 Programme guide (6,1Mb .pdf)<\/strong><\/a><\/li>\n<li><a title=\"You'll see it in a new window\" href=\"https:\/\/op.europa.eu\/en\/publication-detail\/-\/publication\/429c34ff-7231-11ec-9136-01aa75ed71a1\/language-en\/format-PDF\/source-248195015\" target=\"_blank\" rel=\"noopener\"><strong>How to communicate your Erasmus+ project<\/strong><\/a><\/li>\n<\/ul>\n<p>All deadlines for the specified applications expire at 12.00 pm (noon Brussels time).<\/p>\n<table width=\"100%\">\n<tbody>\n<tr>\n<td style=\"background: #CDCDCD\" colspan=\"4\" align=\"center\"><strong>Acci\u00f3n clave 2: Cooperaci\u00f3n entre organizaciones e instituciones<\/strong><\/p>\n<p><strong>Asociaciones para la cooperaci\u00f3n<\/strong><\/td>\n<\/tr>\n<tr style=\"background: #CDCDCD\">\n<td align=\"center\">&nbsp;<\/td>\n<td align=\"center\">Subprogramas<\/td>\n<td align=\"center\">Fechas presentaci\u00f3n solicitudes<\/td>\n<td align=\"center\">D\u00f3nde presentar las solicitudes<\/td>\n<\/tr>\n<tr>\n<td rowspan=\"5\" width=\"200px\"><strong>Asociaciones de cooperaci\u00f3n<\/strong><\/td>\n<td width=\"360px\">En los \u00e1mbitos de la educaci\u00f3n, la formaci\u00f3n y la juventud<\/td>\n<td><strong>5 de marzo de 2024 a las 12:00 horas<\/strong><\/td>\n<td align=\"center\">SEPIE<\/td>\n<\/tr>\n<tr>\n<td width=\"360px\">En el \u00e1mbito del deporte<\/td>\n<td><strong>5 de marzo de 2024 a las 17:00 horas <\/strong><\/td>\n<td align=\"center\">EACEA<\/td>\n<\/tr>\n<tr>\n<td width=\"360px\">En el \u00e1mbito de la juventud<\/td>\n<td><strong>1 de octubre de 2024 a las 12:00 horas <\/strong><\/td>\n<td align=\"center\">EACEA<\/td>\n<\/tr>\n<\/tbody>\n<\/table>\n<table width=\"100%\">\n<tbody>\n<tr style=\"background: #CDCDCD\">\n<td align=\"center\">&nbsp;<\/td>\n<td align=\"center\">Subprogramas<\/td>\n<td align=\"center\">Fechas presentaci\u00f3n solicitudes<\/td>\n<td align=\"center\">D\u00f3nde presentar las solicitudes<\/td>\n<\/tr>\n<tr>\n<td rowspan=\"5\" width=\"200px\"><strong>Asociaciones a peque\u00f1a escala<\/strong><\/td>\n<td rowspan=\"2\" width=\"360px\">En los \u00e1mbitos de la educaci\u00f3n escolar,&nbsp; la educaci\u00f3n y la formaci\u00f3n profesionales, la educaci\u00f3n de adultos y la juventud<\/td>\n<td><strong style=\"font-family: inherit;font-size: inherit\">5 de marzo de 2024 a las 12:00 horas<\/strong><\/td>\n<td align=\"center\">SEPIE<\/td>\n<\/tr>\n<tr>\n<td><strong style=\"font-family: inherit;font-size: inherit\">1 de octubre de 2024 a las 12:00 horas<\/strong><\/td>\n<td align=\"center\">SEPIE<\/td>\n<\/tr>\n<tr>\n<td width=\"360px\">En el \u00e1mbito del deporte<\/td>\n<td><strong style=\"font-family: inherit;font-size: inherit\">5 de marzo de 2024 a las 17:00 horas<\/strong><\/td>\n<td align=\"center\">EACEA<\/td>\n<\/tr>\n<\/tbody>\n<\/table>\n<p>&nbsp;<\/p>\n<table width=\"100%\">\n<tbody>\n<tr>\n<td style=\"background: #CDCDCD\" colspan=\"4\" align=\"center\"><strong>Acci\u00f3n clave 2: Cooperaci\u00f3n entre organizaciones e instituciones<\/strong><\/td>\n<\/tr>\n<tr style=\"background: #CDCDCD\">\n<td align=\"center\">&nbsp;<\/td>\n<td align=\"center\">Subprogramas<\/td>\n<td align=\"center\">Fechas presentaci\u00f3n solicitudes<\/td>\n<td align=\"center\">D\u00f3nde presentar las solicitudes<\/td>\n<\/tr>\n<tr>\n<td rowspan=\"5\" width=\"200px\"><strong>Asociaciones de excelencia<\/strong><\/td>\n<td width=\"360px\">Centros de excelencia profesional<\/td>\n<td><strong>7 de mayo de 2024 a las 17:00 horas<\/strong><\/td>\n<td align=\"center\">EACEA<\/td>\n<\/tr>\n<tr>\n<td width=\"360px\">Acci\u00f3n Erasmus Mundus<\/td>\n<td><strong>15 de febrero de 2024 a las 17:00 horas<\/strong><\/td>\n<td align=\"center\">EACEA<\/td>\n<\/tr>\n<\/tbody>\n<\/table>\n<p>&nbsp;<\/p>\n<table width=\"100%\">\n<tbody>\n<tr>\n<td style=\"background: #CDCDCD\" colspan=\"4\" align=\"center\"><strong>Acci\u00f3n clave 2: Cooperaci\u00f3n entre organizaciones e instituciones<\/strong><\/td>\n<\/tr>\n<tr style=\"background: #CDCDCD\">\n<td align=\"center\">&nbsp;<\/td>\n<td align=\"center\">Subprogramas<\/td>\n<td align=\"center\">Fechas presentaci\u00f3n solicitudes<\/td>\n<td align=\"center\">D\u00f3nde presentar las solicitudes<\/td>\n<\/tr>\n<tr>\n<td rowspan=\"5\" width=\"200px\"><strong>Asociaciones para la innovaci\u00f3n<\/strong><\/td>\n<td width=\"360px\">Alianzas para la innovaci\u00f3n<\/td>\n<td><strong>7 de marzo de 2024 a las 17:00 horas<\/strong><\/td>\n<td align=\"center\">EACEA<\/td>\n<\/tr>\n<\/tbody>\n<\/table>\n<p>&nbsp;<\/p>\n<table width=\"100%\">\n<tbody>\n<tr>\n<td style=\"background: #CDCDCD\" colspan=\"4\" align=\"center\"><strong>Acci\u00f3n clave 2: Cooperaci\u00f3n entre organizaciones e instituciones<\/strong><\/td>\n<\/tr>\n<tr style=\"background: #CDCDCD\">\n<td align=\"center\">&nbsp;<\/td>\n<td align=\"center\">Subprogramas<\/td>\n<td align=\"center\">Fechas presentaci\u00f3n solicitudes<\/td>\n<td align=\"center\">D\u00f3nde presentar las solicitudes<\/td>\n<\/tr>\n<tr>\n<td rowspan=\"4\" width=\"200px\"><strong>Desarrollo de las capacidades en el \u00e1mbito de la educaci\u00f3n superior, la educaci\u00f3n y la formaci\u00f3n profesionales, la juventud y el deporte<\/strong><\/td>\n<td width=\"360px\">En el \u00e1mbito de la educaci\u00f3n superior<\/td>\n<td><strong>8 de febrero de 2024 a las 17:00 horas <\/strong><\/td>\n<td align=\"center\">EACEA<\/td>\n<\/tr>\n<tr>\n<td width=\"360px\">En el \u00e1mbito de la educaci\u00f3n y la formaci\u00f3n profesionales<\/td>\n<td><strong>29 de febrero de 2024 a las 17:00 horas<\/strong><\/td>\n<td align=\"center\">EACEA<\/td>\n<\/tr>\n<tr>\n<td width=\"360px\">En el \u00e1mbito de la juventud<\/td>\n<td><strong>6 de marzo de 2024 a las 17:00 horas<\/strong><\/td>\n<td align=\"center\">EACEA<\/td>\n<\/tr>\n<tr>\n<td width=\"360px\">En el \u00e1mbito del deporte<\/td>\n<td><strong>5 de marzo de 2024 a las 17:00 horas<\/strong><\/td>\n<td align=\"center\">EACEA<\/td>\n<\/tr>\n<\/tbody>\n<\/table>\n<p>&nbsp;<\/p>\n<table width=\"100%\">\n<tbody>\n<tr>\n<td style=\"background: #CDCDCD\" colspan=\"4\" align=\"center\"><strong>Acci\u00f3n clave 2: Cooperaci\u00f3n entre organizaciones e instituciones<\/strong><\/td>\n<\/tr>\n<tr style=\"background: #CDCDCD\">\n<td align=\"center\">&nbsp;<\/td>\n<td align=\"center\">Subprogramas<\/td>\n<td align=\"center\">Fechas presentaci\u00f3n solicitudes<\/td>\n<td align=\"center\">D\u00f3nde presentar las solicitudes<\/td>\n<\/tr>\n<tr>\n<td rowspan=\"4\" width=\"200px\"><strong>Actividades deportivas<\/strong><\/td>\n<\/tr>\n<tr>\n<td width=\"360px\">Acontecimientos deportivos europeos sin \u00e1nimo de lucro<\/td>\n<td><strong>5 de marzo de 2024 a las 17:00 horas<\/strong><\/td>\n<td align=\"center\">EACEA<\/td>\n<\/tr>\n<\/tbody>\n<\/table>\n<p>&nbsp;<\/p>\n<table width=\"100%\">\n<tbody>\n<tr>\n<td style=\"background: #CDCDCD\" colspan=\"4\" align=\"center\"><strong>Acciones Jean Monnet<\/strong><\/td>\n<\/tr>\n<tr style=\"background: #CDCDCD\">\n<td align=\"center\">&nbsp;<\/td>\n<td align=\"center\">Subprogramas<\/td>\n<td align=\"center\">Fechas presentaci\u00f3n solicitudes<\/td>\n<td align=\"center\">D\u00f3nde presentar las solicitudes<\/td>\n<\/tr>\n<tr>\n<td rowspan=\"5\" width=\"200px\"><strong>Acciones y redes Jean Monnet<\/strong><\/td>\n<td width=\"360px\">En el \u00e1mbito de la educaci\u00f3n superior<\/td>\n<td><strong>1 de febrero de 2024 a las 17:00 horas<\/strong><\/td>\n<td align=\"center\">EACEA<\/td>\n<\/tr>\n<tr>\n<td width=\"360px\">En otros \u00e1mbitos de la educaci\u00f3n y la formaci\u00f3n<\/td>\n<td><strong>1 de febrero de 2024 a las 17:00 horas<\/strong><\/td>\n<td align=\"center\">EACEA<\/td>\n<\/tr>\n<\/tbody>\n<\/table>\n<p>&nbsp;<br \/>\n&nbsp;<br \/>\n<a href=\"#2021\"><img loading=\"lazy\" class=\"alignright wp-image-20826 size-full\" title=\"Got to the top page\" src=\"https:\/\/internacional.umh.es\/files\/2021\/06\/Botonarriba.jpg\" alt=\"Up button icon\" width=\"51\" height=\"50\" srcset=\"https:\/\/internacional.umh.es\/files\/2021\/06\/Botonarriba.jpg 51w, https:\/\/internacional.umh.es\/files\/2021\/06\/Botonarriba-32x32.jpg 32w\" sizes=\"(max-width: 51px) 100vw, 51px\" \/><\/a><\/p>","protected":false},"excerpt":{"rendered":"<p>&nbsp;&nbsp;<\/p>\n<p>Project management (Spanish)<br \/>\nProjects KA2 carried out (Spanish)<br \/>\nERASMUS+ 2024 Programme guide (6,1Mb .pdf)<br \/>\nHow to communicate your Erasmus+ project<\/p>\n<p>All deadlines for the specified applications expire at 12.00 pm (noon Brussels time).<\/p>\n<p>Acci\u00f3n clave 2: Cooperaci\u00f3n entre organizaciones e instituciones<br \/>\nAsociaciones para la cooperaci\u00f3n<\/p>\n<p>&nbsp;<br \/>\nSubprogramas<br \/>\nFechas presentaci\u00f3n solicitudes<br \/>\nD\u00f3nde presentar las solicitudes<\/p>\n<p>Asociaciones de cooperaci\u00f3n<br \/>\nEn los \u00e1mbitos de la educaci\u00f3n, la formaci\u00f3n y la [&#8230;]<\/p>\n","protected":false},"author":3296,"featured_media":0,"parent":2740,"menu_order":11,"comment_status":"closed","ping_status":"closed","template":"","meta":{"ngg_post_thumbnail":0,"_links_to":"","_links_to_target":""},"yoast_head":"<!-- This site is optimized with the Yoast SEO plugin v17.5 - https:\/\/yoast.com\/wordpress\/plugins\/seo\/ -->\n<meta name=\"description\" content=\"Relaci\u00f3n de proyectos de internacionalizaci\u00f3n, gesti\u00f3n de proyecto KA2, Proyecto KA2 en curso en los que se encuentra la UMH y finalizados.\" \/>\n<meta name=\"robots\" content=\"index, follow, max-snippet:-1, max-image-preview:large, max-video-preview:-1\" \/>\n<link rel=\"canonical\" href=\"https:\/\/internacional.umh.es\/en\/internacionalizacion\/proyectos\/\" \/>\n<meta property=\"og:locale\" content=\"en_US\" \/>\n<meta property=\"og:type\" content=\"article\" \/>\n<meta property=\"og:title\" content=\"Projects - International Relations and Cooperation\" \/>\n<meta property=\"og:description\" content=\"Relaci\u00f3n de proyectos de internacionalizaci\u00f3n, gesti\u00f3n de proyecto KA2, Proyecto KA2 en curso en los que se encuentra la UMH y finalizados.\" \/>\n<meta property=\"og:url\" content=\"https:\/\/internacional.umh.es\/internacionalizacion\/proyectos\/\" \/>\n<meta property=\"og:site_name\" content=\"International Relations and Cooperation\" \/>\n<meta property=\"article:modified_time\" content=\"2026-02-23T09:37:55+00:00\" \/>\n<meta property=\"og:image\" content=\"https:\/\/internacional.umh.es\/files\/2020\/11\/logo-erasmus-plus-300x61.png\" \/>\n<meta name=\"twitter:card\" content=\"summary_large_image\" \/>\n<meta name=\"twitter:label1\" content=\"Est. reading time\" \/>\n\t<meta name=\"twitter:data1\" content=\"4 minutes\" \/>\n<script type=\"application\/ld+json\" class=\"yoast-schema-graph\">{\"@context\":\"https:\/\/schema.org\",\"@graph\":[{\"@type\":\"WebSite\",\"@id\":\"https:\/\/internacional.umh.es\/en\/#website\",\"url\":\"https:\/\/internacional.umh.es\/en\/\",\"name\":\"International Relations and Cooperation\",\"description\":\"Miguel Hernandez University of Elche\",\"potentialAction\":[{\"@type\":\"SearchAction\",\"target\":{\"@type\":\"EntryPoint\",\"urlTemplate\":\"https:\/\/internacional.umh.es\/en\/?s={search_term_string}\"},\"query-input\":\"required name=search_term_string\"}],\"inLanguage\":\"en-US\"},{\"@type\":\"ImageObject\",\"@id\":\"https:\/\/internacional.umh.es\/internacionalizacion\/proyectos\/#primaryimage\",\"inLanguage\":\"en-US\",\"url\":\"https:\/\/internacional.umh.es\/files\/2020\/11\/logo-erasmus-plus.png\",\"contentUrl\":\"https:\/\/internacional.umh.es\/files\/2020\/11\/logo-erasmus-plus.png\",\"width\":1758,\"height\":358,\"caption\":\"Logo Erasmus+\"},{\"@type\":\"WebPage\",\"@id\":\"https:\/\/internacional.umh.es\/internacionalizacion\/proyectos\/#webpage\",\"url\":\"https:\/\/internacional.umh.es\/internacionalizacion\/proyectos\/\",\"name\":\"Projects - International Relations and Cooperation\",\"isPartOf\":{\"@id\":\"https:\/\/internacional.umh.es\/en\/#website\"},\"primaryImageOfPage\":{\"@id\":\"https:\/\/internacional.umh.es\/internacionalizacion\/proyectos\/#primaryimage\"},\"datePublished\":\"2018-02-15T11:25:57+00:00\",\"dateModified\":\"2026-02-23T09:37:55+00:00\",\"description\":\"Relaci\\u00f3n de proyectos de internacionalizaci\\u00f3n, gesti\\u00f3n de proyecto KA2, Proyecto KA2 en curso en los que se encuentra la UMH y finalizados.\",\"breadcrumb\":{\"@id\":\"https:\/\/internacional.umh.es\/internacionalizacion\/proyectos\/#breadcrumb\"},\"inLanguage\":\"en-US\",\"potentialAction\":[{\"@type\":\"ReadAction\",\"target\":[\"https:\/\/internacional.umh.es\/internacionalizacion\/proyectos\/\"]}]},{\"@type\":\"BreadcrumbList\",\"@id\":\"https:\/\/internacional.umh.es\/internacionalizacion\/proyectos\/#breadcrumb\",\"itemListElement\":[{\"@type\":\"ListItem\",\"position\":1,\"name\":\"Home\",\"item\":\"https:\/\/internacional.umh.es\/en\/\"},{\"@type\":\"ListItem\",\"position\":2,\"name\":\"INTERNATIONALIZATION\",\"item\":\"https:\/\/internacional.umh.es\/en\/internacionalizacion\/\"},{\"@type\":\"ListItem\",\"position\":3,\"name\":\"Proyectos\"}]}]}<\/script>\n<!-- \/ Yoast SEO plugin. -->","yoast_head_json":{"description":"Relaci\u00f3n de proyectos de internacionalizaci\u00f3n, gesti\u00f3n de proyecto KA2, Proyecto KA2 en curso en los que se encuentra la UMH y finalizados.","robots":{"index":"index","follow":"follow","max-snippet":"max-snippet:-1","max-image-preview":"max-image-preview:large","max-video-preview":"max-video-preview:-1"},"canonical":"https:\/\/internacional.umh.es\/en\/internacionalizacion\/proyectos\/","og_locale":"en_US","og_type":"article","og_title":"Projects - International Relations and Cooperation","og_description":"Relaci\u00f3n de proyectos de internacionalizaci\u00f3n, gesti\u00f3n de proyecto KA2, Proyecto KA2 en curso en los que se encuentra la UMH y finalizados.","og_url":"https:\/\/internacional.umh.es\/internacionalizacion\/proyectos\/","og_site_name":"International Relations and Cooperation","article_modified_time":"2026-02-23T09:37:55+00:00","og_image":[{"url":"https:\/\/internacional.umh.es\/files\/2020\/11\/logo-erasmus-plus-300x61.png"}],"twitter_card":"summary_large_image","twitter_misc":{"Est. reading time":"4 minutes"},"schema":{"@context":"https:\/\/schema.org","@graph":[{"@type":"WebSite","@id":"https:\/\/internacional.umh.es\/en\/#website","url":"https:\/\/internacional.umh.es\/en\/","name":"International Relations and Cooperation","description":"Miguel Hernandez University of Elche","potentialAction":[{"@type":"SearchAction","target":{"@type":"EntryPoint","urlTemplate":"https:\/\/internacional.umh.es\/en\/?s={search_term_string}"},"query-input":"required name=search_term_string"}],"inLanguage":"en-US"},{"@type":"ImageObject","@id":"https:\/\/internacional.umh.es\/internacionalizacion\/proyectos\/#primaryimage","inLanguage":"en-US","url":"https:\/\/internacional.umh.es\/files\/2020\/11\/logo-erasmus-plus.png","contentUrl":"https:\/\/internacional.umh.es\/files\/2020\/11\/logo-erasmus-plus.png","width":1758,"height":358,"caption":"Logo Erasmus+"},{"@type":"WebPage","@id":"https:\/\/internacional.umh.es\/internacionalizacion\/proyectos\/#webpage","url":"https:\/\/internacional.umh.es\/internacionalizacion\/proyectos\/","name":"Projects - International Relations and Cooperation","isPartOf":{"@id":"https:\/\/internacional.umh.es\/en\/#website"},"primaryImageOfPage":{"@id":"https:\/\/internacional.umh.es\/internacionalizacion\/proyectos\/#primaryimage"},"datePublished":"2018-02-15T11:25:57+00:00","dateModified":"2026-02-23T09:37:55+00:00","description":"Relaci\u00f3n de proyectos de internacionalizaci\u00f3n, gesti\u00f3n de proyecto KA2, Proyecto KA2 en curso en los que se encuentra la UMH y finalizados.","breadcrumb":{"@id":"https:\/\/internacional.umh.es\/internacionalizacion\/proyectos\/#breadcrumb"},"inLanguage":"en-US","potentialAction":[{"@type":"ReadAction","target":["https:\/\/internacional.umh.es\/internacionalizacion\/proyectos\/"]}]},{"@type":"BreadcrumbList","@id":"https:\/\/internacional.umh.es\/internacionalizacion\/proyectos\/#breadcrumb","itemListElement":[{"@type":"ListItem","position":1,"name":"Home","item":"https:\/\/internacional.umh.es\/en\/"},{"@type":"ListItem","position":2,"name":"INTERNATIONALIZATION","item":"https:\/\/internacional.umh.es\/en\/internacionalizacion\/"},{"@type":"ListItem","position":3,"name":"Proyectos"}]}]}},"_links":{"self":[{"href":"https:\/\/internacional.umh.es\/en\/wp-json\/wp\/v2\/pages\/5732"}],"collection":[{"href":"https:\/\/internacional.umh.es\/en\/wp-json\/wp\/v2\/pages"}],"about":[{"href":"https:\/\/internacional.umh.es\/en\/wp-json\/wp\/v2\/types\/page"}],"author":[{"embeddable":true,"href":"https:\/\/internacional.umh.es\/en\/wp-json\/wp\/v2\/users\/3296"}],"replies":[{"embeddable":true,"href":"https:\/\/internacional.umh.es\/en\/wp-json\/wp\/v2\/comments?post=5732"}],"version-history":[{"count":0,"href":"https:\/\/internacional.umh.es\/en\/wp-json\/wp\/v2\/pages\/5732\/revisions"}],"up":[{"embeddable":true,"href":"https:\/\/internacional.umh.es\/en\/wp-json\/wp\/v2\/pages\/2740"}],"wp:attachment":[{"href":"https:\/\/internacional.umh.es\/en\/wp-json\/wp\/v2\/media?parent=5732"}],"curies":[{"name":"wp","href":"https:\/\/api.w.org\/{rel}","templated":true}]}}