{"id":7280,"date":"2018-09-05T09:09:52","date_gmt":"2018-09-05T07:09:52","guid":{"rendered":"https:\/\/internacional.umh.es\/?page_id=7280"},"modified":"2024-02-05T09:27:18","modified_gmt":"2024-02-05T08:27:18","slug":"cooperacion-al-desarrollo","status":"publish","type":"page","link":"https:\/\/internacional.umh.es\/en\/cooperacion-y-voluntariado\/cooperacion-al-desarrollo\/","title":{"rendered":"Development Cooperation"},"content":{"rendered":"<p><\/p>\n<p style=\"text-align: justify\"><img loading=\"lazy\" class=\" wp-image-16089 alignleft\" src=\"https:\/\/internacional.umh.es\/files\/2020\/07\/908166-bc2a30-300x300.png\" alt=\"Development Cooperation world hands\" title=\"Development cooperationis one of the most important areas of the Service of International Relations at the UMH\" width=\"285\" height=\"285\" srcset=\"https:\/\/internacional.umh.es\/files\/2020\/07\/908166-bc2a30-300x300.png 300w, https:\/\/internacional.umh.es\/files\/2020\/07\/908166-bc2a30-150x150.png 150w, https:\/\/internacional.umh.es\/files\/2020\/07\/908166-bc2a30-768x768.png 768w, https:\/\/internacional.umh.es\/files\/2020\/07\/908166-bc2a30-32x32.png 32w, https:\/\/internacional.umh.es\/files\/2020\/07\/908166-bc2a30-64x64.png 64w, https:\/\/internacional.umh.es\/files\/2020\/07\/908166-bc2a30-96x96.png 96w, https:\/\/internacional.umh.es\/files\/2020\/07\/908166-bc2a30-128x128.png 128w, https:\/\/internacional.umh.es\/files\/2020\/07\/908166-bc2a30.png 1024w\" sizes=\"(max-width: 285px) 100vw, 285px\" \/><\/a>Development cooperation projects at the <strong>Miguel Hern\u00e1ndez University of Elche (UMH)<\/strong> incorporate training linked to development and cooperation, gender equality, research for development, and development studies, interuniversity cooperation, the consolidation of higher education institutions in developing countries, outreach, awareness &amp; mobilization, and action programs and projects in situ.<\/p>\n<p style=\"text-align: justify\">These <strong>projects are funded primarily by the UMH<\/strong>, which allocates funding every year. Funding is also provided through agreements with the Directorate General for International Development Cooperation of the Conseller\u00eda of Participation, Transparency, Cooperation and Democratic Quality at the <strong>Generalitat Valenciana<\/strong>, <strong>as well from other entities<\/strong>. University involvement in these projects runs from start to finish, beginning with the initial identification, to project design, management, supervision, dissemination, justification, analysis, and improvement in subsequent projects.<\/p>\n<p style=\"text-align: justify\">Such initiatives are aligned with this university\u2019s development cooperation strategy, which outlines university functions, and also with <strong>Generalitat Valenciana<\/strong> policies for development cooperation, under the principle of concentrating efforts and coordinating actions among stakeholders.<\/p>\n<p><a href=\"https:\/\/internacional.umh.es\/en\/cooperacion-y-voluntariado\/cooperacion-al-desarrollo\/publicaciones\/\" target=\"_blank\" rel=\"noopener\" title=\"get further information about Development Cooperation research publications\"><img loading=\"lazy\" class=\"alignnone wp-image-24916\" src=\"https:\/\/internacional.umh.es\/files\/2022\/03\/CURSO-20212022-300x150.png\" alt=\"Research publications Development Cooperation button\" width=\"242\" height=\"121\" srcset=\"https:\/\/internacional.umh.es\/files\/2022\/03\/CURSO-20212022-300x150.png 300w, https:\/\/internacional.umh.es\/files\/2022\/03\/CURSO-20212022.png 472w\" sizes=\"(max-width: 242px) 100vw, 242px\" \/><\/a><a href=\"https:\/\/internacional.umh.es\/cooperacion-y-voluntariado\/en\/cooperacion-al-desarrollo\/convenio-cooperacion-universitaria-al-desarrollo\/\" target=\"_blank\" rel=\"noopener\"><img loading=\"lazy\" class=\"alignnone wp-image-24913\" src=\"https:\/\/internacional.umh.es\/files\/2022\/03\/botones-web-cooperacion-300x150.png\" alt=\"Development Cooperation agreements button\" title=\"Get further information about Development Cooperation agreements\" width=\"242\" height=\"121\" srcset=\"https:\/\/internacional.umh.es\/files\/2022\/03\/botones-web-cooperacion-300x150.png 300w, https:\/\/internacional.umh.es\/files\/2022\/03\/botones-web-cooperacion.png 472w\" sizes=\"(max-width: 242px) 100vw, 242px\" \/><\/a><\/p>\n<p><a title=\"You'll see it in a new window\" href=\"https:\/\/www.google.com\/maps\/d\/edit?mid=1-MeolgjNPEoMJO-z1K9Z1NQ6wOl0OlAC&amp;usp=sharing\" target=\"_blank\" rel=\"noopener\"><strong>Click the map<\/strong><\/a><\/p>\n<p>\n<!-- iframe plugin v.4.5 wordpress.org\/plugins\/iframe\/ -->\n<iframe src=\"https:\/\/www.google.com\/maps\/d\/embed?mid=1-MeolgjNPEoMJO-z1K9Z1NQ6wOl0OlAC&#038;ehbc=2E312F\" width=\"100%\" height=\"600\" scrolling=\"yes\" class=\"iframe-class\" frameborder=\"0\"><\/iframe>\n<br \/>\n&nbsp;<\/p>","protected":false},"excerpt":{"rendered":"<p>Development cooperation projects at the Miguel Hern\u00e1ndez University of Elche (UMH) incorporate training linked to development and cooperation, gender equality, research for development, and development studies, interuniversity cooperation, the consolidation of higher education institutions in developing countries, outreach, awareness &amp; mobilization, and action programs and projects in situ.<br \/>\nThese projects are funded primarily by the UMH, [&#8230;]<\/p>\n","protected":false},"author":5216,"featured_media":0,"parent":3982,"menu_order":3,"comment_status":"closed","ping_status":"closed","template":"","meta":{"ngg_post_thumbnail":0,"_links_to":"","_links_to_target":""},"yoast_head":"<!-- This site is optimized with the Yoast SEO plugin v17.5 - https:\/\/yoast.com\/wordpress\/plugins\/seo\/ -->\n<meta name=\"description\" content=\"Los proyectos de cooperaci\u00f3n al desarrollo UMH incluyen formaci\u00f3n vinculada al desarrollo y la cooperaci\u00f3n, igualdad de g\u00e9nero e Investigaci\u00f3n\" \/>\n<meta name=\"robots\" content=\"index, follow, max-snippet:-1, max-image-preview:large, max-video-preview:-1\" \/>\n<link rel=\"canonical\" href=\"https:\/\/internacional.umh.es\/en\/cooperacion-y-voluntariado\/cooperacion-al-desarrollo\/\" \/>\n<meta property=\"og:locale\" content=\"en_US\" \/>\n<meta property=\"og:type\" content=\"article\" \/>\n<meta property=\"og:title\" content=\"Development Cooperation - International Relations and Cooperation\" \/>\n<meta property=\"og:description\" content=\"Los proyectos de cooperaci\u00f3n al desarrollo UMH incluyen formaci\u00f3n vinculada al desarrollo y la cooperaci\u00f3n, igualdad de g\u00e9nero e Investigaci\u00f3n\" \/>\n<meta property=\"og:url\" content=\"https:\/\/internacional.umh.es\/ca\/cooperacion-y-voluntariado\/cooperacion-al-desarrollo\/\" \/>\n<meta property=\"og:site_name\" content=\"International Relations and Cooperation\" \/>\n<meta property=\"article:modified_time\" content=\"2024-02-05T08:27:18+00:00\" \/>\n<meta property=\"og:image\" content=\"https:\/\/internacional.umh.es\/files\/2020\/07\/908166-bc2a30-300x300.png\" \/>\n<meta name=\"twitter:card\" content=\"summary_large_image\" \/>\n<meta name=\"twitter:label1\" content=\"Est. reading time\" \/>\n\t<meta name=\"twitter:data1\" content=\"2 minutes\" \/>\n<script type=\"application\/ld+json\" class=\"yoast-schema-graph\">{\"@context\":\"https:\/\/schema.org\",\"@graph\":[{\"@type\":\"WebSite\",\"@id\":\"https:\/\/internacional.umh.es\/en\/#website\",\"url\":\"https:\/\/internacional.umh.es\/en\/\",\"name\":\"International Relations and Cooperation\",\"description\":\"Miguel Hernandez University of Elche\",\"potentialAction\":[{\"@type\":\"SearchAction\",\"target\":{\"@type\":\"EntryPoint\",\"urlTemplate\":\"https:\/\/internacional.umh.es\/en\/?s={search_term_string}\"},\"query-input\":\"required name=search_term_string\"}],\"inLanguage\":\"en-US\"},{\"@type\":\"ImageObject\",\"@id\":\"https:\/\/internacional.umh.es\/ca\/cooperacion-y-voluntariado\/cooperacion-al-desarrollo\/#primaryimage\",\"inLanguage\":\"en-US\",\"url\":\"https:\/\/internacional.umh.es\/files\/2020\/07\/908166-bc2a30.png\",\"contentUrl\":\"https:\/\/internacional.umh.es\/files\/2020\/07\/908166-bc2a30.png\",\"width\":1024,\"height\":1024},{\"@type\":\"WebPage\",\"@id\":\"https:\/\/internacional.umh.es\/ca\/cooperacion-y-voluntariado\/cooperacion-al-desarrollo\/#webpage\",\"url\":\"https:\/\/internacional.umh.es\/ca\/cooperacion-y-voluntariado\/cooperacion-al-desarrollo\/\",\"name\":\"Development Cooperation - International Relations and Cooperation\",\"isPartOf\":{\"@id\":\"https:\/\/internacional.umh.es\/en\/#website\"},\"primaryImageOfPage\":{\"@id\":\"https:\/\/internacional.umh.es\/ca\/cooperacion-y-voluntariado\/cooperacion-al-desarrollo\/#primaryimage\"},\"datePublished\":\"2018-09-05T07:09:52+00:00\",\"dateModified\":\"2024-02-05T08:27:18+00:00\",\"description\":\"Los proyectos de cooperaci\\u00f3n al desarrollo UMH incluyen formaci\\u00f3n vinculada al desarrollo y la cooperaci\\u00f3n, igualdad de g\\u00e9nero e Investigaci\\u00f3n\",\"breadcrumb\":{\"@id\":\"https:\/\/internacional.umh.es\/ca\/cooperacion-y-voluntariado\/cooperacion-al-desarrollo\/#breadcrumb\"},\"inLanguage\":\"en-US\",\"potentialAction\":[{\"@type\":\"ReadAction\",\"target\":[\"https:\/\/internacional.umh.es\/ca\/cooperacion-y-voluntariado\/cooperacion-al-desarrollo\/\"]}]},{\"@type\":\"BreadcrumbList\",\"@id\":\"https:\/\/internacional.umh.es\/ca\/cooperacion-y-voluntariado\/cooperacion-al-desarrollo\/#breadcrumb\",\"itemListElement\":[{\"@type\":\"ListItem\",\"position\":1,\"name\":\"Home\",\"item\":\"https:\/\/internacional.umh.es\/en\/\"},{\"@type\":\"ListItem\",\"position\":2,\"name\":\"COOPERACI\\u00d3 I VOLUNTARIAT\",\"item\":\"https:\/\/internacional.umh.es\/ca\/cooperacion-y-voluntariado\/\"},{\"@type\":\"ListItem\",\"position\":3,\"name\":\"Cooperaci\\u00f3 aI Desenvolupament\"}]}]}<\/script>\n<!-- \/ Yoast SEO plugin. -->","yoast_head_json":{"description":"Los proyectos de cooperaci\u00f3n al desarrollo UMH incluyen formaci\u00f3n vinculada al desarrollo y la cooperaci\u00f3n, igualdad de g\u00e9nero e Investigaci\u00f3n","robots":{"index":"index","follow":"follow","max-snippet":"max-snippet:-1","max-image-preview":"max-image-preview:large","max-video-preview":"max-video-preview:-1"},"canonical":"https:\/\/internacional.umh.es\/en\/cooperacion-y-voluntariado\/cooperacion-al-desarrollo\/","og_locale":"en_US","og_type":"article","og_title":"Development Cooperation - International Relations and Cooperation","og_description":"Los proyectos de cooperaci\u00f3n al desarrollo UMH incluyen formaci\u00f3n vinculada al desarrollo y la cooperaci\u00f3n, igualdad de g\u00e9nero e Investigaci\u00f3n","og_url":"https:\/\/internacional.umh.es\/ca\/cooperacion-y-voluntariado\/cooperacion-al-desarrollo\/","og_site_name":"International Relations and Cooperation","article_modified_time":"2024-02-05T08:27:18+00:00","og_image":[{"url":"https:\/\/internacional.umh.es\/files\/2020\/07\/908166-bc2a30-300x300.png"}],"twitter_card":"summary_large_image","twitter_misc":{"Est. reading time":"2 minutes"},"schema":{"@context":"https:\/\/schema.org","@graph":[{"@type":"WebSite","@id":"https:\/\/internacional.umh.es\/en\/#website","url":"https:\/\/internacional.umh.es\/en\/","name":"International Relations and Cooperation","description":"Miguel Hernandez University of Elche","potentialAction":[{"@type":"SearchAction","target":{"@type":"EntryPoint","urlTemplate":"https:\/\/internacional.umh.es\/en\/?s={search_term_string}"},"query-input":"required name=search_term_string"}],"inLanguage":"en-US"},{"@type":"ImageObject","@id":"https:\/\/internacional.umh.es\/ca\/cooperacion-y-voluntariado\/cooperacion-al-desarrollo\/#primaryimage","inLanguage":"en-US","url":"https:\/\/internacional.umh.es\/files\/2020\/07\/908166-bc2a30.png","contentUrl":"https:\/\/internacional.umh.es\/files\/2020\/07\/908166-bc2a30.png","width":1024,"height":1024},{"@type":"WebPage","@id":"https:\/\/internacional.umh.es\/ca\/cooperacion-y-voluntariado\/cooperacion-al-desarrollo\/#webpage","url":"https:\/\/internacional.umh.es\/ca\/cooperacion-y-voluntariado\/cooperacion-al-desarrollo\/","name":"Development Cooperation - International Relations and Cooperation","isPartOf":{"@id":"https:\/\/internacional.umh.es\/en\/#website"},"primaryImageOfPage":{"@id":"https:\/\/internacional.umh.es\/ca\/cooperacion-y-voluntariado\/cooperacion-al-desarrollo\/#primaryimage"},"datePublished":"2018-09-05T07:09:52+00:00","dateModified":"2024-02-05T08:27:18+00:00","description":"Los proyectos de cooperaci\u00f3n al desarrollo UMH incluyen formaci\u00f3n vinculada al desarrollo y la cooperaci\u00f3n, igualdad de g\u00e9nero e Investigaci\u00f3n","breadcrumb":{"@id":"https:\/\/internacional.umh.es\/ca\/cooperacion-y-voluntariado\/cooperacion-al-desarrollo\/#breadcrumb"},"inLanguage":"en-US","potentialAction":[{"@type":"ReadAction","target":["https:\/\/internacional.umh.es\/ca\/cooperacion-y-voluntariado\/cooperacion-al-desarrollo\/"]}]},{"@type":"BreadcrumbList","@id":"https:\/\/internacional.umh.es\/ca\/cooperacion-y-voluntariado\/cooperacion-al-desarrollo\/#breadcrumb","itemListElement":[{"@type":"ListItem","position":1,"name":"Home","item":"https:\/\/internacional.umh.es\/en\/"},{"@type":"ListItem","position":2,"name":"COOPERACI\u00d3 I VOLUNTARIAT","item":"https:\/\/internacional.umh.es\/ca\/cooperacion-y-voluntariado\/"},{"@type":"ListItem","position":3,"name":"Cooperaci\u00f3 aI Desenvolupament"}]}]}},"_links":{"self":[{"href":"https:\/\/internacional.umh.es\/en\/wp-json\/wp\/v2\/pages\/7280"}],"collection":[{"href":"https:\/\/internacional.umh.es\/en\/wp-json\/wp\/v2\/pages"}],"about":[{"href":"https:\/\/internacional.umh.es\/en\/wp-json\/wp\/v2\/types\/page"}],"author":[{"embeddable":true,"href":"https:\/\/internacional.umh.es\/en\/wp-json\/wp\/v2\/users\/5216"}],"replies":[{"embeddable":true,"href":"https:\/\/internacional.umh.es\/en\/wp-json\/wp\/v2\/comments?post=7280"}],"version-history":[{"count":0,"href":"https:\/\/internacional.umh.es\/en\/wp-json\/wp\/v2\/pages\/7280\/revisions"}],"up":[{"embeddable":true,"href":"https:\/\/internacional.umh.es\/en\/wp-json\/wp\/v2\/pages\/3982"}],"wp:attachment":[{"href":"https:\/\/internacional.umh.es\/en\/wp-json\/wp\/v2\/media?parent=7280"}],"curies":[{"name":"wp","href":"https:\/\/api.w.org\/{rel}","templated":true}]}}