{"id":7289,"date":"2018-09-05T09:23:32","date_gmt":"2018-09-05T07:23:32","guid":{"rendered":"https:\/\/internacional.umh.es\/?page_id=7289"},"modified":"2024-01-19T13:05:24","modified_gmt":"2024-01-19T12:05:24","slug":"alianzas","status":"publish","type":"page","link":"https:\/\/internacional.umh.es\/en\/cooperacion-y-voluntariado\/alianzas\/","title":{"rendered":"Partnerships"},"content":{"rendered":"<p><\/p>\n<p style=\"text-align: justify\">The <strong>Miguel Hern\u00e1ndez University of Elche<\/strong>, as a disseminator of knowledge, promotor of innovation, progress, and international cooperation, plays a fundamental role in achieving sustainable development around the world through fulfillment of the Sustainable Development Goals (SDG). For these purposes, establishing links and alliances with other entities and organisms (<a href=\"https:\/\/www.un.org\/sustainabledevelopment\/es\/globalpartnerships\/\" title=\"You'll see it in a new window\" target=\"_blank\" rel=\"noopener\">SDG 17<\/a>) is required.<\/p>\n<p style=\"text-align: justify\">UMH alliances in terms of cooperation with other entities and organisms, aim to, among others:<\/p>\n<ul style=\"text-align: justify\">\n<li>Create <strong>synergies<\/strong> for work and collaboration.<\/li>\n<li>Strengthen the mobilization of domestic <strong>resources<\/strong> in order to improve abilities to collect taxes and other revenue.<\/li>\n<li><strong>Mobilize<\/strong> additional financial resources from multiple sources for developing countries.<\/li>\n<li><strong>Increase<\/strong> national and international <strong>support<\/strong> for carrying out effective and specific capacity-building activities in developing countries to support national plans for the implementation of all of the Sustainable Development Goals.<\/li>\n<\/ul>\n<p>&nbsp;<\/p>\n<h3><strong>UMH partnerships with other entities<\/strong><\/h3>\n<p><a href=\"http:\/\/www.adaceaalicante.org\/\" target=\"_blank\" title=\"You'll see it in a new window\" rel=\"noopener\"><img loading=\"lazy\" class=\"alignleft wp-image-16992 size-medium\" src=\"https:\/\/internacional.umh.es\/files\/2020\/10\/LOGOS-15-300x173.png\" alt=\"Asociaci\u00f3n DA\u00f1o CErebral Adquirido Provincia de Alicante logo\" title=\"Visit the Asociaci\u00f3n DA\u00f1o CErebral Adquirido Provincia de Alicante alianzas UMH website in a new window\" width=\"300\" height=\"173\" srcset=\"https:\/\/internacional.umh.es\/files\/2020\/10\/LOGOS-15-300x173.png 300w, https:\/\/internacional.umh.es\/files\/2020\/10\/LOGOS-15.png 410w\" sizes=\"(max-width: 300px) 100vw, 300px\" \/><\/a> <a href=\"https:\/\/platavoluntariado.org\/\" target=\"_blank\" title=\"You'll see it in a new window\" rel=\"noopener\"><img loading=\"lazy\" class=\"alignleft wp-image-16994 size-medium\" src=\"https:\/\/internacional.umh.es\/files\/2020\/10\/LOGOS-13-300x173.png\" alt=\"PVCV Plataforma de Voluntariado de la Comunidad Valenciana alianzas UMH logo\" title=\"Visit the PVCV Plataforma de Voluntariado de la Comunidad Valenciana in a new window\" width=\"300\" height=\"173\" srcset=\"https:\/\/internacional.umh.es\/files\/2020\/10\/LOGOS-13-300x173.png 300w, https:\/\/internacional.umh.es\/files\/2020\/10\/LOGOS-13.png 410w\" sizes=\"(max-width: 300px) 100vw, 300px\" \/><\/a> <a href=\"https:\/\/www.cvongd.org\/es\/\" target=\"_blank\" title=\"You'll see it in a new window\" rel=\"noopener\"><img loading=\"lazy\" class=\"alignleft wp-image-16997 size-medium\" src=\"https:\/\/internacional.umh.es\/files\/2020\/10\/LOGOS-12-300x173.png\" alt=\"ONGD Coordinadora Valenciana alianzas UMH logo\" title=\"Visit the ONGD Coordinadora Valenciana in a new window\" width=\"300\" height=\"173\" srcset=\"https:\/\/internacional.umh.es\/files\/2020\/10\/LOGOS-12-300x173.png 300w, https:\/\/internacional.umh.es\/files\/2020\/10\/LOGOS-12.png 410w\" sizes=\"(max-width: 300px) 100vw, 300px\" \/><\/a> <a href=\"https:\/\/www2.cruzroja.es\/\" target=\"_blank\" title=\"You'll see it in a new window\" rel=\"noopener\"><img loading=\"lazy\" class=\"alignleft wp-image-17001 size-medium\" src=\"https:\/\/internacional.umh.es\/files\/2020\/10\/LOGOS-16-300x173.png\" alt=\"Cruz Roja Espa\u00f1ola alianzas UMH logo\" title=\"Visit Cruz Roja Espa\u00f1ola website in a new window\" width=\"300\" height=\"173\" srcset=\"https:\/\/internacional.umh.es\/files\/2020\/10\/LOGOS-16-300x173.png 300w, https:\/\/internacional.umh.es\/files\/2020\/10\/LOGOS-16.png 410w\" sizes=\"(max-width: 300px) 100vw, 300px\" \/><\/a><a href=\"https:\/\/fundacionvicenteferrer.org\/es\/\" target=\"_blank\" title=\"You'll see it in a new window\" rel=\"noopener\"><img loading=\"lazy\" class=\"wp-image-16998 size-medium alignleft\" src=\"https:\/\/internacional.umh.es\/files\/2020\/10\/LOGOS-11-300x173.png\" alt=\"Fundaci\u00f3n Vicente Ferrer alianzas UMH logo\" title=\"Visit the Vicente Ferrer Foundation website in a new window\" width=\"300\" height=\"173\" srcset=\"https:\/\/internacional.umh.es\/files\/2020\/10\/LOGOS-11-300x173.png 300w, https:\/\/internacional.umh.es\/files\/2020\/10\/LOGOS-11.png 410w\" sizes=\"(max-width: 300px) 100vw, 300px\" \/><\/a><\/p>\n<p><a href=\"https:\/\/www.pactomundial.org\/nuestos-socios\/\" target=\"_blank\" title=\"You'll see it in a new window\" rel=\"noopener\"><img loading=\"lazy\" class=\"alignleft wp-image-16806 size-medium\" src=\"https:\/\/internacional.umh.es\/files\/2020\/09\/LOGOS-8-300x173.png\" alt=\"Pacto Mundial Red Espa\u00f1ola alianzas UMH alianzas UMH logo\" title=\"Visit the Pacto Mundial Red Espa\u00f1ola website in a new window\" width=\"300\" height=\"173\" srcset=\"https:\/\/internacional.umh.es\/files\/2020\/09\/LOGOS-8-300x173.png 300w, https:\/\/internacional.umh.es\/files\/2020\/09\/LOGOS-8.png 410w\" sizes=\"(max-width: 300px) 100vw, 300px\" \/><\/a> <a href=\"https:\/\/www.vives.org\/xarxa-vives-qui-som\/universitats-xarxa-vives\/\" target=\"_blank\" title=\"You'll see it in a new window\" rel=\"noopener\"><img loading=\"lazy\" class=\"wp-image-16808 size-medium alignleft\" src=\"https:\/\/internacional.umh.es\/files\/2020\/09\/LOGOS-7-300x173.png\" alt=\"Xarxa Vives de Universidades logo\" title=\"Visit the Xarxa Vives de Universidades website in a new window\" width=\"300\" height=\"173\" srcset=\"https:\/\/internacional.umh.es\/files\/2020\/09\/LOGOS-7-300x173.png 300w, https:\/\/internacional.umh.es\/files\/2020\/09\/LOGOS-7.png 410w\" sizes=\"(max-width: 300px) 100vw, 300px\" \/><\/a><a href=\"https:\/\/catedraruanda.zeus.umh.es\/\" target=\"_blank\" title=\"You'll see it in a new window\" rel=\"noopener\"><img loading=\"lazy\" class=\"alignleft wp-image-16811 size-medium\" src=\"https:\/\/internacional.umh.es\/files\/2020\/09\/LOGOS-5-300x173.png\" alt=\"Chair Ruanda UMH logo\" title=\"Visit the Chair Ruanda UMH in a new window\" width=\"300\" height=\"173\" srcset=\"https:\/\/internacional.umh.es\/files\/2020\/09\/LOGOS-5-300x173.png 300w, https:\/\/internacional.umh.es\/files\/2020\/09\/LOGOS-5.png 410w\" sizes=\"(max-width: 300px) 100vw, 300px\" \/><\/a> <a href=\"https:\/\/internacional.umh.es\/2020\/05\/08\/catedra-de-cooperacion-y-desarrollo-sostenible-prosperidad\/\" target=\"_blank\" title=\"You'll see it in a new window\" rel=\"noopener\"><img loading=\"lazy\" class=\"wp-image-16812 size-medium alignleft\" src=\"https:\/\/internacional.umh.es\/files\/2020\/09\/LOGOS-4-300x173.png\" alt=\"Chair Cooperaci\u00f3n y Desarrollo Sostenible Prosperidad UMH logo\" title=\"Accede ahora a m\u00e1s informaci\u00f3n sobre la C\u00e1tedra de Cooperaci\u00f3n y Desarrollo Sostenible Prosperidad de la UMH\" width=\"300\" height=\"173\" srcset=\"https:\/\/internacional.umh.es\/files\/2020\/09\/LOGOS-4-300x173.png 300w, https:\/\/internacional.umh.es\/files\/2020\/09\/LOGOS-4.png 410w\" sizes=\"(max-width: 300px) 100vw, 300px\" \/><\/a> <a href=\"http:\/\/www.ocud.es\/es\/informacion-general\/que-es-la-cud.htm\" target=\"_blank\" title=\"You'll see it in a new window\" rel=\"noopener\"><img loading=\"lazy\" class=\"alignleft wp-image-16814 size-medium\" src=\"https:\/\/internacional.umh.es\/files\/2020\/09\/LOGOS-3-300x173.png\" alt=\"Observatorio CUD logo\" title=\"Visit the Observatorio CUD website in a new window\" width=\"300\" height=\"173\" srcset=\"https:\/\/internacional.umh.es\/files\/2020\/09\/LOGOS-3-300x173.png 300w, https:\/\/internacional.umh.es\/files\/2020\/09\/LOGOS-3.png 410w\" sizes=\"(max-width: 300px) 100vw, 300px\" \/><\/a> <a href=\"https:\/\/internacional.umh.es\/red-sanitaria-solidaria-de-alicante\/\" target=\"_blank\" title=\"You'll see it in a new window\" rel=\"noopener\"><img loading=\"lazy\" class=\"alignleft wp-image-16815 size-medium\" src=\"https:\/\/internacional.umh.es\/files\/2020\/09\/LOGOS-2-300x173.png\" alt=\"Red Sanitaria Solidaria Alicante logo\" title=\"Visit the Red Sanitaria Solidaria Alicante website in a new window\" width=\"300\" height=\"173\" srcset=\"https:\/\/internacional.umh.es\/files\/2020\/09\/LOGOS-2-300x173.png 300w, https:\/\/internacional.umh.es\/files\/2020\/09\/LOGOS-2.png 410w\" sizes=\"(max-width: 300px) 100vw, 300px\" \/><\/a> <a href=\"https:\/\/internacional.umh.es\/cooperacion-y-voluntariado\/cooperacion-al-desarrollo\/convenio-cooperacion-universitaria-al-desarrollo\/\" target=\"_blank\" title=\"You'll see it in a new window\" rel=\"noopener\"><img loading=\"lazy\" class=\"wp-image-16818 size-medium alignleft\" src=\"https:\/\/internacional.umh.es\/files\/2020\/09\/LOGOS-1-300x173.png\" alt=\"Generalitat Valenciana logo\" title=\"For further information about Generalitat Valenciana visit the site in a new window\" width=\"300\" height=\"173\" srcset=\"https:\/\/internacional.umh.es\/files\/2020\/09\/LOGOS-1-300x173.png 300w, https:\/\/internacional.umh.es\/files\/2020\/09\/LOGOS-1.png 410w\" sizes=\"(max-width: 300px) 100vw, 300px\" \/><\/a><br \/>\n<a href=\"https:\/\/internacional.umh.es\/cooperacion-y-voluntariado\/alianzas\/crue-internacionalizacion-y-cooperacion\/\" target=\"_blank\" rel=\"noopener\"><img loading=\"lazy\" class=\"size-medium wp-image-16821 alignleft\" src=\"https:\/\/internacional.umh.es\/files\/2020\/09\/LOGOS-9-300x173.png\" alt=\"CRUE Universidades Espa\u00f1olas logo\" title=\"Viist the Crue Universidades Espa\u00f1olas website in a new window\" width=\"300\" height=\"173\" srcset=\"https:\/\/internacional.umh.es\/files\/2020\/09\/LOGOS-9-300x173.png 300w, https:\/\/internacional.umh.es\/files\/2020\/09\/LOGOS-9.png 410w\" sizes=\"(max-width: 300px) 100vw, 300px\" \/><\/a><\/p>","protected":false},"excerpt":{"rendered":"<p>The Miguel Hern\u00e1ndez University of Elche, as a disseminator of knowledge, promotor of innovation, progress, and international cooperation, plays a fundamental role in achieving sustainable development around the world through fulfillment of the Sustainable Development Goals (SDG). For these purposes, establishing links and alliances with other entities and organisms (SDG 17) is required.<br \/>\nUMH alliances in [&#8230;]<\/p>\n","protected":false},"author":5216,"featured_media":0,"parent":3982,"menu_order":0,"comment_status":"closed","ping_status":"closed","template":"","meta":{"ngg_post_thumbnail":0,"_links_to":"","_links_to_target":""},"yoast_head":"<!-- This site is optimized with the Yoast SEO plugin v17.5 - https:\/\/yoast.com\/wordpress\/plugins\/seo\/ -->\n<meta name=\"description\" content=\"La UMH establece v\u00ednculos y alianzas con entidades como: Cruz Roja, Xarxa Vives, Observatorio CUD, Vicente Ferrer, CRUE, GV, ADACEA, PVCV.\" \/>\n<meta name=\"robots\" content=\"index, follow, max-snippet:-1, max-image-preview:large, max-video-preview:-1\" \/>\n<link rel=\"canonical\" href=\"https:\/\/internacional.umh.es\/en\/cooperacion-y-voluntariado\/alianzas\/\" \/>\n<meta property=\"og:locale\" content=\"en_US\" \/>\n<meta property=\"og:type\" content=\"article\" \/>\n<meta property=\"og:title\" content=\"Partnerships - International Relations and Cooperation\" \/>\n<meta property=\"og:description\" content=\"La UMH establece v\u00ednculos y alianzas con entidades como: Cruz Roja, Xarxa Vives, Observatorio CUD, Vicente Ferrer, CRUE, GV, ADACEA, PVCV.\" \/>\n<meta property=\"og:url\" content=\"https:\/\/internacional.umh.es\/ca\/cooperacion-y-voluntariado\/alianzas\/\" \/>\n<meta property=\"og:site_name\" content=\"International Relations and Cooperation\" \/>\n<meta property=\"article:modified_time\" content=\"2024-01-19T12:05:24+00:00\" \/>\n<meta property=\"og:image\" content=\"https:\/\/internacional.umh.es\/files\/2020\/10\/LOGOS-15-300x173.png\" \/>\n<meta name=\"twitter:card\" content=\"summary_large_image\" \/>\n<meta name=\"twitter:label1\" content=\"Est. reading time\" \/>\n\t<meta name=\"twitter:data1\" content=\"2 minutes\" \/>\n<script type=\"application\/ld+json\" class=\"yoast-schema-graph\">{\"@context\":\"https:\/\/schema.org\",\"@graph\":[{\"@type\":\"WebSite\",\"@id\":\"https:\/\/internacional.umh.es\/en\/#website\",\"url\":\"https:\/\/internacional.umh.es\/en\/\",\"name\":\"International Relations and Cooperation\",\"description\":\"Miguel Hernandez University of Elche\",\"potentialAction\":[{\"@type\":\"SearchAction\",\"target\":{\"@type\":\"EntryPoint\",\"urlTemplate\":\"https:\/\/internacional.umh.es\/en\/?s={search_term_string}\"},\"query-input\":\"required name=search_term_string\"}],\"inLanguage\":\"en-US\"},{\"@type\":\"ImageObject\",\"@id\":\"https:\/\/internacional.umh.es\/ca\/cooperacion-y-voluntariado\/alianzas\/#primaryimage\",\"inLanguage\":\"en-US\",\"url\":\"https:\/\/internacional.umh.es\/files\/2020\/10\/LOGOS-15.png\",\"contentUrl\":\"https:\/\/internacional.umh.es\/files\/2020\/10\/LOGOS-15.png\",\"width\":410,\"height\":236,\"caption\":\"Asociaci\\u00f3n DA\\u00f1o CErebral Adquirido Provincia de Alicante logo\"},{\"@type\":\"WebPage\",\"@id\":\"https:\/\/internacional.umh.es\/ca\/cooperacion-y-voluntariado\/alianzas\/#webpage\",\"url\":\"https:\/\/internacional.umh.es\/ca\/cooperacion-y-voluntariado\/alianzas\/\",\"name\":\"Partnerships - International Relations and Cooperation\",\"isPartOf\":{\"@id\":\"https:\/\/internacional.umh.es\/en\/#website\"},\"primaryImageOfPage\":{\"@id\":\"https:\/\/internacional.umh.es\/ca\/cooperacion-y-voluntariado\/alianzas\/#primaryimage\"},\"datePublished\":\"2018-09-05T07:23:32+00:00\",\"dateModified\":\"2024-01-19T12:05:24+00:00\",\"description\":\"La UMH establece v\\u00ednculos y alianzas con entidades como: Cruz Roja, Xarxa Vives, Observatorio CUD, Vicente Ferrer, CRUE, GV, ADACEA, PVCV.\",\"breadcrumb\":{\"@id\":\"https:\/\/internacional.umh.es\/ca\/cooperacion-y-voluntariado\/alianzas\/#breadcrumb\"},\"inLanguage\":\"en-US\",\"potentialAction\":[{\"@type\":\"ReadAction\",\"target\":[\"https:\/\/internacional.umh.es\/ca\/cooperacion-y-voluntariado\/alianzas\/\"]}]},{\"@type\":\"BreadcrumbList\",\"@id\":\"https:\/\/internacional.umh.es\/ca\/cooperacion-y-voluntariado\/alianzas\/#breadcrumb\",\"itemListElement\":[{\"@type\":\"ListItem\",\"position\":1,\"name\":\"Home\",\"item\":\"https:\/\/internacional.umh.es\/en\/\"},{\"@type\":\"ListItem\",\"position\":2,\"name\":\"COOPERACI\\u00d3 I VOLUNTARIAT\",\"item\":\"https:\/\/internacional.umh.es\/ca\/cooperacion-y-voluntariado\/\"},{\"@type\":\"ListItem\",\"position\":3,\"name\":\"Aliances\"}]}]}<\/script>\n<!-- \/ Yoast SEO plugin. -->","yoast_head_json":{"description":"La UMH establece v\u00ednculos y alianzas con entidades como: Cruz Roja, Xarxa Vives, Observatorio CUD, Vicente Ferrer, CRUE, GV, ADACEA, PVCV.","robots":{"index":"index","follow":"follow","max-snippet":"max-snippet:-1","max-image-preview":"max-image-preview:large","max-video-preview":"max-video-preview:-1"},"canonical":"https:\/\/internacional.umh.es\/en\/cooperacion-y-voluntariado\/alianzas\/","og_locale":"en_US","og_type":"article","og_title":"Partnerships - International Relations and Cooperation","og_description":"La UMH establece v\u00ednculos y alianzas con entidades como: Cruz Roja, Xarxa Vives, Observatorio CUD, Vicente Ferrer, CRUE, GV, ADACEA, PVCV.","og_url":"https:\/\/internacional.umh.es\/ca\/cooperacion-y-voluntariado\/alianzas\/","og_site_name":"International Relations and Cooperation","article_modified_time":"2024-01-19T12:05:24+00:00","og_image":[{"url":"https:\/\/internacional.umh.es\/files\/2020\/10\/LOGOS-15-300x173.png"}],"twitter_card":"summary_large_image","twitter_misc":{"Est. reading time":"2 minutes"},"schema":{"@context":"https:\/\/schema.org","@graph":[{"@type":"WebSite","@id":"https:\/\/internacional.umh.es\/en\/#website","url":"https:\/\/internacional.umh.es\/en\/","name":"International Relations and Cooperation","description":"Miguel Hernandez University of Elche","potentialAction":[{"@type":"SearchAction","target":{"@type":"EntryPoint","urlTemplate":"https:\/\/internacional.umh.es\/en\/?s={search_term_string}"},"query-input":"required name=search_term_string"}],"inLanguage":"en-US"},{"@type":"ImageObject","@id":"https:\/\/internacional.umh.es\/ca\/cooperacion-y-voluntariado\/alianzas\/#primaryimage","inLanguage":"en-US","url":"https:\/\/internacional.umh.es\/files\/2020\/10\/LOGOS-15.png","contentUrl":"https:\/\/internacional.umh.es\/files\/2020\/10\/LOGOS-15.png","width":410,"height":236,"caption":"Asociaci\u00f3n DA\u00f1o CErebral Adquirido Provincia de Alicante logo"},{"@type":"WebPage","@id":"https:\/\/internacional.umh.es\/ca\/cooperacion-y-voluntariado\/alianzas\/#webpage","url":"https:\/\/internacional.umh.es\/ca\/cooperacion-y-voluntariado\/alianzas\/","name":"Partnerships - International Relations and Cooperation","isPartOf":{"@id":"https:\/\/internacional.umh.es\/en\/#website"},"primaryImageOfPage":{"@id":"https:\/\/internacional.umh.es\/ca\/cooperacion-y-voluntariado\/alianzas\/#primaryimage"},"datePublished":"2018-09-05T07:23:32+00:00","dateModified":"2024-01-19T12:05:24+00:00","description":"La UMH establece v\u00ednculos y alianzas con entidades como: Cruz Roja, Xarxa Vives, Observatorio CUD, Vicente Ferrer, CRUE, GV, ADACEA, PVCV.","breadcrumb":{"@id":"https:\/\/internacional.umh.es\/ca\/cooperacion-y-voluntariado\/alianzas\/#breadcrumb"},"inLanguage":"en-US","potentialAction":[{"@type":"ReadAction","target":["https:\/\/internacional.umh.es\/ca\/cooperacion-y-voluntariado\/alianzas\/"]}]},{"@type":"BreadcrumbList","@id":"https:\/\/internacional.umh.es\/ca\/cooperacion-y-voluntariado\/alianzas\/#breadcrumb","itemListElement":[{"@type":"ListItem","position":1,"name":"Home","item":"https:\/\/internacional.umh.es\/en\/"},{"@type":"ListItem","position":2,"name":"COOPERACI\u00d3 I VOLUNTARIAT","item":"https:\/\/internacional.umh.es\/ca\/cooperacion-y-voluntariado\/"},{"@type":"ListItem","position":3,"name":"Aliances"}]}]}},"_links":{"self":[{"href":"https:\/\/internacional.umh.es\/en\/wp-json\/wp\/v2\/pages\/7289"}],"collection":[{"href":"https:\/\/internacional.umh.es\/en\/wp-json\/wp\/v2\/pages"}],"about":[{"href":"https:\/\/internacional.umh.es\/en\/wp-json\/wp\/v2\/types\/page"}],"author":[{"embeddable":true,"href":"https:\/\/internacional.umh.es\/en\/wp-json\/wp\/v2\/users\/5216"}],"replies":[{"embeddable":true,"href":"https:\/\/internacional.umh.es\/en\/wp-json\/wp\/v2\/comments?post=7289"}],"version-history":[{"count":0,"href":"https:\/\/internacional.umh.es\/en\/wp-json\/wp\/v2\/pages\/7289\/revisions"}],"up":[{"embeddable":true,"href":"https:\/\/internacional.umh.es\/en\/wp-json\/wp\/v2\/pages\/3982"}],"wp:attachment":[{"href":"https:\/\/internacional.umh.es\/en\/wp-json\/wp\/v2\/media?parent=7289"}],"curies":[{"name":"wp","href":"https:\/\/api.w.org\/{rel}","templated":true}]}}