{"id":7292,"date":"2018-09-05T09:24:11","date_gmt":"2018-09-05T07:24:11","guid":{"rendered":"https:\/\/internacional.umh.es\/?page_id=7292"},"modified":"2024-02-05T12:27:12","modified_gmt":"2024-02-05T11:27:12","slug":"compromiso-ods","status":"publish","type":"page","link":"https:\/\/internacional.umh.es\/en\/cooperacion-y-voluntariado\/compromiso-ods\/","title":{"rendered":"Sustainable Development Goals (SDGs)"},"content":{"rendered":"<p><\/p>\n<h3>The Sustainable Development Goals at the UMH<\/h3>\n<p><a href=\"https:\/\/view.genial.ly\/5f5b68af3c6c490cee9472da\/interactive-content-la-umh-y-los-ods\" target=\"_blank\" rel=\"noopener noreferrer\"><img loading=\"lazy\" class=\"aligncenter wp-image-16853 size-large\" title=\"You'll see it in a new window\" src=\"https:\/\/internacional.umh.es\/files\/2020\/09\/Genially-ODS-1024x571.png\" alt=\"Infograf\u00eda los ODS y la UMH\" width=\"1024\" height=\"571\" srcset=\"https:\/\/internacional.umh.es\/files\/2020\/09\/Genially-ODS-1024x571.png 1024w, https:\/\/internacional.umh.es\/files\/2020\/09\/Genially-ODS-300x167.png 300w, https:\/\/internacional.umh.es\/files\/2020\/09\/Genially-ODS-768x428.png 768w, https:\/\/internacional.umh.es\/files\/2020\/09\/Genially-ODS.png 1591w\" sizes=\"(max-width: 1024px) 100vw, 1024px\" \/><\/a><\/p>\n<p>For expanded information, you may consult the following <strong>summary sheets on the SDGs at the UMH below:<\/strong><\/p>\n<ul>\n<li><a href=\"https:\/\/internacional.umh.es\/files\/2022\/05\/ODS-en-la-UMH-resumen.pdf\" target=\"_blank\" title=\"You'll see it in a new window\" rel=\"noopener\">Summary on the SDGs at the UMH (in Spanish) (752Kb .pdf)<\/a><\/li>\n<li><a title=\"You'll see it in a new window\" href=\"https:\/\/internacional.umh.es\/files\/2018\/11\/resolucion-NU-ODS.pdf\" target=\"_blank\" rel=\"noopener noreferrer\">Resolution adopted by the General Assembly of the United Nations on 25 September 2015 (419Kb .pdf)<\/a><\/li>\n<\/ul>\n<hr>\n<h4><strong>PUBLICATIONS<\/strong><\/h4>\n<p><strong>2021<\/strong><\/p>\n<ul>\n<li><a href=\"https:\/\/internacional.umh.es\/en\/2021\/02\/17\/cerca-de-50-personas-participan-en-el-curso-online-estrategias-activas-para-la-educacion-en-ods-gamificacion-y-escape-rooms\/\" title=\"You'll see it in a new window\"><strong>Close to 50 Participants in the \u2018Active Strategies for Education on the SDGs: Gamification and Escape Rooms\u2019 Online Course<\/strong><\/a><\/li>\n<li><a href=\"https:\/\/internacional.umh.es\/en\/2021\/02\/03\/20-personas-participan-en-el-curso-de-sostenibilidad-ambiental-desde-la-vision-de-los-ods\/\" title=\"You'll see it in a new window\"><strong>Twenty Participants in the Course on Environmental Sustainability from the SDG Point of View<\/a><\/strong><\/li>\n<\/ul>\n<hr>\n<p><strong>2020<\/strong><\/p>\n<ul>\n<li><a href=\"https:\/\/internacional.umh.es\/en\/2020\/07\/17\/la-comision-ods-de-la-umh-se-reune-para-analizar-un-informe-diagnostico-y-avanzar-en-la-elaboracion-del-plan-umh-2030\/\" title=\"You'll see it in a new window\"><strong>SDG Commission of the UMH meets to analyze a diagnostic report and to advance preparations for 2030 UMH Plan<\/strong><\/a><\/li>\n<li><a href=\"https:\/\/internacional.umh.es\/2020\/01\/15\/primera-reunion-constitutiva-de-la-comision-de-seguimiento-de-los-ods-de-la-agenda-2030-de-las-naciones-unidas\/\" title=\"You'll see it in a new window\"><strong>Primera reuni\u00f3n constitutiva de la Comisi\u00f3n de Seguimiento de los ODS de la Agenda 2030 de las Naciones Unidas<\/strong><\/a><\/li>\n<li><a href=\"https:\/\/internacional.umh.es\/en\/2020\/04\/28\/la-umh-entre-las-10-universidades-espanolas-con-mejor-impacto-en-relacion-a-los-objetivos-de-desarrollo-sostenible-ods\/\" title=\"You'll see it in a new window\"><strong>UMH among the top 10 Spanish universities for greatest impact on the Sustainable Development Goals<\/strong><\/a><\/li>\n<li><a href=\"https:\/\/internacional.umh.es\/2020\/07\/24\/un-proyecto-de-cooperacion-de-la-umh-realiza-una-cartografia-de-los-ods-desde-el-empoderamiento-comunitario-en-guatemala\/\" title=\"You'll see it in a new window\"><strong>Un proyecto de cooperaci\u00f3n de la UMH realiza una cartograf\u00eda de los ODS desde el empoderamiento comunitario en Guatemala<\/strong><\/a><\/li>\n<li><a href=\"https:\/\/internacional.umh.es\/2020\/06\/12\/15386\/\" title=\"You'll see it in a new window\"><strong>Taller Plan de Acci\u00f3n de Objetivos de Desarrollo Sostenible en la UMH<\/strong><\/a><\/li>\n<\/ul>\n<hr>\n<p><strong>2019<\/strong><\/p>\n<ul>\n<li><a href=\"https:\/\/internacional.umh.es\/2019\/04\/02\/taller-monta-tus-objetivos-en-xv-jornadas-de-promocion-de-voluntariado\/\" title=\"You'll see it in a new window\"><strong>La UMH realiza el taller \u00abMonta tus objetivos\u00bb en XV Jornadas de promoci\u00f3n de voluntariado en la UMH<\/strong><\/a><\/li>\n<li><a href=\"https:\/\/internacional.umh.es\/2019\/05\/23\/publicacion-del-libro-necesidad-de-la-igualdad-de-genero-para-transformar-nuestro-mundo\/\" title=\"You'll see it in a new window\"><strong>La Unidad de Igualdad y el \u00c1rea de Cooperaci\u00f3n al Desarrollo y Voluntariado del Vicerrectorado de Relaciones Internacionales de la Universidad Miguel Hern\u00e1ndez (UMH) de Elche han publicado el libro \u201cNecesidad de la igualdad de g\u00e9nero para transformar nuestro mundo\u201d<\/strong><\/a><\/li>\n<li><a href=\"https:\/\/internacional.umh.es\/2019\/03\/05\/ii-edicion-del-curso-ods-necesidad-de-la-igualdad-de-genero-para-transformar-nuestro-mundo\/\" title=\"You'll see it in a new window\"><strong>II Edici\u00f3n del Curso ODS: \u00abNecesidad de la igualdad de g\u00e9nero para transformar nuestro mundo\u00bb<\/strong><\/a><\/li>\n<li><a href=\"https:\/\/internacional.umh.es\/2018\/06\/05\/las-universidades-publicas-valencianas-presentan-el-i-concurso-campana-de-comunicacion-sobre-los-ods\/\" title=\"You'll see it in a new window\"><strong>Las cinco universidades p\u00fablicas valencianas, entre las que se encuentran la Universidad Miguel Hern\u00e1ndez, han organizado el I concurso \u00abCampa\u00f1a de Comunicaci\u00f3n sobre los ODS\u00bb<\/strong><\/a><\/li>\n<li><a href=\"https:\/\/internacional.umh.es\/2018\/03\/27\/curso-el-consumo-responsable-y-su-papel-en-los-ods\/\" title=\"You'll see it in a new window\"><strong>Curso el consumo responsable y su papel en los objetivos de desarrollo sostenible (ODS)<\/strong><\/a><\/li>\n<\/ul>\n<hr>\n<p><strong>2018<\/strong><\/p>\n<ul>\n<li><a href=\"https:\/\/internacional.umh.es\/2018\/09\/24\/una-apuesta-local-y-nacional-por-la-consecucion-de-los-objetivos-de-desarrollo-sostenible\/\" title=\"You'll see it in a new window\"><strong>La UMH, una apuesta local y nacional por la consecuci\u00f3n de los ODS<\/strong><\/a><\/li>\n<li><a href=\"https:\/\/internacional.umh.es\/2018\/09\/05\/cursoods\/\" title=\"You'll see it in a new window\"><strong>El Vicerrectorado de Relaciones Internacionales de la Universidad Miguel Hern\u00e1ndez (UMH) de Elche celebra este jueves 13 de septiembre la tercera jornada del curso \u201cLos Objetivos de Desarrollo Sostenible (ODS) en los municipios valencianos<\/strong><\/a><\/li>\n<li><a href=\"https:\/\/internacional.umh.es\/2018\/06\/14\/curso-formativo-los-ods-en-los-municipios-valencianos\/\" title=\"You'll see it in a new window\"><strong>Curso formativo: \u201cLos ODS en los municipios valencianos\u201d<\/strong><\/a><\/li>\n<li><a href=\"https:\/\/internacional.umh.es\/2018\/10\/15\/la-fundacion-vicente-ferrer-presenta-en-la-umh-su-labor-social-a-traves-de-los-objetivos-de-desarrollo-sostenible\/\" title=\"You'll see it in a new window\"><strong>La Fundaci\u00f3n Vicente Ferrer publica el informe sobre el proyecto &#8220;Un mundo, 17 retos&#8221; que la ONG present\u00f3 en la Universidad Miguel Hern\u00e1ndez. Dicho proyecto ayud\u00f3 a acercar los Objetivos de Desarrollo Sostenible (ODS) a la comunidad universitaria<\/strong><\/a><\/li>\n<li><a href=\"https:\/\/www.segib.org\/agenda\/conferencia-iberoamericana-sobre-los-objetivos-de-desarrollo-sostenible\/\" title=\"You'll see it in a new window\"><strong>El \u00c1rea de Cooperaci\u00f3n al Desarrollo y Voluntariado de la UMH ha participando en la Conferencia Iberoamericana sobre Objetivos de Desarrollo Sostenible (ODS) celebrada en la Universidad de Salamanca del 27 al 29 de junio de 2018<\/strong><\/a><\/li>\n<li><a href=\"https:\/\/www.crue.org\/2018\/05\/las-universidades-acuerdan-su-contribucion-al-plan-de-accion-de-la-agenda-2030\/\" title=\"You'll see it in a new window\"><strong>La UMH participa en el acuerdo de Crue Universidades Espa\u00f1olas para la contribuci\u00f3n al Plan de Acci\u00f3n para la Agenda 2030 de la ONU<\/strong><\/a><\/li>\n<\/ul>\n<p><\/p>","protected":false},"excerpt":{"rendered":"<p>The Sustainable Development Goals at the UMH<\/p>\n<p>For expanded information, you may consult the following summary sheets on the SDGs at the UMH below:<\/p>\n<p>Summary on the SDGs at the UMH (in Spanish) (752Kb .pdf)<br \/>\nResolution adopted by the General Assembly of the United Nations on 25 September 2015 (419Kb .pdf)<\/p>\n<p>PUBLICATIONS<br \/>\n2021<\/p>\n<p>Close to 50 Participants in the \u2018Active Strategies [&#8230;]<\/p>\n","protected":false},"author":4274,"featured_media":0,"parent":3982,"menu_order":5,"comment_status":"closed","ping_status":"closed","template":"","meta":{"ngg_post_thumbnail":0,"_links_to":"","_links_to_target":""},"yoast_head":"<!-- This site is optimized with the Yoast SEO plugin v17.5 - https:\/\/yoast.com\/wordpress\/plugins\/seo\/ -->\n<meta name=\"description\" content=\"En 2015 la ONU aprob\u00f3 la Agenda 2030 Desarrollo Sostenible. Cuenta con 17 Objetivos de Desarrollo Sostenible (ODS) donde participa la UMH\" \/>\n<meta name=\"robots\" content=\"index, follow, max-snippet:-1, max-image-preview:large, max-video-preview:-1\" \/>\n<link rel=\"canonical\" href=\"https:\/\/internacional.umh.es\/en\/cooperacion-y-voluntariado\/compromiso-ods\/\" \/>\n<meta property=\"og:locale\" content=\"en_US\" \/>\n<meta property=\"og:type\" content=\"article\" \/>\n<meta property=\"og:title\" content=\"Sustainable Development Goals (SDGs) - International Relations and Cooperation\" \/>\n<meta property=\"og:description\" content=\"En 2015 la ONU aprob\u00f3 la Agenda 2030 Desarrollo Sostenible. Cuenta con 17 Objetivos de Desarrollo Sostenible (ODS) donde participa la UMH\" \/>\n<meta property=\"og:url\" content=\"https:\/\/internacional.umh.es\/ca\/cooperacion-y-voluntariado\/compromiso-ods\/\" \/>\n<meta property=\"og:site_name\" content=\"International Relations and Cooperation\" \/>\n<meta property=\"article:modified_time\" content=\"2024-02-05T11:27:12+00:00\" \/>\n<meta property=\"og:image\" content=\"https:\/\/internacional.umh.es\/files\/2020\/09\/Genially-ODS-1024x571.png\" \/>\n<meta name=\"twitter:card\" content=\"summary_large_image\" \/>\n<meta name=\"twitter:label1\" content=\"Est. reading time\" \/>\n\t<meta name=\"twitter:data1\" content=\"3 minutes\" \/>\n<script type=\"application\/ld+json\" class=\"yoast-schema-graph\">{\"@context\":\"https:\/\/schema.org\",\"@graph\":[{\"@type\":\"WebSite\",\"@id\":\"https:\/\/internacional.umh.es\/en\/#website\",\"url\":\"https:\/\/internacional.umh.es\/en\/\",\"name\":\"International Relations and Cooperation\",\"description\":\"Miguel Hernandez University of Elche\",\"potentialAction\":[{\"@type\":\"SearchAction\",\"target\":{\"@type\":\"EntryPoint\",\"urlTemplate\":\"https:\/\/internacional.umh.es\/en\/?s={search_term_string}\"},\"query-input\":\"required name=search_term_string\"}],\"inLanguage\":\"en-US\"},{\"@type\":\"ImageObject\",\"@id\":\"https:\/\/internacional.umh.es\/ca\/cooperacion-y-voluntariado\/compromiso-ods\/#primaryimage\",\"inLanguage\":\"en-US\",\"url\":\"https:\/\/internacional.umh.es\/files\/2020\/09\/Genially-ODS.png\",\"contentUrl\":\"https:\/\/internacional.umh.es\/files\/2020\/09\/Genially-ODS.png\",\"width\":1591,\"height\":887,\"caption\":\"Genially ODS dise\\u00f1o\"},{\"@type\":\"WebPage\",\"@id\":\"https:\/\/internacional.umh.es\/ca\/cooperacion-y-voluntariado\/compromiso-ods\/#webpage\",\"url\":\"https:\/\/internacional.umh.es\/ca\/cooperacion-y-voluntariado\/compromiso-ods\/\",\"name\":\"Sustainable Development Goals (SDGs) - International Relations and Cooperation\",\"isPartOf\":{\"@id\":\"https:\/\/internacional.umh.es\/en\/#website\"},\"primaryImageOfPage\":{\"@id\":\"https:\/\/internacional.umh.es\/ca\/cooperacion-y-voluntariado\/compromiso-ods\/#primaryimage\"},\"datePublished\":\"2018-09-05T07:24:11+00:00\",\"dateModified\":\"2024-02-05T11:27:12+00:00\",\"description\":\"En 2015 la ONU aprob\\u00f3 la Agenda 2030 Desarrollo Sostenible. Cuenta con 17 Objetivos de Desarrollo Sostenible (ODS) donde participa la UMH\",\"breadcrumb\":{\"@id\":\"https:\/\/internacional.umh.es\/ca\/cooperacion-y-voluntariado\/compromiso-ods\/#breadcrumb\"},\"inLanguage\":\"en-US\",\"potentialAction\":[{\"@type\":\"ReadAction\",\"target\":[\"https:\/\/internacional.umh.es\/ca\/cooperacion-y-voluntariado\/compromiso-ods\/\"]}]},{\"@type\":\"BreadcrumbList\",\"@id\":\"https:\/\/internacional.umh.es\/ca\/cooperacion-y-voluntariado\/compromiso-ods\/#breadcrumb\",\"itemListElement\":[{\"@type\":\"ListItem\",\"position\":1,\"name\":\"Home\",\"item\":\"https:\/\/internacional.umh.es\/en\/\"},{\"@type\":\"ListItem\",\"position\":2,\"name\":\"COOPERACI\\u00d3 I VOLUNTARIAT\",\"item\":\"https:\/\/internacional.umh.es\/ca\/cooperacion-y-voluntariado\/\"},{\"@type\":\"ListItem\",\"position\":3,\"name\":\"Objectius de Desenvolupament Sostenible (ODS)\"}]}]}<\/script>\n<!-- \/ Yoast SEO plugin. -->","yoast_head_json":{"description":"En 2015 la ONU aprob\u00f3 la Agenda 2030 Desarrollo Sostenible. Cuenta con 17 Objetivos de Desarrollo Sostenible (ODS) donde participa la UMH","robots":{"index":"index","follow":"follow","max-snippet":"max-snippet:-1","max-image-preview":"max-image-preview:large","max-video-preview":"max-video-preview:-1"},"canonical":"https:\/\/internacional.umh.es\/en\/cooperacion-y-voluntariado\/compromiso-ods\/","og_locale":"en_US","og_type":"article","og_title":"Sustainable Development Goals (SDGs) - International Relations and Cooperation","og_description":"En 2015 la ONU aprob\u00f3 la Agenda 2030 Desarrollo Sostenible. Cuenta con 17 Objetivos de Desarrollo Sostenible (ODS) donde participa la UMH","og_url":"https:\/\/internacional.umh.es\/ca\/cooperacion-y-voluntariado\/compromiso-ods\/","og_site_name":"International Relations and Cooperation","article_modified_time":"2024-02-05T11:27:12+00:00","og_image":[{"url":"https:\/\/internacional.umh.es\/files\/2020\/09\/Genially-ODS-1024x571.png"}],"twitter_card":"summary_large_image","twitter_misc":{"Est. reading time":"3 minutes"},"schema":{"@context":"https:\/\/schema.org","@graph":[{"@type":"WebSite","@id":"https:\/\/internacional.umh.es\/en\/#website","url":"https:\/\/internacional.umh.es\/en\/","name":"International Relations and Cooperation","description":"Miguel Hernandez University of Elche","potentialAction":[{"@type":"SearchAction","target":{"@type":"EntryPoint","urlTemplate":"https:\/\/internacional.umh.es\/en\/?s={search_term_string}"},"query-input":"required name=search_term_string"}],"inLanguage":"en-US"},{"@type":"ImageObject","@id":"https:\/\/internacional.umh.es\/ca\/cooperacion-y-voluntariado\/compromiso-ods\/#primaryimage","inLanguage":"en-US","url":"https:\/\/internacional.umh.es\/files\/2020\/09\/Genially-ODS.png","contentUrl":"https:\/\/internacional.umh.es\/files\/2020\/09\/Genially-ODS.png","width":1591,"height":887,"caption":"Genially ODS dise\u00f1o"},{"@type":"WebPage","@id":"https:\/\/internacional.umh.es\/ca\/cooperacion-y-voluntariado\/compromiso-ods\/#webpage","url":"https:\/\/internacional.umh.es\/ca\/cooperacion-y-voluntariado\/compromiso-ods\/","name":"Sustainable Development Goals (SDGs) - International Relations and Cooperation","isPartOf":{"@id":"https:\/\/internacional.umh.es\/en\/#website"},"primaryImageOfPage":{"@id":"https:\/\/internacional.umh.es\/ca\/cooperacion-y-voluntariado\/compromiso-ods\/#primaryimage"},"datePublished":"2018-09-05T07:24:11+00:00","dateModified":"2024-02-05T11:27:12+00:00","description":"En 2015 la ONU aprob\u00f3 la Agenda 2030 Desarrollo Sostenible. Cuenta con 17 Objetivos de Desarrollo Sostenible (ODS) donde participa la UMH","breadcrumb":{"@id":"https:\/\/internacional.umh.es\/ca\/cooperacion-y-voluntariado\/compromiso-ods\/#breadcrumb"},"inLanguage":"en-US","potentialAction":[{"@type":"ReadAction","target":["https:\/\/internacional.umh.es\/ca\/cooperacion-y-voluntariado\/compromiso-ods\/"]}]},{"@type":"BreadcrumbList","@id":"https:\/\/internacional.umh.es\/ca\/cooperacion-y-voluntariado\/compromiso-ods\/#breadcrumb","itemListElement":[{"@type":"ListItem","position":1,"name":"Home","item":"https:\/\/internacional.umh.es\/en\/"},{"@type":"ListItem","position":2,"name":"COOPERACI\u00d3 I VOLUNTARIAT","item":"https:\/\/internacional.umh.es\/ca\/cooperacion-y-voluntariado\/"},{"@type":"ListItem","position":3,"name":"Objectius de Desenvolupament Sostenible (ODS)"}]}]}},"_links":{"self":[{"href":"https:\/\/internacional.umh.es\/en\/wp-json\/wp\/v2\/pages\/7292"}],"collection":[{"href":"https:\/\/internacional.umh.es\/en\/wp-json\/wp\/v2\/pages"}],"about":[{"href":"https:\/\/internacional.umh.es\/en\/wp-json\/wp\/v2\/types\/page"}],"author":[{"embeddable":true,"href":"https:\/\/internacional.umh.es\/en\/wp-json\/wp\/v2\/users\/4274"}],"replies":[{"embeddable":true,"href":"https:\/\/internacional.umh.es\/en\/wp-json\/wp\/v2\/comments?post=7292"}],"version-history":[{"count":0,"href":"https:\/\/internacional.umh.es\/en\/wp-json\/wp\/v2\/pages\/7292\/revisions"}],"up":[{"embeddable":true,"href":"https:\/\/internacional.umh.es\/en\/wp-json\/wp\/v2\/pages\/3982"}],"wp:attachment":[{"href":"https:\/\/internacional.umh.es\/en\/wp-json\/wp\/v2\/media?parent=7292"}],"curies":[{"name":"wp","href":"https:\/\/api.w.org\/{rel}","templated":true}]}}