{"id":78,"date":"2020-08-12T12:21:09","date_gmt":"2020-08-12T10:21:09","guid":{"rendered":"http:\/\/internacional.umh.es\/convenios\/"},"modified":"2024-01-22T11:29:58","modified_gmt":"2024-01-22T10:29:58","slug":"convenios","status":"publish","type":"page","link":"https:\/\/internacional.umh.es\/en\/internacionalizacion\/convenios\/","title":{"rendered":"Agreements"},"content":{"rendered":"<p><\/p>\n<p style=\"text-align: justify\">To facilitate UMH internationalization and collaboration with other Spanish and foreign universities, various agreement models have been established that serve as working drafts upon which any modifications that are deemed necessary may be made.<\/p>\n<p>Different models exist, and these depend upon the purpose of the action to be carried out:<\/p>\n<ul>\n<li><a href=\"https:\/\/internacional.umh.es\/files\/2020\/02\/Memorandum_of_understanding.docx\" title=\"you'll see it in a new window\" target=\"_blank\" rel=\"noopener\"><strong>Memorandum of Understanding (234kb .docx)<\/strong><\/a><\/li>\n<li><strong><a href=\"https:\/\/internacional.umh.es\/files\/2020\/02\/Framework-agreement-2020.docx\" title=\"you'll see it in a new window\" target=\"_blank\" rel=\"noopener\">Framework agreement for collaboration with universities (244Kb .docx)<\/a><\/strong><\/li>\n<\/ul>\n<p>&nbsp;<br \/>\n<strong>Specific collaboration agreements with universities: <\/strong><\/p>\n<ul>\n<li><a href=\"https:\/\/internacional.umh.es\/files\/2021\/07\/Modelo-normalizado-convenio-intercambio-estudiantes.docxc\" title=\"you'll see it in a new window\" target=\"_blank\" rel=\"noopener\"><strong>Specific student exchange agreement (a framework agreement must be established first) (91,2Kb Spanish .doc)<\/strong><\/a><\/li>\n<li><a href=\"https:\/\/internacional.umh.es\/files\/2021\/07\/Modelo-normalizado-convenio-intercambio-profesores-V3.0.docx\" title=\"you'll see it in a new window\" target=\"_blank\" rel=\"noopener\"><strong>Specific faculty exchange agreement (a framework agreement must be established first) (92,4Kb Spanish-English .docx)<\/strong><\/a><\/li>\n<\/ul>\n<p>&nbsp;<br \/>\n<strong>Specific exchange program agreements:<\/strong><\/p>\n<ul>\n<li><a href=\"https:\/\/internacional.umh.es\/files\/2015\/12\/ERASMUS-PLUS-Agreement-template.docx\" title=\"you'll see it in a new window\" target=\"_blank\" rel=\"noopener\">Bilateral agreement for the ERASMUS PLUS Program (international mobility within the EU) (63,2Kb .docx)<\/a><\/li>\n<\/ul>\n<p>&nbsp;<br \/>\n<a href=\"https:\/\/www.google.com\/maps\/d\/embed?mid=1bhnsIGCjltMw_5ueeuJtzCO_t1U4zXVW\" target=\"_blank\" title=\"You'll see it in a new window\" rel=\"noopener\">Click on the balloon symbols in the map below<\/a> for further information about <strong>existing agreements<\/strong> (does not include <a href=\"https:\/\/internacional.umh.es\/en\/movilidad\/estudiantes\/erasmus\/\">Erasmus agreements<\/a>):<br \/>\n\n<!-- iframe plugin v.4.5 wordpress.org\/plugins\/iframe\/ -->\n<iframe src=\"https:\/\/www.google.com\/maps\/d\/embed?mid=1oAmC3BKTvsFsjVYNGpqZ0SyhRyU&#038;ehbc=2E312F\" width=\"100%\" height=\"480\" scrolling=\"yes\" class=\"iframe-class\" frameborder=\"0\"><\/iframe>\n<br \/>\n&nbsp;<\/p>","protected":false},"excerpt":{"rendered":"<p>To facilitate UMH internationalization and collaboration with other Spanish and foreign universities, various agreement models have been established that serve as working drafts upon which any modifications that are deemed necessary may be made.<br \/>\nDifferent models exist, and these depend upon the purpose of the action to be carried out:<\/p>\n<p>Memorandum of Understanding (234kb .docx)<br \/>\nFramework agreement for [&#8230;]<\/p>\n","protected":false},"author":30,"featured_media":0,"parent":2740,"menu_order":3,"comment_status":"closed","ping_status":"closed","template":"","meta":{"ngg_post_thumbnail":0,"_links_to":"","_links_to_target":""},"yoast_head":"<!-- This site is optimized with the Yoast SEO plugin v17.5 - https:\/\/yoast.com\/wordpress\/plugins\/seo\/ -->\n<meta name=\"description\" content=\"Para fomentar la internacionalizaci\u00f3n de la UMH con otras universidades espa\u00f1olas y extranjeras se establecen convenios de colaboraci\u00f3n.\" \/>\n<meta name=\"robots\" content=\"index, follow, max-snippet:-1, max-image-preview:large, max-video-preview:-1\" \/>\n<link rel=\"canonical\" href=\"https:\/\/internacional.umh.es\/en\/internacionalizacion\/convenios\/\" \/>\n<meta property=\"og:locale\" content=\"en_US\" \/>\n<meta property=\"og:type\" content=\"article\" \/>\n<meta property=\"og:title\" content=\"Agreements - International Relations and Cooperation\" \/>\n<meta property=\"og:description\" content=\"Para fomentar la internacionalizaci\u00f3n de la UMH con otras universidades espa\u00f1olas y extranjeras se establecen convenios de colaboraci\u00f3n.\" \/>\n<meta property=\"og:url\" content=\"https:\/\/internacional.umh.es\/en\/internacionalizacion\/convenios\/\" \/>\n<meta property=\"og:site_name\" content=\"International Relations and Cooperation\" \/>\n<meta property=\"article:modified_time\" content=\"2024-01-22T10:29:58+00:00\" \/>\n<meta name=\"twitter:card\" content=\"summary_large_image\" \/>\n<meta name=\"twitter:label1\" content=\"Est. reading time\" \/>\n\t<meta name=\"twitter:data1\" content=\"2 minutes\" \/>\n<script type=\"application\/ld+json\" class=\"yoast-schema-graph\">{\"@context\":\"https:\/\/schema.org\",\"@graph\":[{\"@type\":\"WebSite\",\"@id\":\"https:\/\/internacional.umh.es\/en\/#website\",\"url\":\"https:\/\/internacional.umh.es\/en\/\",\"name\":\"International Relations and Cooperation\",\"description\":\"Miguel Hernandez University of Elche\",\"potentialAction\":[{\"@type\":\"SearchAction\",\"target\":{\"@type\":\"EntryPoint\",\"urlTemplate\":\"https:\/\/internacional.umh.es\/en\/?s={search_term_string}\"},\"query-input\":\"required name=search_term_string\"}],\"inLanguage\":\"en-US\"},{\"@type\":\"WebPage\",\"@id\":\"https:\/\/internacional.umh.es\/en\/internacionalizacion\/convenios\/#webpage\",\"url\":\"https:\/\/internacional.umh.es\/en\/internacionalizacion\/convenios\/\",\"name\":\"Agreements - International Relations and Cooperation\",\"isPartOf\":{\"@id\":\"https:\/\/internacional.umh.es\/en\/#website\"},\"datePublished\":\"2020-08-12T10:21:09+00:00\",\"dateModified\":\"2024-01-22T10:29:58+00:00\",\"description\":\"Para fomentar la internacionalizaci\\u00f3n de la UMH con otras universidades espa\\u00f1olas y extranjeras se establecen convenios de colaboraci\\u00f3n.\",\"breadcrumb\":{\"@id\":\"https:\/\/internacional.umh.es\/en\/internacionalizacion\/convenios\/#breadcrumb\"},\"inLanguage\":\"en-US\",\"potentialAction\":[{\"@type\":\"ReadAction\",\"target\":[\"https:\/\/internacional.umh.es\/en\/internacionalizacion\/convenios\/\"]}]},{\"@type\":\"BreadcrumbList\",\"@id\":\"https:\/\/internacional.umh.es\/en\/internacionalizacion\/convenios\/#breadcrumb\",\"itemListElement\":[{\"@type\":\"ListItem\",\"position\":1,\"name\":\"Home\",\"item\":\"https:\/\/internacional.umh.es\/en\/\"},{\"@type\":\"ListItem\",\"position\":2,\"name\":\"INTERNATIONALIZATION\",\"item\":\"https:\/\/internacional.umh.es\/en\/internacionalizacion\/\"},{\"@type\":\"ListItem\",\"position\":3,\"name\":\"Agreements\"}]}]}<\/script>\n<!-- \/ Yoast SEO plugin. -->","yoast_head_json":{"description":"Para fomentar la internacionalizaci\u00f3n de la UMH con otras universidades espa\u00f1olas y extranjeras se establecen convenios de colaboraci\u00f3n.","robots":{"index":"index","follow":"follow","max-snippet":"max-snippet:-1","max-image-preview":"max-image-preview:large","max-video-preview":"max-video-preview:-1"},"canonical":"https:\/\/internacional.umh.es\/en\/internacionalizacion\/convenios\/","og_locale":"en_US","og_type":"article","og_title":"Agreements - International Relations and Cooperation","og_description":"Para fomentar la internacionalizaci\u00f3n de la UMH con otras universidades espa\u00f1olas y extranjeras se establecen convenios de colaboraci\u00f3n.","og_url":"https:\/\/internacional.umh.es\/en\/internacionalizacion\/convenios\/","og_site_name":"International Relations and Cooperation","article_modified_time":"2024-01-22T10:29:58+00:00","twitter_card":"summary_large_image","twitter_misc":{"Est. reading time":"2 minutes"},"schema":{"@context":"https:\/\/schema.org","@graph":[{"@type":"WebSite","@id":"https:\/\/internacional.umh.es\/en\/#website","url":"https:\/\/internacional.umh.es\/en\/","name":"International Relations and Cooperation","description":"Miguel Hernandez University of Elche","potentialAction":[{"@type":"SearchAction","target":{"@type":"EntryPoint","urlTemplate":"https:\/\/internacional.umh.es\/en\/?s={search_term_string}"},"query-input":"required name=search_term_string"}],"inLanguage":"en-US"},{"@type":"WebPage","@id":"https:\/\/internacional.umh.es\/en\/internacionalizacion\/convenios\/#webpage","url":"https:\/\/internacional.umh.es\/en\/internacionalizacion\/convenios\/","name":"Agreements - International Relations and Cooperation","isPartOf":{"@id":"https:\/\/internacional.umh.es\/en\/#website"},"datePublished":"2020-08-12T10:21:09+00:00","dateModified":"2024-01-22T10:29:58+00:00","description":"Para fomentar la internacionalizaci\u00f3n de la UMH con otras universidades espa\u00f1olas y extranjeras se establecen convenios de colaboraci\u00f3n.","breadcrumb":{"@id":"https:\/\/internacional.umh.es\/en\/internacionalizacion\/convenios\/#breadcrumb"},"inLanguage":"en-US","potentialAction":[{"@type":"ReadAction","target":["https:\/\/internacional.umh.es\/en\/internacionalizacion\/convenios\/"]}]},{"@type":"BreadcrumbList","@id":"https:\/\/internacional.umh.es\/en\/internacionalizacion\/convenios\/#breadcrumb","itemListElement":[{"@type":"ListItem","position":1,"name":"Home","item":"https:\/\/internacional.umh.es\/en\/"},{"@type":"ListItem","position":2,"name":"INTERNATIONALIZATION","item":"https:\/\/internacional.umh.es\/en\/internacionalizacion\/"},{"@type":"ListItem","position":3,"name":"Agreements"}]}]}},"_links":{"self":[{"href":"https:\/\/internacional.umh.es\/en\/wp-json\/wp\/v2\/pages\/78"}],"collection":[{"href":"https:\/\/internacional.umh.es\/en\/wp-json\/wp\/v2\/pages"}],"about":[{"href":"https:\/\/internacional.umh.es\/en\/wp-json\/wp\/v2\/types\/page"}],"author":[{"embeddable":true,"href":"https:\/\/internacional.umh.es\/en\/wp-json\/wp\/v2\/users\/30"}],"replies":[{"embeddable":true,"href":"https:\/\/internacional.umh.es\/en\/wp-json\/wp\/v2\/comments?post=78"}],"version-history":[{"count":0,"href":"https:\/\/internacional.umh.es\/en\/wp-json\/wp\/v2\/pages\/78\/revisions"}],"up":[{"embeddable":true,"href":"https:\/\/internacional.umh.es\/en\/wp-json\/wp\/v2\/pages\/2740"}],"wp:attachment":[{"href":"https:\/\/internacional.umh.es\/en\/wp-json\/wp\/v2\/media?parent=78"}],"curies":[{"name":"wp","href":"https:\/\/api.w.org\/{rel}","templated":true}]}}