{"id":8048,"date":"2018-10-25T14:55:10","date_gmt":"2018-10-25T12:55:10","guid":{"rendered":"https:\/\/internacional.umh.es\/?page_id=8048"},"modified":"2025-05-23T09:46:16","modified_gmt":"2025-05-23T07:46:16","slug":"convocatorias","status":"publish","type":"page","link":"https:\/\/internacional.umh.es\/en\/cooperacion-y-voluntariado\/convocatorias\/","title":{"rendered":"Calls"},"content":{"rendered":"<p><\/p>\n<p style=\"text-align: justify\"><strong>The Miguel Hern\u00e1ndez University of Elche<\/strong>, in conjunction with the <a href=\"https:\/\/inclusio.gva.es\/es\/web\/cooperacion\" rel=\"noopener\" target=\"_blank\" title=\"You'll see it in a new window\">Directorate General of Cooperation and Solidarity<\/a> of the <strong>Generalitat Valenciana<\/strong>, as part of its policy to contribute to enhancing development of the most underprivileged, assumes the commitment to align itself with national and global strategies in development cooperation policies and programs. To accomplish this, the UMH takes <strong>the UN 2030 Agenda<\/strong> as reference.<\/p>\n<p>By virtue of this commitment, the Vice Rectorate for International Relations has announced the following calls (names are in Spanish like the text from the calls):<\/p>\n<ul>\n<li><strong><a href=\"https:\/\/internacional.umh.es\/cooperacion-y-voluntariado\/en\/becas-umh\/master-cooperacion-al-desarrollo\/\" title=\"Clic for further information\">Ayudas para realizar en el extranjero las pr\u00e1cticas externas del &#8220;M\u00e1ster lnteruniversitario en Cooperaci\u00f3n al Desarrollo &#8211; Especialidad en Salud en pa\u00edses desarrollo&#8221;<\/a><\/strong><\/li>\n<li><a href=\"https:\/\/internacional.umh.es\/cooperacion-y-voluntariado\/en\/becas-umh\/proyectos-de-investigacion-sobre-ods-2019-2020-convocatoria-finalizada\/\" title=\"Clic for further information\"><strong>Ayudas<\/strong> <strong>UMH para financiar proyectos de investigaci\u00f3n de car\u00e1cter internacional para la consecuci\u00f3n de los Objetivos de Desarrollo Sostenible de la agenda 2030 de las Naciones Unidas, en el marco de los proyectos de investigaci\u00f3n de la UMH.<\/strong><\/a><\/li>\n<li><strong><a href=\"https:\/\/internacional.umh.es\/cooperacion-y-voluntariado\/en\/becas-umh\/13821-2\/\" title=\"Clic for further information\">Ayudas UMH para impulsar Trabajos Fin de Grado, Trabajos Fin de M\u00e1ster y pr\u00e1cticas en el marco de la promoci\u00f3n de los Objetivos de Desarrollo Sostenible de la Agenda 2030 de las Naciones Unidas<\/a><\/strong><\/li>\n<\/ul>\n<hr>\n<h3><strong>Prosperity Chair<\/strong><\/h3>\n<ul>\n<li><strong><a href=\"https:\/\/internacional.umh.es\/2020\/11\/10\/ayuda-para-impulsar-la-realizacion-de-tesis-doctoral-en-el-marco-de-la-promocion-de-los-ods-eje-prosperidad-de-la-agenda-2030\/\" title=\"Clic for further information\">Tesis doctoral enmarcada en la promoci\u00f3n de los Objetivos de Desarrollo Sostenible (ODS)<\/a><\/strong><\/li>\n<li><strong><a href=\"https:\/\/internacional.umh.es\/2020\/12\/04\/la-umh-convoca-un-premio-tfg-y-otro-premio-tfm-en-el-marco-de-la-promocion-de-los-ods-eje-prosperidad\/\" title=\"Clic for further information\">Premios TFG, TFM en el marco de la promoci\u00f3n de los ODS (eje Prosperidad)<\/a><\/strong><\/li>\n<p><\/p>\n<p style=\"text-align: justify\">The Miguel Hern\u00e1ndez University of Elche, in conjunction with the Directorate General of International Development Cooperation at the Ministry of Participation, Transparency, Cooperation and Democratic Quality of the Generalitat Valenciana, as part of its policy to contribute to enhancing development of the most underprivileged, assumes the commitment to align itself with national and global strategies in development cooperation policies and programs. To accomplish this, the UMH takes the UN 2030 Agenda as reference.<\/p>\n<p style=\"text-align: justify\">By virtue of this commitment, the Vice Rectorate for International Relations has announced the following calls (names are in Spanish like the text from the calls):<\/p>\n<li><strong><a href=\"https:\/\/internacional.umh.es\/cooperacion-y-voluntariado\/en\/becas-umh\/master-cooperacion-al-desarrollo\/\" title=\"Clic for further information\">Ayudas para realizar en el extranjero las pr\u00e1cticas externas del &#8220;M\u00e1ster lnteruniversitario en Cooperaci\u00f3n al Desarrollo &#8211; Especialidad en Salud en pa\u00edses desarrollo&#8221;<\/a><\/strong><\/li>\n<li><a href=\"https:\/\/internacional.umh.es\/cooperacion-y-voluntariado\/en\/becas-umh\/proyectos-de-investigacion-sobre-ods-2019-2020-convocatoria-finalizada\/\" title=\"Clic for further information\"><strong>Ayudas<\/strong> <strong>UMH para financiar proyectos de investigaci\u00f3n de car\u00e1cter internacional para la consecuci\u00f3n de los Objetivos de Desarrollo Sostenible de la agenda 2030 de las Naciones Unidas, en el marco de los proyectos de investigaci\u00f3n de la UMH.<\/strong><\/a><\/li>\n<li><strong><a href=\"https:\/\/internacional.umh.es\/cooperacion-y-voluntariado\/en\/becas-umh\/13821-2\/\" title=\"Clic for further information\">Ayudas UMH para impulsar Trabajos Fin de Grado, Trabajos Fin de M\u00e1ster y pr\u00e1cticas en el marco de la promoci\u00f3n de los Objetivos de Desarrollo Sostenible de la Agenda 2030 de las Naciones Unidas<\/a><\/strong><\/li>\n<\/ul>\n<hr>\n<h3><strong>Prosperity Chair<\/strong><\/h3>\n<ul>\n<li><strong><a href=\"https:\/\/internacional.umh.es\/2020\/11\/10\/ayuda-para-impulsar-la-realizacion-de-tesis-doctoral-en-el-marco-de-la-promocion-de-los-ods-eje-prosperidad-de-la-agenda-2030\/\" title=\"Clic for further information\">Tesis doctoral enmarcada en la promoci\u00f3n de los Objetivos de Desarrollo Sostenible (ODS)<\/a><\/strong><\/li>\n<li><strong><a href=\"https:\/\/internacional.umh.es\/2020\/12\/04\/la-umh-convoca-un-premio-tfg-y-otro-premio-tfm-en-el-marco-de-la-promocion-de-los-ods-eje-prosperidad\/\" title=\"Clic for further information\">Premios TFG, TFM en el marco de la promoci\u00f3n de los ODS (eje Prosperidad)<\/a><\/strong><\/li>\n<p><\/p>\n<p style=\"text-align: justify\">The Miguel Hern\u00e1ndez University of Elche, in conjunction with the Directorate General of International Development Cooperation at the Ministry of Participation, Transparency, Cooperation and Democratic Quality of the Generalitat Valenciana, as part of its policy to contribute to enhancing development of the most underprivileged, assumes the commitment to align itself with national and global strategies in development cooperation policies and programs. To accomplish this, the UMH takes the UN 2030 Agenda as reference.<\/p>\n<p style=\"text-align: justify\">By virtue of this commitment, the Vice Rectorate for International Relations has announced the following calls (names are in Spanish like the text from the calls):<\/p>\n<li><strong><a href=\"https:\/\/internacional.umh.es\/cooperacion-y-voluntariado\/en\/becas-umh\/master-cooperacion-al-desarrollo\/\" title=\"Clic for further information\">Ayudas para realizar en el extranjero las pr\u00e1cticas externas del &#8220;M\u00e1ster lnteruniversitario en Cooperaci\u00f3n al Desarrollo &#8211; Especialidad en Salud en pa\u00edses desarrollo&#8221;<\/a><\/strong><\/li>\n<li><a href=\"https:\/\/internacional.umh.es\/cooperacion-y-voluntariado\/en\/becas-umh\/proyectos-de-investigacion-sobre-ods-2019-2020-convocatoria-finalizada\/\" title=\"Clic for further information\"><strong>Ayudas<\/strong> <strong>UMH para financiar proyectos de investigaci\u00f3n de car\u00e1cter internacional para la consecuci\u00f3n de los Objetivos de Desarrollo Sostenible de la agenda 2030 de las Naciones Unidas, en el marco de los proyectos de investigaci\u00f3n de la UMH.<\/strong><\/a><\/li>\n<li><strong><a href=\"https:\/\/internacional.umh.es\/cooperacion-y-voluntariado\/en\/becas-umh\/13821-2\/\" title=\"Clic for further information\">Ayudas UMH para impulsar Trabajos Fin de Grado, Trabajos Fin de M\u00e1ster y pr\u00e1cticas en el marco de la promoci\u00f3n de los Objetivos de Desarrollo Sostenible de la Agenda 2030 de las Naciones Unidas<\/a><\/strong><\/li>\n<\/ul>\n<hr>\n<h3><strong>Prosperity Chair<\/strong><\/h3>\n<ul>\n<li><strong><a href=\"https:\/\/internacional.umh.es\/2020\/11\/10\/ayuda-para-impulsar-la-realizacion-de-tesis-doctoral-en-el-marco-de-la-promocion-de-los-ods-eje-prosperidad-de-la-agenda-2030\/\" title=\"Clic for further information\">Tesis doctoral enmarcada en la promoci\u00f3n de los Objetivos de Desarrollo Sostenible (ODS)<\/a><\/strong><\/li>\n<li><strong><a href=\"https:\/\/internacional.umh.es\/2020\/12\/04\/la-umh-convoca-un-premio-tfg-y-otro-premio-tfm-en-el-marco-de-la-promocion-de-los-ods-eje-prosperidad\/\" title=\"Clic for further information\">Premios TFG, TFM en el marco de la promoci\u00f3n de los ODS (eje Prosperidad)<\/a><\/strong><\/li>\n<p><\/p>\n<p style=\"text-align: justify\">The Miguel Hern\u00e1ndez University of Elche, in conjunction with the Directorate General of International Development Cooperation at the Ministry of Participation, Transparency, Cooperation and Democratic Quality of the Generalitat Valenciana, as part of its policy to contribute to enhancing development of the most underprivileged, assumes the commitment to align itself with national and global strategies in development cooperation policies and programs. To accomplish this, the UMH takes the UN 2030 Agenda as reference.<\/p>\n<p><\/p>\n<p style=\"text-align: justify\">By virtue of this commitment, the Vice Rectorate for International Relations has announced the following calls (names are in Spanish like the text from the calls):<\/p>\n<li><strong><a href=\"https:\/\/internacional.umh.es\/cooperacion-y-voluntariado\/en\/becas-umh\/master-cooperacion-al-desarrollo\/\" title=\"Clic for further information\">Ayudas para realizar en el extranjero las pr\u00e1cticas externas del &#8220;M\u00e1ster lnteruniversitario en Cooperaci\u00f3n al Desarrollo &#8211; Especialidad en Salud en pa\u00edses desarrollo&#8221;<\/a><\/strong><\/li>\n<li><a href=\"https:\/\/internacional.umh.es\/cooperacion-y-voluntariado\/en\/becas-umh\/proyectos-de-investigacion-sobre-ods-2019-2020-convocatoria-finalizada\/\" title=\"Clic for further information\"><strong>Ayudas<\/strong> <strong>UMH para financiar proyectos de investigaci\u00f3n de car\u00e1cter internacional para la consecuci\u00f3n de los Objetivos de Desarrollo Sostenible de la agenda 2030 de las Naciones Unidas, en el marco de los proyectos de investigaci\u00f3n de la UMH.<\/strong><\/a><\/li>\n<li><strong><a href=\"https:\/\/internacional.umh.es\/cooperacion-y-voluntariado\/en\/becas-umh\/13821-2\/\" title=\"Clic for further information\">Ayudas UMH para impulsar Trabajos Fin de Grado, Trabajos Fin de M\u00e1ster y pr\u00e1cticas en el marco de la promoci\u00f3n de los Objetivos de Desarrollo Sostenible de la Agenda 2030 de las Naciones Unidas<\/a><\/strong><\/li>\n<\/ul>\n<hr>\n<h3><strong>Prosperity Chair<\/strong><\/h3>\n<ul>\n<li><strong><a href=\"https:\/\/internacional.umh.es\/2020\/11\/10\/ayuda-para-impulsar-la-realizacion-de-tesis-doctoral-en-el-marco-de-la-promocion-de-los-ods-eje-prosperidad-de-la-agenda-2030\/\" title=\"Clic for further information\">Tesis doctoral enmarcada en la promoci\u00f3n de los Objetivos de Desarrollo Sostenible (ODS)<\/a><\/strong><\/li>\n<li><strong><a href=\"https:\/\/internacional.umh.es\/2020\/12\/04\/la-umh-convoca-un-premio-tfg-y-otro-premio-tfm-en-el-marco-de-la-promocion-de-los-ods-eje-prosperidad\/\" title=\"Clic for further information\">Premios TFG, TFM en el marco de la promoci\u00f3n de los ODS (eje Prosperidad)<\/a><\/strong><\/li>\n<p><\/p>\n<p style=\"text-align: justify\">The Miguel Hern\u00e1ndez University of Elche, in conjunction with the Directorate General of International Development Cooperation at the Ministry of Participation, Transparency, Cooperation and Democratic Quality of the Generalitat Valenciana, as part of its policy to contribute to enhancing development of the most underprivileged, assumes the commitment to align itself with national and global strategies in development cooperation policies and programs. To accomplish this, the UMH takes the UN 2030 Agenda as reference.<\/p>\n<p><\/p>\n<p style=\"text-align: justify\">By virtue of this commitment, the Vice Rectorate for International Relations has announced the following calls (names are in Spanish like the text from the calls):<\/p>\n<li><strong><a href=\"https:\/\/internacional.umh.es\/cooperacion-y-voluntariado\/en\/becas-umh\/master-cooperacion-al-desarrollo\/\" title=\"Clic for further information\">Ayudas para realizar en el extranjero las pr\u00e1cticas externas del &#8220;M\u00e1ster lnteruniversitario en Cooperaci\u00f3n al Desarrollo &#8211; Especialidad en Salud en pa\u00edses desarrollo&#8221;<\/a><\/strong><\/li>\n<li><a href=\"https:\/\/internacional.umh.es\/cooperacion-y-voluntariado\/en\/becas-umh\/proyectos-de-investigacion-sobre-ods-2019-2020-convocatoria-finalizada\/\" title=\"Clic for further information\"><strong>Ayudas<\/strong> <strong>UMH para financiar proyectos de investigaci\u00f3n de car\u00e1cter internacional para la consecuci\u00f3n de los Objetivos de Desarrollo Sostenible de la agenda 2030 de las Naciones Unidas, en el marco de los proyectos de investigaci\u00f3n de la UMH.<\/strong><\/a><\/li>\n<li><strong><a href=\"https:\/\/internacional.umh.es\/cooperacion-y-voluntariado\/en\/becas-umh\/13821-2\/\" title=\"Clic for further information\">Ayudas UMH para impulsar Trabajos Fin de Grado, Trabajos Fin de M\u00e1ster y pr\u00e1cticas en el marco de la promoci\u00f3n de los Objetivos de Desarrollo Sostenible de la Agenda 2030 de las Naciones Unidas<\/a><\/strong><\/li>\n<\/ul>\n<hr>\n<h3><strong>Prosperity Chair<\/strong><\/h3>\n<ul>\n<li><strong><a href=\"https:\/\/internacional.umh.es\/2020\/11\/10\/ayuda-para-impulsar-la-realizacion-de-tesis-doctoral-en-el-marco-de-la-promocion-de-los-ods-eje-prosperidad-de-la-agenda-2030\/\" title=\"Clic for further information\">Tesis doctoral enmarcada en la promoci\u00f3n de los Objetivos de Desarrollo Sostenible (ODS)<\/a><\/strong><\/li>\n<li><strong><a href=\"https:\/\/internacional.umh.es\/2020\/12\/04\/la-umh-convoca-un-premio-tfg-y-otro-premio-tfm-en-el-marco-de-la-promocion-de-los-ods-eje-prosperidad\/\" title=\"Clic for further information\">Premios TFG, TFM en el marco de la promoci\u00f3n de los ODS (eje Prosperidad)<\/a><\/strong><\/li>\n<p><\/p>\n<p style=\"text-align: justify\">The Miguel Hern\u00e1ndez University of Elche, in conjunction with the Directorate General of International Development Cooperation at the Ministry of Participation, Transparency, Cooperation and Democratic Quality of the Generalitat Valenciana, as part of its policy to contribute to enhancing development of the most underprivileged, assumes the commitment to align itself with national and global strategies in development cooperation policies and programs. To accomplish this, the UMH takes the UN 2030 Agenda as reference.<\/p>\n<p><\/p>\n<p style=\"text-align: justify\">By virtue of this commitment, the Vice Rectorate for International Relations has announced the following calls (names are in Spanish like the text from the calls):<\/p>\n<li><strong><a href=\"https:\/\/internacional.umh.es\/cooperacion-y-voluntariado\/en\/becas-umh\/master-cooperacion-al-desarrollo\/\" title=\"Clic for further information\">Ayudas para realizar en el extranjero las pr\u00e1cticas externas del &#8220;M\u00e1ster lnteruniversitario en Cooperaci\u00f3n al Desarrollo &#8211; Especialidad en Salud en pa\u00edses desarrollo&#8221;<\/a><\/strong><\/li>\n<li><a href=\"https:\/\/internacional.umh.es\/cooperacion-y-voluntariado\/en\/becas-umh\/proyectos-de-investigacion-sobre-ods-2019-2020-convocatoria-finalizada\/\" title=\"Clic for further information\"><strong>Ayudas<\/strong> <strong>UMH para financiar proyectos de investigaci\u00f3n de car\u00e1cter internacional para la consecuci\u00f3n de los Objetivos de Desarrollo Sostenible de la agenda 2030 de las Naciones Unidas, en el marco de los proyectos de investigaci\u00f3n de la UMH.<\/strong><\/a><\/li>\n<li><strong><a href=\"https:\/\/internacional.umh.es\/cooperacion-y-voluntariado\/en\/becas-umh\/13821-2\/\" title=\"Clic for further information\">Ayudas UMH para impulsar Trabajos Fin de Grado, Trabajos Fin de M\u00e1ster y pr\u00e1cticas en el marco de la promoci\u00f3n de los Objetivos de Desarrollo Sostenible de la Agenda 2030 de las Naciones Unidas<\/a><\/strong><\/li>\n<\/ul>\n<hr>\n<h3><strong>Prosperity Chair<\/strong><\/h3>\n<ul>\n<li><strong><a href=\"https:\/\/internacional.umh.es\/2020\/11\/10\/ayuda-para-impulsar-la-realizacion-de-tesis-doctoral-en-el-marco-de-la-promocion-de-los-ods-eje-prosperidad-de-la-agenda-2030\/\" title=\"Clic for further information\">Tesis doctoral enmarcada en la promoci\u00f3n de los Objetivos de Desarrollo Sostenible (ODS)<\/a><\/strong><\/li>\n<li><strong><a href=\"https:\/\/internacional.umh.es\/2020\/12\/04\/la-umh-convoca-un-premio-tfg-y-otro-premio-tfm-en-el-marco-de-la-promocion-de-los-ods-eje-prosperidad\/\" title=\"Clic for further information\">Premios TFG, TFM en el marco de la promoci\u00f3n de los ODS (eje Prosperidad)<\/a><\/strong><\/li>\n<\/ul>\n<p><\/p>","protected":false},"excerpt":{"rendered":"<p>The Miguel Hern\u00e1ndez University of Elche, in conjunction with the Directorate General of Cooperation and Solidarity of the Generalitat Valenciana, as part of its policy to contribute to enhancing development of the most underprivileged, assumes the commitment to align itself with national and global strategies in development cooperation policies and programs. To accomplish this, the [&#8230;]<\/p>\n","protected":false},"author":4274,"featured_media":0,"parent":3982,"menu_order":1,"comment_status":"closed","ping_status":"closed","template":"","meta":{"ngg_post_thumbnail":0,"_links_to":"","_links_to_target":""},"yoast_head":"<!-- This site is optimized with the Yoast SEO plugin v17.5 - https:\/\/yoast.com\/wordpress\/plugins\/seo\/ -->\n<meta name=\"description\" content=\"La UMH desarrolla convocatorias puestas en marcha por el Vicerrectorado de Internacionalizaci\u00f3n y Cooperaci\u00f3n en sobre diversas tem\u00e1ticas.\" \/>\n<meta name=\"robots\" content=\"index, follow, max-snippet:-1, max-image-preview:large, max-video-preview:-1\" \/>\n<link rel=\"canonical\" href=\"https:\/\/internacional.umh.es\/en\/cooperacion-y-voluntariado\/convocatorias\/\" \/>\n<meta property=\"og:locale\" content=\"en_US\" \/>\n<meta property=\"og:type\" content=\"article\" \/>\n<meta property=\"og:title\" content=\"Calls - International Relations and Cooperation\" \/>\n<meta property=\"og:description\" content=\"La UMH desarrolla convocatorias puestas en marcha por el Vicerrectorado de Internacionalizaci\u00f3n y Cooperaci\u00f3n en sobre diversas tem\u00e1ticas.\" \/>\n<meta property=\"og:url\" content=\"https:\/\/internacional.umh.es\/ca\/cooperacion-y-voluntariado\/convocatorias\/\" \/>\n<meta property=\"og:site_name\" content=\"International Relations and Cooperation\" \/>\n<meta property=\"article:modified_time\" content=\"2025-05-23T07:46:16+00:00\" \/>\n<meta name=\"twitter:card\" content=\"summary_large_image\" \/>\n<meta name=\"twitter:label1\" content=\"Est. reading time\" \/>\n\t<meta name=\"twitter:data1\" content=\"2 minutes\" \/>\n<script type=\"application\/ld+json\" class=\"yoast-schema-graph\">{\"@context\":\"https:\/\/schema.org\",\"@graph\":[{\"@type\":\"WebSite\",\"@id\":\"https:\/\/internacional.umh.es\/en\/#website\",\"url\":\"https:\/\/internacional.umh.es\/en\/\",\"name\":\"International Relations and Cooperation\",\"description\":\"Miguel Hernandez University of Elche\",\"potentialAction\":[{\"@type\":\"SearchAction\",\"target\":{\"@type\":\"EntryPoint\",\"urlTemplate\":\"https:\/\/internacional.umh.es\/en\/?s={search_term_string}\"},\"query-input\":\"required name=search_term_string\"}],\"inLanguage\":\"en-US\"},{\"@type\":\"WebPage\",\"@id\":\"https:\/\/internacional.umh.es\/ca\/cooperacion-y-voluntariado\/convocatorias\/#webpage\",\"url\":\"https:\/\/internacional.umh.es\/ca\/cooperacion-y-voluntariado\/convocatorias\/\",\"name\":\"Calls - International Relations and Cooperation\",\"isPartOf\":{\"@id\":\"https:\/\/internacional.umh.es\/en\/#website\"},\"datePublished\":\"2018-10-25T12:55:10+00:00\",\"dateModified\":\"2025-05-23T07:46:16+00:00\",\"description\":\"La UMH desarrolla convocatorias puestas en marcha por el Vicerrectorado de Internacionalizaci\\u00f3n y Cooperaci\\u00f3n en sobre diversas tem\\u00e1ticas.\",\"breadcrumb\":{\"@id\":\"https:\/\/internacional.umh.es\/ca\/cooperacion-y-voluntariado\/convocatorias\/#breadcrumb\"},\"inLanguage\":\"en-US\",\"potentialAction\":[{\"@type\":\"ReadAction\",\"target\":[\"https:\/\/internacional.umh.es\/ca\/cooperacion-y-voluntariado\/convocatorias\/\"]}]},{\"@type\":\"BreadcrumbList\",\"@id\":\"https:\/\/internacional.umh.es\/ca\/cooperacion-y-voluntariado\/convocatorias\/#breadcrumb\",\"itemListElement\":[{\"@type\":\"ListItem\",\"position\":1,\"name\":\"Home\",\"item\":\"https:\/\/internacional.umh.es\/en\/\"},{\"@type\":\"ListItem\",\"position\":2,\"name\":\"COOPERACI\\u00d3 I VOLUNTARIAT\",\"item\":\"https:\/\/internacional.umh.es\/ca\/cooperacion-y-voluntariado\/\"},{\"@type\":\"ListItem\",\"position\":3,\"name\":\"Convocat\\u00f2ries\"}]}]}<\/script>\n<!-- \/ Yoast SEO plugin. -->","yoast_head_json":{"description":"La UMH desarrolla convocatorias puestas en marcha por el Vicerrectorado de Internacionalizaci\u00f3n y Cooperaci\u00f3n en sobre diversas tem\u00e1ticas.","robots":{"index":"index","follow":"follow","max-snippet":"max-snippet:-1","max-image-preview":"max-image-preview:large","max-video-preview":"max-video-preview:-1"},"canonical":"https:\/\/internacional.umh.es\/en\/cooperacion-y-voluntariado\/convocatorias\/","og_locale":"en_US","og_type":"article","og_title":"Calls - International Relations and Cooperation","og_description":"La UMH desarrolla convocatorias puestas en marcha por el Vicerrectorado de Internacionalizaci\u00f3n y Cooperaci\u00f3n en sobre diversas tem\u00e1ticas.","og_url":"https:\/\/internacional.umh.es\/ca\/cooperacion-y-voluntariado\/convocatorias\/","og_site_name":"International Relations and Cooperation","article_modified_time":"2025-05-23T07:46:16+00:00","twitter_card":"summary_large_image","twitter_misc":{"Est. reading time":"2 minutes"},"schema":{"@context":"https:\/\/schema.org","@graph":[{"@type":"WebSite","@id":"https:\/\/internacional.umh.es\/en\/#website","url":"https:\/\/internacional.umh.es\/en\/","name":"International Relations and Cooperation","description":"Miguel Hernandez University of Elche","potentialAction":[{"@type":"SearchAction","target":{"@type":"EntryPoint","urlTemplate":"https:\/\/internacional.umh.es\/en\/?s={search_term_string}"},"query-input":"required name=search_term_string"}],"inLanguage":"en-US"},{"@type":"WebPage","@id":"https:\/\/internacional.umh.es\/ca\/cooperacion-y-voluntariado\/convocatorias\/#webpage","url":"https:\/\/internacional.umh.es\/ca\/cooperacion-y-voluntariado\/convocatorias\/","name":"Calls - International Relations and Cooperation","isPartOf":{"@id":"https:\/\/internacional.umh.es\/en\/#website"},"datePublished":"2018-10-25T12:55:10+00:00","dateModified":"2025-05-23T07:46:16+00:00","description":"La UMH desarrolla convocatorias puestas en marcha por el Vicerrectorado de Internacionalizaci\u00f3n y Cooperaci\u00f3n en sobre diversas tem\u00e1ticas.","breadcrumb":{"@id":"https:\/\/internacional.umh.es\/ca\/cooperacion-y-voluntariado\/convocatorias\/#breadcrumb"},"inLanguage":"en-US","potentialAction":[{"@type":"ReadAction","target":["https:\/\/internacional.umh.es\/ca\/cooperacion-y-voluntariado\/convocatorias\/"]}]},{"@type":"BreadcrumbList","@id":"https:\/\/internacional.umh.es\/ca\/cooperacion-y-voluntariado\/convocatorias\/#breadcrumb","itemListElement":[{"@type":"ListItem","position":1,"name":"Home","item":"https:\/\/internacional.umh.es\/en\/"},{"@type":"ListItem","position":2,"name":"COOPERACI\u00d3 I VOLUNTARIAT","item":"https:\/\/internacional.umh.es\/ca\/cooperacion-y-voluntariado\/"},{"@type":"ListItem","position":3,"name":"Convocat\u00f2ries"}]}]}},"_links":{"self":[{"href":"https:\/\/internacional.umh.es\/en\/wp-json\/wp\/v2\/pages\/8048"}],"collection":[{"href":"https:\/\/internacional.umh.es\/en\/wp-json\/wp\/v2\/pages"}],"about":[{"href":"https:\/\/internacional.umh.es\/en\/wp-json\/wp\/v2\/types\/page"}],"author":[{"embeddable":true,"href":"https:\/\/internacional.umh.es\/en\/wp-json\/wp\/v2\/users\/4274"}],"replies":[{"embeddable":true,"href":"https:\/\/internacional.umh.es\/en\/wp-json\/wp\/v2\/comments?post=8048"}],"version-history":[{"count":0,"href":"https:\/\/internacional.umh.es\/en\/wp-json\/wp\/v2\/pages\/8048\/revisions"}],"up":[{"embeddable":true,"href":"https:\/\/internacional.umh.es\/en\/wp-json\/wp\/v2\/pages\/3982"}],"wp:attachment":[{"href":"https:\/\/internacional.umh.es\/en\/wp-json\/wp\/v2\/media?parent=8048"}],"curies":[{"name":"wp","href":"https:\/\/api.w.org\/{rel}","templated":true}]}}