{"id":839,"date":"2012-10-30T13:37:43","date_gmt":"2012-10-30T11:37:43","guid":{"rendered":"http:\/\/internacional.umh.es\/?page_id=839"},"modified":"2024-09-06T13:25:25","modified_gmt":"2024-09-06T11:25:25","slug":"apoyo-linguistico","status":"publish","type":"page","link":"https:\/\/internacional.umh.es\/en\/conocenos\/servicio-de-relaciones-internacionales-cooperacion-al-desarrollo-y-voluntariado\/apoyo-linguistico\/","title":{"rendered":"Linguistic Support"},"content":{"rendered":"<p><\/p>\n<p style=\"text-align: justify\"><strong>Due to large institutional translation workloads, we are currently not accepting requests for revisions or translations of scientific papers written by university faculty and research personnel.<\/strong><\/p>\n<p style=\"text-align: justify\">The Area of Linguistic Support, working under the Vice Rectorate for International Relations, has as main function translating and revising documents related to international projection of the <a title=\"You'll see it in a new window\" href=\"https:\/\/www.umh.es\/?lang=EN\" target=\"_blank\" rel=\"noopener noreferrer\">UMH<\/a>, in addition to translating and revising scientific papers and technical documents.<\/p>\n<p>&nbsp;<\/p>\n<h3><strong>Applications<\/strong><\/h3>\n<ul>\n<li><a title=\"You'll see it in a new window\" href=\"https:\/\/internacional.umh.es\/files\/2012\/10\/UAL_nota-de-encargo.doc\" target=\"_blank\" rel=\"noopener\">Complete the Form I: Order form (96Kb Spanish .doc)<\/a><\/li>\n<li style=\"text-align: justify\">Attach text being translated or revised in Word format (only one text accepted per Order Form. Number of words: 1,000 to 10,000. For other quantities, please contact the Area of Linguistic Support).<\/li>\n<li style=\"text-align: justify\"><strong>Email both documents<\/strong> to Linguistic Support at this email address: <a title=\"You'll see it in a new window\" href=\"mailto:apoyolinguistico@umh.es\" target=\"_blank\" rel=\"noopener noreferrer\">apoyolinguistico@umh.es<\/a><\/li>\n<li style=\"text-align: justify\">In two working days, you will receive Form II: Acceptance Form. You<strong> must sign it<\/strong> and <strong>return it<\/strong> to Linguistic Support <strong>either electronically or by campus mail<\/strong>.<\/li>\n<\/ul>\n<p>&nbsp;<\/p>\n<h3><strong>Delivery times<\/strong><\/h3>\n<p style=\"text-align: justify\">The estimated delivery times are 10 working days for translations and 7 working days for revisions. In both cases, this period begins upon receipt of the Acceptance Form, duly completed and signed by the applicant.<\/p>\n<p><strong>Official rates<\/strong> (texts up to 10,000 words):<\/p>\n<ul>\n<li>Spanish &#8211; English translation: \u20ac0.043 per word.<\/li>\n<li>Revision of texts in English: \u20ac0.021 per word.<\/li>\n<\/ul>\n<p>&nbsp;<\/p>\n<h4><strong>Area of Linguistic Support<\/strong><\/h4>\n<ul>\n<li><strong>Paul Nordstrom:<\/strong> Translations &#8211; Web maintenance<\/li>\n<\/ul>\n<p>&nbsp;<\/p>\n<h4><strong>Where to find us<\/strong><\/h4>\n<p><strong>Service of International Relations, Development Cooperation and Volunteerism<\/strong><br \/>\nEdificio La Galia, 2nd floor<br \/>\nMiguel Hern\u00e1ndez University of Elche<br \/>\nAvenida de la Universidad, s\/n<br \/>\n03202 Elche, Spain<br \/>\n<a title=\"You'll see it in a new window\" href=\"https:\/\/universite.umh.es\/localizaciones\/default.htm?&amp;selT=estancias&amp;selI=E05P1058\" target=\"_blank\" rel=\"noopener\">Locate the Service of RR.II. of the UMH on a map<\/a><\/p>\n<p>Telephone: +34 96 665 8667<br \/>\nFax: +34 96 665 8705<br \/>\n<a title=\"You'll see it in a new window\" href=\"mailto:apoyolinguistico@umh.es\" target=\"_blank\" rel=\"noopener\">apoyolinguistico@umh.es<\/a><\/p>","protected":false},"excerpt":{"rendered":"<p>Due to large institutional translation workloads, we are currently not accepting requests for revisions or translations of scientific papers written by university faculty and research personnel.<br \/>\nThe Area of Linguistic Support, working under the Vice Rectorate for International Relations, has as main function translating and revising documents related to international projection of the UMH, in addition [&#8230;]<\/p>\n","protected":false},"author":30,"featured_media":0,"parent":2524,"menu_order":1,"comment_status":"closed","ping_status":"closed","template":"","meta":{"ngg_post_thumbnail":0,"_links_to":"","_links_to_target":""},"yoast_head":"<!-- This site is optimized with the Yoast SEO plugin v17.5 - https:\/\/yoast.com\/wordpress\/plugins\/seo\/ -->\n<meta name=\"description\" content=\"La Unidad de Apoyo Ling\u00fc\u00edstico es realizar traducciones y revisiones de documentos relacionados con la proyecci\u00f3n internacional de la UMH\" \/>\n<meta name=\"robots\" content=\"index, follow, max-snippet:-1, max-image-preview:large, max-video-preview:-1\" \/>\n<link rel=\"canonical\" href=\"https:\/\/internacional.umh.es\/en\/conocenos\/servicio-de-relaciones-internacionales-cooperacion-al-desarrollo-y-voluntariado\/apoyo-linguistico\/\" \/>\n<meta property=\"og:locale\" content=\"en_US\" \/>\n<meta property=\"og:type\" content=\"article\" \/>\n<meta property=\"og:title\" content=\"Linguistic Support - International Relations and Cooperation\" \/>\n<meta property=\"og:description\" content=\"La Unidad de Apoyo Ling\u00fc\u00edstico es realizar traducciones y revisiones de documentos relacionados con la proyecci\u00f3n internacional de la UMH\" \/>\n<meta property=\"og:url\" content=\"https:\/\/internacional.umh.es\/en\/conocenos\/servicio-de-relaciones-internacionales-cooperacion-al-desarrollo-y-voluntariado\/apoyo-linguistico\/\" \/>\n<meta property=\"og:site_name\" content=\"International Relations and Cooperation\" \/>\n<meta property=\"article:modified_time\" content=\"2024-09-06T11:25:25+00:00\" \/>\n<meta name=\"twitter:card\" content=\"summary_large_image\" \/>\n<meta name=\"twitter:label1\" content=\"Est. reading time\" \/>\n\t<meta name=\"twitter:data1\" content=\"2 minutes\" \/>\n<script type=\"application\/ld+json\" class=\"yoast-schema-graph\">{\"@context\":\"https:\/\/schema.org\",\"@graph\":[{\"@type\":\"WebSite\",\"@id\":\"https:\/\/internacional.umh.es\/en\/#website\",\"url\":\"https:\/\/internacional.umh.es\/en\/\",\"name\":\"International Relations and Cooperation\",\"description\":\"Miguel Hernandez University of Elche\",\"potentialAction\":[{\"@type\":\"SearchAction\",\"target\":{\"@type\":\"EntryPoint\",\"urlTemplate\":\"https:\/\/internacional.umh.es\/en\/?s={search_term_string}\"},\"query-input\":\"required name=search_term_string\"}],\"inLanguage\":\"en-US\"},{\"@type\":\"WebPage\",\"@id\":\"https:\/\/internacional.umh.es\/en\/conocenos\/servicio-de-relaciones-internacionales-cooperacion-al-desarrollo-y-voluntariado\/apoyo-linguistico\/#webpage\",\"url\":\"https:\/\/internacional.umh.es\/en\/conocenos\/servicio-de-relaciones-internacionales-cooperacion-al-desarrollo-y-voluntariado\/apoyo-linguistico\/\",\"name\":\"Linguistic Support - International Relations and Cooperation\",\"isPartOf\":{\"@id\":\"https:\/\/internacional.umh.es\/en\/#website\"},\"datePublished\":\"2012-10-30T11:37:43+00:00\",\"dateModified\":\"2024-09-06T11:25:25+00:00\",\"description\":\"La Unidad de Apoyo Ling\\u00fc\\u00edstico es realizar traducciones y revisiones de documentos relacionados con la proyecci\\u00f3n internacional de la UMH\",\"breadcrumb\":{\"@id\":\"https:\/\/internacional.umh.es\/en\/conocenos\/servicio-de-relaciones-internacionales-cooperacion-al-desarrollo-y-voluntariado\/apoyo-linguistico\/#breadcrumb\"},\"inLanguage\":\"en-US\",\"potentialAction\":[{\"@type\":\"ReadAction\",\"target\":[\"https:\/\/internacional.umh.es\/en\/conocenos\/servicio-de-relaciones-internacionales-cooperacion-al-desarrollo-y-voluntariado\/apoyo-linguistico\/\"]}]},{\"@type\":\"BreadcrumbList\",\"@id\":\"https:\/\/internacional.umh.es\/en\/conocenos\/servicio-de-relaciones-internacionales-cooperacion-al-desarrollo-y-voluntariado\/apoyo-linguistico\/#breadcrumb\",\"itemListElement\":[{\"@type\":\"ListItem\",\"position\":1,\"name\":\"Home\",\"item\":\"https:\/\/internacional.umh.es\/en\/\"},{\"@type\":\"ListItem\",\"position\":2,\"name\":\"ABOUT US\",\"item\":\"https:\/\/internacional.umh.es\/en\/conocenos\/\"},{\"@type\":\"ListItem\",\"position\":3,\"name\":\"Service of International Relations and Cooperation\",\"item\":\"https:\/\/internacional.umh.es\/en\/conocenos\/servicio-de-relaciones-internacionales-cooperacion-al-desarrollo-y-voluntariado\/\"},{\"@type\":\"ListItem\",\"position\":4,\"name\":\"Linguistic Support\"}]}]}<\/script>\n<!-- \/ Yoast SEO plugin. -->","yoast_head_json":{"description":"La Unidad de Apoyo Ling\u00fc\u00edstico es realizar traducciones y revisiones de documentos relacionados con la proyecci\u00f3n internacional de la UMH","robots":{"index":"index","follow":"follow","max-snippet":"max-snippet:-1","max-image-preview":"max-image-preview:large","max-video-preview":"max-video-preview:-1"},"canonical":"https:\/\/internacional.umh.es\/en\/conocenos\/servicio-de-relaciones-internacionales-cooperacion-al-desarrollo-y-voluntariado\/apoyo-linguistico\/","og_locale":"en_US","og_type":"article","og_title":"Linguistic Support - International Relations and Cooperation","og_description":"La Unidad de Apoyo Ling\u00fc\u00edstico es realizar traducciones y revisiones de documentos relacionados con la proyecci\u00f3n internacional de la UMH","og_url":"https:\/\/internacional.umh.es\/en\/conocenos\/servicio-de-relaciones-internacionales-cooperacion-al-desarrollo-y-voluntariado\/apoyo-linguistico\/","og_site_name":"International Relations and Cooperation","article_modified_time":"2024-09-06T11:25:25+00:00","twitter_card":"summary_large_image","twitter_misc":{"Est. reading time":"2 minutes"},"schema":{"@context":"https:\/\/schema.org","@graph":[{"@type":"WebSite","@id":"https:\/\/internacional.umh.es\/en\/#website","url":"https:\/\/internacional.umh.es\/en\/","name":"International Relations and Cooperation","description":"Miguel Hernandez University of Elche","potentialAction":[{"@type":"SearchAction","target":{"@type":"EntryPoint","urlTemplate":"https:\/\/internacional.umh.es\/en\/?s={search_term_string}"},"query-input":"required name=search_term_string"}],"inLanguage":"en-US"},{"@type":"WebPage","@id":"https:\/\/internacional.umh.es\/en\/conocenos\/servicio-de-relaciones-internacionales-cooperacion-al-desarrollo-y-voluntariado\/apoyo-linguistico\/#webpage","url":"https:\/\/internacional.umh.es\/en\/conocenos\/servicio-de-relaciones-internacionales-cooperacion-al-desarrollo-y-voluntariado\/apoyo-linguistico\/","name":"Linguistic Support - International Relations and Cooperation","isPartOf":{"@id":"https:\/\/internacional.umh.es\/en\/#website"},"datePublished":"2012-10-30T11:37:43+00:00","dateModified":"2024-09-06T11:25:25+00:00","description":"La Unidad de Apoyo Ling\u00fc\u00edstico es realizar traducciones y revisiones de documentos relacionados con la proyecci\u00f3n internacional de la UMH","breadcrumb":{"@id":"https:\/\/internacional.umh.es\/en\/conocenos\/servicio-de-relaciones-internacionales-cooperacion-al-desarrollo-y-voluntariado\/apoyo-linguistico\/#breadcrumb"},"inLanguage":"en-US","potentialAction":[{"@type":"ReadAction","target":["https:\/\/internacional.umh.es\/en\/conocenos\/servicio-de-relaciones-internacionales-cooperacion-al-desarrollo-y-voluntariado\/apoyo-linguistico\/"]}]},{"@type":"BreadcrumbList","@id":"https:\/\/internacional.umh.es\/en\/conocenos\/servicio-de-relaciones-internacionales-cooperacion-al-desarrollo-y-voluntariado\/apoyo-linguistico\/#breadcrumb","itemListElement":[{"@type":"ListItem","position":1,"name":"Home","item":"https:\/\/internacional.umh.es\/en\/"},{"@type":"ListItem","position":2,"name":"ABOUT US","item":"https:\/\/internacional.umh.es\/en\/conocenos\/"},{"@type":"ListItem","position":3,"name":"Service of International Relations and Cooperation","item":"https:\/\/internacional.umh.es\/en\/conocenos\/servicio-de-relaciones-internacionales-cooperacion-al-desarrollo-y-voluntariado\/"},{"@type":"ListItem","position":4,"name":"Linguistic Support"}]}]}},"_links":{"self":[{"href":"https:\/\/internacional.umh.es\/en\/wp-json\/wp\/v2\/pages\/839"}],"collection":[{"href":"https:\/\/internacional.umh.es\/en\/wp-json\/wp\/v2\/pages"}],"about":[{"href":"https:\/\/internacional.umh.es\/en\/wp-json\/wp\/v2\/types\/page"}],"author":[{"embeddable":true,"href":"https:\/\/internacional.umh.es\/en\/wp-json\/wp\/v2\/users\/30"}],"replies":[{"embeddable":true,"href":"https:\/\/internacional.umh.es\/en\/wp-json\/wp\/v2\/comments?post=839"}],"version-history":[{"count":0,"href":"https:\/\/internacional.umh.es\/en\/wp-json\/wp\/v2\/pages\/839\/revisions"}],"up":[{"embeddable":true,"href":"https:\/\/internacional.umh.es\/en\/wp-json\/wp\/v2\/pages\/2524"}],"wp:attachment":[{"href":"https:\/\/internacional.umh.es\/en\/wp-json\/wp\/v2\/media?parent=839"}],"curies":[{"name":"wp","href":"https:\/\/api.w.org\/{rel}","templated":true}]}}